{"id":100,"date":"2016-01-18T10:19:47","date_gmt":"2016-01-18T10:19:47","guid":{"rendered":"http:\/\/10.0.0.65\/ukctuzla3\/?page_id=100"},"modified":"2026-04-20T14:38:50","modified_gmt":"2026-04-20T13:38:50","slug":"organizacija","status":"publish","type":"page","link":"https:\/\/www.ukctuzla.ba\/ukctuzla\/?page_id=100&lang=bs","title":{"rendered":"ORGANIZACIJA"},"content":{"rendered":"<div class=\"wpb-content-wrapper\"><p>[vc_row][vc_column][vc_column_text css=&#8221;&#8221;]<a href=\"https:\/\/www.ukctuzla.ba\/ukctuzla\/?page_id=387\" target=\"_blank\" rel=\"noopener\"><span style=\"color: #ff0000;\"><strong>URED DIREKTORA<\/strong><\/span>\u00a0\u00a0<\/a>(Podaci a\u017eurirani 11.04.2024. god.)\u00a0\u00a0\u00a0\u00a0\u00a0\u00a0\u00a0\u00a0\u00a0\u00a0\u00a0\u00a0\u00a0\u00a0\u00a0\u00a0\u00a0\u00a0\u00a0\u00a0\u00a0\u00a0\u00a0\u00a0\u00a0\u00a0\u00a0\u00a0\u00a0\u00a0\u00a0\u00a0\u00a0\u00a0\u00a0\u00a0\u00a0\u00a0\u00a0\u00a0\u00a0\u00a0\u00a0\u00a0\u00a0\u00a0\u00a0\u00a0\u00a0\u00a0\u00a0\u00a0\u00a0\u00a0\u00a0\u00a0\u00a0\u00a0\u00a0\u00a0\u00a0\u00a0\u00a0\u00a0\u00a0 <strong><br \/>\n<\/strong><\/p>\n<ul>\n<li><a href=\"https:\/\/www.ukctuzla.ba\/ukctuzla\/?page_id=16749&amp;lang=bs\">Slu\u017eba za komunikacije<\/a><\/li>\n<\/ul>\n<p>&nbsp;<\/p>\n<p><span style=\"color: #ff0000;\"><strong>KLINIKE<\/strong><\/span><\/p>\n<ul>\n<li title=\"\" data-original-title=\"\"><a href=\"https:\/\/www.ukctuzla.ba\/ukctuzla\/?page_id=397\" target=\"_blank\" rel=\"noopener\">Klinika za interne bolest\u00a0 <\/a>(Podaci a\u017eurirani 19.12. 2025. god.)<\/li>\n<li title=\"\" data-original-title=\"\"><a href=\"https:\/\/www.ukctuzla.ba\/ukctuzla\/?page_id=406\" target=\"_blank\" rel=\"noopener\">Klinika za hirurgiju <\/a>(Podaci a\u017eurirani 24.02. 2025. god.)<\/li>\n<li title=\"\" data-original-title=\"\"><a href=\"https:\/\/www.ukctuzla.ba\/ukctuzla\/?page_id=409\" target=\"_blank\" rel=\"noopener\">Klinika za kardiovaskularnu hirurgiju\u00a0 <\/a>(Podaci a\u017eurirani 17.09.2025.god.)<\/li>\n<li title=\"\" data-original-title=\"\"><a href=\"https:\/\/www.ukctuzla.ba\/ukctuzla\/?page_id=4884\" target=\"_blank\" rel=\"noopener\">Klinika za invazivnu kardiologiju <\/a>(Podaci a\u017eurirani 06.05.2025. )<\/li>\n<\/ul>\n<ul>\n<li title=\"\" data-original-title=\"\"><a href=\"https:\/\/www.ukctuzla.ba\/ukctuzla\/?page_id=415\" target=\"_blank\" rel=\"noopener\">Klinika za ortopediju i traumatologiju <\/a>(Podaci a\u017eurirani\u00a0 02.10.2025.god.)<\/li>\n<li title=\"\" data-original-title=\"\"><a href=\"https:\/\/www.ukctuzla.ba\/ukctuzla\/?page_id=417\" target=\"_blank\" rel=\"noopener\">Klinika za neurohirurgiju <\/a>(Podaci a\u017eurirani 13.10. 2025. god.)<\/li>\n<li title=\"\" data-original-title=\"\"><a href=\"https:\/\/www.ukctuzla.ba\/ukctuzla\/?page_id=426http:\/\/www.ukctuzla.com.ba\/ukctuzla\/\" target=\"_blank\" rel=\"noopener\">Klinika za bolesti uha, grla i nosa i hirurgiju glave i vrata <\/a>(Podaci a\u017eurirani 12.02.2026.god.)<\/li>\n<li title=\"\" data-original-title=\"\"><a href=\"https:\/\/www.ukctuzla.ba\/ukctuzla\/?page_id=429\" target=\"_blank\" rel=\"noopener\">Klinika za plasti\u010dnu i maksilofacijalnu hirurgiju<\/a><a href=\"http:\/\/10.0.0.65\/ukctuzla3\/?page_id=429\" target=\"_blank\" rel=\"noopener\">\u00a0<\/a>(Podaci a\u017eurirani 20.04.2026.god.)<\/li>\n<li title=\"\" data-original-title=\"\"><a href=\"https:\/\/www.ukctuzla.ba\/ukctuzla\/?page_id=437&amp;lang=bs\" target=\"_blank\" rel=\"noopener\">Klinika za o\u010dne bolesti\u00a0<\/a> (Podaci a\u017eurirani 18.02.2025.god.)<\/li>\n<li title=\"\" data-original-title=\"\"><a href=\"https:\/\/www.ukctuzla.ba\/ukctuzla\/?page_id=440\" target=\"_blank\" rel=\"noopener\">Klinika za ginekologiju i aku\u0161erstvo <\/a>(Podaci a\u017eurirani 17.03.2025.god.)<\/li>\n<li title=\"\" data-original-title=\"\"><a href=\"https:\/\/www.ukctuzla.ba\/ukctuzla\/?page_id=442\" target=\"_blank\" rel=\"noopener\">Klinika za anesteziologiju i reanimatologiju <\/a>(Podaci a\u017eurirani 01.04. 2026. god.)<\/li>\n<li title=\"\" data-original-title=\"\"><a href=\"https:\/\/www.ukctuzla.ba\/ukctuzla\/?page_id=448\" target=\"_blank\" rel=\"noopener\">Klinika za dje\u010dije bolesti\u00a0<\/a> (Podaci a\u017eurirani 02.12.2025.god.)<\/li>\n<li title=\"\" data-original-title=\"\"><a href=\"https:\/\/www.ukctuzla.ba\/ukctuzla\/?page_id=461\" target=\"_blank\" rel=\"noopener\">Klinika za zarazne bolesti <\/a>(Podaci a\u017eurirani 28.08.2025.god.)<\/li>\n<li title=\"\" data-original-title=\"\"><a href=\"https:\/\/www.ukctuzla.ba\/ukctuzla\/?page_id=470\" target=\"_blank\" rel=\"noopener\">Klinika za neurologiju<\/a> (Podaci a\u017eurirani 15.04.2026.god.)<\/li>\n<li title=\"\" data-original-title=\"\"><a href=\"https:\/\/www.ukctuzla.ba\/ukctuzla\/?page_id=474\" target=\"_blank\" rel=\"noopener\">Klinika za psihijatriju\u00a0 <\/a>(Podaci a\u017eurirani 09.10.2025.god.)<\/li>\n<li title=\"\" data-original-title=\"\"><a href=\"https:\/\/www.ukctuzla.ba\/ukctuzla\/?page_id=479\" target=\"_blank\" rel=\"noopener\">Klinika za plu\u0107ne bolesti <\/a>(Podaci a\u017eurirani 23.09.2025.god.)<\/li>\n<li title=\"\" data-original-title=\"\"><a href=\"https:\/\/www.ukctuzla.ba\/ukctuzla\/?page_id=483\" target=\"_blank\" rel=\"noopener\">Klinika za ko\u017ene bolesti\u00a0 <\/a>(Podaci a\u017eurirani 24.02.2025.god.)<\/li>\n<li title=\"\" data-original-title=\"\"><a href=\"https:\/\/www.ukctuzla.ba\/ukctuzla\/?page_id=489http:\/\/www.ukctuzla.com.ba\/ukctuzla\/\" target=\"_blank\" rel=\"noopener\">Klinika za fizikalnu medicinu i rehabilitaciju <\/a>(Podaci a\u017eurirani 16.01.2026.god.)<\/li>\n<li title=\"\" data-original-title=\"\"><a href=\"https:\/\/www.ukctuzla.ba\/ukctuzla\/?page_id=494\" target=\"_blank\" rel=\"noopener\">Klinika za onkologiju i radioterapiju <\/a>(Podaci a\u017eurirani 10.10.2025.god.)<\/li>\n<li title=\"\" data-original-title=\"\"><a href=\"https:\/\/www.ukctuzla.ba\/ukctuzla\/?page_id=5214&amp;lang=bs\">Klinika za radiologiju i nuklearnu medicinu\u00a0<\/a> (Podaci a\u017eurirani 25.02.2025.god.)<\/li>\n<li title=\"\" data-original-title=\"\"><a href=\"https:\/\/www.ukctuzla.ba\/ukctuzla\/?page_id=4757\" target=\"_blank\" rel=\"noopener\">Klinika za hematologiju i transplantaciju mati\u010dnih \u0107elija hematopoeze\u00a0 <\/a>(Podaci a\u017eurirani 28.02. 2025. god.)<\/li>\n<li title=\"\" data-original-title=\"\"><a href=\"https:\/\/www.ukctuzla.ba\/ukctuzla\/?page_id=6725lang=bs\" target=\"_blank\" rel=\"noopener\">Klinika za urologiju\u00a0<\/a>(Podaci a\u017eurirani 29.10. 2024. god.)<\/li>\n<li title=\"\" data-original-title=\"\"><a href=\"https:\/\/www.ukctuzla.ba\/ukctuzla\/?page_id=10450&amp;lang=bs\">Klinika za torakalnu hirurgiju<\/a> (Podaci a\u017eurirani 13.12. 2024. god.)<\/li>\n<\/ul>\n<p>&nbsp;<\/p>\n<p><span style=\"color: #ff0000;\"><strong>POLIKLINIKE<\/strong><\/span><\/p>\n<ul>\n<li title=\"\" data-original-title=\"\"><a href=\"https:\/\/www.ukctuzla.ba\/ukctuzla\/?page_id=502\" target=\"_blank\" rel=\"noopener\">Poliklinika za laboratorijsku dijagnostiku <\/a>(Podaci a\u017eurirani 27.01.2023.god.)<\/li>\n<li title=\"\" data-original-title=\"\"><a href=\"https:\/\/www.ukctuzla.ba\/ukctuzla\/?page_id=504\" target=\"_blank\" rel=\"noopener\">Poliklinika za transfuziologiju <\/a><a href=\"https:\/\/www.ukctuzla.ba\/ukctuzla\/component\/content\/article?id=51\">(<\/a>Podaci a\u017eurirani 11.03. 2026.god.)<\/li>\n<\/ul>\n<p>&nbsp;<\/p>\n<p><span style=\"color: #ff0000;\"><strong>ZAVODI<\/strong><\/span><\/p>\n<ul>\n<li title=\"\" data-original-title=\"\"><a href=\"https:\/\/www.ukctuzla.ba\/ukctuzla\/?page_id=506\" target=\"_blank\" rel=\"noopener\">Zavod za klini\u010dku farmakologiju <\/a><a href=\"https:\/\/www.ukctuzla.ba\/ukctuzla\/component\/content\/article?id=51\">(<\/a>Podaci a\u017eurirani\u00a0 15.05. 2024.god.)<\/li>\n<\/ul>\n<ul>\n<li title=\"\" data-original-title=\"\"><a href=\"https:\/\/www.ukctuzla.ba\/ukctuzla\/?page_id=508\" target=\"_blank\" rel=\"noopener\">Zavod za psiholo\u0161ku i socijalnu za\u0161titu <\/a>(Podaci a\u017eurirani 27.10. 2025. god.)<a href=\"https:\/\/www.ukctuzla.ba\/ukctuzla\/organizacija?layout=edit&amp;id=2782\"><strong><br \/>\n<\/strong><\/a><\/li>\n<\/ul>\n<p>&nbsp;<\/p>\n<p><span style=\"color: #ff0000;\"><strong>CENTAR<\/strong><\/span><\/p>\n<ul>\n<li title=\"\" data-original-title=\"\"><a href=\"https:\/\/www.ukctuzla.ba\/ukctuzla\/?page_id=510\" target=\"_blank\" rel=\"noopener\">Centar za palijativnu njegu i terapiju bola<\/a> (Podaci a\u017eurirani 10. 04. 2026.god)<\/li>\n<li><a href=\"https:\/\/www.ukctuzla.ba\/ukctuzla\/?page_id=15540&amp;lang=bs&amp;preview=true\" target=\"_blank\" rel=\"noopener\">Centar za rijetke bolesti<\/a>\u00a0(Podaci a\u017eurirani 6. 02. 2024.god)<\/li>\n<\/ul>\n<p>&nbsp;<\/p>\n<p><span style=\"color: #ff0000;\"><a style=\"color: #ff0000;\" href=\"https:\/\/www.ukctuzla.ba\/ukctuzla\/?page_id=512\" target=\"_blank\" rel=\"noopener\"><strong>BOLNI\u010cKA APOTEKA<\/strong><\/a> <\/span>(Podaci a\u017eurirani, 22.09.2025.god.)<\/p>\n<p>&nbsp;<\/p>\n<p><strong><span style=\"color: #ff0000;\">SEKTORI<\/span><br \/>\n<\/strong><\/p>\n<ul>\n<li title=\"\" data-original-title=\"\"><a href=\"https:\/\/www.ukctuzla.ba\/ukctuzla\/?page_id=501\" target=\"_blank\" rel=\"noopener\">Sektor za ekonomsko-finansijske poslove <\/a><a href=\"https:\/\/www.ukctuzla.ba\/ukctuzla\/component\/content\/article?id=51\">(<\/a>Podaci a\u017eurirani, 03.10.2024.god.)<\/li>\n<li title=\"\" data-original-title=\"\"><a href=\"https:\/\/www.ukctuzla.ba\/ukctuzla\/?page_id=518\" target=\"_blank\" rel=\"noopener\">Sektor za pravne poslove i ljudske resurse <\/a><a href=\"https:\/\/www.ukctuzla.ba\/ukctuzla\/component\/content\/article?id=51\">(<\/a>Podaci a\u017eurirani 14.12. 2022.god.)<\/li>\n<li title=\"\" data-original-title=\"\"><a href=\"https:\/\/www.ukctuzla.ba\/ukctuzla\/?page_id=521\" target=\"_blank\" rel=\"noopener\">Sektor za poslove organizacije i pobolj\u0161anja kvaliteta <\/a><a href=\"https:\/\/www.ukctuzla.ba\/ukctuzla\/component\/content\/article?id=51\">(<\/a>Podaci a\u017eurirani 08.05. 2024.god.)<\/li>\n<li title=\"\" data-original-title=\"\"><a href=\"https:\/\/www.ukctuzla.ba\/ukctuzla\/?page_id=523\" target=\"_blank\" rel=\"noopener\">Sektor za higijensko-epidemiolo\u0161ki nadzor\u00a0<\/a> (Podaci a\u017eurirani, 14.12.2022.god.)<\/li>\n<li title=\"\" data-original-title=\"\"><a href=\"https:\/\/www.ukctuzla.ba\/ukctuzla\/?page_id=525\" target=\"_blank\" rel=\"noopener\">Sektor za tehni\u010dke poslove <\/a>(Podaci a\u017eurirani, 19.04.2023.god.)<\/li>\n<li title=\"\" data-original-title=\"\"><a href=\"https:\/\/www.ukctuzla.ba\/ukctuzla\/?page_id=527\" target=\"_blank\" rel=\"noopener\">Sektor za informacione tehnologije <\/a><a href=\"https:\/\/www.ukctuzla.ba\/ukctuzla\/component\/content\/article?id=51\">(<\/a>Podaci a\u017eurirani 05.09. 2025.god.)<\/li>\n<li title=\"\" data-original-title=\"\"><a href=\"https:\/\/www.ukctuzla.ba\/ukctuzla\/?page_id=530\" target=\"_blank\" rel=\"noopener\">Sektor za nau\u010dno-istra\u017eiva\u010dki rad i stru\u010dno usavr\u0161avanje\u00a0<\/a><span style=\"color: #000000;\"><a href=\"https:\/\/www.ukctuzla.ba\/ukctuzla\/component\/content\/article?id=51\">(<\/a><\/span>Podaci a\u017eurirani 14.12.2022.god.)<\/li>\n<\/ul>\n<p>&nbsp;<\/p>\n<p><span style=\"color: #ff0000;\"><strong>SLU\u017dBE<\/strong><\/span><\/p>\n<ul>\n<li title=\"\" data-original-title=\"\"><a href=\"https:\/\/www.ukctuzla.ba\/ukctuzla\/?page_id=532\" target=\"_blank\" rel=\"noopener\">Slu\u017eba za internu reviziju <\/a><a href=\"https:\/\/www.ukctuzla.ba\/ukctuzla\/component\/content\/article?id=51\">(<\/a>Podaci a\u017eurirani 22.05.2024.god.)<\/li>\n<li title=\"\" data-original-title=\"\"><a href=\"https:\/\/www.ukctuzla.ba\/ukctuzla\/?page_id=539\" target=\"_blank\" rel=\"noopener\">Slu\u017eba za kancelarijsko i arhivsko poslovanje <\/a><a href=\"https:\/\/www.ukctuzla.ba\/ukctuzla\/component\/content\/article?id=51\">(<\/a>Podaci a\u017eurirani 28.05. 2024.god.)<\/li>\n<li title=\"\" data-original-title=\"\"><a href=\"https:\/\/www.ukctuzla.ba\/ukctuzla\/?page_id=541\" target=\"_blank\" rel=\"noopener\">Unutarnja slu\u017eba za\u0161tite <\/a>(Podaci a\u017eurirani 10.09. 2025.god.)<\/li>\n<li title=\"\" data-original-title=\"\"><a href=\"https:\/\/www.ukctuzla.ba\/ukctuzla\/?page_id=4505&amp;lang=bs\" target=\"_blank\" rel=\"noopener\">Slu\u017eba za medicinsku fiziku i za\u0161titu od zra\u010denja<\/a>\u00a0 (Podaci a\u017eurirani 29.12. 2025.god.)<\/li>\n<li><a href=\"https:\/\/www.ukctuzla.ba\/ukctuzla\/?page_id=11513&amp;lang=bs\" target=\"_blank\" rel=\"noopener\">Slu\u017eba za nabavu<\/a> (Podaci a\u017eurirani 14.12. 2022.god.)<\/li>\n<\/ul>\n<p>&nbsp;<\/p>\n<h5><span style=\"color: #800000;\">Upravni odbor<\/span><br \/>\n<a href=\"https:\/\/www.ukctuzla.ba\/ukctuzla\/?page_id=5530&amp;lang=bs\" target=\"_blank\" rel=\"noopener\"><span style=\"color: #800000;\">Informacije sa sjednica Upravnog odbora JZU UKC Tuzla<\/span><\/a><\/h5>\n<p>&nbsp;<\/p>\n<p>&nbsp;<\/p>\n<p><span style=\"color: #ff0000;\"><strong>SESTRINSTVO<\/strong><\/span><\/p>\n<p><span style=\"color: #ff0000;\"><strong><a href=\"https:\/\/www.ukctuzla.ba\/ukctuzla\/wp-content\/uploads\/2025\/01\/Teme.pdf\" target=\"_blank\" rel=\"noopener\">TEME ZA EDUKATIVNI SASTANAK NA NIVOU USTANOVE ZA 2025.G.<\/a><\/strong><\/span><\/p>\n<p>&nbsp;<\/p>\n<p><span style=\"color: #ff0000;\"><a style=\"color: #ff0000;\" href=\"https:\/\/www.ukctuzla.ba\/ukctuzla\/?page_id=543\" target=\"_blank\" rel=\"noopener\"><strong>ETI\u010cKI KOMITET\u00a0<\/strong><\/a><strong>\u00a0\u00a0<\/strong><span style=\"color: #000000;\">(Podaci a\u017eurirani 07.01. 2025.god.)<\/span><\/span>[\/vc_column_text][\/vc_column][\/vc_row]<\/p>\n<\/div>","protected":false},"excerpt":{"rendered":"<p>[vc_row][vc_column][vc_column_text css=&#8221;&#8221;]URED DIREKTORA\u00a0\u00a0(Podaci a\u017eurirani 11.04.2024. god.)\u00a0\u00a0\u00a0\u00a0\u00a0\u00a0\u00a0\u00a0\u00a0\u00a0\u00a0\u00a0\u00a0\u00a0\u00a0\u00a0\u00a0\u00a0\u00a0\u00a0\u00a0\u00a0\u00a0\u00a0\u00a0\u00a0\u00a0\u00a0\u00a0\u00a0\u00a0\u00a0\u00a0\u00a0\u00a0\u00a0\u00a0\u00a0\u00a0\u00a0\u00a0\u00a0\u00a0\u00a0\u00a0\u00a0\u00a0\u00a0\u00a0\u00a0\u00a0\u00a0\u00a0\u00a0\u00a0\u00a0\u00a0\u00a0\u00a0\u00a0\u00a0\u00a0\u00a0\u00a0\u00a0 Slu\u017eba za komunikacije &nbsp; KLINIKE Klinika za interne bolest\u00a0 (Podaci a\u017eurirani 19.12. 2025. god.) Klinika za hirurgiju (Podaci a\u017eurirani 24.02. 2025. god.) Klinika za kardiovaskularnu hirurgiju\u00a0 (Podaci a\u017eurirani 17.09.2025.god.) Klinika za invazivnu kardiologiju (Podaci a\u017eurirani 06.05.2025. ) Klinika za ortopediju i traumatologiju (Podaci a\u017eurirani\u00a0 02.10.2025.god.) Klinika za neurohirurgiju (Podaci&hellip;<\/p>\n","protected":false},"author":1,"featured_media":16294,"parent":0,"menu_order":0,"comment_status":"closed","ping_status":"closed","template":"","meta":{"footnotes":""},"class_list":["post-100","page","type-page","status-publish","has-post-thumbnail","hentry","description-off"],"_links":{"self":[{"href":"https:\/\/www.ukctuzla.ba\/ukctuzla\/index.php?rest_route=\/wp\/v2\/pages\/100","targetHints":{"allow":["GET"]}}],"collection":[{"href":"https:\/\/www.ukctuzla.ba\/ukctuzla\/index.php?rest_route=\/wp\/v2\/pages"}],"about":[{"href":"https:\/\/www.ukctuzla.ba\/ukctuzla\/index.php?rest_route=\/wp\/v2\/types\/page"}],"author":[{"embeddable":true,"href":"https:\/\/www.ukctuzla.ba\/ukctuzla\/index.php?rest_route=\/wp\/v2\/users\/1"}],"replies":[{"embeddable":true,"href":"https:\/\/www.ukctuzla.ba\/ukctuzla\/index.php?rest_route=%2Fwp%2Fv2%2Fcomments&post=100"}],"version-history":[{"count":413,"href":"https:\/\/www.ukctuzla.ba\/ukctuzla\/index.php?rest_route=\/wp\/v2\/pages\/100\/revisions"}],"predecessor-version":[{"id":21273,"href":"https:\/\/www.ukctuzla.ba\/ukctuzla\/index.php?rest_route=\/wp\/v2\/pages\/100\/revisions\/21273"}],"wp:featuredmedia":[{"embeddable":true,"href":"https:\/\/www.ukctuzla.ba\/ukctuzla\/index.php?rest_route=\/wp\/v2\/media\/16294"}],"wp:attachment":[{"href":"https:\/\/www.ukctuzla.ba\/ukctuzla\/index.php?rest_route=%2Fwp%2Fv2%2Fmedia&parent=100"}],"curies":[{"name":"wp","href":"https:\/\/api.w.org\/{rel}","templated":true}]}}