{"id":10450,"date":"2021-03-05T15:17:54","date_gmt":"2021-03-05T14:17:54","guid":{"rendered":"http:\/\/www.ukctuzla.ba\/ukctuzla\/?page_id=10450"},"modified":"2024-12-13T14:31:45","modified_gmt":"2024-12-13T13:31:45","slug":"klinika-za-torakalnu-hirurgiju","status":"publish","type":"page","link":"https:\/\/www.ukctuzla.ba\/ukctuzla\/?page_id=10450&lang=bs","title":{"rendered":"KLINIKA ZA TORAKALNU HIRURGIJU"},"content":{"rendered":"<p><strong>v.d. Na\u010delnika Klinike<\/strong>: doc.dr.med.sc. Nusret Rami\u0107<br \/>\n<strong>Glavna medicinska sestra:<\/strong> \u0110ana Rizvanovi\u0107, dipl. med. sestra\/tehni\u010dar<br \/>\n<strong>Kontakt:<\/strong><\/p>\n<p>tel.: +387 35 303 242<\/p>\n<p>e-mail: info@ukctuzla.ba<\/p>\n<p><strong>DJELATNOST KLINIKE:<\/strong><\/p>\n<ul>\n<li>Dijagnosti\u010dka obrada bolesnika iz domena grudne hirurgije te sprovo\u0111enje medikamentoznog ili operativnog lije\u010denja i njega tih bolesnika.<\/li>\n<li>Dijagnostika i prijem traumatiziranih bolesnika sa povredama grudnog ko\u0161a, utvr\u0111ivanje potrebe za operativnim zahvatima i provo\u0111enje operativnih zahvata<\/li>\n<\/ul>\n<p>&nbsp;<\/p>\n<p><strong>ORGANIZACIONA STRUKTURA I DJELATNOST KLINIKE:<\/strong><\/p>\n<p><strong><span style=\"color: #800000;\">TORAKOHIRUR\u0160KA POLIKLINIKA<\/span><\/strong><br \/>\n<strong><span style=\"color: #800000;\">AMBULANTE<\/span><\/strong><\/p>\n<p>Odgovorni medicinski tehni\u010dar: tel. 035 303 228<\/p>\n<p><strong>Prijemna ambulanta<\/strong> ,radi 24 h ,tel: 035 303 228<\/p>\n<p><strong>Torakohirur\u0161ka specijalisti\u010dka ambulanta radi utorkom i \u010detvrtkom od 9-12 h, tel.: 035 303 229<\/strong><\/p>\n<p><strong>Specijalisti\u010dka ambulanta za torakohirur\u0161ku onkologiju, radi utorkom i \u010detvrtkom od 9-12 h, tel.: 035 303 229<\/strong><\/p>\n<p>&nbsp;<\/p>\n<p><strong>ODJELJENJA :<\/strong><\/p>\n<ul>\n<li><strong>ODJELJENJE ZA HIRURGIJU PLU\u0106A <\/strong><\/li>\n<li><strong>ODJELJENJE ZA HIRURGIJU JEDNJAKA I SREDOGRU\u0110A <\/strong><\/li>\n<li><strong>ODJELJENJE ZA TRAUMU GRUDNOG KO\u0160A <\/strong><\/li>\n<li><strong>ODJELJENJE ZA DNEVNU HIRURGIJU<\/strong><\/li>\n<\/ul>\n<p><strong>DJELATNOSTI\u00a0 ORGANIZACIONIH\u00a0 JEDINICA<\/strong><\/p>\n<p>&nbsp;<\/p>\n<p><span style=\"color: #800000;\"><strong>Odjeljenje za hirurgiju plu\u0107a<\/strong><\/span><\/p>\n<p><strong>\u0160ef odjeljenja:<\/strong> Prof.dr.med.sci Goran Krd\u017eali\u0107<\/p>\n<p><strong>Odgovorna sestra:<\/strong> Izeta \u0106orhod\u017ei\u0107, diplomirana medicinska sestra<\/p>\n<p><strong>Kontakt tel:<\/strong>035 303 242<\/p>\n<ul>\n<li>Standardne i pro\u0161irene torakohirur\u0161ke operativne procedure na plu\u0107ima, traheji i glavnim bronhima, pleuri, zidu grudnog ko\u0161a i dijafragmi:\n<ul>\n<li>VATS (videoasistirane torakoskopske) procedure:\n<ul>\n<li>VATS resekcijski zahvati na plu\u0107ima<\/li>\n<li>VATS lobektomija<\/li>\n<li>VATS bilobektomija<\/li>\n<li>VATS ektirpacija tumora plu\u0107a i pleure<\/li>\n<li>VATS bulektomije (u tretmanu pneumotoraksa)<\/li>\n<li>VATS pleurodeza<\/li>\n<li>VATS simpatektomija<\/li>\n<\/ul>\n<\/li>\n<li>Klasi\u010dne (otvorene) procedure:\n<ul>\n<li>Resekcijski zahvati na plu\u0107ima (\u201cwedge\u201d resekcije)<\/li>\n<li>segmentektomije<\/li>\n<li>lobektomija<\/li>\n<li>bilobektomija<\/li>\n<li>pneumonektomija<\/li>\n<li>dekortikacija<\/li>\n<li>bulektomija<\/li>\n<\/ul>\n<\/li>\n<li>Operativni tretman benignih i malignih oboljenja traheje i bronha<\/li>\n<\/ul>\n<\/li>\n<\/ul>\n<p>&nbsp;<\/p>\n<p><span style=\"color: #800000;\"><strong>Odjeljenje za hirurgiju jednjaka i sredogru\u0111a<\/strong><\/span><\/p>\n<p><strong>\u0160ef odjeljenja:<\/strong> dr. Zlatan Ali\u0107<\/p>\n<p><strong>Odgovorna sestra:<\/strong> Begu\u0161a Salihovi\u0107, diplomirana medicinska sestra<\/p>\n<p><strong>Kontakt tel<\/strong>:035 303 242<\/p>\n<p>Standardne i pro\u0161irene torakohirur\u0161ke procedure oboljenja jednjaka i organa smje\u0161tenih u sredogru\u0111u:<\/p>\n<ul>\n<li>Tretman benignih oboljenja jednjaka i ezofagogastri\u010dnog prijelaza (gastroezofagealnu refluksnu bolest -GERB (laparoskopska fundoplikacija); poreme\u0107aj motiliteta jednjaka; divertikule jednjaka; stenoze i oopstrukcije jednjaka; perforacije jednjaka, postkorozivne stnenoze jednjaka)<\/li>\n<li>Tretman malignih bolesti jednjaka i ezofagogastri\u010dnog prijelaza<\/li>\n<li>Operativni tretman deformiteta grudnog ko\u0161a<\/li>\n<li>Operativni tretman patolo\u0161kih stanja dijafragme<\/li>\n<\/ul>\n<p>&nbsp;<\/p>\n<p><span style=\"color: #800000;\"><strong>Odjeljenje za traumu grudnog ko\u0161a<\/strong><\/span><\/p>\n<p><strong>\u0160ef odjeljenja:<\/strong> dr. Muniba Softi\u0107, mr.med.sc<\/p>\n<p><strong>Odgovorna sestra:<\/strong> Dipl.med.sestra Amela Mujanovi\u0107 Arifovi\u0107<\/p>\n<p><strong>Kontakt tel: <\/strong>035 303 242<br \/>\nKonzervativno i hirur\u0161ko lije\u010denje torakalne traume i komplikacija torakalne traume (klasi\u010dne\/otvorene i video-asistirane torakoskopske procedure)<\/p>\n<p>&nbsp;<\/p>\n<p><span style=\"color: #800000;\"><strong>Odjeljenje za dnevnu hirurgiju<\/strong><\/span><\/p>\n<p><strong>\u0160ef odjeljenja: <\/strong>Dr.med.sci Amar Ke\u0161etovi\u0107<strong><br \/>\n<\/strong><\/p>\n<p><strong>Odgovorna sestra:<\/strong> Mirela Aljuki\u0107,medicinska sestra tehni\u010dar<\/p>\n<p><strong>Kontakt tel: <\/strong>035 303 242<\/p>\n<p>Dijagnosti\u010dko terapijske procedure za oboljenja organa grudnog ko\u0161a i grudne duplje ; hirur\u0161ka biopsija perifernih limfnih nodusa u pazu\u0161noj jami te perkutana biopsija iglom pleure, dijagnostika lezija u zidu grudnog ko\u0161a i plu\u0107ima; pleuralna punkcija-torakocenteza; pleuralna drena\u017ea \u2013troakar drena\u017ea)<\/p>\n<p>Ugradnja port katetera<\/p>\n","protected":false},"excerpt":{"rendered":"<p>v.d. Na\u010delnika Klinike: doc.dr.med.sc. Nusret Rami\u0107 Glavna medicinska sestra: \u0110ana Rizvanovi\u0107, dipl. med. sestra\/tehni\u010dar Kontakt: tel.: +387 35 303 242 e-mail: info@ukctuzla.ba DJELATNOST KLINIKE: Dijagnosti\u010dka obrada bolesnika iz domena grudne hirurgije te sprovo\u0111enje medikamentoznog ili operativnog lije\u010denja i njega tih bolesnika. Dijagnostika i prijem traumatiziranih bolesnika sa povredama grudnog ko\u0161a, utvr\u0111ivanje potrebe za operativnim zahvatima&hellip;<\/p>\n","protected":false},"author":2,"featured_media":16294,"parent":0,"menu_order":0,"comment_status":"closed","ping_status":"closed","template":"","meta":{"footnotes":""},"class_list":["post-10450","page","type-page","status-publish","has-post-thumbnail","hentry","description-off"],"_links":{"self":[{"href":"https:\/\/www.ukctuzla.ba\/ukctuzla\/index.php?rest_route=\/wp\/v2\/pages\/10450","targetHints":{"allow":["GET"]}}],"collection":[{"href":"https:\/\/www.ukctuzla.ba\/ukctuzla\/index.php?rest_route=\/wp\/v2\/pages"}],"about":[{"href":"https:\/\/www.ukctuzla.ba\/ukctuzla\/index.php?rest_route=\/wp\/v2\/types\/page"}],"author":[{"embeddable":true,"href":"https:\/\/www.ukctuzla.ba\/ukctuzla\/index.php?rest_route=\/wp\/v2\/users\/2"}],"replies":[{"embeddable":true,"href":"https:\/\/www.ukctuzla.ba\/ukctuzla\/index.php?rest_route=%2Fwp%2Fv2%2Fcomments&post=10450"}],"version-history":[{"count":6,"href":"https:\/\/www.ukctuzla.ba\/ukctuzla\/index.php?rest_route=\/wp\/v2\/pages\/10450\/revisions"}],"predecessor-version":[{"id":17546,"href":"https:\/\/www.ukctuzla.ba\/ukctuzla\/index.php?rest_route=\/wp\/v2\/pages\/10450\/revisions\/17546"}],"wp:featuredmedia":[{"embeddable":true,"href":"https:\/\/www.ukctuzla.ba\/ukctuzla\/index.php?rest_route=\/wp\/v2\/media\/16294"}],"wp:attachment":[{"href":"https:\/\/www.ukctuzla.ba\/ukctuzla\/index.php?rest_route=%2Fwp%2Fv2%2Fmedia&parent=10450"}],"curies":[{"name":"wp","href":"https:\/\/api.w.org\/{rel}","templated":true}]}}