{"id":106,"date":"2016-01-18T10:29:17","date_gmt":"2016-01-18T10:29:17","guid":{"rendered":"http:\/\/10.0.0.65\/ukctuzla3\/?page_id=106"},"modified":"2025-12-23T14:58:34","modified_gmt":"2025-12-23T13:58:34","slug":"za-pacijente","status":"publish","type":"page","link":"https:\/\/www.ukctuzla.ba\/ukctuzla\/?page_id=106&lang=bs","title":{"rendered":"ZA PACIJENTE"},"content":{"rendered":"<div class=\"wpb-content-wrapper\"><p>[vc_row][vc_column][vc_column_text css=&#8221;&#8221;]<\/p>\n<p align=\"justify\">Po\u0161tovani pacijenti i posjetioci,\u00a0dobrodo\u0161li na web stranice Univerzitetskog klini\u010dkog centara Tuzla!<\/p>\n<p align=\"justify\">Univerzitetski klini\u010dki centar Tuzla (UKC Tuzla) je jedna od najve\u0107ih zdravstvenih ustanova u Bosni i Hercegovini, sa dugogodi\u0161njom uspje\u0161nom tradicijom u lije\u010denju razli\u010ditih vrsta oboljenja. Istovremeno je i nastavno-nau\u010dna baza fakulteta i \u0161kola medicinskog usmjerenja.<\/p>\n<p align=\"justify\">Postoje\u0107a i budu\u0107a organizacija Ustanove zasnovana je na postavljenom cilju \u0161to uspje\u0161nijeg lije\u010denja pacijenata i o\u010duvanja zdravlja. U tome nam poma\u017ee napredak nauke i tehnologije, koji koristimo i usmjeravamo na pru\u017eanje usluga standardnog kvaliteta i jednakog sadr\u017eaja, ali i Va\u0161a spremnost na saradnju.<\/p>\n<p align=\"justify\">Dolaskom u na\u0161e Ustanovu povjeravate nam brigu o svom zdravlju, koje je preduslov sretnog i uspje\u0161nog \u017eivota. \u017delimo da se kod nas prijatno osje\u0107ate i Va\u0161 boravak okon\u010date \u0161to prije. Za to \u0107emo se potruditi, a Vas molimo da bez ustru\u010davanja iska\u017eete svoje \u017eelje, prijedloge i primjedbe. To \u0107e nam biti od velike pomo\u0107i. Tako \u0107ete pomo\u0107i i sebi i nama i svima koji budu tra\u017eili pomo\u0107 na\u0161e bolnice.<\/p>\n<p align=\"justify\"><em>Management i osoblje<\/em><\/p>\n<p>&nbsp;<\/p>\n<h5><span style=\"color: #800000;\"><strong>LISTA \u010cEKANJA<\/strong><\/span><\/h5>\n<p>Prema Zakonu o pravima, obavezama i odgovornostima pacijenata, kao i pravu na tajnost podataka, lista \u010dekanja se formira prema Bolni\u010dkom kartonu pacijenta (BKP).<\/p>\n<p>&nbsp;<\/p>\n<p><a href=\"https:\/\/www.ukctuzla.ba\/ukctuzla\/?page_id=20293&amp;lang=bs\" target=\"_blank\" rel=\"noopener\"><span style=\"color: #800000;\"><strong>LISTA \u010cEKANJA 2026 godina<\/strong><\/span><\/a><\/p>\n<p>&nbsp;<\/p>\n<p><a href=\"https:\/\/www.ukctuzla.ba\/ukctuzla\/?page_id=20289&amp;lang=bs\" target=\"_blank\" rel=\"noopener\">Vi\u0161e<\/a><\/p>\n<\/div>","protected":false},"excerpt":{"rendered":"<p>[vc_row][vc_column][vc_column_text css=&#8221;&#8221;] Po\u0161tovani pacijenti i posjetioci,\u00a0dobrodo\u0161li na web stranice Univerzitetskog klini\u010dkog centara Tuzla! Univerzitetski klini\u010dki centar Tuzla (UKC Tuzla) je jedna od najve\u0107ih zdravstvenih ustanova u Bosni i Hercegovini, sa dugogodi\u0161njom uspje\u0161nom tradicijom u lije\u010denju razli\u010ditih vrsta oboljenja. Istovremeno je i nastavno-nau\u010dna baza fakulteta i \u0161kola medicinskog usmjerenja. Postoje\u0107a i budu\u0107a organizacija Ustanove zasnovana je&hellip;<\/p>\n","protected":false},"author":1,"featured_media":16294,"parent":0,"menu_order":0,"comment_status":"closed","ping_status":"closed","template":"","meta":{"footnotes":""},"class_list":["post-106","page","type-page","status-publish","has-post-thumbnail","hentry","description-off"],"_links":{"self":[{"href":"https:\/\/www.ukctuzla.ba\/ukctuzla\/index.php?rest_route=\/wp\/v2\/pages\/106","targetHints":{"allow":["GET"]}}],"collection":[{"href":"https:\/\/www.ukctuzla.ba\/ukctuzla\/index.php?rest_route=\/wp\/v2\/pages"}],"about":[{"href":"https:\/\/www.ukctuzla.ba\/ukctuzla\/index.php?rest_route=\/wp\/v2\/types\/page"}],"author":[{"embeddable":true,"href":"https:\/\/www.ukctuzla.ba\/ukctuzla\/index.php?rest_route=\/wp\/v2\/users\/1"}],"replies":[{"embeddable":true,"href":"https:\/\/www.ukctuzla.ba\/ukctuzla\/index.php?rest_route=%2Fwp%2Fv2%2Fcomments&post=106"}],"version-history":[{"count":555,"href":"https:\/\/www.ukctuzla.ba\/ukctuzla\/index.php?rest_route=\/wp\/v2\/pages\/106\/revisions"}],"predecessor-version":[{"id":20295,"href":"https:\/\/www.ukctuzla.ba\/ukctuzla\/index.php?rest_route=\/wp\/v2\/pages\/106\/revisions\/20295"}],"wp:featuredmedia":[{"embeddable":true,"href":"https:\/\/www.ukctuzla.ba\/ukctuzla\/index.php?rest_route=\/wp\/v2\/media\/16294"}],"wp:attachment":[{"href":"https:\/\/www.ukctuzla.ba\/ukctuzla\/index.php?rest_route=%2Fwp%2Fv2%2Fmedia&parent=106"}],"curies":[{"name":"wp","href":"https:\/\/api.w.org\/{rel}","templated":true}]}}