{"id":110,"date":"2016-01-18T10:29:38","date_gmt":"2016-01-18T10:29:38","guid":{"rendered":"http:\/\/10.0.0.65\/ukctuzla3\/?page_id=110"},"modified":"2026-03-16T12:33:41","modified_gmt":"2026-03-16T11:33:41","slug":"strucni-skupovi","status":"publish","type":"page","link":"https:\/\/www.ukctuzla.ba\/ukctuzla\/?page_id=110&lang=bs","title":{"rendered":"EDUKACIJA"},"content":{"rendered":"<p>Projekat Javne zdravstvene ustanove Univerzitetski klini\u010dki centar Tuzla<br \/>\n<strong>\u201cKontinuirana edukacija medicinkog osoblja\u201d<\/strong><\/p>\n<p style=\"text-align: justify;\">Projekat edukacije podrazumijeva:<br \/>\n&#8211; Edukacijske kurseve za specifi\u010dne dijagnosti\u010dke procedure namijenjene specijalistima i specijalizantima unutar zdravstvene ustanove,<br \/>\n&#8211; Interne edukacije medicinskog kadra u sklopu redovne edukacije osigurane posjetom eksternih edukatora,<br \/>\n&#8211; Edukacija medicinskog kadra koja podrazumijeva boravak u drugim zdravstvenim centrima u sklopu dodatnog usavr\u0161avanja u trajanju vi\u0161e od 30 dana gdje je potrebno osigurati smje\u0161taj polaznika.<\/p>\n<p>&nbsp;<\/p>\n<p>&nbsp;<\/p>\n<h3><span style=\"color: #124375;\"><strong>NAJAVE DOGA\u0110AJA<\/strong><\/span><\/h3>\n<p>&nbsp;<\/p>\n<h4>Tuzlanski dani anestezije, reanimacije i intenzivnog lije\u010denja<br \/>\nARIL 2026<br \/>\nHotel Mellain, Tuzla, 15. &#8211; 16. maja 2026. godine<\/h4>\n<p><a href=\"https:\/\/www.ukctuzla.ba\/ukctuzla\/wp-content\/uploads\/2026\/03\/Prva-obavijest-Anestezija-2026.pdf\"><img loading=\"lazy\" decoding=\"async\" class=\"alignnone size-medium wp-image-20973\" src=\"https:\/\/www.ukctuzla.ba\/ukctuzla\/wp-content\/uploads\/2026\/03\/Plakat-anestezija-2026-229x300.jpg\" alt=\"\" width=\"229\" height=\"300\" srcset=\"https:\/\/www.ukctuzla.ba\/ukctuzla\/wp-content\/uploads\/2026\/03\/Plakat-anestezija-2026-229x300.jpg 229w, https:\/\/www.ukctuzla.ba\/ukctuzla\/wp-content\/uploads\/2026\/03\/Plakat-anestezija-2026.jpg 582w\" sizes=\"auto, (max-width: 229px) 100vw, 229px\" \/><\/a><\/p>\n<p><a href=\"https:\/\/www.ukctuzla.ba\/ukctuzla\/wp-content\/uploads\/2026\/03\/Prva-obavijest-Anestezija-2026.pdf\">PRVA OBAVIJEST<\/a><\/p>\n<p>&nbsp;<\/p>\n<h4><\/h4>\n<h4>SIMPOZIJ<br \/>\nSAVREMENI IZAZOVI U PULMOLO\u0160KOJ ONKOLOGIJI \u2013 TUZLA 2026<br \/>\nMultidisciplinarni pristup dijagnostici i lije\u010denju karcinoma plu\u0107a<br \/>\nHotel Mellain, Tuzla, 6. juni 2026. godine<\/h4>\n<p><a href=\"https:\/\/www.ukctuzla.ba\/ukctuzla\/wp-content\/uploads\/2026\/01\/XVII-Neuroloski-tuzlanski-susreti-PRVA-OBAVIJEST.pdf\"><img loading=\"lazy\" decoding=\"async\" class=\"alignnone wp-image-20953\" src=\"https:\/\/www.ukctuzla.ba\/ukctuzla\/wp-content\/uploads\/2026\/03\/Simpozij-Savremena-onkologija-300x229.jpg\" alt=\"\" width=\"266\" height=\"203\" srcset=\"https:\/\/www.ukctuzla.ba\/ukctuzla\/wp-content\/uploads\/2026\/03\/Simpozij-Savremena-onkologija-300x229.jpg 300w, https:\/\/www.ukctuzla.ba\/ukctuzla\/wp-content\/uploads\/2026\/03\/Simpozij-Savremena-onkologija-768x586.jpg 768w, https:\/\/www.ukctuzla.ba\/ukctuzla\/wp-content\/uploads\/2026\/03\/Simpozij-Savremena-onkologija.jpg 986w\" sizes=\"auto, (max-width: 266px) 100vw, 266px\" \/><\/a><\/p>\n<p><a href=\"https:\/\/www.ukctuzla.ba\/ukctuzla\/wp-content\/uploads\/2026\/03\/Simpozij-Plucna-onkologija.pdf\">PRVA OBAVIJEST<\/a><\/p>\n<p>&nbsp;<\/p>\n<p>&nbsp;<\/p>\n<p>&nbsp;<\/p>\n<h4>XVII Neurolo\u0161ki tuzlanski susreti \u2013 \u201eNeurolo\u0161ki mostovi regiona\u201c<\/h4>\n<p><em>Od 16. do 18. aprila 2026. godine<\/em><\/p>\n<h4><img loading=\"lazy\" decoding=\"async\" class=\"alignnone wp-image-20533\" src=\"https:\/\/www.ukctuzla.ba\/ukctuzla\/wp-content\/uploads\/2026\/01\/viber_slika_2026-01-27_12-46-43-016-300x260.jpg\" alt=\"\" width=\"231\" height=\"200\" srcset=\"https:\/\/www.ukctuzla.ba\/ukctuzla\/wp-content\/uploads\/2026\/01\/viber_slika_2026-01-27_12-46-43-016-300x260.jpg 300w, https:\/\/www.ukctuzla.ba\/ukctuzla\/wp-content\/uploads\/2026\/01\/viber_slika_2026-01-27_12-46-43-016-1024x888.jpg 1024w, https:\/\/www.ukctuzla.ba\/ukctuzla\/wp-content\/uploads\/2026\/01\/viber_slika_2026-01-27_12-46-43-016-768x666.jpg 768w, https:\/\/www.ukctuzla.ba\/ukctuzla\/wp-content\/uploads\/2026\/01\/viber_slika_2026-01-27_12-46-43-016.jpg 1088w\" sizes=\"auto, (max-width: 231px) 100vw, 231px\" \/><\/h4>\n<p><a href=\"https:\/\/www.ukctuzla.ba\/ukctuzla\/wp-content\/uploads\/2026\/01\/XVII-Neuroloski-tuzlanski-susreti-PRVA-OBAVIJEST.pdf\">PRVA OBAVIJEST<\/a><\/p>\n<p>&nbsp;<\/p>\n<h4><strong>12. SIMPOZIJ PLU\u0106NE BOLESTI <\/strong><strong>sa me\u0111unarodnim u\u010de\u0161\u0107em<\/strong><\/h4>\n<p><em>Hotel Grand Tuzla, od 8. do 9. maja 2026. godine<\/em><\/p>\n<h4><img loading=\"lazy\" decoding=\"async\" class=\"alignnone wp-image-20776\" src=\"https:\/\/www.ukctuzla.ba\/ukctuzla\/wp-content\/uploads\/2026\/02\/obavijest-12-simpozijum-plucne-bolesti-2026-212x300.jpeg\" alt=\"\" width=\"227\" height=\"321\" srcset=\"https:\/\/www.ukctuzla.ba\/ukctuzla\/wp-content\/uploads\/2026\/02\/obavijest-12-simpozijum-plucne-bolesti-2026-212x300.jpeg 212w, https:\/\/www.ukctuzla.ba\/ukctuzla\/wp-content\/uploads\/2026\/02\/obavijest-12-simpozijum-plucne-bolesti-2026-724x1024.jpeg 724w, https:\/\/www.ukctuzla.ba\/ukctuzla\/wp-content\/uploads\/2026\/02\/obavijest-12-simpozijum-plucne-bolesti-2026-768x1086.jpeg 768w, https:\/\/www.ukctuzla.ba\/ukctuzla\/wp-content\/uploads\/2026\/02\/obavijest-12-simpozijum-plucne-bolesti-2026-1087x1536.jpeg 1087w, https:\/\/www.ukctuzla.ba\/ukctuzla\/wp-content\/uploads\/2026\/02\/obavijest-12-simpozijum-plucne-bolesti-2026.jpeg 1132w\" sizes=\"auto, (max-width: 227px) 100vw, 227px\" \/><\/h4>\n<p><a href=\"https:\/\/www.ukctuzla.ba\/ukctuzla\/wp-content\/uploads\/2026\/02\/12-SIMPOZIJ-PLUCNE-BOLESTI-PRVA-OBAVIJEST.pdf\">PRVA OBAVIJEST<\/a><\/p>\n<p>&nbsp;<\/p>\n<p><span style=\"color: #0e264f;\"><strong>SESTRINSTVO<\/strong><\/span><\/p>\n<p><a href=\"https:\/\/www.ukctuzla.ba\/ukctuzla\/?page_id=18298&amp;lang=bs\">EDUKATIVNI SASTANCI MEDICINSKIH SESTARA TEHNI\u010cARA UKC TUZLA ZA 2025.G.<\/a><\/p>\n","protected":false},"excerpt":{"rendered":"<p>Projekat Javne zdravstvene ustanove Univerzitetski klini\u010dki centar Tuzla \u201cKontinuirana edukacija medicinkog osoblja\u201d Projekat edukacije podrazumijeva: &#8211; Edukacijske kurseve za specifi\u010dne dijagnosti\u010dke procedure namijenjene specijalistima i specijalizantima unutar zdravstvene ustanove, &#8211; Interne edukacije medicinskog kadra u sklopu redovne edukacije osigurane posjetom eksternih edukatora, &#8211; Edukacija medicinskog kadra koja podrazumijeva boravak u drugim zdravstvenim centrima u sklopu&hellip;<\/p>\n","protected":false},"author":1,"featured_media":16294,"parent":0,"menu_order":0,"comment_status":"closed","ping_status":"closed","template":"","meta":{"footnotes":""},"class_list":["post-110","page","type-page","status-publish","has-post-thumbnail","hentry","description-off"],"_links":{"self":[{"href":"https:\/\/www.ukctuzla.ba\/ukctuzla\/index.php?rest_route=\/wp\/v2\/pages\/110","targetHints":{"allow":["GET"]}}],"collection":[{"href":"https:\/\/www.ukctuzla.ba\/ukctuzla\/index.php?rest_route=\/wp\/v2\/pages"}],"about":[{"href":"https:\/\/www.ukctuzla.ba\/ukctuzla\/index.php?rest_route=\/wp\/v2\/types\/page"}],"author":[{"embeddable":true,"href":"https:\/\/www.ukctuzla.ba\/ukctuzla\/index.php?rest_route=\/wp\/v2\/users\/1"}],"replies":[{"embeddable":true,"href":"https:\/\/www.ukctuzla.ba\/ukctuzla\/index.php?rest_route=%2Fwp%2Fv2%2Fcomments&post=110"}],"version-history":[{"count":283,"href":"https:\/\/www.ukctuzla.ba\/ukctuzla\/index.php?rest_route=\/wp\/v2\/pages\/110\/revisions"}],"predecessor-version":[{"id":12482,"href":"https:\/\/www.ukctuzla.ba\/ukctuzla\/index.php?rest_route=\/wp\/v2\/pages\/110\/revisions\/12482"}],"wp:featuredmedia":[{"embeddable":true,"href":"https:\/\/www.ukctuzla.ba\/ukctuzla\/index.php?rest_route=\/wp\/v2\/media\/16294"}],"wp:attachment":[{"href":"https:\/\/www.ukctuzla.ba\/ukctuzla\/index.php?rest_route=%2Fwp%2Fv2%2Fmedia&parent=110"}],"curies":[{"name":"wp","href":"https:\/\/api.w.org\/{rel}","templated":true}]}}