{"id":1145,"date":"2019-10-18T08:19:36","date_gmt":"2019-10-18T07:19:36","guid":{"rendered":"http:\/\/10.0.0.65\/ukctuzla3\/?page_id=1145"},"modified":"2025-03-20T10:17:43","modified_gmt":"2025-03-20T09:17:43","slug":"odjeljenje-za-novorodencad","status":"publish","type":"page","link":"https:\/\/www.ukctuzla.ba\/ukctuzla\/?page_id=1145&lang=bs","title":{"rendered":"Odjeljenje operativne ginekologije"},"content":{"rendered":"<p><span style=\"color: #3366ff;\"><strong>Operacioni blok<\/strong><\/span><\/p>\n<p>&nbsp;<\/p>\n<p><strong>\u0160ef Odjeljenja:\u00a0<\/strong>Prim.dr. sci. Edin Ja\u0161arevi\u0107, subspecijalista ginekolo\u0161ke onkologije<\/p>\n<p><strong>Odgovorna medicinska sestra:<\/strong>\u00a0Alma Imamovi\u0107, diplomirana medicinska sestra<\/p>\n<p><strong>Kontakt:<\/strong><\/p>\n<p>e-mail:\u00a0 info@ukctuzla.ba<\/p>\n<p>tel:\u00a0 00 387 35 303 406<\/p>\n<p style=\"text-align: justify;\">Na Odjeljenju operativne ginekologije obavljamo sve vrhunske hirur\u0161ke zahvate kod ginekolo\u0161kih pacijentica. Tako\u0111er obavljamo najte\u017ee operativne postupke kod bolesnika koji su nam upu\u0107eni iz drugih bolnica i klini\u010dkih centara. Na Odjeljenju operativne ginekologije obavlja se \u0161irok spektar operacijskih zahvata uz minimalno invazivne endoskopske zahvate (laparoskopski i histeroskopski), kao i klasi\u010dni abdominalni i vaginalni ginekolo\u0161ki zahvati.<br \/>\nU jedinici poluintenzivne njege se zbrinjavaju pacijentice neposredno nakon operativnog zahvata i u slu\u010daju potrebe za intenzivnim nadzorom pacijentice nevezanim za operativni zahvat.<br \/>\nOdjeljenje raspola\u017ee sa 21 bolesni\u010dka kreveta.<\/p>\n","protected":false},"excerpt":{"rendered":"<p>Operacioni blok &nbsp; \u0160ef Odjeljenja:\u00a0Prim.dr. sci. Edin Ja\u0161arevi\u0107, subspecijalista ginekolo\u0161ke onkologije Odgovorna medicinska sestra:\u00a0Alma Imamovi\u0107, diplomirana medicinska sestra Kontakt: e-mail:\u00a0 info@ukctuzla.ba tel:\u00a0 00 387 35 303 406 Na Odjeljenju operativne ginekologije obavljamo sve vrhunske hirur\u0161ke zahvate kod ginekolo\u0161kih pacijentica. Tako\u0111er obavljamo najte\u017ee operativne postupke kod bolesnika koji su nam upu\u0107eni iz drugih bolnica i klini\u010dkih&hellip;<\/p>\n","protected":false},"author":1,"featured_media":16294,"parent":0,"menu_order":0,"comment_status":"closed","ping_status":"closed","template":"","meta":{"footnotes":""},"class_list":["post-1145","page","type-page","status-publish","has-post-thumbnail","hentry","description-off"],"_links":{"self":[{"href":"https:\/\/www.ukctuzla.ba\/ukctuzla\/index.php?rest_route=\/wp\/v2\/pages\/1145","targetHints":{"allow":["GET"]}}],"collection":[{"href":"https:\/\/www.ukctuzla.ba\/ukctuzla\/index.php?rest_route=\/wp\/v2\/pages"}],"about":[{"href":"https:\/\/www.ukctuzla.ba\/ukctuzla\/index.php?rest_route=\/wp\/v2\/types\/page"}],"author":[{"embeddable":true,"href":"https:\/\/www.ukctuzla.ba\/ukctuzla\/index.php?rest_route=\/wp\/v2\/users\/1"}],"replies":[{"embeddable":true,"href":"https:\/\/www.ukctuzla.ba\/ukctuzla\/index.php?rest_route=%2Fwp%2Fv2%2Fcomments&post=1145"}],"version-history":[{"count":12,"href":"https:\/\/www.ukctuzla.ba\/ukctuzla\/index.php?rest_route=\/wp\/v2\/pages\/1145\/revisions"}],"predecessor-version":[{"id":18165,"href":"https:\/\/www.ukctuzla.ba\/ukctuzla\/index.php?rest_route=\/wp\/v2\/pages\/1145\/revisions\/18165"}],"wp:featuredmedia":[{"embeddable":true,"href":"https:\/\/www.ukctuzla.ba\/ukctuzla\/index.php?rest_route=\/wp\/v2\/media\/16294"}],"wp:attachment":[{"href":"https:\/\/www.ukctuzla.ba\/ukctuzla\/index.php?rest_route=%2Fwp%2Fv2%2Fmedia&parent=1145"}],"curies":[{"name":"wp","href":"https:\/\/api.w.org\/{rel}","templated":true}]}}