{"id":1148,"date":"2017-09-13T08:20:30","date_gmt":"2017-09-13T07:20:30","guid":{"rendered":"http:\/\/10.0.0.65\/ukctuzla3\/?page_id=1148"},"modified":"2022-10-13T07:19:10","modified_gmt":"2022-10-13T06:19:10","slug":"porodajno-odjeljenje","status":"publish","type":"page","link":"https:\/\/www.ukctuzla.ba\/ukctuzla\/?page_id=1148&lang=bs","title":{"rendered":"Odjeljenje za dnevnu hirurgiju sa ginekolo\u0161ko-aku\u0161erskom poliklinikom  i  prijemnom ambulantom"},"content":{"rendered":"<p><strong>Odgovorna medicinska sestra:<\/strong>\u00a0Bediha Kurti\u0107, diplomirana medicinska sestra<\/p>\n<p><strong>Kontakt:<\/strong><\/p>\n<p>e-mail:\u00a0 info@ukctuzla.ba<\/p>\n<p>tel:\u00a0 00 387 35 303 412; 303 351<\/p>\n<p>Na Odjeljenju za dnevnu hirurgiju sa ginekolo\u0161ko-aku\u0161erskom poliklinikom i prijemnom ambulantom obavljamo razne intervencije iz oblasti ginekologije, kao i prekide trudno\u0107e (namjerni poba\u010daj, patolo\u0161ka trudno\u0107a).<br \/>\nNa poliklini\u010dkom dijelu obavljamo dijagnostiku i lije\u010denje bolesti iz podru\u010dja op\u0107e ginekologije, ginekolo\u0161ke urologije i bolesti dna zdjelice.<\/p>\n<p>Odjeljenje raspola\u017ee sa 10 bolesni\u010dka kreveta.<\/p>\n","protected":false},"excerpt":{"rendered":"<p>Odgovorna medicinska sestra:\u00a0Bediha Kurti\u0107, diplomirana medicinska sestra Kontakt: e-mail:\u00a0 info@ukctuzla.ba tel:\u00a0 00 387 35 303 412; 303 351 Na Odjeljenju za dnevnu hirurgiju sa ginekolo\u0161ko-aku\u0161erskom poliklinikom i prijemnom ambulantom obavljamo razne intervencije iz oblasti ginekologije, kao i prekide trudno\u0107e (namjerni poba\u010daj, patolo\u0161ka trudno\u0107a). Na poliklini\u010dkom dijelu obavljamo dijagnostiku i lije\u010denje bolesti iz podru\u010dja op\u0107e ginekologije,&hellip;<\/p>\n","protected":false},"author":1,"featured_media":16294,"parent":0,"menu_order":0,"comment_status":"closed","ping_status":"closed","template":"","meta":{"footnotes":""},"class_list":["post-1148","page","type-page","status-publish","has-post-thumbnail","hentry","description-off"],"_links":{"self":[{"href":"https:\/\/www.ukctuzla.ba\/ukctuzla\/index.php?rest_route=\/wp\/v2\/pages\/1148","targetHints":{"allow":["GET"]}}],"collection":[{"href":"https:\/\/www.ukctuzla.ba\/ukctuzla\/index.php?rest_route=\/wp\/v2\/pages"}],"about":[{"href":"https:\/\/www.ukctuzla.ba\/ukctuzla\/index.php?rest_route=\/wp\/v2\/types\/page"}],"author":[{"embeddable":true,"href":"https:\/\/www.ukctuzla.ba\/ukctuzla\/index.php?rest_route=\/wp\/v2\/users\/1"}],"replies":[{"embeddable":true,"href":"https:\/\/www.ukctuzla.ba\/ukctuzla\/index.php?rest_route=%2Fwp%2Fv2%2Fcomments&post=1148"}],"version-history":[{"count":11,"href":"https:\/\/www.ukctuzla.ba\/ukctuzla\/index.php?rest_route=\/wp\/v2\/pages\/1148\/revisions"}],"predecessor-version":[{"id":12963,"href":"https:\/\/www.ukctuzla.ba\/ukctuzla\/index.php?rest_route=\/wp\/v2\/pages\/1148\/revisions\/12963"}],"wp:featuredmedia":[{"embeddable":true,"href":"https:\/\/www.ukctuzla.ba\/ukctuzla\/index.php?rest_route=\/wp\/v2\/media\/16294"}],"wp:attachment":[{"href":"https:\/\/www.ukctuzla.ba\/ukctuzla\/index.php?rest_route=%2Fwp%2Fv2%2Fmedia&parent=1148"}],"curies":[{"name":"wp","href":"https:\/\/api.w.org\/{rel}","templated":true}]}}