{"id":1152,"date":"2017-09-13T08:22:47","date_gmt":"2017-09-13T07:22:47","guid":{"rendered":"http:\/\/10.0.0.65\/ukctuzla3\/?page_id=1152"},"modified":"2025-03-20T10:19:54","modified_gmt":"2025-03-20T09:19:54","slug":"odjeljenje-za-patologiju-trudnoce","status":"publish","type":"page","link":"https:\/\/www.ukctuzla.ba\/ukctuzla\/?page_id=1152&lang=bs","title":{"rendered":"Odjeljenje konzervativne ginekologije"},"content":{"rendered":"<p><strong>\u0160ef Odjeljenja:<\/strong> Prim. doc. dr. med. sci Lejla Kameri\u0107, subspecijalista humane reprodukcije<\/p>\n<p><strong>Kontakt:<\/strong><\/p>\n<p>e-mail:\u00a0 info@ukctuzla.ba<\/p>\n<p>tel:\u00a0 00 387 35 303 406<\/p>\n<p style=\"text-align: justify;\">Na Odjeljenju konzervativne ginekologije obavljamo dijagnostiku i lije\u010denje bolesti iz podru\u010dja op\u0107e ginekologije, ginekolo\u0161ke urologije i bolesti dna zdjelice, kongenitalnih malformacija te dje\u010dje i adolescentne ginekologije, dijagnosti\u010dke zahvate za histolo\u0161ku potvrdu bolesti vrata maternice, endometrija, rodnice i stidnice, prekide trudno\u0107e (namjerni poba\u010daj, patolo\u0161ka trudno\u0107a).<br \/>\nNa\u0161 cilj je minimalno invazivni terapijski zahvat uz \u0161to br\u017ei oporavak i \u0161to kra\u0107i boravak pacijentice u bolnici.<br \/>\nOdjeljenje raspola\u017ee sa 10 bolesni\u010dka kreveta.<\/p>\n","protected":false},"excerpt":{"rendered":"<p>\u0160ef Odjeljenja: Prim. doc. dr. med. sci Lejla Kameri\u0107, subspecijalista humane reprodukcije Kontakt: e-mail:\u00a0 info@ukctuzla.ba tel:\u00a0 00 387 35 303 406 Na Odjeljenju konzervativne ginekologije obavljamo dijagnostiku i lije\u010denje bolesti iz podru\u010dja op\u0107e ginekologije, ginekolo\u0161ke urologije i bolesti dna zdjelice, kongenitalnih malformacija te dje\u010dje i adolescentne ginekologije, dijagnosti\u010dke zahvate za histolo\u0161ku potvrdu bolesti vrata maternice,&hellip;<\/p>\n","protected":false},"author":1,"featured_media":16294,"parent":0,"menu_order":0,"comment_status":"closed","ping_status":"closed","template":"","meta":{"footnotes":""},"class_list":["post-1152","page","type-page","status-publish","has-post-thumbnail","hentry","description-off"],"_links":{"self":[{"href":"https:\/\/www.ukctuzla.ba\/ukctuzla\/index.php?rest_route=\/wp\/v2\/pages\/1152","targetHints":{"allow":["GET"]}}],"collection":[{"href":"https:\/\/www.ukctuzla.ba\/ukctuzla\/index.php?rest_route=\/wp\/v2\/pages"}],"about":[{"href":"https:\/\/www.ukctuzla.ba\/ukctuzla\/index.php?rest_route=\/wp\/v2\/types\/page"}],"author":[{"embeddable":true,"href":"https:\/\/www.ukctuzla.ba\/ukctuzla\/index.php?rest_route=\/wp\/v2\/users\/1"}],"replies":[{"embeddable":true,"href":"https:\/\/www.ukctuzla.ba\/ukctuzla\/index.php?rest_route=%2Fwp%2Fv2%2Fcomments&post=1152"}],"version-history":[{"count":8,"href":"https:\/\/www.ukctuzla.ba\/ukctuzla\/index.php?rest_route=\/wp\/v2\/pages\/1152\/revisions"}],"predecessor-version":[{"id":18166,"href":"https:\/\/www.ukctuzla.ba\/ukctuzla\/index.php?rest_route=\/wp\/v2\/pages\/1152\/revisions\/18166"}],"wp:featuredmedia":[{"embeddable":true,"href":"https:\/\/www.ukctuzla.ba\/ukctuzla\/index.php?rest_route=\/wp\/v2\/media\/16294"}],"wp:attachment":[{"href":"https:\/\/www.ukctuzla.ba\/ukctuzla\/index.php?rest_route=%2Fwp%2Fv2%2Fmedia&parent=1152"}],"curies":[{"name":"wp","href":"https:\/\/api.w.org\/{rel}","templated":true}]}}