{"id":11564,"date":"2021-11-18T12:26:52","date_gmt":"2021-11-18T11:26:52","guid":{"rendered":"http:\/\/www.ukctuzla.ba\/ukctuzla\/?page_id=11564"},"modified":"2021-11-18T12:30:53","modified_gmt":"2021-11-18T11:30:53","slug":"klinika-za-ginekologiju-kabineti-i-ambulante-poliklinike","status":"publish","type":"page","link":"https:\/\/www.ukctuzla.ba\/ukctuzla\/?page_id=11564&lang=bs","title":{"rendered":"Klinika za ginekologiju i aku\u0161erstvo: KABINETI I AMBULANTE POLIKLINIKE"},"content":{"rendered":"\n<table id=\"tablepress-17\" class=\"tablepress tablepress-id-17\">\n<thead>\n<tr class=\"row-1\">\n\t<th class=\"column-1\">NAZIV<\/th><th class=\"column-2\">RADNO VRIJEME<\/th><th class=\"column-3\">NARU\u010cIVANJE<\/th><th class=\"column-4\">NAPOMENE<\/th>\n<\/tr>\n<\/thead>\n<tbody class=\"row-striping row-hover\">\n<tr class=\"row-2\">\n\t<td class=\"column-1\">KABINET ZA <br \/>\nPAPA TEST  <br \/>\nI KOLPOSKOPIJU<\/td><td class=\"column-2\">od 08:00 do 11:00 sati<\/td><td class=\"column-3\">OSOBNO<br \/>\nod 08-16h<br \/>\nTEL.: 035 303 351<br \/>\n<br \/>\n<br \/>\nPO\u0160TA<br \/>\nKlinika za ginekologiju i aku\u0161erstvo<br \/>\nUlica dr Ibre Pa\u0161i\u0107a bb<br \/>\n75000 Tuzla<br \/>\n<br \/>\nE MAIL<br \/>\nesma.mujabasic@ukctuzla.ba<\/td><td class=\"column-4\">Pacijentice za ovaj pregled du\u017ene su imati ispravnu dokumentaciju:<br \/>\n-ovjerena zdravstvena knji\u017eica, sa upla\u0107enom participacijom (ZZ markica)<br \/>\n-dvije uputnice izdate od strane nadle\u017enog ginekologa ili porodi\u010dnog ljekara<br \/>\n-dva dana prije dolaska da se ne koriste nikakva vaginalna sredstva (vaginalete, kreme idr.)<br \/>\n-dva dana prije da nemaju spolni odnos (va\u017eno radi ispravnosti uzetog brisa i interpretacije nalaza.<\/td>\n<\/tr>\n<tr class=\"row-3\">\n\t<td class=\"column-1\">AMBULANTA ZA<br \/>\nPATOLOGIJU I<br \/>\nLIJE\u010cENJE GRLI\u0106A<br \/>\nMATERNICE +<br \/>\nKOLPOSKOPIJA<\/td><td class=\"column-2\">Ambulanta radi<br \/>\nSRIJEDOM I \u010cETVRTKOM<br \/>\nod 12:00 do 14:00sati<br \/>\n<\/td><td class=\"column-3\">OSOBNO<br \/>\nod 08-16h<br \/>\n<br \/>\nTEL.: 035 303 351<br \/>\n<br \/>\nPO\u0160TA<br \/>\nKlinika za ginekologiju i aku\u0161erstvo<br \/>\nUlica dr Ibre Pa\u0161i\u0107a bb<br \/>\n75000 Tuzla<br \/>\n<br \/>\nE MAIL<br \/>\nesma.mujabasic@ukctuzla.ba<\/td><td class=\"column-4\">Pacijentice za ovaj pregled du\u017ene su imati ispravnu dokumentaciju:<br \/>\n-ovjerena zdravstvena knji\u017eica, sa upla\u0107enom participacijom (ZZ markica)<br \/>\n-jedna uputnica izdata od strane nadle\u017enog ginekologa ili porodi\u010dnog ljekara<br \/>\n-dva dana prije dolaska da se ne koriste nikakva vaginalna sredstva (vaginalete, kreme idr.)<br \/>\n-dva dana prije da nemaju spolni odnos (va\u017eno radi ispravnosti uzetog brisa i interpretacije nalaza.<\/td>\n<\/tr>\n<tr class=\"row-4\">\n\t<td class=\"column-1\">AMBULANTA ZA HUMANU REPRODUKCIJU<\/td><td class=\"column-2\">UTORKOM\u00a0od 10:30 do 14:00 sati<br \/>\n<br \/>\nPETKOM\u00a0od 12:00 do 14:00 sati<\/td><td class=\"column-3\">OSOBNO<br \/>\nod 08-16h<br \/>\n<br \/>\nTEL.: 035 303 351<br \/>\n<br \/>\nPO\u0160TA<br \/>\nKlinika za ginekologiju i aku\u0161erstvo<br \/>\nUlica dr Ibre Pa\u0161i\u0107a bb<br \/>\n75000 Tuzla<br \/>\n<br \/>\nE MAIL<br \/>\nesma.mujabasic@ukctuzla.ba<\/td><td class=\"column-4\">Pacijentice za ovaj pregled du\u017ene su imati ispravnu dokumentaciju:<br \/>\n-ovjerena zdravstvena knji\u017eica, sa upla\u0107enom participacijom (ZZ markica)<br \/>\n-jedna uputnica izdata od strane nadle\u017enog ginekologa ili porodi\u010dnog ljekara<br \/>\n-ostali odgovaraju\u0107i nalazi<\/td>\n<\/tr>\n<tr class=\"row-5\">\n\t<td class=\"column-1\">KABINET ZA<br \/>\nULTRAZVUK<\/td><td class=\"column-2\">radi u terminima<br \/>\nod 11:00 do 12:00<br \/>\n<br \/>\nUTORKOM, SRIJEDOM,<br \/>\n\u010cETVRTKOM I PETKOM<\/td><td class=\"column-3\">OSOBNO<br \/>\nod 08-16h<br \/>\n<br \/>\nTEL.:035 303 351<br \/>\n<br \/>\nPO\u0160TA<br \/>\nKlinika za ginekologiju i aku\u0161erstvo<br \/>\nUlica dr Ibre Pa\u0161i\u0107a bb<br \/>\n75000 Tuzla<br \/>\n<br \/>\nE MAIL<br \/>\nesma.mujabasic@ukctuzla.ba<\/td><td class=\"column-4\">Pacijentice za ovaj pregled du\u017ene su imati ispravnu dokumentaciju:<br \/>\n-ovjerena zdravstvena knji\u017eica, sa upla\u0107enom participacijom (ZZ markica)<br \/>\n-jedna uputnica izdata od strane nadle\u017enog ginekologa ili porodi\u010dnog ljekara<br \/>\n-ostali odgovaraju\u0107i nalazi<\/td>\n<\/tr>\n<tr class=\"row-6\">\n\t<td class=\"column-1\">AMBULANTA ZA VISOKORIZI\u010cNE TRUDNO\u0106E<\/td><td class=\"column-2\">Ambulanta radi<br \/>\nPETKOM<br \/>\nod 10:00-12:00 sati<\/td><td class=\"column-3\">TRUDNICE  ZA AMBULANTU SE NE NARU\u010cUJU, PREGLEDAJU SE ODMAH PO DOLASKU U AMBULANTU<\/td><td class=\"column-4\">Pacijentice za ovaj pregled du\u017ene su imati ispravnu dokumentaciju:<br \/>\n-ovjerena zdravstvena knji\u017eica, sa upla\u0107enom participacijom (ZZ markica)<br \/>\n-jedna uputnica izdata od strane nadle\u017enog ginekologa<br \/>\n-odgovaraju\u0107i nalazi<\/td>\n<\/tr>\n<tr class=\"row-7\">\n\t<td class=\"column-1\">GINEKOLO\u0160KA<br \/>\nSPECIJALISTI\u010cKA<br \/>\nAMBULANTA<br \/>\nOP\u0160TI GINEKOLO\u0160KI KONZILIJUM<\/td><td class=\"column-2\">PONEDJELJKOM<br \/>\nod 11:00 do14:00 sati<br \/>\n<br \/>\n\u010cETVRTKOM<br \/>\nod 10:00 do12:00 sati<\/td><td class=\"column-3\">OSOBNO<br \/>\nod 08-16h<br \/>\nTEL.: 035 303 351<br \/>\n<br \/>\nPO\u0160TA<br \/>\nKlinika za ginekologiju i aku\u0161erstvo<br \/>\nUlica dr Ibre Pa\u0161i\u0107a bb<br \/>\n75000 Tuzla<br \/>\n<br \/>\nE MAIL<br \/>\nesma.mujabasic@ukctuzla.ba<\/td><td class=\"column-4\">Pacijentice za ovaj pregled du\u017ene su imati ispravnu dokumentaciju:<br \/>\n-ovjerena zdravstvena knji\u017eica, sa upla\u0107enom participacijom (ZZ markica)<br \/>\n-jedna uputnica izdata od strane nadle\u017enog ginekologa<br \/>\n-od nalaza PAPA test, UZ nalaz , Ca 125,<br \/>\n-ostali odgovaraju\u0107i nalati<\/td>\n<\/tr>\n<tr class=\"row-8\">\n\t<td class=\"column-1\">ONKOLO\u0160KA<br \/>\nAMBULANTA<\/td><td class=\"column-2\">Radi<br \/>\nSRIJEDOM,\u00a0 \u010cETVRTKOM I PETKOM\u00a0 od 12:00 do 14:00 sati<\/td><td class=\"column-3\">OSOBNO<br \/>\nod 08-16h<br \/>\nTEL.: 035 303 351<br \/>\n<br \/>\nPO\u0160TA<br \/>\nKlinika za ginekologiju i aku\u0161erstvo<br \/>\nUlica dr Ibre Pa\u0161i\u0107a bb<br \/>\n75000 Tuzla<\/td><td class=\"column-4\">Pacijentice za ovaj pregled du\u017ene su imati ispravnu dokumentaciju:<br \/>\n-ovjerena zdravstvena knji\u017eica, sa upla\u0107enom participacijom (ZZ markica)<br \/>\n-jedna uputnica izdata od strane nadle\u017enog ginekologa<br \/>\n-od nalaza PAPA test, UZ nalaz , Ca 125,<br \/>\n-otpusno pismo iz bolnice ili sa dnevne hirurgije<br \/>\n-PH nalaz<br \/>\n-planirane nalaze koje je onkolog preporu\u010dio<br \/>\n-ostali odgovaraju\u0107i nalazi<\/td>\n<\/tr>\n<tr class=\"row-9\">\n\t<td class=\"column-1\">OP\u0160TA<br \/>\nGINEKOLO\u0160KA<br \/>\nAMBULANTA<\/td><td class=\"column-2\">UTORKOM<br \/>\nod 10:00 do 12:00<br \/>\n<br \/>\nSRIJEDOM <br \/>\nod 10:00 do 12:00<br \/>\n<br \/>\n\u010cETVRTKOM<br \/>\n od 10:00 do 12:00<br \/>\n<br \/>\nPETKOM od 10:00 do 12:00<\/td><td class=\"column-3\">OSOBNO<br \/>\nod 08-16h<br \/>\nTEL.:035 303 351<br \/>\n<br \/>\nPO\u0160TA<br \/>\nKlinika za ginekologiju i aku\u0161erstvo<br \/>\nUlica dr Ibre Pa\u0161i\u0107a bb<br \/>\n75000 Tuzla<br \/>\n<br \/>\nE MAIL<br \/>\nesma.mujabasic@ukctuzla.ba<\/td><td class=\"column-4\">Pacijentice za ovaj pregled du\u017ene su imati ispravnu dokumentaciju:<br \/>\n-ovjerena zdravstvena knji\u017eica, sa upla\u0107enom participacijom (ZZ markica)<br \/>\n-jedna uputnica izdata od strane nadle\u017enog ginekologa<br \/>\n-ostali odgovaraju\u0107i nalazi<\/td>\n<\/tr>\n<tr class=\"row-10\">\n\t<td class=\"column-1\">AMBULANTA ZA <br \/>\nNEONATOLOGIJU<\/td><td class=\"column-2\">SRIJEDOM<br \/>\nod 13:00 do 16:00<br \/>\n<br \/>\n\u010cETVRTKOM<br \/>\nod 13:00 do 16:00<\/td><td class=\"column-3\">OSOBNO<br \/>\nod 08-16h<br \/>\nTEL.: 035 303 405<\/td><td class=\"column-4\">Potrebno je za ovaj pregled  imati ispravnu dokumentaciju:<br \/>\n-ovjerena zdravstvena knji\u017eica, sa upla\u0107enom participacijom <br \/>\n(ZZ markica)<br \/>\n-jedna uputnica izdata od strane nadle\u017enog pedijatra<br \/>\n-ostali odgovaraju\u0107i nalazi<br \/>\n<\/td>\n<\/tr>\n<\/tbody>\n<\/table>\n<!-- #tablepress-17 from cache -->\n<p>&nbsp;<\/p>\n<p><strong><span style=\"color: #800000;\">\u0160ALTER ZA INFORMACIJE , ZAKAZIVANJE PREGLEDA I IZDAVANJE NALAZA<\/span><\/strong><br \/>\nRadi svaki radni dan od 07:30\u00a0\u00a0 do 16:00<br \/>\n<strong><span style=\"color: #800000;\">ZAKAZIVANJE TERMINA PREGLEDA<\/span><\/strong>\u00a0 od 08:00 do 16:00 sati<br \/>\n<span style=\"color: #800000;\"><strong>IZDAVANJE NALAZA I INFORMACIJE PUTEM TELEFONA<\/strong><\/span>\u00a0 od 13:00 do 15:00 sati<\/p>\n<p><span style=\"color: #800000;\"><strong>ZA ODRE\u0110ENE AMBULANTE POSTOJI MOGU\u0106NOST ZAKAZIVANJA TERMINA PREGLEDA PUTEM TELEFONA BEZ UVIDA U DOKUMENTACIJU OD STRANE MEDICINSKOG OSOBLJA KOJE RADI NA \u0160ALTERU ZA NARU\u010cIVANJE:<\/strong><\/span><br \/>\n-AMBULANTA ZA HUMANU REPRODUKCIJU<br \/>\n-ONKOLO\u0160KA AMBULANTA<\/p>\n<p><strong>Naru\u010divanje<\/strong><\/p>\n<ul>\n<li>Osobno: U klinici svaki radni dan od 08.00 do 16.00. Donesite preporuku od odabranog ginekologa, ovjerenu zdravstvenu knji\u017eicu i odgovaraju\u0107u uputnicu.<\/li>\n<li>Po\u0161tom: po\u0161aljite pismo po\u0161tom na adresu navedenu u gornjoj tablici. Prilo\u017eite prethodne nalaze i napi\u0161ite svoj telefonski broj. Po\u0161tom \u0107ete dobiti obavijest o datumu i vremenu va\u0161e recenzije.<\/li>\n<\/ul>\n<p><strong>Napomena<\/strong><br \/>\nAko imate bilo kakvih drugih zdravstvenih problema, ponesite sa sobomi nalaze drugih specijalista i popis lijekova koje koristite.<\/p>\n<p>&nbsp;<\/p>\n<p><strong>Tok rada<\/strong><br \/>\nPrema prethodno dogovorenom datumu dolazite u vrijeme naru\u010dene na dan pripreme za pregled\/zahvat\/intervenciju sa ovjerenom zdravstvenom knji\u017eicom.<\/p>\n<p>&nbsp;<\/p>\n","protected":false},"excerpt":{"rendered":"<p>&nbsp; \u0160ALTER ZA INFORMACIJE , ZAKAZIVANJE PREGLEDA I IZDAVANJE NALAZA Radi svaki radni dan od 07:30\u00a0\u00a0 do 16:00 ZAKAZIVANJE TERMINA PREGLEDA\u00a0 od 08:00 do 16:00 sati IZDAVANJE NALAZA I INFORMACIJE PUTEM TELEFONA\u00a0 od 13:00 do 15:00 sati ZA ODRE\u0110ENE AMBULANTE POSTOJI MOGU\u0106NOST ZAKAZIVANJA TERMINA PREGLEDA PUTEM TELEFONA BEZ UVIDA U DOKUMENTACIJU OD STRANE MEDICINSKOG OSOBLJA&hellip;<\/p>\n","protected":false},"author":2,"featured_media":16294,"parent":0,"menu_order":0,"comment_status":"closed","ping_status":"closed","template":"","meta":{"footnotes":""},"class_list":["post-11564","page","type-page","status-publish","has-post-thumbnail","hentry","description-off"],"_links":{"self":[{"href":"https:\/\/www.ukctuzla.ba\/ukctuzla\/index.php?rest_route=\/wp\/v2\/pages\/11564","targetHints":{"allow":["GET"]}}],"collection":[{"href":"https:\/\/www.ukctuzla.ba\/ukctuzla\/index.php?rest_route=\/wp\/v2\/pages"}],"about":[{"href":"https:\/\/www.ukctuzla.ba\/ukctuzla\/index.php?rest_route=\/wp\/v2\/types\/page"}],"author":[{"embeddable":true,"href":"https:\/\/www.ukctuzla.ba\/ukctuzla\/index.php?rest_route=\/wp\/v2\/users\/2"}],"replies":[{"embeddable":true,"href":"https:\/\/www.ukctuzla.ba\/ukctuzla\/index.php?rest_route=%2Fwp%2Fv2%2Fcomments&post=11564"}],"version-history":[{"count":3,"href":"https:\/\/www.ukctuzla.ba\/ukctuzla\/index.php?rest_route=\/wp\/v2\/pages\/11564\/revisions"}],"predecessor-version":[{"id":11567,"href":"https:\/\/www.ukctuzla.ba\/ukctuzla\/index.php?rest_route=\/wp\/v2\/pages\/11564\/revisions\/11567"}],"wp:featuredmedia":[{"embeddable":true,"href":"https:\/\/www.ukctuzla.ba\/ukctuzla\/index.php?rest_route=\/wp\/v2\/media\/16294"}],"wp:attachment":[{"href":"https:\/\/www.ukctuzla.ba\/ukctuzla\/index.php?rest_route=%2Fwp%2Fv2%2Fmedia&parent=11564"}],"curies":[{"name":"wp","href":"https:\/\/api.w.org\/{rel}","templated":true}]}}