{"id":11682,"date":"2021-11-30T14:26:32","date_gmt":"2021-11-30T13:26:32","guid":{"rendered":"http:\/\/www.ukctuzla.ba\/ukctuzla\/?page_id=11682"},"modified":"2025-03-20T10:25:56","modified_gmt":"2025-03-20T09:25:56","slug":"odeljenje-za-babinjare","status":"publish","type":"page","link":"https:\/\/www.ukctuzla.ba\/ukctuzla\/?page_id=11682&lang=bs","title":{"rendered":"Odeljenje za babinjare"},"content":{"rendered":"<p><strong>\u0160ef Odsjeka:<\/strong> Prof. dr. med. sci. Gordana Bogdanovi\u0107, specjalista fetalne medicine i opstetricije<\/p>\n<p><strong>Odgovorna medicinska sestra:\u00a0<\/strong>Subhija Mujaba\u0161i\u0107, diplomirana medicinska sestra<\/p>\n<p><strong>Kontakt:<\/strong><br \/>\ne-mail:\u00a0 info@ukctuzla.ba<\/p>\n<p>tel:\u00a0 00 387 35 303 411<\/p>\n<ul>\n<li>\u201cRooming in\u201d (novoro\u0111en\u010de cijelo vrijeme boravi uz majku)<\/li>\n<li>Kontinuirani te\u010daj za porodilje<\/li>\n<li>Poticanje kontakta majke i djeteta od trenutka ro\u0111enja (dijete se odmah po porodu stavlja majci na prsa)<\/li>\n<li>95% majki pri odlasku iz na\u0161eg porodili\u0161ta doji svoje dijete<\/li>\n<li>Odjeljenja raspola\u017eu sa 35 bolesni\u010dkih kreveta<\/li>\n<\/ul>\n","protected":false},"excerpt":{"rendered":"<p>\u0160ef Odsjeka: Prof. dr. med. sci. Gordana Bogdanovi\u0107, specjalista fetalne medicine i opstetricije Odgovorna medicinska sestra:\u00a0Subhija Mujaba\u0161i\u0107, diplomirana medicinska sestra Kontakt: e-mail:\u00a0 info@ukctuzla.ba tel:\u00a0 00 387 35 303 411 \u201cRooming in\u201d (novoro\u0111en\u010de cijelo vrijeme boravi uz majku) Kontinuirani te\u010daj za porodilje Poticanje kontakta majke i djeteta od trenutka ro\u0111enja (dijete se odmah po porodu stavlja&hellip;<\/p>\n","protected":false},"author":2,"featured_media":16294,"parent":0,"menu_order":0,"comment_status":"closed","ping_status":"closed","template":"","meta":{"footnotes":""},"class_list":["post-11682","page","type-page","status-publish","has-post-thumbnail","hentry","description-off"],"_links":{"self":[{"href":"https:\/\/www.ukctuzla.ba\/ukctuzla\/index.php?rest_route=\/wp\/v2\/pages\/11682","targetHints":{"allow":["GET"]}}],"collection":[{"href":"https:\/\/www.ukctuzla.ba\/ukctuzla\/index.php?rest_route=\/wp\/v2\/pages"}],"about":[{"href":"https:\/\/www.ukctuzla.ba\/ukctuzla\/index.php?rest_route=\/wp\/v2\/types\/page"}],"author":[{"embeddable":true,"href":"https:\/\/www.ukctuzla.ba\/ukctuzla\/index.php?rest_route=\/wp\/v2\/users\/2"}],"replies":[{"embeddable":true,"href":"https:\/\/www.ukctuzla.ba\/ukctuzla\/index.php?rest_route=%2Fwp%2Fv2%2Fcomments&post=11682"}],"version-history":[{"count":3,"href":"https:\/\/www.ukctuzla.ba\/ukctuzla\/index.php?rest_route=\/wp\/v2\/pages\/11682\/revisions"}],"predecessor-version":[{"id":18171,"href":"https:\/\/www.ukctuzla.ba\/ukctuzla\/index.php?rest_route=\/wp\/v2\/pages\/11682\/revisions\/18171"}],"wp:featuredmedia":[{"embeddable":true,"href":"https:\/\/www.ukctuzla.ba\/ukctuzla\/index.php?rest_route=\/wp\/v2\/media\/16294"}],"wp:attachment":[{"href":"https:\/\/www.ukctuzla.ba\/ukctuzla\/index.php?rest_route=%2Fwp%2Fv2%2Fmedia&parent=11682"}],"curies":[{"name":"wp","href":"https:\/\/api.w.org\/{rel}","templated":true}]}}