{"id":11684,"date":"2021-11-30T14:28:13","date_gmt":"2021-11-30T13:28:13","guid":{"rendered":"http:\/\/www.ukctuzla.ba\/ukctuzla\/?page_id=11684"},"modified":"2025-03-20T10:26:43","modified_gmt":"2025-03-20T09:26:43","slug":"odjeljenje-za-visokorizicne-trudnoce","status":"publish","type":"page","link":"https:\/\/www.ukctuzla.ba\/ukctuzla\/?page_id=11684&lang=bs","title":{"rendered":"Odjeljenje  za visokorizi\u010dne trudno\u0107e"},"content":{"rendered":"<p><strong>\u0160ef odjeljenja:<\/strong> Prim. mr. med. sc. Anela Latifagi\u0107, subspecijalista fetomateralne medicine<\/p>\n<p><strong>Odgovorna medicinska sestra:<\/strong>\u00a0 Eldina Hasi\u0107, diplomirana medicinska sestra<\/p>\n<p><strong>e-mail:\u00a0<\/strong> info@ukctuzla.ba<\/p>\n<p>tel:\u00a0 00 387 35 303 409<\/p>\n<ul>\n<li>Skrb za trudnice \u010dija je trudno\u0107a (visoko) rizi\u010dna i zahtijeva pro\u0161irenu bolni\u010dku dijagnostiku, intenzivan nadzor i\/ili lije\u010denje (trudno\u0107e komplicirane znakovima prijete\u0107eg poba\u010daja ili prijevremenog poro\u0111aja, hipertenzivnim poreme\u0107ajima, hroni\u010dnom placentarnom insuficijencijom, dijabetesom i drugim gestacijskim poreme\u0107ajima; sve vrste vi\u0161eplodnih trudno\u0107a)<\/li>\n<li>Trudnice primamo iz drugih bolnica prema na\u010delu transporta\u00a0in utero<\/li>\n<li>Rutinska primjena svih metoda suvremenog antepartalnog nadzora (kardiotokografski testovi fetalne reaktivnosti bez optere\u0107enja i s optere\u0107enjem; biofizikalni profil fetusa i drugih ultrazvu\u010dnih metoda (konvencionalni ultrazvuk, obojeni Doppler), invazivna dijagnostika i terapija fetusa (rana i kasna amniocenteza, kordocenteza, drena\u017eni zahvati, amnioinfuzija\u2026)<\/li>\n<li>Ambulanta za fetalnu medicinu<\/li>\n<li>Skrb pru\u017eaju subspecijalisti fetalne medicine i opstetricije<\/li>\n<li>Odjeljenje raspola\u017ee sa 15 bolesni\u010dkih kreveta<\/li>\n<\/ul>\n","protected":false},"excerpt":{"rendered":"<p>\u0160ef odjeljenja: Prim. mr. med. sc. Anela Latifagi\u0107, subspecijalista fetomateralne medicine Odgovorna medicinska sestra:\u00a0 Eldina Hasi\u0107, diplomirana medicinska sestra e-mail:\u00a0 info@ukctuzla.ba tel:\u00a0 00 387 35 303 409 Skrb za trudnice \u010dija je trudno\u0107a (visoko) rizi\u010dna i zahtijeva pro\u0161irenu bolni\u010dku dijagnostiku, intenzivan nadzor i\/ili lije\u010denje (trudno\u0107e komplicirane znakovima prijete\u0107eg poba\u010daja ili prijevremenog poro\u0111aja, hipertenzivnim poreme\u0107ajima, hroni\u010dnom&hellip;<\/p>\n","protected":false},"author":2,"featured_media":16294,"parent":0,"menu_order":0,"comment_status":"closed","ping_status":"closed","template":"","meta":{"footnotes":""},"class_list":["post-11684","page","type-page","status-publish","has-post-thumbnail","hentry","description-off"],"_links":{"self":[{"href":"https:\/\/www.ukctuzla.ba\/ukctuzla\/index.php?rest_route=\/wp\/v2\/pages\/11684","targetHints":{"allow":["GET"]}}],"collection":[{"href":"https:\/\/www.ukctuzla.ba\/ukctuzla\/index.php?rest_route=\/wp\/v2\/pages"}],"about":[{"href":"https:\/\/www.ukctuzla.ba\/ukctuzla\/index.php?rest_route=\/wp\/v2\/types\/page"}],"author":[{"embeddable":true,"href":"https:\/\/www.ukctuzla.ba\/ukctuzla\/index.php?rest_route=\/wp\/v2\/users\/2"}],"replies":[{"embeddable":true,"href":"https:\/\/www.ukctuzla.ba\/ukctuzla\/index.php?rest_route=%2Fwp%2Fv2%2Fcomments&post=11684"}],"version-history":[{"count":2,"href":"https:\/\/www.ukctuzla.ba\/ukctuzla\/index.php?rest_route=\/wp\/v2\/pages\/11684\/revisions"}],"predecessor-version":[{"id":18172,"href":"https:\/\/www.ukctuzla.ba\/ukctuzla\/index.php?rest_route=\/wp\/v2\/pages\/11684\/revisions\/18172"}],"wp:featuredmedia":[{"embeddable":true,"href":"https:\/\/www.ukctuzla.ba\/ukctuzla\/index.php?rest_route=\/wp\/v2\/media\/16294"}],"wp:attachment":[{"href":"https:\/\/www.ukctuzla.ba\/ukctuzla\/index.php?rest_route=%2Fwp%2Fv2%2Fmedia&parent=11684"}],"curies":[{"name":"wp","href":"https:\/\/api.w.org\/{rel}","templated":true}]}}