{"id":11687,"date":"2021-11-30T14:32:54","date_gmt":"2021-11-30T13:32:54","guid":{"rendered":"http:\/\/www.ukctuzla.ba\/ukctuzla\/?page_id=11687"},"modified":"2021-11-30T14:33:05","modified_gmt":"2021-11-30T13:33:05","slug":"odjeljenje-za-novorodjencad","status":"publish","type":"page","link":"https:\/\/www.ukctuzla.ba\/ukctuzla\/?page_id=11687&lang=bs","title":{"rendered":"Odjeljenje za novoro\u0111en\u010dad"},"content":{"rendered":"<p><strong>\u0160ef odjeljenja:<\/strong> Prof doc dr sci Selma Muratovi\u0107, pedijatar-subspecijalista neonatolog<\/p>\n<p><strong>Odgovorna medicinska sestra:<\/strong> Meliha Podgor\u010devi\u0107-diplomirana medicinska sestra<br \/>\n<strong>Kontakt:<\/strong><\/p>\n<p>e-mail:\u00a0 info@ukctuzla.ba<\/p>\n<p>tel:\u00a0 00 387 35 303 405<\/p>\n<p style=\"text-align: justify;\">\u2013 Klinika za ginekologiju i aku\u0161erstvo Tuzla od 2004. godine nosi epitet, a od 2017.godine je akreditovana ustanova sa 100% ispunjenim uslovima ,,Baby frendly standarda\u201d i nosi naziv \u201eBaby frendly hospital\u201c- odnosno \u201cBolnica prijatelj beba\u201c. (U skladu s tim, nakon poro\u0111aja majka i beba su kontinuirano zajedno, posebna pa\u017enja se pola\u017ee edukaciji i uspostavljanju laktacije, pri \u010demu veliku pomo\u0107 majkama pru\u017eaju pedijatrijske sestre).Klinika je zapo\u010dela i proces akreditacije prema standardima Agencije za akreditaciju i kvalitet u zdravstvu. Klinika planira u narednom periodu postati ,, Bolnica- prijatelj majki.<\/p>\n<ul>\n<li>Svakom novoro\u0111en\u010detu sprovodi se prevencija hemoragi\u010dne bolesti, metaboli\u010dki skrining na hipotireozu i fenilketonuriju, ultrazvu\u010dni skrining abdominalnih organa i centralnog nervnog sistema, a selektivno i skrining kukova i genetska obrada.<\/li>\n<li>Kod nedono\u0161\u010dadi niske gestacijske dobi u sezoni vr\u0161i se primjena monoklonskih antitijela (prevencija RSV infekcija), kao i\u00a0 primjena BCG i Hepatitis B vakcine.<\/li>\n<li>U saradnji sa dje\u010dijim kardiolozima vr\u0161i se rana detekcija uro\u0111enih sr\u010danih mana i transport u odgovaraju\u0107e ustanove radi operativnog zahvata.<\/li>\n<li>Poluintenzivna njega posjeduje respirator, NCPAP, dva inkubatora, transportni inkubator, fototerapiju,\u00a0 sto za reanimaciju, aspiratore, pulsoksimetre, infuzine pumpe, perfuzore.<\/li>\n<li style=\"text-align: justify;\">Vitalno ugro\u017eenoj novoro\u0111en\u010dadi se nakon primarne reanimacije i zbrinjavanja pru\u017ea visokodiferencirana zdravstvena za\u0161tita uz primjenu najsavremenijih dijagnosti\u010dkih i terapijskih procedura tercijarnog nivoa.<\/li>\n<li>Usko sara\u0111ujemo sa Odjeljenjem intenzivne njege i terapije i Odjeljenjem neonatologije Klinike za dje\u010dije bolesti.<\/li>\n<li>Odjeljenje raspola\u017ee sa 53 bolesni\u010dka kreveta<\/li>\n<\/ul>\n","protected":false},"excerpt":{"rendered":"<p>\u0160ef odjeljenja: Prof doc dr sci Selma Muratovi\u0107, pedijatar-subspecijalista neonatolog Odgovorna medicinska sestra: Meliha Podgor\u010devi\u0107-diplomirana medicinska sestra Kontakt: e-mail:\u00a0 info@ukctuzla.ba tel:\u00a0 00 387 35 303 405 \u2013 Klinika za ginekologiju i aku\u0161erstvo Tuzla od 2004. godine nosi epitet, a od 2017.godine je akreditovana ustanova sa 100% ispunjenim uslovima ,,Baby frendly standarda\u201d i nosi naziv \u201eBaby&hellip;<\/p>\n","protected":false},"author":2,"featured_media":16294,"parent":0,"menu_order":0,"comment_status":"closed","ping_status":"closed","template":"","meta":{"footnotes":""},"class_list":["post-11687","page","type-page","status-publish","has-post-thumbnail","hentry","description-off"],"_links":{"self":[{"href":"https:\/\/www.ukctuzla.ba\/ukctuzla\/index.php?rest_route=\/wp\/v2\/pages\/11687","targetHints":{"allow":["GET"]}}],"collection":[{"href":"https:\/\/www.ukctuzla.ba\/ukctuzla\/index.php?rest_route=\/wp\/v2\/pages"}],"about":[{"href":"https:\/\/www.ukctuzla.ba\/ukctuzla\/index.php?rest_route=\/wp\/v2\/types\/page"}],"author":[{"embeddable":true,"href":"https:\/\/www.ukctuzla.ba\/ukctuzla\/index.php?rest_route=\/wp\/v2\/users\/2"}],"replies":[{"embeddable":true,"href":"https:\/\/www.ukctuzla.ba\/ukctuzla\/index.php?rest_route=%2Fwp%2Fv2%2Fcomments&post=11687"}],"version-history":[{"count":2,"href":"https:\/\/www.ukctuzla.ba\/ukctuzla\/index.php?rest_route=\/wp\/v2\/pages\/11687\/revisions"}],"predecessor-version":[{"id":11689,"href":"https:\/\/www.ukctuzla.ba\/ukctuzla\/index.php?rest_route=\/wp\/v2\/pages\/11687\/revisions\/11689"}],"wp:featuredmedia":[{"embeddable":true,"href":"https:\/\/www.ukctuzla.ba\/ukctuzla\/index.php?rest_route=\/wp\/v2\/media\/16294"}],"wp:attachment":[{"href":"https:\/\/www.ukctuzla.ba\/ukctuzla\/index.php?rest_route=%2Fwp%2Fv2%2Fmedia&parent=11687"}],"curies":[{"name":"wp","href":"https:\/\/api.w.org\/{rel}","templated":true}]}}