{"id":11690,"date":"2021-11-30T14:36:37","date_gmt":"2021-11-30T13:36:37","guid":{"rendered":"http:\/\/www.ukctuzla.ba\/ukctuzla\/?page_id=11690"},"modified":"2025-03-20T10:34:47","modified_gmt":"2025-03-20T09:34:47","slug":"odjeljenje-za-humanu-reprodukciju","status":"publish","type":"page","link":"https:\/\/www.ukctuzla.ba\/ukctuzla\/?page_id=11690&lang=bs","title":{"rendered":"Odjeljenje za humanu reprodukciju"},"content":{"rendered":"<p><strong>\u0160ef Odjeljenja:<\/strong> Prof. dr. med. sci. Azra Had\u017eimehmedovi\u0107, specijalista humane reprodukcije<\/p>\n<p><strong>Odgovorna medicinska sestra:<\/strong> Emina Me\u0161i\u0107, Bakalaureat \/ Bachelor sestrinstva<\/p>\n<p><strong>Kontakt:<\/strong><\/p>\n<p>e-mail:\u00a0 info@ukctuzla.ba<\/p>\n<p>tel:\u00a0 00 387 35 303 409<\/p>\n<p>&nbsp;<\/p>\n<p style=\"text-align: justify;\">Na Odjeljenju za humanu reprodukciju obavljamo dijagnostiku i lije\u010denje neplodnosti, vr\u0161imo sve vrhunske kirur\u0161ke zahvate kod pacijentica sa neplodno\u0161\u0107u, te savjetovanje za parove u postupcima medicinske oplodnje. Odjeljenje raspola\u017ee sa 10 kreveta.<\/p>\n<p>&nbsp;<\/p>\n<p><strong>Dijagnostika neplodnosti<\/strong><\/p>\n<ul>\n<li>Ginekolo\u0161ki ultrazvuk<\/li>\n<li>Obojeni dopler<\/li>\n<li>Histerosalpingografija (HSG)<\/li>\n<li>Histerosonosalpingografija (HSSG)<\/li>\n<li>Spermiogram<\/li>\n<li>Dijagnosti\u010dka histereskopija<\/li>\n<li>Biopsija endometrija<\/li>\n<li>Mali hirur\u0161ki zahvati u sklopu pripreme za medicinsku oplodnju<\/li>\n<li>Dijagnosti\u010dka laparoskopija i kromopertubacija<\/li>\n<\/ul>\n<p>&nbsp;<\/p>\n<p><strong>Lije\u010denje neplodnosti<\/strong><\/p>\n<ul>\n<li>Konzervativno\n<ul>\n<li>Medikamentozna indukcija ovulacije<\/li>\n<li>Ultrazvu\u010dno pra\u0107enje ciklusa<\/li>\n<\/ul>\n<\/li>\n<li>Hirur\u0161ki\n<ul>\n<li>Laparoskopske operacije<\/li>\n<li>Histeroskopske operacije<\/li>\n<\/ul>\n<\/li>\n<li>Psiholo\u0161ko i pravno savjetovanje za parove u postupcima medicinske oplodnje.<\/li>\n<\/ul>\n","protected":false},"excerpt":{"rendered":"<p>\u0160ef Odjeljenja: Prof. dr. med. sci. Azra Had\u017eimehmedovi\u0107, specijalista humane reprodukcije Odgovorna medicinska sestra: Emina Me\u0161i\u0107, Bakalaureat \/ Bachelor sestrinstva Kontakt: e-mail:\u00a0 info@ukctuzla.ba tel:\u00a0 00 387 35 303 409 &nbsp; Na Odjeljenju za humanu reprodukciju obavljamo dijagnostiku i lije\u010denje neplodnosti, vr\u0161imo sve vrhunske kirur\u0161ke zahvate kod pacijentica sa neplodno\u0161\u0107u, te savjetovanje za parove u postupcima&hellip;<\/p>\n","protected":false},"author":2,"featured_media":16294,"parent":0,"menu_order":0,"comment_status":"closed","ping_status":"closed","template":"","meta":{"footnotes":""},"class_list":["post-11690","page","type-page","status-publish","has-post-thumbnail","hentry","description-off"],"_links":{"self":[{"href":"https:\/\/www.ukctuzla.ba\/ukctuzla\/index.php?rest_route=\/wp\/v2\/pages\/11690","targetHints":{"allow":["GET"]}}],"collection":[{"href":"https:\/\/www.ukctuzla.ba\/ukctuzla\/index.php?rest_route=\/wp\/v2\/pages"}],"about":[{"href":"https:\/\/www.ukctuzla.ba\/ukctuzla\/index.php?rest_route=\/wp\/v2\/types\/page"}],"author":[{"embeddable":true,"href":"https:\/\/www.ukctuzla.ba\/ukctuzla\/index.php?rest_route=\/wp\/v2\/users\/2"}],"replies":[{"embeddable":true,"href":"https:\/\/www.ukctuzla.ba\/ukctuzla\/index.php?rest_route=%2Fwp%2Fv2%2Fcomments&post=11690"}],"version-history":[{"count":4,"href":"https:\/\/www.ukctuzla.ba\/ukctuzla\/index.php?rest_route=\/wp\/v2\/pages\/11690\/revisions"}],"predecessor-version":[{"id":18175,"href":"https:\/\/www.ukctuzla.ba\/ukctuzla\/index.php?rest_route=\/wp\/v2\/pages\/11690\/revisions\/18175"}],"wp:featuredmedia":[{"embeddable":true,"href":"https:\/\/www.ukctuzla.ba\/ukctuzla\/index.php?rest_route=\/wp\/v2\/media\/16294"}],"wp:attachment":[{"href":"https:\/\/www.ukctuzla.ba\/ukctuzla\/index.php?rest_route=%2Fwp%2Fv2%2Fmedia&parent=11690"}],"curies":[{"name":"wp","href":"https:\/\/api.w.org\/{rel}","templated":true}]}}