{"id":1208,"date":"2017-09-13T08:53:11","date_gmt":"2017-09-13T07:53:11","guid":{"rendered":"http:\/\/10.0.0.65\/ukctuzla3\/?page_id=1208"},"modified":"2025-03-20T10:21:14","modified_gmt":"2025-03-20T09:21:14","slug":"odjeljenje-ginekologije-sa-poluintezivnom-njegom","status":"publish","type":"page","link":"https:\/\/www.ukctuzla.ba\/ukctuzla\/?page_id=1208&lang=bs","title":{"rendered":"Odjeljenje ginekolo\u0161ke onkologije"},"content":{"rendered":"<p><strong>\u0160ef Odjeljenja:\u00a0<\/strong>Prim dr Mladen Mi\u0161i\u0107, specijalista ginekologije i aku\u0161erstva<\/p>\n<p><strong>Odgovorna medicinska sestra:<\/strong> Enida Dervi\u0161evi\u0107, diplomirana medicinska sestra<\/p>\n<p><strong>Kontakt:<\/strong><\/p>\n<p>e-mail:\u00a0 info@ukctuzla.ba<\/p>\n<p>tel:\u00a0 00 387 35 303 406<\/p>\n<p style=\"text-align: justify;\">Na Odjeljenju ginekolo\u0161ke onkologije obavljamo sve vrhunske hirur\u0161ke zahvate kod ginekolo\u0161ko-onkolo\u0161kih pacijentica. U jedinici poluintenzivne njege se zbrinjavaju pacijentice neposredno nakon operativnog zahvata i u slu\u010daju potrebe za intenzivnim nadzorom pacijentice nevezanim za operativni zahvat.<\/p>\n<ul>\n<li>Kompletna dijagnostika i tretman svih ginekolo\u0161kih malignih bolesti<\/li>\n<li>Na\u010dela lije\u010denja ginekolo\u0161kih malignoma: timski multidisciplinarni rad; upotreba suvremenih i u svijetu priznatih protokola; individualni pristup pacijentu<\/li>\n<li>Rutinsko izvo\u0111enje svih vrsta radikalnih klasi\u010dnih ginekolo\u0161kih operacijskih zahvata<\/li>\n<li>Laparocenteza (pra\u017enjenje teku\u0107ine iz trbuha kod malignih bolesti)<\/li>\n<li>Edukacijski centar za subspecijalnost iz ginekolo\u0161ke onkologije<\/li>\n<li>Palijativni pristup i suradnja s vanjskim palijativnim servisima<\/li>\n<\/ul>\n","protected":false},"excerpt":{"rendered":"<p>\u0160ef Odjeljenja:\u00a0Prim dr Mladen Mi\u0161i\u0107, specijalista ginekologije i aku\u0161erstva Odgovorna medicinska sestra: Enida Dervi\u0161evi\u0107, diplomirana medicinska sestra Kontakt: e-mail:\u00a0 info@ukctuzla.ba tel:\u00a0 00 387 35 303 406 Na Odjeljenju ginekolo\u0161ke onkologije obavljamo sve vrhunske hirur\u0161ke zahvate kod ginekolo\u0161ko-onkolo\u0161kih pacijentica. U jedinici poluintenzivne njege se zbrinjavaju pacijentice neposredno nakon operativnog zahvata i u slu\u010daju potrebe za intenzivnim&hellip;<\/p>\n","protected":false},"author":1,"featured_media":16294,"parent":0,"menu_order":0,"comment_status":"closed","ping_status":"closed","template":"","meta":{"footnotes":""},"class_list":["post-1208","page","type-page","status-publish","has-post-thumbnail","hentry","description-off"],"_links":{"self":[{"href":"https:\/\/www.ukctuzla.ba\/ukctuzla\/index.php?rest_route=\/wp\/v2\/pages\/1208","targetHints":{"allow":["GET"]}}],"collection":[{"href":"https:\/\/www.ukctuzla.ba\/ukctuzla\/index.php?rest_route=\/wp\/v2\/pages"}],"about":[{"href":"https:\/\/www.ukctuzla.ba\/ukctuzla\/index.php?rest_route=\/wp\/v2\/types\/page"}],"author":[{"embeddable":true,"href":"https:\/\/www.ukctuzla.ba\/ukctuzla\/index.php?rest_route=\/wp\/v2\/users\/1"}],"replies":[{"embeddable":true,"href":"https:\/\/www.ukctuzla.ba\/ukctuzla\/index.php?rest_route=%2Fwp%2Fv2%2Fcomments&post=1208"}],"version-history":[{"count":11,"href":"https:\/\/www.ukctuzla.ba\/ukctuzla\/index.php?rest_route=\/wp\/v2\/pages\/1208\/revisions"}],"predecessor-version":[{"id":18167,"href":"https:\/\/www.ukctuzla.ba\/ukctuzla\/index.php?rest_route=\/wp\/v2\/pages\/1208\/revisions\/18167"}],"wp:featuredmedia":[{"embeddable":true,"href":"https:\/\/www.ukctuzla.ba\/ukctuzla\/index.php?rest_route=\/wp\/v2\/media\/16294"}],"wp:attachment":[{"href":"https:\/\/www.ukctuzla.ba\/ukctuzla\/index.php?rest_route=%2Fwp%2Fv2%2Fmedia&parent=1208"}],"curies":[{"name":"wp","href":"https:\/\/api.w.org\/{rel}","templated":true}]}}