{"id":1216,"date":"2016-02-24T09:01:29","date_gmt":"2016-02-24T09:01:29","guid":{"rendered":"http:\/\/10.0.0.65\/ukctuzla3\/?page_id=1216"},"modified":"2016-02-24T09:01:29","modified_gmt":"2016-02-24T09:01:29","slug":"akne","status":"publish","type":"page","link":"https:\/\/www.ukctuzla.ba\/ukctuzla\/?page_id=1216&lang=bs","title":{"rendered":"Akne"},"content":{"rendered":"<p><strong>Akne<\/strong> su jedna od naj\u010de\u0161\u0107ih ko\u017enih bolesti. To stanje ko\u017ee nastaje pri za\u010depljenju \u017elijezda lojnica na licu i gornjem dijelu tijela sebumom, masnom materijom koju stvaraju te \u017elijezde. Takvim nakupljanjem nastaju bubuljice. Postoji nekoliko oblika akni, a naj\u010de\u0161\u0107e su akne vulgaris koje se prvenstveno javljaju u adolescenata u kojih hormonalne promjene uzrokuju pove\u0107anje \u017elijezda lojnica i stvaranje sebuma.<\/p>\n<p><strong>Epidemiologija<\/strong><br \/>\nTroje od petero ljudi u dobi izme\u0111u 12 i 24 godine ima akne, ali one se mogu javiti u ljudi svih dobnih skupina. U stvari, procjenjuje se da jedan od petero odraslih u dobi izme\u0111u 25 i 44 godine ima akne, a da skoro polovica svih odraslih \u017eena ima blage do umjerene akne.<\/p>\n<p><strong>Faktori rizika<\/strong><br \/>\n\u010cetiri faktora doprinose stvaranju akni:<br \/>\n\u2022 pretjerano stvaranje loja (sebuma);<br \/>\n\u2022 nepravilno lju\u0161tenje mrtvih stanica ko\u017ee,<br \/>\n\u2022 bakterije,<br \/>\n\u2022 upala.<br \/>\nNije poznato \u0161to uzrokuje pove\u0107anu proizvodnju sebuma koja dovodi do nastajanja akni. No, ipak, postoji vi\u0161e faktora: hormoni, bakterije, odre\u0111eni lijekovi, naslije\u0111e i stres. Akne nisu uzrokovane prljav\u0161tinom. U stvari, prejako trljanje ko\u017ee ili \u010di\u0161\u0107enje sapunom ili kemikalijama mo\u017ee iritirati ko\u017eu i pogor\u0161ati akne. Okoli\u0161, npr. vlaga i jako znojenje, mogu tako\u0111er pogor\u0161ati akne. Hormonske promjene u tijelu uzrokuju ili pogor\u0161avaju akne. Takve su promjene \u010deste u adolescenata, djevojaka i \u017eena prije mjese\u010dnice, u trudno\u0107i, pri stresu i kori\u0161tenju odre\u0111enih lijekova (npr. kortikoida). Kozmeti\u010dki proizvodi tako\u0111er mogu doprinijeti razvoju akni. Ulja, masti ili boje u proizvodima za kosu i kozmeti\u010dkim kremama mogu pogor\u0161ati ko\u017ene lezije. Jedan od faktora za pojavu akni je i naslije\u0111e.<\/p>\n<p><strong>Simptomi<\/strong><br \/>\nAkne se obi\u010dno javljaju na licu, vratu, grudima, gornjem dijelu le\u0111a te ruku i to u sljede\u0107em obliku:<br \/>\n\u2022 bijeli pri\u0161ti\u0107i &#8211; pore su za\u010depljene masnim izlu\u010devinama i odumrlim stanicama;<br \/>\n\u2022 miteseri &#8211; za\u010depljene pore ostaju otvorene i u njima se nakuplja prljav\u0161tina;<br \/>\n\u2022 pri\u0161ti\u0107i &#8211; uzdignuti, crvenkasti pri\u0161ti\u0107i nastali zbog upale ili infekcije za\u010depljenih pora;<br \/>\n\u2022 ciste &#8211; tvorbe smje\u0161tene ispod povr\u0161ine ko\u017ee, nastale nakupljanjem izlu\u010devina.<\/p>\n<p><strong>Kada zatra\u017eiti savjet ljekara<\/strong><br \/>\nU rijetkim slu\u010dajevima, nagli razvoj te\u0161kih akni u odraslih znak. Akne ne predstavljaju ozbiljan zdravstveni problem, ali kako bi izbjegli stvaranje o\u017eiljaka, najbolje je obratiti se za pomo\u0107 dermatologu. U rijetkim slu\u010dajevima, nagli razvoj te\u0161kih akni u odraslih znak je neke bolesti i u tom bi slu\u010daju svakako trebali posjetiti lije\u010dnika.<\/p>\n<p><strong>Dijagnoza i lije\u010denjeblikom akni dobro reagira na lokalnu terapiju. <\/strong><br \/>\nDijagnoza se uglavnom postavlja na osnovi klini\u010dke slike i povijesti bolesti.<br \/>\nDa bi se postigao dobar terapijski u\u010dinak potrebno je smanjiti stvaranje masti, ubrzati izmjenu stanica gornjih slojeva ko\u017ee te iskorijeniti bakterijsku infekciju i upalu. Lije\u010denje uklju\u010duje \u010ditav niz lokalnih preparata kao i lijekove koji se uzimaju na usta, a izbor ovisi o vrsti prisutnih klini\u010dkih promjena na ko\u017ei. Ve\u0107ina pacijenata s blagim oblikom akni dobro reagira na lokalnu terapiju: benzoil peroksidom, rezorcinolom i salicilnom kiselinom te antibioticima za lokalnu primjenu. Ako akne ne reagiraju niti na jednu od navedenih terapija, mogu se primijeniti lokalni proizvodi na bazi vitamina A (tretinoin). \u010cesto se kombinacijom takvih proizvoda posti\u017eu optimalni rezultati. U slu\u010daju umjerenog do te\u0161kog oblika akni, mogli bi biti potrebni i oralni antibiotici kako bi se smanjio broj bakterija i izlije\u010dila upala. Takve antibiotike potrebno je uzimati i mjesecima, a \u010desto se koriste u kombinaciji s ostalim lokalnim proizvodima. U slu\u010daju dubokih cista, antibiotici nekad nisu dovoljni. Tada se koriste lijekovi nazvani retinoidi (izotretinoin). Ovaj je lijek namijenjen najte\u017eem obliku akni. Vrlo je djelotvoran, ali pacijenti koji ga uzimaju moraju biti pod strogom kontrolom dermatologa zbog mogu\u0107nosti te\u0161kih popratnih pojava. Terapija oralnim kontraceptivima alternativa je sistemskom izotretinoinu u \u017eena u kojih akne ne reagiraju na druge metode lije\u010denja. Potrebno je najmanje tri do \u0161est mjeseci lije\u010denja prije procjene djelotvornosti hormonskih terapija. Ve\u0107ina lijekova za akne koji se primjenjuju na usta ne smiju se koristiti u trudno\u0107i, pogotovo u ranim fazama. Dermatolozi mogu koristiti kozmeti\u010dku kirurgiju kako bi smanjili o\u017eiljke koji su ostali nakon akni. Postupci uklju\u010duju lju\u0161tenje o\u0161te\u0107ene ko\u017ee kemikalijama, tretmanom ledom ili dermabrazijom. Ako je va\u0161a ko\u017ea sklona stvaranju o\u017eiljaka, ova metoda ne predstavlja dobar izbor.<\/p>\n<p><strong>Prevencija recepta<\/strong><br \/>\nVe\u0107inom se akne mogu izbje\u0107i ili kontrolirati dobrom njegom ko\u017ee i sljede\u0107im tehnikama samonjege: Operite problemati\u010dna podru\u010dja blagim sredstvom za \u010di\u0161\u0107enje ko\u017ee. Proizvodi kao \u0161to su pilinzi za lice, maske, obi\u010dno se ne preporu\u010duju zato \u0161to iritiraju ko\u017eu i time mogu dovesti do pogor\u0161anja akni. Pretjerano pranje i trljanje tako\u0111er mo\u017ee iritirati ko\u017eu. Poku\u0161ajte nabaviti losione (koji se mogu nabaviti bez recepta) koji isu\u0161uju suvi\u0161nu masno\u0107u i poti\u010du lju\u0161tenje. Izbjegavajte bilo kakvu kozmetiku na bazi ulja ili masti, sredstva za sun\u010danje i proizvode za kosu. Koristite proizvode na bazi vode. Za\u0161titite se od sunca. Poku\u0161ajte smanjiti stres. Dr\u017eite kosu dalje od lica. Izbjegavajte dodirivanje lica rukama ili predmetima. Uska odje\u0107a ili \u0161e\u0161iri tako\u0111er mogu predstavljati problem, pogotovo ako se znojite. Znoj, prljav\u0161tina i ulja mogu doprinijeti stvaranju akni. Nemojte tiskati pri\u0161ti\u0107e jer to mo\u017ee uzrokovati infekciju ili stvaranje o\u017eiljaka. Ve\u0107ina \u0107e akni nestati i bez takvih zahvata. Ako je potrebno lije\u010denje, posjetite lije\u010dnika op\u0107e prakse ili dermatologa.<\/p>\n","protected":false},"excerpt":{"rendered":"<p>Akne su jedna od naj\u010de\u0161\u0107ih ko\u017enih bolesti. To stanje ko\u017ee nastaje pri za\u010depljenju \u017elijezda lojnica na licu i gornjem dijelu tijela sebumom, masnom materijom koju stvaraju te \u017elijezde. Takvim nakupljanjem nastaju bubuljice. Postoji nekoliko oblika akni, a naj\u010de\u0161\u0107e su akne vulgaris koje se prvenstveno javljaju u adolescenata u kojih hormonalne promjene uzrokuju pove\u0107anje \u017elijezda lojnica&hellip;<\/p>\n","protected":false},"author":1,"featured_media":16294,"parent":0,"menu_order":0,"comment_status":"closed","ping_status":"closed","template":"","meta":{"footnotes":""},"class_list":["post-1216","page","type-page","status-publish","has-post-thumbnail","hentry","description-off"],"_links":{"self":[{"href":"https:\/\/www.ukctuzla.ba\/ukctuzla\/index.php?rest_route=\/wp\/v2\/pages\/1216","targetHints":{"allow":["GET"]}}],"collection":[{"href":"https:\/\/www.ukctuzla.ba\/ukctuzla\/index.php?rest_route=\/wp\/v2\/pages"}],"about":[{"href":"https:\/\/www.ukctuzla.ba\/ukctuzla\/index.php?rest_route=\/wp\/v2\/types\/page"}],"author":[{"embeddable":true,"href":"https:\/\/www.ukctuzla.ba\/ukctuzla\/index.php?rest_route=\/wp\/v2\/users\/1"}],"replies":[{"embeddable":true,"href":"https:\/\/www.ukctuzla.ba\/ukctuzla\/index.php?rest_route=%2Fwp%2Fv2%2Fcomments&post=1216"}],"version-history":[{"count":1,"href":"https:\/\/www.ukctuzla.ba\/ukctuzla\/index.php?rest_route=\/wp\/v2\/pages\/1216\/revisions"}],"predecessor-version":[{"id":1217,"href":"https:\/\/www.ukctuzla.ba\/ukctuzla\/index.php?rest_route=\/wp\/v2\/pages\/1216\/revisions\/1217"}],"wp:featuredmedia":[{"embeddable":true,"href":"https:\/\/www.ukctuzla.ba\/ukctuzla\/index.php?rest_route=\/wp\/v2\/media\/16294"}],"wp:attachment":[{"href":"https:\/\/www.ukctuzla.ba\/ukctuzla\/index.php?rest_route=%2Fwp%2Fv2%2Fmedia&parent=1216"}],"curies":[{"name":"wp","href":"https:\/\/api.w.org\/{rel}","templated":true}]}}