{"id":1219,"date":"2016-02-24T09:02:30","date_gmt":"2016-02-24T09:02:30","guid":{"rendered":"http:\/\/10.0.0.65\/ukctuzla3\/?page_id=1219"},"modified":"2016-02-24T09:02:30","modified_gmt":"2016-02-24T09:02:30","slug":"akutni-pankreatitis","status":"publish","type":"page","link":"https:\/\/www.ukctuzla.ba\/ukctuzla\/?page_id=1219&lang=bs","title":{"rendered":"Akutni pankreatitis"},"content":{"rendered":"<p style=\"text-align: justify;\">Kod akutnog pankreatitisa dolazi do aktiviranja enzima koji uni\u0161tavaju vlastitu \u017elijezdu. Nakon upale normalizira se ukupna funkcija gu\u0161tera\u010de.<\/p>\n<p><strong>Uzroci, u\u010destalost i faktori rizika <\/strong><\/p>\n<p style=\"text-align: justify;\">Glavni uzroci akutnog pankreatitisa kod odraslih su \u017eu\u010dni kamenci, druga oboljenja \u017eu\u010dnog mjehura te alkohol. Virusna infekcija (zau\u0161njaci, virusi coxsackie B) pneumonija izazvana mikoplazmom, bakterija Campilobacter, povreda, operacija gu\u0161tera\u010de ili \u017eu\u010dnih vodova te neki lijekovi tako\u0111er mogu biti uzroci upale. Mehanizam koji uzrokuje pankreatitis nije dobro poznat. Mi\u0161ljenje je da se enzimi koje gu\u0161tera\u010da normalno izlu\u010duje u neaktivnom obliku aktiviraju u gu\u0161tera\u010di i po\u010dnu razarati njezino tkivo. To je proces autolize koji uzrokuje oticanje, krvarenje i o\u0161te\u0107enje krvnih \u017eila. Napad\u00a0 mo\u017ee trajati 48 sati. Bolest poga\u0111a vi\u0161e mu\u0161karce nego \u017eene. U\u017eivanje alkohola je faktor rizika.<\/p>\n<p style=\"text-align: justify;\"><strong>Simptomi <\/strong><br \/>\nBolovi u trbuhu i to u gornjem dijelu desno ili u sredini<br \/>\n\u2022\u00a0\u00a0 \u00a0ustrajni ili kroni\u010dni<br \/>\n\u2022\u00a0\u00a0 \u00a0koji se vra\u0107aju ili su se sli\u010dni ve\u0107 prije javljali<br \/>\n\u2022\u00a0\u00a0 \u00a0mogu se poja\u010dati ako se le\u017ei na le\u0111ima<br \/>\n\u2022\u00a0\u00a0 \u00a0mogu se pro\u0161iriti na le\u0111a ili ispod desne lopatice<br \/>\n\u2022\u00a0\u00a0 \u00a0mo\u017ee se pogor\u0161ati kada se jede ili pije (javlja se u roku od nekoliko minuta nakon obroka), naro\u010dito masna hrana ili hrana sa visokim sadr\u017eajem masti<br \/>\n\u2022\u00a0\u00a0 \u00a0bol se mo\u017ee pogor\u0161ati nakon uzimanja alkohola<\/p>\n<p style=\"text-align: justify;\"><strong>Ostali simptomi su:<\/strong><br \/>\n\u2022\u00a0\u00a0 \u00a0mu\u010dnina<br \/>\n\u2022\u00a0\u00a0 \u00a0povra\u0107anje<br \/>\n\u2022\u00a0\u00a0 \u00a0slabost<br \/>\n\u2022\u00a0\u00a0 \u00a0znojenje<br \/>\n\u2022\u00a0\u00a0 \u00a0uznemirenost<br \/>\n\u2022\u00a0\u00a0 \u00a0vru\u0107ica<br \/>\n\u2022\u00a0\u00a0 \u00a0ljepljiva i vla\u017ena ko\u017ea<br \/>\n\u2022\u00a0\u00a0 \u00a0blaga \u017eutica<\/p>\n<p style=\"text-align: justify;\"><strong>Ostali simptomi koji se mogu povezati s bole\u0161\u0107u:<\/strong><br \/>\n\u2022\u00a0\u00a0 \u00a0ote\u010deni trbuh<br \/>\n\u2022\u00a0\u00a0 \u00a0puno\u0107a i gasovi u abdomenu<br \/>\n\u2022\u00a0\u00a0 \u00a0trbu\u0161ne probavne smetnje<br \/>\n\u2022\u00a0\u00a0 \u00a0modrice i krvarenje u ko\u017ei<br \/>\n\u2022\u00a0\u00a0 \u00a0bol u prsima ispod grudne kosti<br \/>\n\u2022\u00a0\u00a0 \u00a0bol u slabinama<br \/>\n\u2022\u00a0\u00a0 \u00a0prekomjerni gasovi\/vjetrovi<br \/>\n\u2022\u00a0\u00a0 \u00a0\u0161tucanje<br \/>\n\u2022\u00a0\u00a0 \u00a0osipi ili lezije na ko\u017ei<br \/>\n\u2022\u00a0\u00a0 \u00a0stolice boje gline<\/p>\n<p style=\"text-align: justify;\"><strong>Koje se pretrage mogu napraviti? <\/strong><br \/>\nOp\u0107i pregled pokazat \u0107e da je krvni pritisak nizak i da su otkucaji srca iznad 90 (malo ubrzani). Pretrage koje pokazuju da se izlu\u010duju enzimi gu\u0161tera\u010de:<br \/>\n\u2022\u00a0\u00a0 \u00a0povi\u0161ene vrijednosti amilaze u serumu<br \/>\n\u2022\u00a0\u00a0 \u00a0povi\u0161ene vrijednosti amilaze u urinu<br \/>\n\u2022\u00a0\u00a0 \u00a0povi\u0161ene vrijednosti lipaze u serumuPretrage kojima se otkriva upala gu\u0161tera\u010de:<br \/>\n\u2022\u00a0\u00a0 \u00a0kompjuterizirana tomografija (CT)<br \/>\n\u2022\u00a0\u00a0 \u00a0abdominalni ultrazvuk<br \/>\n<strong>I druge krvne pretrage:<\/strong><br \/>\n\u2022\u00a0\u00a0 \u00a0kompletna krvna slika pokazuje pove\u0107an broj leukocita<br \/>\n\u2022\u00a0\u00a0 \u00a0mogu\u0107a povi\u0161ena koncentracija glukoze u krvi<br \/>\n\u2022\u00a0\u00a0 \u00a0manje vrijednosti kalcija u serumu<\/p>\n<p style=\"text-align: justify;\"><strong>Lije\u010denje <\/strong><br \/>\nLije\u010denje je usmjereno na potporne mjere kao \u0161to je intravenozno nadomje\u0161tanje teku\u0107ine, ubla\u017eavanje boli uz pomo\u0107 lijekova protiv bolova te spre\u010davanje unosa hrane i teku\u0107ine na usta \u010dime se ograni\u010dava aktivnost gu\u0161tera\u010de. Povremeno se kod stalnog povra\u0107anja i jake boli mo\u017ee staviti nazogastri\u010dna sonda (cijev koja se kroz nos uvu\u010de u \u017eeludac). Operacija ili endoskopska terapija (kori\u0161tenjem endoskopa, naprave sa svjetlom kojim se mo\u017ee pregledati unutra\u0161njost tjelesnih \u0161upljina) indicirani su u nekim slu\u010dajevima kada treba ukloniti \u017eu\u010dne kamence koji blokiraju drena\u017eu gu\u0161tera\u010de.<br \/>\nPrognoza U ve\u0107ini slu\u010dajeva simptomi se povla\u010de u roku od tjedan dana, ali u nekim slu\u010dajevima se razvija po \u017eivot opasna bolest. Smrtnost je velika kod hemoragi\u010dnog pankreatitisa kod kojega su prisutni o\u0161te\u0107enje jetre, srca ili bubrega. Napadi akutne upale mogu se ponovno javiti.<\/p>\n<p style=\"text-align: justify;\"><strong>Komplikacije<\/strong><br \/>\n\u2022\u00a0\u00a0 \u00a0nizak krvni pritisak<br \/>\n\u2022\u00a0\u00a0 \u00a0zatajenje srca<br \/>\n\u2022\u00a0\u00a0 \u00a0zatajenje bubrega<br \/>\n\u2022\u00a0\u00a0 \u00a0ARDS (sindrom respiratornog poreme\u0107aja kod odraslih)<br \/>\n\u2022\u00a0\u00a0 \u00a0ascites, akumulacija teku\u0107ine u abdomenu<br \/>\n\u2022\u00a0\u00a0 \u00a0ciste (\u0161upljine ispunjene teku\u0107inom) ili apscesi (nakupine gnoja) gu\u0161tera\u010de<\/p>\n<p style=\"text-align: justify;\"><strong>Nazovite\u00a0 svog\u00a0 ljekara <\/strong>Nazovite svojeg ljekara ako imate jake i stalne bolove u trbuhu ili neki drugi simptom.<\/p>\n<p style=\"text-align: justify;\">\n<strong>Prevencija<\/strong><\/p>\n<p style=\"text-align: justify;\">Prevencija akutnog pankreatitisa povezana je s prevencijom poreme\u0107aja koji bolest uzrokuju. Ako pijete alkohol, kontrolirajte unos alkohola. Koristite odgovaraju\u0107e mjere opreza da izbjegnete povredu trbuha. Kako bi umanjili opasnost od pojave Reyovog sindroma, izbjegavajte davati aspirin djeci s vru\u0107icom, naro\u010dito ako je u pitanju virusno oboljenje. Vakcini\u0161ite\u00a0 djecu protiv zau\u0161njaka i drugih dje\u010djih bolesti.<\/p>\n","protected":false},"excerpt":{"rendered":"<p>Kod akutnog pankreatitisa dolazi do aktiviranja enzima koji uni\u0161tavaju vlastitu \u017elijezdu. Nakon upale normalizira se ukupna funkcija gu\u0161tera\u010de. Uzroci, u\u010destalost i faktori rizika Glavni uzroci akutnog pankreatitisa kod odraslih su \u017eu\u010dni kamenci, druga oboljenja \u017eu\u010dnog mjehura te alkohol. Virusna infekcija (zau\u0161njaci, virusi coxsackie B) pneumonija izazvana mikoplazmom, bakterija Campilobacter, povreda, operacija gu\u0161tera\u010de ili \u017eu\u010dnih vodova&hellip;<\/p>\n","protected":false},"author":1,"featured_media":16294,"parent":0,"menu_order":0,"comment_status":"closed","ping_status":"closed","template":"","meta":{"footnotes":""},"class_list":["post-1219","page","type-page","status-publish","has-post-thumbnail","hentry","description-off"],"_links":{"self":[{"href":"https:\/\/www.ukctuzla.ba\/ukctuzla\/index.php?rest_route=\/wp\/v2\/pages\/1219","targetHints":{"allow":["GET"]}}],"collection":[{"href":"https:\/\/www.ukctuzla.ba\/ukctuzla\/index.php?rest_route=\/wp\/v2\/pages"}],"about":[{"href":"https:\/\/www.ukctuzla.ba\/ukctuzla\/index.php?rest_route=\/wp\/v2\/types\/page"}],"author":[{"embeddable":true,"href":"https:\/\/www.ukctuzla.ba\/ukctuzla\/index.php?rest_route=\/wp\/v2\/users\/1"}],"replies":[{"embeddable":true,"href":"https:\/\/www.ukctuzla.ba\/ukctuzla\/index.php?rest_route=%2Fwp%2Fv2%2Fcomments&post=1219"}],"version-history":[{"count":1,"href":"https:\/\/www.ukctuzla.ba\/ukctuzla\/index.php?rest_route=\/wp\/v2\/pages\/1219\/revisions"}],"predecessor-version":[{"id":1220,"href":"https:\/\/www.ukctuzla.ba\/ukctuzla\/index.php?rest_route=\/wp\/v2\/pages\/1219\/revisions\/1220"}],"wp:featuredmedia":[{"embeddable":true,"href":"https:\/\/www.ukctuzla.ba\/ukctuzla\/index.php?rest_route=\/wp\/v2\/media\/16294"}],"wp:attachment":[{"href":"https:\/\/www.ukctuzla.ba\/ukctuzla\/index.php?rest_route=%2Fwp%2Fv2%2Fmedia&parent=1219"}],"curies":[{"name":"wp","href":"https:\/\/api.w.org\/{rel}","templated":true}]}}