{"id":1223,"date":"2016-02-24T09:05:18","date_gmt":"2016-02-24T09:05:18","guid":{"rendered":"http:\/\/10.0.0.65\/ukctuzla3\/?page_id=1223"},"modified":"2018-03-15T12:13:01","modified_gmt":"2018-03-15T11:13:01","slug":"alkoholizam","status":"publish","type":"page","link":"https:\/\/www.ukctuzla.ba\/ukctuzla\/?page_id=1223&lang=bs","title":{"rendered":"Alkoholizam"},"content":{"rendered":"<p><strong>Alkoholizam<\/strong> se definira kao poreme\u0107aj u pona\u0161anju, devijantan oblik pona\u0161anja, koji nastaje uslijed dugotrajnog uzimanja prekomjerne koli\u010dine alkohola. Uzrok sklonosti alkoholu ostaje nepoznat, no odre\u0111ene osobine prisutne su u ve\u0107em broju me\u0111u alkoholi\u010darima, a to su depresija, autodestruktivnost, ovisnost, seksualna nezrelost.<\/p>\n<p><strong>Klini\u010dka slika \/ Dijagnoza<\/strong><br \/>\nStalna apsorpcija velikih koli\u010dina alkohola rezultira nakon nekog vremena razvojem tolerancije na njegove u\u010dinke. Toleranciju uzrokuje navikavanje \u0107elija centralnog nerevnog sistema na alkohol. Fizi\u010dka ovisnost koja prati to razvijanje tolerancije je jaka, a svako ustezanje od alkohola dovodi do ne\u017eeljenih u\u010dinaka koji mogu rezultirati i smr\u0107u. Simptomi apstinencije (ustezanja od alkohola) obi\u010dno po\u010dinju 12 do 48 sati nakon prekida unosa, a uklju\u010duju drhtavicu, slabost, znojenje, simptome probavnog trakta. Javlja se i alkoholna halucinoza koja nastaje nakon naglog prekida dugotrajnog uzimanja alkohola. Manifestuje se slu\u0161nim iluzijama i halucinacijama. Halucinacije obi\u010dno prestaju i pacijent se oporavi unutar 1 do 3 sedmice. Stanje nalikuje shizofreniji, no nema poreme\u0107aja u razmi\u0161ljanju niti je anamneza tipi\u010dna za shizofreniju. Pojava halucinacija ina\u010de obi\u010dno prethodi deliriumu tremensu.<br \/>\nDelirium tremens po\u010dinje 48 do 72 sata nakon prekida uzimanja alkohola, a o\u010dituje se napadima tjeskobnosti, depresijom, zbunjeno\u0161\u0107u, lo\u0161im snom, jakim znojenjem, a \u010deste su i prolazne halucinacije. S napredovanjem delirijuma javlja se tremor \u0161aka (tresu se u mirovanju), a mo\u017ee se pro\u0161iriti i na glavu i na trup. Znakovi oporavka trebali bi se po\u010deti pojavljivati unutar 12 do 24 sata, a ukoliko do\u0111e do znatnog povi\u0161enja tjelesne temperature, to nije dobar prognosti\u010dki znak.<br \/>\nAlkohol ima direktno toksi\u010dno djelovanje na jetru, \u0161to se poja\u010dava i slabom prehranom kao posljedicom gubitka apetita zbog pretjeranog uzimanja alkohola. Najzna\u010dajnija o\u0161te\u0107enja organa kod alkoholi\u010dara su ciroza (alkoholna bolest jetre), periferna neuropatija (o\u0161te\u0107enja zavr\u0161etaka \u017eivaca), o\u0161te\u0107enje mozga, kardiomiopatija (bolest sr\u010danog mi\u0161i\u0107a) naj\u010de\u0161\u0107e u kombinaciji s aritmijama (poreme\u0107aj sr\u010danog ritma), gastritis (upalna bolest \u017eeluca), a mo\u017ee se javiti i pankreatitis (upala gu\u0161tera\u010de).<br \/>\nLije\u010denje<br \/>\nNajva\u017enija ta\u010dka lije\u010denja je apstinencija, ustezanje od konzumiranja alkohola, no prethodno je potrebno napraviti potpuni pregled i obradu pacijenta kako bi se ustanovile postoje\u0107e bolesti i poreme\u0107aji koji bi mogle zakomplicirati ustezanje. Va\u017eno je pri tome i razlikovati delirium tremens od du\u0161evnih promjena koje nastupaju u akutnom zatajenju jetre. Prilikom terapije potrebno je odr\u017eavati ravnote\u017eu teku\u0107ine, te davati visoke doze vitamina C i B-kompleksa. Benzodiazepini su glavni lijekovi koji pru\u017eaju upori\u0161te cjelokupnoj terapiji, a doziranje ovisi o statusu bolesnika. Detoksikacija se provodi prestankom uzimanja alkohola, te ispravljanjem nutricijskog deficita (alkoholne neuhranjenosti), a nakon toga mora uslijediti i psihosocijalna terapija kako bi se promijenilo pona\u0161anje bolesnika i sprije\u010dilo ponovno posezanje za prekomjernom konzumacijom alkohola.<\/p>\n<p><a href=\"https:\/\/www.ukctuzla.ba\/ukctuzla\/wp-content\/uploads\/2016\/02\/Alkoholizam.pdf\">Alkoholizam (pdf)<\/a><\/p>\n","protected":false},"excerpt":{"rendered":"<p>Alkoholizam se definira kao poreme\u0107aj u pona\u0161anju, devijantan oblik pona\u0161anja, koji nastaje uslijed dugotrajnog uzimanja prekomjerne koli\u010dine alkohola. Uzrok sklonosti alkoholu ostaje nepoznat, no odre\u0111ene osobine prisutne su u ve\u0107em broju me\u0111u alkoholi\u010darima, a to su depresija, autodestruktivnost, ovisnost, seksualna nezrelost. Klini\u010dka slika \/ Dijagnoza Stalna apsorpcija velikih koli\u010dina alkohola rezultira nakon nekog vremena razvojem&hellip;<\/p>\n","protected":false},"author":1,"featured_media":16294,"parent":0,"menu_order":0,"comment_status":"closed","ping_status":"closed","template":"","meta":{"footnotes":""},"class_list":["post-1223","page","type-page","status-publish","has-post-thumbnail","hentry","description-off"],"_links":{"self":[{"href":"https:\/\/www.ukctuzla.ba\/ukctuzla\/index.php?rest_route=\/wp\/v2\/pages\/1223","targetHints":{"allow":["GET"]}}],"collection":[{"href":"https:\/\/www.ukctuzla.ba\/ukctuzla\/index.php?rest_route=\/wp\/v2\/pages"}],"about":[{"href":"https:\/\/www.ukctuzla.ba\/ukctuzla\/index.php?rest_route=\/wp\/v2\/types\/page"}],"author":[{"embeddable":true,"href":"https:\/\/www.ukctuzla.ba\/ukctuzla\/index.php?rest_route=\/wp\/v2\/users\/1"}],"replies":[{"embeddable":true,"href":"https:\/\/www.ukctuzla.ba\/ukctuzla\/index.php?rest_route=%2Fwp%2Fv2%2Fcomments&post=1223"}],"version-history":[{"count":3,"href":"https:\/\/www.ukctuzla.ba\/ukctuzla\/index.php?rest_route=\/wp\/v2\/pages\/1223\/revisions"}],"predecessor-version":[{"id":5700,"href":"https:\/\/www.ukctuzla.ba\/ukctuzla\/index.php?rest_route=\/wp\/v2\/pages\/1223\/revisions\/5700"}],"wp:featuredmedia":[{"embeddable":true,"href":"https:\/\/www.ukctuzla.ba\/ukctuzla\/index.php?rest_route=\/wp\/v2\/media\/16294"}],"wp:attachment":[{"href":"https:\/\/www.ukctuzla.ba\/ukctuzla\/index.php?rest_route=%2Fwp%2Fv2%2Fmedia&parent=1223"}],"curies":[{"name":"wp","href":"https:\/\/api.w.org\/{rel}","templated":true}]}}