{"id":1225,"date":"2016-02-24T09:06:36","date_gmt":"2016-02-24T09:06:36","guid":{"rendered":"http:\/\/10.0.0.65\/ukctuzla3\/?page_id=1225"},"modified":"2016-02-24T09:06:36","modified_gmt":"2016-02-24T09:06:36","slug":"amniocenteza","status":"publish","type":"page","link":"https:\/\/www.ukctuzla.ba\/ukctuzla\/?page_id=1225&lang=bs","title":{"rendered":"AMNIOCENTEZA"},"content":{"rendered":"<p><span style=\"color: #800000;\"><strong>AMNIOCENTEZA<\/strong><\/span><br \/>\nAmniocenteza predstavlja aspiraciju plodove vode. Zavisno od perioda trudno\u0107e kada se radi, dijeli se na ranu i kasnu. Rana amniocenteza radi se u drugom tromjese\u010dju trudno\u0107e radi rane dijagnostike hromozomopatija. Kasna amniocenteza se radi u tre\u0107em tromjese\u010dju zbog odre\u0111ivanja zrelosti plu\u0107a ploda, procjene o\u0161te\u0107enja ploda kod Rh imunizacije ili dijagnoze intraamnionske infekcije.<\/p>\n<p><span style=\"color: #3b5576;\"><strong>Tehnika rada<\/strong><\/span><br \/>\nIzvodi se pod kontrolom ultrazvuka, cijelo vrijeme prati se smjer igle i pokreti ploda. Vr\u0161i se dezinfekcija ko\u017ee prednjeg trbu\u0161nog zida, ultrazvu\u010dna sonda koja je tako\u0111e prethodno dezinfikovana stavlja se na trbuh pacijentice. Punkcija se vr\u0161i na mjestu sa najvi\u0161e plodove vode, naj\u010de\u0161\u0107e uz donje ekstremitete ploda, \u0161to dalje od glavice. Obi\u010dno se punkcija vr\u0161i u predjelu fundusa materice, jer je na tom mjestu ubod manje bolan i rje\u0111e su komplikacije. Ako se posteljica nalazi na prednjem zidu nastoji se punktirati pokraj nje ili kroz najtanji dio posteljice. Aspirira se oko 20 ml plodove vode koja se \u0161alje na citogenetsku analizu. Mogu se provoditi i hormonska, virusolo\u0161ka kao i enzimska ispitivanja plodove vode. Rana amniocenteza se obi\u010dno radi izme\u0111u 16. i 18. nedelje, najkasnije do 20. nedelje gestacije. U tom periodu ima najvi\u0161e fetalnih stanica (amniocita), a sam zahvat je u tom periodu najlak\u0161e izvodljiv.<\/p>\n<p><span style=\"color: #3b5576;\"><strong>Indikacije za ranu amniocentezu:<\/strong><\/span><\/p>\n<ul>\n<li>starosna dob trudnice (iznad 35 godina),<\/li>\n<li>poro\u0111aj ploda sa anomalijama u prethodnim trudno\u0107ama,<\/li>\n<li>ve\u0107i broj spontanih poba\u010daja,<\/li>\n<li>starosna dob oca (iznad 40 godina),<\/li>\n<li>optere\u0107ena porodi\u010dna anamneza,<\/li>\n<li>izlo\u017eenost Rtg zra\u010denju.<\/li>\n<\/ul>\n<p><strong><span style=\"color: #3b5576;\"><br \/>\nKomplikacije:<\/span><\/strong><\/p>\n<ul>\n<li>krvarenje,<\/li>\n<li>pojava kontrakcija materice,<\/li>\n<li>spontani poba\u010daj.<\/li>\n<\/ul>\n","protected":false},"excerpt":{"rendered":"<p>AMNIOCENTEZA Amniocenteza predstavlja aspiraciju plodove vode. Zavisno od perioda trudno\u0107e kada se radi, dijeli se na ranu i kasnu. Rana amniocenteza radi se u drugom tromjese\u010dju trudno\u0107e radi rane dijagnostike hromozomopatija. Kasna amniocenteza se radi u tre\u0107em tromjese\u010dju zbog odre\u0111ivanja zrelosti plu\u0107a ploda, procjene o\u0161te\u0107enja ploda kod Rh imunizacije ili dijagnoze intraamnionske infekcije. Tehnika rada&hellip;<\/p>\n","protected":false},"author":1,"featured_media":16294,"parent":0,"menu_order":0,"comment_status":"closed","ping_status":"closed","template":"","meta":{"footnotes":""},"class_list":["post-1225","page","type-page","status-publish","has-post-thumbnail","hentry","description-off"],"_links":{"self":[{"href":"https:\/\/www.ukctuzla.ba\/ukctuzla\/index.php?rest_route=\/wp\/v2\/pages\/1225","targetHints":{"allow":["GET"]}}],"collection":[{"href":"https:\/\/www.ukctuzla.ba\/ukctuzla\/index.php?rest_route=\/wp\/v2\/pages"}],"about":[{"href":"https:\/\/www.ukctuzla.ba\/ukctuzla\/index.php?rest_route=\/wp\/v2\/types\/page"}],"author":[{"embeddable":true,"href":"https:\/\/www.ukctuzla.ba\/ukctuzla\/index.php?rest_route=\/wp\/v2\/users\/1"}],"replies":[{"embeddable":true,"href":"https:\/\/www.ukctuzla.ba\/ukctuzla\/index.php?rest_route=%2Fwp%2Fv2%2Fcomments&post=1225"}],"version-history":[{"count":1,"href":"https:\/\/www.ukctuzla.ba\/ukctuzla\/index.php?rest_route=\/wp\/v2\/pages\/1225\/revisions"}],"predecessor-version":[{"id":1226,"href":"https:\/\/www.ukctuzla.ba\/ukctuzla\/index.php?rest_route=\/wp\/v2\/pages\/1225\/revisions\/1226"}],"wp:featuredmedia":[{"embeddable":true,"href":"https:\/\/www.ukctuzla.ba\/ukctuzla\/index.php?rest_route=\/wp\/v2\/media\/16294"}],"wp:attachment":[{"href":"https:\/\/www.ukctuzla.ba\/ukctuzla\/index.php?rest_route=%2Fwp%2Fv2%2Fmedia&parent=1225"}],"curies":[{"name":"wp","href":"https:\/\/api.w.org\/{rel}","templated":true}]}}