{"id":1229,"date":"2016-02-24T09:08:54","date_gmt":"2016-02-24T09:08:54","guid":{"rendered":"http:\/\/10.0.0.65\/ukctuzla3\/?page_id=1229"},"modified":"2016-02-24T09:08:54","modified_gmt":"2016-02-24T09:08:54","slug":"aneurizme","status":"publish","type":"page","link":"https:\/\/www.ukctuzla.ba\/ukctuzla\/?page_id=1229&lang=bs","title":{"rendered":"Aneurizme"},"content":{"rendered":"<p style=\"text-align: justify;\">Aneurizme su ograni\u010dena pro\u0161irenja krvnog suda , posebno aorte ili arterija na periferiji.<\/p>\n<p><strong>Definicija<\/strong><\/p>\n<p style=\"text-align: justify;\">Aneurizme su ograni\u010dena pro\u0161irenja krvnog suda ,posebno aorte ili arterija na periferiji. Nastaju zbog slabljenja odre\u0111enog dijela\u00a0 zida krvnog suda . Mo\u017ee postojati porodi\u010dna sklonost,\u00a0 no specifi\u010dni uzroci su aterioskleroza, gljivi\u010dne infekcije, infekcije sifilisom, aortitis (upala aortne stijenke) ili trauma. Najzna\u010dajnija je aneurizma aorte, koja mo\u017ee nastati u bilo kojem dijelu, no 3\/4 se javljaju u trbu\u0161nom dijelu aorte (AAA). Arterioskleroza je bolest koja je naj\u010de\u0161\u0107e udru\u017eena s aortnim aneurizmama. Ona oslabljuje zid aorte, zbog \u010dega se zid krvnog suda\u00a0 pro\u0161iruje, a povi\u0161eni krvni pritisak i pu\u0161enje tome doprinose.<\/p>\n<p><strong>Klini\u010dka slika <\/strong><br \/>\nAneurizma abdominalne aorte naj\u010de\u0161\u0107e po\u010dinje ispod bubre\u017enih arterija i \u010desto se \u0161iri prema gore u jednu ili obje ilija\u010dne arterije. Mo\u017ee se javiti bol koja je tipi\u010dno duboka i probadaju\u0107a, obi\u010dno je trajna i najja\u010de se osje\u0107a u lumbosakralnom podru\u010dju. Pacijent mo\u017ee imati osje\u0107aj nenormalno jakih pulzacija u trbuhu. Kod pa\u017eljivog pregleda pacijenta palpacijom trbuha, \u010desto se mo\u017ee otkriti \u0161iroko podru\u010dje u kojem se osjeti pulzacija trbu\u0161ne aorte, nad njom se mo\u017ee \u010duti i \u0161um, no \u010dak se i vrlo velike aneurizme te\u0161ko mogu otkriti fizikalnim pregledom. Aneurizme koje se brzo pove\u0107avaju i koje prijete rupturom \u010desto su bolno osjetljive, no \u010desto mogu i rupturirati bez prethodnih simptoma. Aneurizma torakalne (prsne) aorte karakteri\u0161e\u00a0 se \u010desto dubokom difuznom (raspr\u0161enom) boli u prsnom ko\u0161u, disfagiju (ote\u017eano gutanje), promuklost, hemoptizu (iska\u0161ljavanje krvi), te suhi ka\u0161alj.<\/p>\n<p><strong>Dijagnosti\u010dka obrada <\/strong><br \/>\nPregled ultrazvukom (UZV) je naju\u010dinkovitija pretraga i \u010desto se mo\u017ee jasno odrediti veli\u010dina i pro\u0161irenost aneurizme. Veli\u010dina i karakteristike aneurizme mogu se definirati i CT-om (kompjutorska tomografija), posebno ako se primjeni intravenski kontrast. Abdominalnom aortografijom mo\u017ee se odrediti veli\u010dina aneurizme i prikazati zahva\u0107enost drugih velikih krvnih sudova. Aortografija je potrebna i opravdana kada se sumnja na pro\u0161irenje aneurizme iznad bubre\u017enih arterija. Ve\u0107ina bolesnika s aneurizmom trbu\u0161ne aorte ima generaliziranu arteriosklerozu, pa je stoga prije operacije potrebno provjeriti kardiovaskularni status pacijenta.<\/p>\n<p><strong>Prognoza\/lije\u010denje <\/strong><br \/>\nTijek bolesti ovisi o veli\u010dini aneurizme; ruptura rijetko nastaje ako je \u0161irina aneurizme manja od 5 cm, no u\u010destalost se zna\u010dajno pove\u0107ava ako je \u0161irina aneurizme ve\u0107a od 6 cm. Kod svih takvih aneurizmi se stoga preporu\u010duje hirur\u0161ki zahvat, osim ako nema kontraindikacija za operaciju. Korekcija se sastoji u zamjeni dijela krvog suda\u00a0 zahva\u0107enog\u00a0 aneurizmom sa sintetskim umetkom. Na rupturu (puknu\u0107e) trbu\u0161ne aneurizme aorte mo\u017ee se posumnjati kod pojave jake boli u donjem dijelu trbuha i le\u0111ima. Ovisno o ja\u010dini krvarenja, mogu uslijediti hipovolemijski \u0161ok (\u0161ok uslijed gubitka krvi), te smrt. Ruptura ili prijete\u0107a ruptura stoga se ubrajaju u hitna kirur\u0161ka stanja. Rizik kod operacije rupturirane aneurizme je oko 50%, a ako do\u0111e do zatajivanja bubrega nakon operacije, prognoza je izrazito lo\u0161a.<\/p>\n","protected":false},"excerpt":{"rendered":"<p>Aneurizme su ograni\u010dena pro\u0161irenja krvnog suda , posebno aorte ili arterija na periferiji. Definicija Aneurizme su ograni\u010dena pro\u0161irenja krvnog suda ,posebno aorte ili arterija na periferiji. Nastaju zbog slabljenja odre\u0111enog dijela\u00a0 zida krvnog suda . Mo\u017ee postojati porodi\u010dna sklonost,\u00a0 no specifi\u010dni uzroci su aterioskleroza, gljivi\u010dne infekcije, infekcije sifilisom, aortitis (upala aortne stijenke) ili trauma. Najzna\u010dajnija&hellip;<\/p>\n","protected":false},"author":1,"featured_media":16294,"parent":0,"menu_order":0,"comment_status":"closed","ping_status":"closed","template":"","meta":{"footnotes":""},"class_list":["post-1229","page","type-page","status-publish","has-post-thumbnail","hentry","description-off"],"_links":{"self":[{"href":"https:\/\/www.ukctuzla.ba\/ukctuzla\/index.php?rest_route=\/wp\/v2\/pages\/1229","targetHints":{"allow":["GET"]}}],"collection":[{"href":"https:\/\/www.ukctuzla.ba\/ukctuzla\/index.php?rest_route=\/wp\/v2\/pages"}],"about":[{"href":"https:\/\/www.ukctuzla.ba\/ukctuzla\/index.php?rest_route=\/wp\/v2\/types\/page"}],"author":[{"embeddable":true,"href":"https:\/\/www.ukctuzla.ba\/ukctuzla\/index.php?rest_route=\/wp\/v2\/users\/1"}],"replies":[{"embeddable":true,"href":"https:\/\/www.ukctuzla.ba\/ukctuzla\/index.php?rest_route=%2Fwp%2Fv2%2Fcomments&post=1229"}],"version-history":[{"count":1,"href":"https:\/\/www.ukctuzla.ba\/ukctuzla\/index.php?rest_route=\/wp\/v2\/pages\/1229\/revisions"}],"predecessor-version":[{"id":1230,"href":"https:\/\/www.ukctuzla.ba\/ukctuzla\/index.php?rest_route=\/wp\/v2\/pages\/1229\/revisions\/1230"}],"wp:featuredmedia":[{"embeddable":true,"href":"https:\/\/www.ukctuzla.ba\/ukctuzla\/index.php?rest_route=\/wp\/v2\/media\/16294"}],"wp:attachment":[{"href":"https:\/\/www.ukctuzla.ba\/ukctuzla\/index.php?rest_route=%2Fwp%2Fv2%2Fmedia&parent=1229"}],"curies":[{"name":"wp","href":"https:\/\/api.w.org\/{rel}","templated":true}]}}