{"id":1233,"date":"2016-02-24T09:11:02","date_gmt":"2016-02-24T09:11:02","guid":{"rendered":"http:\/\/10.0.0.65\/ukctuzla3\/?page_id=1233"},"modified":"2016-02-24T09:11:02","modified_gmt":"2016-02-24T09:11:02","slug":"aritmije","status":"publish","type":"page","link":"https:\/\/www.ukctuzla.ba\/ukctuzla\/?page_id=1233&lang=bs","title":{"rendered":"Aritmije"},"content":{"rendered":"<p style=\"text-align: justify;\">Aritmije su naziv za poreme\u0107aj sr\u010danog ritma.<\/p>\n<p style=\"text-align: justify;\"><strong>Klini\u010dka slika <\/strong><br \/>\nAritmije se mogu o\u010ditavati palpitacijama (osje\u0107aj lupanja srca) ili te\u017eim simptomima uzrokovanim hemodinamskim poreme\u0107ajima (poreme\u0107aj krvotoka). Palpitacije mogu nastati zbog poja\u010dane snage kontrakcije srca ili zbog poreme\u0107aja sr\u010danog ritma. Aritmije du\u017eeg trajanja, bradikardije ili tahikardije, \u010desto uzrokuju vrtoglavice i gubitak svijesti, \u0161to mo\u017ee onesposobiti pacijenta ili ga \u017eivotno ugroziti. U tom slu\u010daju potrebna je hitna obrada i hospitalizacija.<\/p>\n<p><strong>Vrste aritmija<\/strong><\/p>\n<ul>\n<li>Atrijske ekstrasistole &#8211; preuranjeni otkucaji srca (atrija- sr\u010dane pretklijetke), \u010desti i kod normalnih osoba, rijetko uzrokuju simptome, ako su potrebni lijekovi, beta &#8211; blokatori su u\u010dinkoviti.<\/li>\n<li>Undulacija atrija &#8211; brz, nepravilan ritam atrija, u\u010dinkoviti lijekovi digoksin, verapamil, te beta-blokatori.<\/li>\n<li>Trajna fibrilacija atrija &#8211; trajno brzi, nepravilni otkucaji atrija, bolesnik osje\u0107a nelagodu i pritisak u prsima, mo\u017ee se javiti nemo\u0107 ili nedostatak zraka, a postoji i prijetnja od sistemske embolije, pa se daje antikoagulacijska profilaksa. U lije\u010denju se koristi verapamil i beta-blokatori.<\/li>\n<li>Paroksizmalna fibrilacija atrija &#8211; intermitentan, brz i nepravilan atrijski ritam, simptomi \u010desto vrlo neugodni zbog dramati\u010dnih promjena sr\u010dane frekvencije i ritma.<\/li>\n<li>Atrijska tahikardija &#8211; ubrzan, pravilan ritam atrija.<\/li>\n<li>Ventrikulske ekstrasistole &#8211; preuranjeni otkucaji \/ kontrakcije ventrikula (sr\u010dane klijetke).<\/li>\n<li>Ventrikularna tahikardija &#8211; slijed od tri ili vi\u0161e uzastopnih ventrikulskih otkucaja s frekvencijom iznad 120 otkucaja u minuti.<\/li>\n<li>Fibrilacija ventrikula &#8211; brz i nepravilan ventrikulski ritam.<\/li>\n<li>Atrioventrikularni blok &#8211; sr\u010dani blok, prema ja\u010dini razlikuju se I, II, III stepen.<\/li>\n<li>Blok grane &#8211; djelomi\u010dan ili potpun prekid elektri\u010dne provodljivosti kroz sr\u010dana vlakna (Hisov snop).<\/li>\n<\/ul>\n<p style=\"text-align: justify;\">\n<strong>Dijagnosti\u010dka obrada<\/strong><br \/>\nNaj\u010de\u0161\u0107e je anamneza dovoljna za postavljanje dijagnoze. Uzimanjem anamneze treba razlu\u010diti povremene kratke epizode aritmije od trajnijih aritmija. Pregled pulsa i jugularnog venskog pulsa za vrijeme aritmije daje precizniju dijagnozu, a EKG (elektrokardiogram) predstavlja glavni dijagnosti\u010dki postupak. Ve\u0107ina aritmija ne uzrokuje simptome, te nema hemodinamske ni prognosti\u010dke va\u017enosti, no mogu kod pacijenta uzrokovati tjeskobu, te je u tom slu\u010daju va\u017eno umiriti pacijenta.<\/p>\n<p><strong>Lije\u010denje <\/strong>Kod najva\u017enijih aritmija temelj lije\u010denja je njihovo suzbijanje pomo\u0107u lijekova. Univerzalno u\u010dinkovitog lijeka nema, stoga je izbor lijeka te\u017eak i \u010desto empirijski. Postoji nekoliko skupina antiaritmika koji se razlikuju prema mehanizmu djelovanja. U lije\u010denju je jo\u0161 mogu\u0107a primjena elektrostimulatora, te kirur\u0161ki zahvat. Izbor terapije i na\u010dina lije\u010denja odre\u0111uje lije\u010dni\u010dki tim prema vrsti aritmije, simptomima, te stanju pacijenta.<\/p>\n","protected":false},"excerpt":{"rendered":"<p>Aritmije su naziv za poreme\u0107aj sr\u010danog ritma. Klini\u010dka slika Aritmije se mogu o\u010ditavati palpitacijama (osje\u0107aj lupanja srca) ili te\u017eim simptomima uzrokovanim hemodinamskim poreme\u0107ajima (poreme\u0107aj krvotoka). Palpitacije mogu nastati zbog poja\u010dane snage kontrakcije srca ili zbog poreme\u0107aja sr\u010danog ritma. Aritmije du\u017eeg trajanja, bradikardije ili tahikardije, \u010desto uzrokuju vrtoglavice i gubitak svijesti, \u0161to mo\u017ee onesposobiti pacijenta ili&hellip;<\/p>\n","protected":false},"author":1,"featured_media":16294,"parent":0,"menu_order":0,"comment_status":"closed","ping_status":"closed","template":"","meta":{"footnotes":""},"class_list":["post-1233","page","type-page","status-publish","has-post-thumbnail","hentry","description-off"],"_links":{"self":[{"href":"https:\/\/www.ukctuzla.ba\/ukctuzla\/index.php?rest_route=\/wp\/v2\/pages\/1233","targetHints":{"allow":["GET"]}}],"collection":[{"href":"https:\/\/www.ukctuzla.ba\/ukctuzla\/index.php?rest_route=\/wp\/v2\/pages"}],"about":[{"href":"https:\/\/www.ukctuzla.ba\/ukctuzla\/index.php?rest_route=\/wp\/v2\/types\/page"}],"author":[{"embeddable":true,"href":"https:\/\/www.ukctuzla.ba\/ukctuzla\/index.php?rest_route=\/wp\/v2\/users\/1"}],"replies":[{"embeddable":true,"href":"https:\/\/www.ukctuzla.ba\/ukctuzla\/index.php?rest_route=%2Fwp%2Fv2%2Fcomments&post=1233"}],"version-history":[{"count":1,"href":"https:\/\/www.ukctuzla.ba\/ukctuzla\/index.php?rest_route=\/wp\/v2\/pages\/1233\/revisions"}],"predecessor-version":[{"id":1234,"href":"https:\/\/www.ukctuzla.ba\/ukctuzla\/index.php?rest_route=\/wp\/v2\/pages\/1233\/revisions\/1234"}],"wp:featuredmedia":[{"embeddable":true,"href":"https:\/\/www.ukctuzla.ba\/ukctuzla\/index.php?rest_route=\/wp\/v2\/media\/16294"}],"wp:attachment":[{"href":"https:\/\/www.ukctuzla.ba\/ukctuzla\/index.php?rest_route=%2Fwp%2Fv2%2Fmedia&parent=1233"}],"curies":[{"name":"wp","href":"https:\/\/api.w.org\/{rel}","templated":true}]}}