{"id":1247,"date":"2016-02-24T09:20:57","date_gmt":"2016-02-24T09:20:57","guid":{"rendered":"http:\/\/10.0.0.65\/ukctuzla3\/?page_id=1247"},"modified":"2016-02-24T09:20:57","modified_gmt":"2016-02-24T09:20:57","slug":"celijakija","status":"publish","type":"page","link":"https:\/\/www.ukctuzla.ba\/ukctuzla\/?page_id=1247&lang=bs","title":{"rendered":"Celijakija"},"content":{"rendered":"<p>Malapsorpcija je sindrom nedovoljne apsorpcije jednostavnih hranjivih tvari (aminokiselina, masti, vitamina ili monosaharida) u crijevu. Malapsorpciju mogu izazvati mnoge bolesti.<\/p>\n<p><span style=\"color: #3b5576;\"><strong>\u0160to je celijakija? <\/strong><\/span><br \/>\nCelijakija je nasljedni poreme\u0107aj koji uzrokuje osjetljivost na gluten, bjelan\u010devinu \u017eitarica koja se prete\u017eno nalazi u p\u0161enici, ra\u017ei te manjim dijelom u je\u010dmu i zobi. Ne mo\u017ee se probaviti, o\u0161te\u0107uje sluznicu crijeva i sprje\u010dava probavu druge hrane.<\/p>\n<p><span style=\"color: #3b5576;\"><strong>Opis bolesti <\/strong><\/span><br \/>\nDugotrajna malapsorpcija va\u017enih hranjivih tvari dovodi do promjena u gra\u0111i i funkciji crijeva.<\/p>\n<p><span style=\"color: #3b5576;\"><strong>Tko obolijeva?<\/strong><\/span><br \/>\nJedinstveni genetski biljeg nije poznat. Mo\u017eete dobiti celijakiju ako je ima neko iz va\u0161e porodice. Mo\u017ee se javiti u dje\u010djoj i odrasloj dobi. Kod \u017eena se manifestira ranije nego kod mu\u0161karaca.<\/p>\n<p><span style=\"color: #3b5576;\"><strong>Simptomi<\/strong><\/span><br \/>\nCelijakija se ponekad javlja u djetinjstvu, prije tre\u0107e godine \u017eivota. Djeca koja boluju od celijakije osje\u0107aju se nemirno i nervozno, gube na te\u017eini i op\u0107enito zaostaju u tjelesnom razvoju. Imaju obilne i blijede stolice neugodna mirisa. Mo\u017ee se javiti i nadutost. Ako se bolest pojavi u odrasloj dobi, mogu se pojaviti razni simptomi, od proljeva, stolice s posebnim mirisom i gubitka te\u017eine do postupnog umora. U \u017eena mo\u017ee do\u0107i do poreme\u0107aja u menstrualnom ciklusu, tj. prestanka menstruacije i neredovitih menstruacija. Ako mislite da je va\u0161e dijete prestalo dobivati na te\u017eini ili vrlo malo dobiva na te\u017eini odvedite ga na pregled kod dje\u010djeg ljekara . Ako se odrasla osoba stalno osje\u0107a umornom bez nekog posebnog razloga ima \u010deste proljeve i stolice neobi\u010dnog izgleda (npr. ako se te\u0161ko ispiru sa \u0161koljke) tada mora posjetiti ljekara .<\/p>\n<p><span style=\"color: #3b5576;\"><strong>Koje se pretrage mogu napraviti?<\/strong><\/span><br \/>\nLjekara mo\u017ee zapo\u010deti s pretragama krvi. Mo\u017eda \u0107ete morati davati stolice nekoliko dana zbog laboratorijskih testova. Nakon rezultata prvih pretraga ljekara \u0107e uputiti bolesnika na daljnju obradu.<\/p>\n<p><span style=\"color: #3b5576;\"><strong>Lije\u010denje<\/strong><\/span><br \/>\nIz prehrane treba odmah izbaciti gluten. To zna\u010di da se mora izbjegavati sve \u0161to sadr\u017ei p\u0161enicu, uklju\u010duju\u0107i obi\u010dni kruh, tijesto, kola\u010de, slastice i neke \u017eitarice. Tako\u0111er se mora izbjegavati hrana koja sadr\u017ei ra\u017e, zob i je\u010dam. Postoje proizvodi bez glutena (bra\u0161no, kruh, tijesto) koje se mogu nabaviti. Do kraja \u017eivota mora se biti na bezglutenskoj dijeti. To na prvi pogled mo\u017ee izgledati kao problem, ali va\u0161 ljekara mo\u017ee vas uputiti dijeteti\u010daru koji \u0107e vam dati dobre ideje i savjete. Mo\u017eete kupiti posebne kuharice za dijetu bez glutena, kao i posebne bro\u0161ure Dru\u0161tva oboljelih od celijakije. Ako je malapsorpcija nastala zbog neke druge bolesti (npr. malapsorpcija masti zbog upale gu\u0161tera\u010de) tj. ako se ne radi o celijakiji, potrebno je lije\u010diti uzrok.<\/p>\n<p><span style=\"color: #3b5576;\"><strong>Prognoza <\/strong><\/span><br \/>\nProvjeravanje svega \u0161to jedete kako bi bili sigurni da ne sadr\u017eava p\u0161enicu prije\u0107i \u0107e vam u naviku. \u010cak i mala koli\u010dina glutena mo\u017ee vratiti simptome i o\u0161tetiti crijeva te je stoga vrlo va\u017eno da se strogo dr\u017eite dijete. Kad zapo\u010dnete dijetu bez glutena, simptomi bi trebali nestati, a ljekara \u0107ete morati posjetiti samo u slu\u010daju ako se pojave problemi. Celijakija je ozbiljna bolest, ali pridr\u017eavanjem dijete i po\u0161tivanjem uputa ljekara , mo\u017ee se sasvim normalno \u017eivjeti i raditi. Ako se simptomi ponovno jave, ponovno dobijete proljev koji bi potrajao sedmicu ili dvije, ili ako iznenada izgubite na te\u017eini, posjetite svoga ljekara .<\/p>\n","protected":false},"excerpt":{"rendered":"<p>Malapsorpcija je sindrom nedovoljne apsorpcije jednostavnih hranjivih tvari (aminokiselina, masti, vitamina ili monosaharida) u crijevu. Malapsorpciju mogu izazvati mnoge bolesti. \u0160to je celijakija? Celijakija je nasljedni poreme\u0107aj koji uzrokuje osjetljivost na gluten, bjelan\u010devinu \u017eitarica koja se prete\u017eno nalazi u p\u0161enici, ra\u017ei te manjim dijelom u je\u010dmu i zobi. Ne mo\u017ee se probaviti, o\u0161te\u0107uje sluznicu crijeva&hellip;<\/p>\n","protected":false},"author":1,"featured_media":16294,"parent":0,"menu_order":0,"comment_status":"closed","ping_status":"closed","template":"","meta":{"footnotes":""},"class_list":["post-1247","page","type-page","status-publish","has-post-thumbnail","hentry","description-off"],"_links":{"self":[{"href":"https:\/\/www.ukctuzla.ba\/ukctuzla\/index.php?rest_route=\/wp\/v2\/pages\/1247","targetHints":{"allow":["GET"]}}],"collection":[{"href":"https:\/\/www.ukctuzla.ba\/ukctuzla\/index.php?rest_route=\/wp\/v2\/pages"}],"about":[{"href":"https:\/\/www.ukctuzla.ba\/ukctuzla\/index.php?rest_route=\/wp\/v2\/types\/page"}],"author":[{"embeddable":true,"href":"https:\/\/www.ukctuzla.ba\/ukctuzla\/index.php?rest_route=\/wp\/v2\/users\/1"}],"replies":[{"embeddable":true,"href":"https:\/\/www.ukctuzla.ba\/ukctuzla\/index.php?rest_route=%2Fwp%2Fv2%2Fcomments&post=1247"}],"version-history":[{"count":1,"href":"https:\/\/www.ukctuzla.ba\/ukctuzla\/index.php?rest_route=\/wp\/v2\/pages\/1247\/revisions"}],"predecessor-version":[{"id":1248,"href":"https:\/\/www.ukctuzla.ba\/ukctuzla\/index.php?rest_route=\/wp\/v2\/pages\/1247\/revisions\/1248"}],"wp:featuredmedia":[{"embeddable":true,"href":"https:\/\/www.ukctuzla.ba\/ukctuzla\/index.php?rest_route=\/wp\/v2\/media\/16294"}],"wp:attachment":[{"href":"https:\/\/www.ukctuzla.ba\/ukctuzla\/index.php?rest_route=%2Fwp%2Fv2%2Fmedia&parent=1247"}],"curies":[{"name":"wp","href":"https:\/\/api.w.org\/{rel}","templated":true}]}}