{"id":1256,"date":"2016-02-24T09:38:19","date_gmt":"2016-02-24T09:38:19","guid":{"rendered":"http:\/\/10.0.0.65\/ukctuzla3\/?page_id=1256"},"modified":"2018-03-15T12:16:17","modified_gmt":"2018-03-15T11:16:17","slug":"bolestimetode-i-preporuke-d","status":"publish","type":"page","link":"https:\/\/www.ukctuzla.ba\/ukctuzla\/?page_id=1256&lang=bs","title":{"rendered":"Bolesti,metode i preporuke (D)"},"content":{"rendered":"<p><span style=\"color: #800000;\"><span style=\"font-size: 10pt;\"><strong>D<\/strong><\/span><\/span><\/p>\n<p><a href=\"https:\/\/www.ukctuzla.ba\/ukctuzla\/wp-content\/uploads\/2016\/02\/Daruj-\u017eivot-Postani-\u010dlan-donorske-mre\u017ee.pdf\">Daruj \u017eivot &#8211; Postani \u010dlan donorske mre\u017ee<\/a><\/p>\n<p><span style=\"color: #800000;\"><span style=\"font-size: 10pt;\"><strong><a href=\"https:\/\/www.ukctuzla.ba\/ukctuzla\/?page_id=1255\" target=\"_blank\" rel=\"noopener\"><span style=\"font-size: 8pt;\">Depresija<\/span><\/a><br \/>\n<\/strong><\/span><\/span><\/p>\n<p>Dijaliza<br \/>\n<a href=\"https:\/\/www.ukctuzla.ba\/ukctuzla\/images\/stories\/ukc\/Bolesti\/dijaliza.pdf\" target=\"_blank\" rel=\"noopener\"><strong><span style=\"font-size: 8pt;\">\u017dIVOT S DIJALIZOM<\/span><\/strong><br \/>\n<strong><span style=\"font-size: 8pt;\">&#8211; upute za predijalizne i dijalizne bolesnike &#8211; (157 KB, pdf<\/span>)<\/strong><\/a><\/p>\n<p><a href=\"https:\/\/www.ukctuzla.ba\/ukctuzla\/wp-content\/uploads\/2016\/02\/Dijete-sa-prekomjernom-te\u017einom.pdf\">Dijete sa prekomjernom te\u017einom<\/a><\/p>\n<p>Dojenje<br \/>\n<strong><a href=\"https:\/\/www.ukctuzla.ba\/ukctuzla\/?page_id=1258\" target=\"_blank\" rel=\"noopener\"><span style=\"font-size: 8pt;\">(Za\u0161to dojenje treba da bude informirani izbor svake majke)<\/span><\/a><\/strong><\/p>\n","protected":false},"excerpt":{"rendered":"<p>D Daruj \u017eivot &#8211; Postani \u010dlan donorske mre\u017ee Depresija Dijaliza \u017dIVOT S DIJALIZOM &#8211; upute za predijalizne i dijalizne bolesnike &#8211; (157 KB, pdf) Dijete sa prekomjernom te\u017einom Dojenje (Za\u0161to dojenje treba da bude informirani izbor svake majke)<\/p>\n","protected":false},"author":1,"featured_media":16294,"parent":0,"menu_order":0,"comment_status":"closed","ping_status":"closed","template":"","meta":{"footnotes":""},"class_list":["post-1256","page","type-page","status-publish","has-post-thumbnail","hentry","description-off"],"_links":{"self":[{"href":"https:\/\/www.ukctuzla.ba\/ukctuzla\/index.php?rest_route=\/wp\/v2\/pages\/1256","targetHints":{"allow":["GET"]}}],"collection":[{"href":"https:\/\/www.ukctuzla.ba\/ukctuzla\/index.php?rest_route=\/wp\/v2\/pages"}],"about":[{"href":"https:\/\/www.ukctuzla.ba\/ukctuzla\/index.php?rest_route=\/wp\/v2\/types\/page"}],"author":[{"embeddable":true,"href":"https:\/\/www.ukctuzla.ba\/ukctuzla\/index.php?rest_route=\/wp\/v2\/users\/1"}],"replies":[{"embeddable":true,"href":"https:\/\/www.ukctuzla.ba\/ukctuzla\/index.php?rest_route=%2Fwp%2Fv2%2Fcomments&post=1256"}],"version-history":[{"count":8,"href":"https:\/\/www.ukctuzla.ba\/ukctuzla\/index.php?rest_route=\/wp\/v2\/pages\/1256\/revisions"}],"predecessor-version":[{"id":5704,"href":"https:\/\/www.ukctuzla.ba\/ukctuzla\/index.php?rest_route=\/wp\/v2\/pages\/1256\/revisions\/5704"}],"wp:featuredmedia":[{"embeddable":true,"href":"https:\/\/www.ukctuzla.ba\/ukctuzla\/index.php?rest_route=\/wp\/v2\/media\/16294"}],"wp:attachment":[{"href":"https:\/\/www.ukctuzla.ba\/ukctuzla\/index.php?rest_route=%2Fwp%2Fv2%2Fmedia&parent=1256"}],"curies":[{"name":"wp","href":"https:\/\/api.w.org\/{rel}","templated":true}]}}