{"id":1258,"date":"2016-02-24T09:37:56","date_gmt":"2016-02-24T09:37:56","guid":{"rendered":"http:\/\/10.0.0.65\/ukctuzla3\/?page_id=1258"},"modified":"2016-02-24T09:37:56","modified_gmt":"2016-02-24T09:37:56","slug":"zasto-dojenje-treba-da-bude-informirani-izbor-svake-majke","status":"publish","type":"page","link":"https:\/\/www.ukctuzla.ba\/ukctuzla\/?page_id=1258&lang=bs","title":{"rendered":"ZA\u0160TO DOJENJE TREBA DA BUDE INFORMIRANI IZBOR SVAKE MAJKE"},"content":{"rendered":"<p>Maj\u010dino mlijeko je idealna hrana za razvoj svih organa a posebno mozga. Dojenje osna\u017euje \u017eenu i \u010dini je svjesnom da radi najbolje za svoje dijete. Dojena djeca br\u017ee sazrijevaju, osje\u0107aju sigurnost u krilu majke \u0161to im kasnije poma\u017ee da se razviju u stabilne li\u010dnosti Maj\u010dino mlijeko i dojenje nema zamjene. Dojenje je vi\u0161e od hranjenja. Ono zadovoljava sve potrebe djeteta kao \u0161to mlijeko drugih sisara zadovoljavapotrebe mladun\u010dadi upravo njihove vrste.<br \/>\n<strong><br \/>\nHranljivi kvaliteti maj\u010dinog mlijeka<\/strong><br \/>\nMaj\u010dino mlijeko je idealna hrana za razvoj svih organa a posebno mozga. Specifi\u010dnost sastava koji se mijenja kako u toku dana tako i tokom sazrijevanja djeteta daje mu jedinstvenost koju tehnologija ne mo\u017ee imitirati. Holesterol i ostali mikroelementi se lahko koriste iz maj\u010dinog mlijeka dok ih u kravljem mlijeku ili nema ili se te\u0161ko iskori\u0161tavaju.<br \/>\nSavr\u0161eni sklad sastava potrebnih elemenata u maj\u010dinom mlijeku omogu\u0107ava rast i adekvatan razvoj mozga djeteta \u0161to je od izuzetne va\u017enosti za savr\u0161en intelektualni razvoj djeteta. Sastav bjelan\u010devina u maj\u010dinom mlijeku je takav da pored uloge u rastu djeteta imaju ulogu u za\u0161titi od infekcija podsti\u010du\u0107i rast i prenos mikroelemenata potrebnih za funkcionisanje cijelog organizma. Za\u0161tita od infekcija koju pru\u017ea maj\u010dino mlijeko zasniva se na prisustvu leukocita, antitijela i drugih aktivnih faktora koji predstavljaju za\u0161titu od infekcija svih organa.<br \/>\nTo su ograni za disanje, mokra\u0107ni kanali, organi za varenje i ostali. Posebno treba istaknuti za\u0161titu od proliva, upale uha, akutnih i hroni\u010dnih upalnih promjena kao i alergijskih manifestacija kao \u0161to je astma, auto-imune bolesti i druga obolenja. Manje je malignih oboljenja kao i ostalih hroni\u010dnih bolesti poput \u0161e\u0107erne bolesti, hroni\u010dne upale crijeva i sli\u010dne bolesti. Dojena djeca br\u017ee sazrijevaju, osje\u0107aju sigurnost u krilu majke \u0161to im kasnije poma\u017ee da se razviju u stabilne li\u010dnosti. Bolji razvoj nervnog sistema im omogu\u0107ava bolji razvoj vida, sluha kao i mentalne sposobnosti.<\/p>\n<p><strong>Prednosti dojenja za majku<\/strong><br \/>\nDojenje smanjuje rizik od obolijevanja od raka jajnika kao i raka dojke. Oporavak od poroda kao i vra\u0107anje na te\u017einu prije trudno\u0107e je br\u017ee kod dojilja. Dojenje osna\u017euje \u017eenu i \u010dini je svjesnom da radi najbolje za svoje dijete. To zadovoljstvo je ve\u0107e i od sre\u0107e koju osje\u0107a u toku trudno\u0107e. Dojenje razvija kod majke osje\u0107aj samopouzdanja kao i razvoj specifi \u010dne veze sa djetetom. Dojenje smanjuje rizik od osteoporoze jer se u tom periodu pove\u0107ava sposobnost organizma da resorbuje i \u010duva kacijum.<\/p>\n<p><strong>Koja stanja zahtijevaju procjenu stru\u010dnjaka kako hraniti dojen\u010de?<\/strong><br \/>\nProlazne infekcije majke kao \u0161to su prehlada, infekcije mokra\u0107nih kanala, upale organa za varenje nisu prepreka za dojenje. To su prolazne virusne ili bakterijske infekcije na koje majka stvara antitijela koja putem mlijeka daje dojen\u010detu i tako ga \u0161titi od infekcija koje ona boluje. Me\u0111utim ako majka boluje od bolesti koje ugro\u017eavaju njen \u017eivot onda je opravdano ne savjetovati dojenje. Posebno neopravdan strah postoji ako majka uzima lijekove. Svaku situaciju u kojoj majka uzima lijek treba procijeniti i donijeti stru\u010dnu odluku uz konsultaciju literature koja daje obrazlo\u017eenje za svaku terapiju majke.<br \/>\n<strong><br \/>\nIma li stanja kad ne bi trebalo dojiti?<\/strong><br \/>\nTo su rijetke bolesti metabolizma kod djece kao \u0161to je galaktozemija gdje postoji nemogu\u010dnost kori\u0161tenja \u0161e\u0107era iz maj\u010dinog mlijeka pa se savjetuju specijalni pripravci bez laktoze.<\/p>\n<p><strong>Kako nastaje maj\u010dino mlijeko?<\/strong><br \/>\nKada se porodite i posteljica iza\u0111e, nivo hormona koji su odr\u017eavali trudno\u0107u opada. To je preduslov da drugi hormon, prolaktin, po\u010dinje da se lu\u0107i i on je odgovoran za stvaranje mlijeka. Prolaktin se osloba\u0111a na podra\u017eaj novoro\u0111en\u010deta kada pravi pokrete sisanja. Podra\u017eaj bradavice \u0161alje signal hipofi zi da lu\u0107i prolaktin. Pored prolaktina hipofiza lu\u010di oksitocin koji djeluje na mi\u0161i\u0107ne niti oko \u0107elija koje stvaraju mlijeko i ono se skuplja u mlije\u010dnim kanalima.<\/p>\n<p><strong>Kako uspjeti u dojenju?<\/strong><br \/>\n1. Potrebno je da oba roditelja pro\u0111u te\u010daj o dojenju, dok je majka jo\u0161 u fazi trudno\u0107e.<br \/>\n2. Treba znati princip kako grudi funkcioni\u0161u.<br \/>\nPoslije 38 nedelja trudno\u0107e mogu\u0107e je izmusti kolostrum (prvo mlijeko) i to je prilika da se majka nau\u010di tehnici izmuzanja.<br \/>\n3. Odmah po ro\u0111enju treba novoro\u0111en\u010de staviti na prsa da otpo\u010dne sa podojem.<br \/>\n4. Primjena pravilne tehnike je neophodna da bi novoro\u0111en\u010de dobro sisalo.<\/p>\n<p><strong>Poslije poroda<\/strong><br \/>\nU prvih 30 minuta po porodu potrebno je staviti novoro\u0111en\u010de na prsa i ponuditi da doji.<br \/>\nMedicinski radnik \u0107e pokazati majci kako staviti novoro\u0111en\u010de na prsa. Novoro\u0111en\u010de \u0107e biti budno oko jedan sat po ro\u0111enju i treba taj period iskoristiti za kontakt sa majkom i dojenje. Kolostrum je prvo mlijeko. Ono se stvara u manjoj koli\u010dini po\u0161to je u po\u010detku malo mljeka potrebno novoro\u0111en\u010detu. Ono je veoma vrijedno I predstavja prvu imunizaciju novoro\u0111en\u010deta. Tako\u0111er ima i ulogu laksativa \u0161to poma\u017ee novoro\u0111en\u010detu da izbaci prvu stolicu, a to je zna\u010dajno da se izbjegne rana novoro\u0111ena\u010dka \u017eutica.<\/p>\n<p><strong>Kako dojiti?<\/strong><br \/>\nPrije podoja namjestite se udobno. Prakti\u010dnije je dojiti sjede\u0107i na stolici nego na krevetu. Mo\u017eete staviti jastuk na krilo da bi lak\u0161e pridr\u017eavali dijete. Pripremite neko pi\u0107e da vam je pri ruci po\u0161to ve\u0107ina majki o\u017eedni u toku podoja. U po\u010detku je bolje raskomotiti novoro\u0111en\u010de da ga toplota ne uspavljuje. Ono voli da se priljubi uz ko\u017eu majke jer se tako osje\u0107a sigurnim i lak\u0161e mu je dojiti.<\/p>\n<p><strong>Kako pridr\u017eavati novoro\u0111en\u010de za podoj?<\/strong><br \/>\nAko imate dobro iskustvo sa dojenjem predhodne djece onda primijenite tehniku koju preferirate. Me\u0111utim, ako ranije niste dojili i nemate iskustvo slijedite ovo upustvo: Novoro\u0111en\u010de treba prihvatiti tako da glava bude naspram bradavice. Lakat neka poslu\u017ei za pridr\u017eavanje glave. Vrat novoro\u0111en\u010deta pridr\u017eavati uz pomo\u0107 ra\u0161irenih prstiju \u0161ake. Glava djeteta neka je izme\u0111u palca i ostalih prstiju.<br \/>\n<strong><br \/>\nKako priljubiti novoro\u0111en\u010de na dojku?<\/strong><br \/>\nAko po\u010dinje\u0161 dojenje na lijevoj dojci pridr\u017eavaj je sa lijevom rukom. Prsti treba da budu iza sme\u0111eg kruga. Mali prst treba da dodiruje rebro, palac je sa gornje strane iza ivice areole (sme\u0111eg kruga). Bradavica je u nivou nosa kako bi novoro\u0111en\u010dete osjetilo miris mlijeka i \u0161iroko otvorilo usta.<br \/>\n<strong><br \/>\nPrva sedmica<\/strong><br \/>\nDojenje je zadovoljstvo i za majku i za dijete. Me\u0111utim, neke majke trebaju vi\u0161e pomo\u0107i nego druge. Svaki par majka-dijete je jedinstven pa \u010dak postoji razlika i u odnosu na predhodno dijete. Djeca se razlikuju u potrebama tako da je va\u017eno nau\u010diti \u0161ta je normalno a \u0161ta nije, da bi \u0161to lak\u0161e prevazli\u0161li pote\u0161ko\u0107e sa kojima se susre\u0107ete prvih dana.<\/p>\n<p><strong>Pitanja u vezi sa dojenjem Jedna dojka ili obadvije u toku hranjenja?<\/strong><br \/>\nUvijek ponuditi obje dojke za svako hranjenje. Dozvoli novoro\u0111en\u010detu da kompletno posisa mlijeko iz jedne dojke prije nego \u0161to ponudite drugu. Neka novoro\u0111en\u010dad poslije dojenja na jednoj dojci postanu pospana i izgledaju sita. Ovaj perdiod se mo\u017eeiskoristiti da se promijene pelene i ako i dalje ostane pospano zna\u010di da je zadovoljno i sito, a ako poka\u017ee interes da jo\u0161 doji treba mu dozvoliti.<\/p>\n<p><strong>Koju dojku ponuditi prvu?<\/strong><br \/>\nPo\u010dni sa drugom dojkom u odnosu na poslednje dojenje.<\/p>\n<p><strong>Kako \u010desto i koliko dugo treba dojiti?<\/strong><br \/>\nNovoro\u0111en\u010de diktira du\u017einu i u\u010destalost podoja. Ako dojenje traje dugo posavjetujte se sa stru\u010dnjakom za dojenje da provjeri je li tehnika dojenja korektna.<\/p>\n<p><strong>Treba li novoro\u0111en\u010detu davati cuclu?<\/strong><br \/>\nNe dajite cuclu iz vi\u0161e razloga. Jedan od njih je da bi novoro\u0111en\u010de \u0161to \u010de\u0161\u0107e dojilo i tako navuklo mlijeka onoliko koliko mu treba.<\/p>\n<p><strong>Kako znati da li imam dovoljno mlijeka?<\/strong><br \/>\nZnaci dobre dojilje su:<br \/>\n1. Novoro\u0111en\u010de \u010desto mokri bistru mokra\u0107u<br \/>\n2. Ima \u010desto stolicu, \u017eute boje<br \/>\n3. Zadovoljno je poslije podoja<br \/>\n4. Dobro napreduje na te\u017eini<\/p>\n<p><strong>Treba li pojiti novoro\u0111en\u010de?<\/strong><br \/>\nNe treba pojiti novoro\u0111en\u010de. U po\u010detko podoja mlijeko je vodenije i ugasiti \u0107e \u017ee\u0111. U toku toplijeg vremena treba ih \u010de\u0161\u0107e dojiti tako da \u0107e \u010destim podojima dobiti vi\u0161e predmlijeka (mlijeka sa ve\u0107om koli\u010dinom vode), koje zadovoljava potrebe za te\u010dno\u0161\u0107u.Prema tome nema potrebe za dodatnopojenje.<\/p>\n<p>Posljedice dodavanja kravljeg mlijeka ili mlije\u010dnih formula djetetu koje je na prirodnoj ishrani<br \/>\nKoli\u010dina mlijeka u prsima zavisi od koli\u010dine kuju je dojen\u010de posisalo. \u0160to \u010de\u0161\u0107e doji to je nadolazak mlijeka u prsa majke ve\u0107i. Ako se taj ritam poremeti uvo\u0111enjem nekog drugog mlijeka, prsa majke \u0107e<br \/>\nlu\u010diti manje mlijeka. Sisanje uz pomo\u0107 cucle je druga\u010dije nego uz pomo\u0107 bradavice tako da se kod dojen\u010deta stvara konfuzija zbog \u010dega te\u017ee prihvata bradavicu.<br \/>\nU crijevima se nalazi normalno veliki broj bakterija. Vje\u0161ta\u010dko mlijeko uni\u0161tava crijevnu za\u0161titu koju maj\u010dino mlijeko obezbje\u0111uje \u0161to predstavlja veliki rizik za infekcije. Dojen\u010dad na vje\u0161ta\u010dkoj ishrani vi\u0161e boluju od \u0161e\u0107erne dolesti, astme, ekcema, alergija i mnogih drugih oboljenja.<\/p>\n<p><strong>Ishrana u periodu dojenja<\/strong><br \/>\nU periodu dojenja majka ima potrebu za vi\u0161e kalorija, zbog \u010dega \u010de\u0161\u0107e I osje\u0107a glad. Raznovrsna zdrava hrana je neophodna. Nema potrebe izbjegavati bilo koju hranu,neka apetit bude vodilja i za koli\u010dinu i za izbor hrane. Te\u010dnost uzimati prema osje\u0107aju \u017ee\u0111i. Kofein prelazi u mlijeko pa ga treba uzimati u umjerenoj koli\u010dini, kao i kolu i \u010dokoladu.<br \/>\n<strong><br \/>\nAlkohol i pu\u0161enje<\/strong><br \/>\nPu\u0161enje nije zdravo kako za majku tako i za dojen\u010de. I alkohol je \u0161tetan kako za majku<br \/>\ntako I za dojen\u010de po\u0161to prelazi u mlijeko.<\/p>\n","protected":false},"excerpt":{"rendered":"<p>Maj\u010dino mlijeko je idealna hrana za razvoj svih organa a posebno mozga. Dojenje osna\u017euje \u017eenu i \u010dini je svjesnom da radi najbolje za svoje dijete. Dojena djeca br\u017ee sazrijevaju, osje\u0107aju sigurnost u krilu majke \u0161to im kasnije poma\u017ee da se razviju u stabilne li\u010dnosti Maj\u010dino mlijeko i dojenje nema zamjene. Dojenje je vi\u0161e od hranjenja.&hellip;<\/p>\n","protected":false},"author":1,"featured_media":16294,"parent":0,"menu_order":0,"comment_status":"closed","ping_status":"closed","template":"","meta":{"footnotes":""},"class_list":["post-1258","page","type-page","status-publish","has-post-thumbnail","hentry","description-off"],"_links":{"self":[{"href":"https:\/\/www.ukctuzla.ba\/ukctuzla\/index.php?rest_route=\/wp\/v2\/pages\/1258","targetHints":{"allow":["GET"]}}],"collection":[{"href":"https:\/\/www.ukctuzla.ba\/ukctuzla\/index.php?rest_route=\/wp\/v2\/pages"}],"about":[{"href":"https:\/\/www.ukctuzla.ba\/ukctuzla\/index.php?rest_route=\/wp\/v2\/types\/page"}],"author":[{"embeddable":true,"href":"https:\/\/www.ukctuzla.ba\/ukctuzla\/index.php?rest_route=\/wp\/v2\/users\/1"}],"replies":[{"embeddable":true,"href":"https:\/\/www.ukctuzla.ba\/ukctuzla\/index.php?rest_route=%2Fwp%2Fv2%2Fcomments&post=1258"}],"version-history":[{"count":1,"href":"https:\/\/www.ukctuzla.ba\/ukctuzla\/index.php?rest_route=\/wp\/v2\/pages\/1258\/revisions"}],"predecessor-version":[{"id":1259,"href":"https:\/\/www.ukctuzla.ba\/ukctuzla\/index.php?rest_route=\/wp\/v2\/pages\/1258\/revisions\/1259"}],"wp:featuredmedia":[{"embeddable":true,"href":"https:\/\/www.ukctuzla.ba\/ukctuzla\/index.php?rest_route=\/wp\/v2\/media\/16294"}],"wp:attachment":[{"href":"https:\/\/www.ukctuzla.ba\/ukctuzla\/index.php?rest_route=%2Fwp%2Fv2%2Fmedia&parent=1258"}],"curies":[{"name":"wp","href":"https:\/\/api.w.org\/{rel}","templated":true}]}}