{"id":1263,"date":"2016-02-24T09:43:16","date_gmt":"2016-02-24T09:43:16","guid":{"rendered":"http:\/\/10.0.0.65\/ukctuzla3\/?page_id=1263"},"modified":"2016-02-24T09:43:16","modified_gmt":"2016-02-24T09:43:16","slug":"epiziotomija","status":"publish","type":"page","link":"https:\/\/www.ukctuzla.ba\/ukctuzla\/?page_id=1263&lang=bs","title":{"rendered":"EPIZIOTOMIJA"},"content":{"rendered":"<p><strong><span style=\"color: #800000;\">EPIZIOTOMIJA<\/span><\/strong><br \/>\nEpiziotomija (urez me\u0111ice) je opstetri\u010dka operacija kojom se re\u017ee me\u0111ica u sredi\u0161njoj liniji ili postrani\u010dno. Obavlja se u svrhu \u0161irenja krajnjeg izlaznog dijela mekog poro\u0111ajnog kanala pri kraju drugog poro\u0111ajnog doba. Epiziotomija se obavlja u interesu majke i ploda.<\/p>\n<p><span style=\"color: #3b5576;\"><strong>Indikacije<\/strong><\/span><br \/>\nPresijecanjem perineuma spre\u010dava se njegov nepravilni rascjep (ruptura perinei) te se time izbjegava o\u0161te\u0107enje dna zdjelice, spu\u0161tanje i prolaps urogenitalnih organa, nevoljno oticanje mokra\u0107e, kao i nastanak vezikovaginalnih i rektovaginalnih fistula.<br \/>\nU interesu ploda epiziotomijom se skra\u0107uje drugo poro\u0111ajno doba i time spre\u010dava razvoj perinatalne asfiksije ploda, \u0161to je naro\u010dito zna\u010dajno kod nedone\u0161enog ploda, krupnog ploda, patolo\u0161kih polo\u017eaja, stava i rotacije ploda i njegove glavice (stav zatkom, stra\u017enji smje\u0161taj glavice ploda, defleksijski stavovi, duboki popre\u010dni stav).<\/p>\n<p><span style=\"color: #3b5576;\"><strong>Tehnika rada<\/strong><\/span><br \/>\nPrema mjestu gdje se pravi urez me\u0111ice razlikujemo: medijalnu, medio-lateralnu i lateralnu epiziotomiju. Medijalna epiziotomija ima prednost, jer se ne re\u017eu mi\u0161i\u0107i ve\u0107 samo medijalna vezivna plo\u010da, a nedostatak joj je \u0161to se mo\u017ee lak\u0161e produ\u017eiti u rascjep sfinktera anusa i rektuma. Lateralna epiziotomija ima prednost, jer ne postoji opasnost njenog pro\u0161irenja u rascjep rektuma. Izvodi se \u010de\u0161\u0107e sa desne strane.<br \/>\nPrije pravljenja ureza me\u0111ica se mo\u017ee anestezirati lokalnim anestetikom, koji se ubrizgva u ko\u017eu i mi\u0161i\u0107no tkivo. Re\u017ee se sterilnim makazama, a zasijeca se ko\u017ea, potko\u017eno tkivo i mi\u0161i\u0107i perineuma (musculus bulbocavernosus, musculus transversus perinei profundus, musculus transversus perinei superfitialis). \u0160ivanje rane epiziotomije vr\u0161i se po slojevima. Prvo se \u0161iju zidovi vagine sa paravaginalnim tkivom, zatim mi\u0161i\u0107i perineuma, potko\u017eno tkivo i ko\u017ea.<\/p>\n<p><span style=\"color: #3b5576;\"><strong>Komplikacije<\/strong><\/span><br \/>\nKomplikacije epiziotomije su hematomi koji nastaju ako se ne podve\u017eu krvni sudovi. Naj\u010de\u0161\u0107a komplikacija je infekcija rane. Inficiranu ranu treba otvoriti, te lije\u010diti antibioticima i lokalno oblozima. Rana u ovom slu\u010daju mo\u017ee zarasti spontano (per secundam) ili se rana naknadno ponovo \u0161ije nakon lije\u010denja infekcije (resutura).<\/p>\n","protected":false},"excerpt":{"rendered":"<p>EPIZIOTOMIJA Epiziotomija (urez me\u0111ice) je opstetri\u010dka operacija kojom se re\u017ee me\u0111ica u sredi\u0161njoj liniji ili postrani\u010dno. Obavlja se u svrhu \u0161irenja krajnjeg izlaznog dijela mekog poro\u0111ajnog kanala pri kraju drugog poro\u0111ajnog doba. Epiziotomija se obavlja u interesu majke i ploda. Indikacije Presijecanjem perineuma spre\u010dava se njegov nepravilni rascjep (ruptura perinei) te se time izbjegava o\u0161te\u0107enje&hellip;<\/p>\n","protected":false},"author":1,"featured_media":16294,"parent":0,"menu_order":0,"comment_status":"closed","ping_status":"closed","template":"","meta":{"footnotes":""},"class_list":["post-1263","page","type-page","status-publish","has-post-thumbnail","hentry","description-off"],"_links":{"self":[{"href":"https:\/\/www.ukctuzla.ba\/ukctuzla\/index.php?rest_route=\/wp\/v2\/pages\/1263","targetHints":{"allow":["GET"]}}],"collection":[{"href":"https:\/\/www.ukctuzla.ba\/ukctuzla\/index.php?rest_route=\/wp\/v2\/pages"}],"about":[{"href":"https:\/\/www.ukctuzla.ba\/ukctuzla\/index.php?rest_route=\/wp\/v2\/types\/page"}],"author":[{"embeddable":true,"href":"https:\/\/www.ukctuzla.ba\/ukctuzla\/index.php?rest_route=\/wp\/v2\/users\/1"}],"replies":[{"embeddable":true,"href":"https:\/\/www.ukctuzla.ba\/ukctuzla\/index.php?rest_route=%2Fwp%2Fv2%2Fcomments&post=1263"}],"version-history":[{"count":1,"href":"https:\/\/www.ukctuzla.ba\/ukctuzla\/index.php?rest_route=\/wp\/v2\/pages\/1263\/revisions"}],"predecessor-version":[{"id":1264,"href":"https:\/\/www.ukctuzla.ba\/ukctuzla\/index.php?rest_route=\/wp\/v2\/pages\/1263\/revisions\/1264"}],"wp:featuredmedia":[{"embeddable":true,"href":"https:\/\/www.ukctuzla.ba\/ukctuzla\/index.php?rest_route=\/wp\/v2\/media\/16294"}],"wp:attachment":[{"href":"https:\/\/www.ukctuzla.ba\/ukctuzla\/index.php?rest_route=%2Fwp%2Fv2%2Fmedia&parent=1263"}],"curies":[{"name":"wp","href":"https:\/\/api.w.org\/{rel}","templated":true}]}}