{"id":1273,"date":"2016-02-24T09:50:50","date_gmt":"2016-02-24T09:50:50","guid":{"rendered":"http:\/\/10.0.0.65\/ukctuzla3\/?page_id=1273"},"modified":"2016-02-24T09:50:50","modified_gmt":"2016-02-24T09:50:50","slug":"gljivicna-infekcija-noktiju","status":"publish","type":"page","link":"https:\/\/www.ukctuzla.ba\/ukctuzla\/?page_id=1273&lang=bs","title":{"rendered":"Gljivi\u010dna infekcija noktiju"},"content":{"rendered":"<p style=\"text-align: justify;\">Gljivi\u010dna infekcija noktiju \u0161ake ili stopala u medicinskoj se terminologiji ozna\u010dava kao onihomikoza.<\/p>\n<p><strong>\u0160to je gljivi\u010dna infekcija noktiju? <\/strong><br \/>\nGljivi\u010dna infekcija postupno zahva\u0107a nokat i mo\u017ee ga potpuno uni\u0161titi. Gljivi\u010dna infekcija zapo\u010dinje s unutra\u0161nje strane nokatne plo\u010de. U po\u010detnom stadiju infekcije naj\u010de\u0161\u0107e se promijeni boja nokta, nokat postaje zadebljan, iskrivljen i krhak. Izlo\u017eenost vlazi i toplini pogoduje razvoju gljivi\u010dne infekcije (npr. znoj koji nastaje zbog no\u0161enja zatvorene obu\u0107e, kori\u0161tenje zajedni\u010dkih tu\u0161eva &#8211; u sportskim objektima, kupali\u0161tima). U pro\u0161losti su se za lije\u010denje gljivi\u010dne infekcije noktiju koristili lijekovi za lokalnu primjenu. Terapija je trajala dugo i nije bila u\u010dinkovita, no sada postoje novi lijekovi koji se uzimaju na usta i vrlo su djelotvorni.<\/p>\n<p><strong>Epidemiologija<\/strong><br \/>\nRa\u0161irenost me\u0111u odraslima je 2 do 4%.<\/p>\n<p><strong>Faktori rizika <\/strong><br \/>\nGljivi\u010dne infekcije su uobi\u010dajene kod starijih ljudi. To je zbog toga \u0161to poslije 40-te godine nokti rastu sporije i manje su otporni na infekcije. Postoji ve\u0107i rizik za razvoj gljivi\u010dne infekcije na no\u017enim prstima ako se stopala jako znoje, te ako se nose \u010darape i cipele koje onemogu\u0107avaju ventilaciju i ne upijaju znoj. Infekcija se tako\u0111er mo\u017ee razviti ako hodate bosi po vla\u017enim mjestima, te kao rezultat komplikacija drugih infekcija. Gljivi\u010dne infekcije na prstima ruku \u010desto su posljedica prevelikog izlaganja vodi i deterd\u017eentima. Vlaga koja nastaje ispod umjetnih noktiju tako\u0111er mo\u017ee potaknuti rast gljiva.<\/p>\n<p><strong>Znakovi i simptomi <\/strong><br \/>\nGljivi\u010dne infekcije noktiju su \u010de\u0161\u0107e na no\u017enim prstima nego na prstima ruku i uglavnom su kozmeti\u010dki problem. Znakovi i simptomi uklju\u010duju:<br \/>\n\u2022\u00a0\u00a0 \u00a0promjenu boje nokta &#8211; nokat postaje \u017eut, bjelkast ili zelenosme\u0111;<br \/>\n\u2022\u00a0\u00a0 \u00a0postaje zadebljan, iskrivljen i krhak.<br \/>\nKomadi\u0107i uni\u0161tenog nokta skupljaju se ispod zdravog dijela nokta te se kona\u010dno cijeli nokat mo\u017ee odvojiti od svog le\u017ei\u0161ta.<\/p>\n<p><strong>Komplikacije <\/strong><br \/>\nPonekad gljivi\u010dne infekcije noktiju mogu biti bolne. Istra\u017eivanja tako\u0111er pokazuju da one stvaraju ve\u0107i rizik za druge, ozbiljnije probleme sa noktima. Dodatno, one mogu uzrokovati ozbiljne zdravstvene probleme za ljude sa dijabetesom i za one s oslabljenim imunitetom. U osoba s dijabetesom, mo\u017ee do\u0107i do poreme\u0107aja cirkulacije u stopalima. Zbog toga, bilo koja relativno mala ozljeda stopala &#8211; uklju\u010duju\u0107i i gljivi\u010dnu infekciju noktiju &#8211; mo\u017ee dovesti do ozbiljnijih komplikacija, kao \u0161to je otvorena rana koja te\u0161ko zarasta.<\/p>\n<p><strong>Kada potra\u017eiti medicinski savjet?<\/strong><br \/>\nKada gljivi\u010dna infekcija noktiju jednom po\u010dne, mo\u017ee se odr\u017eati unedogled ako se ne lije\u010di. Trebate oti\u0107i lije\u010dniku na prvi znak infekcije. Gljivi\u010dna infekcija noktiju obi\u010dno po\u010dinju kao malena bijela ili \u017euta mrlja na va\u0161em noktu, a kasnije zahva\u0107a cijelu nokatnu plo\u010du.<\/p>\n<p><strong>Dijagnoza <\/strong><br \/>\n\u2022\u00a0\u00a0 \u00a0Dijagnoza se postavlja prema:izgledu noktijui porastu uzro\u010dnika u kulturi sadr\u017eaja zagrebanog sa zahva\u0107enog nokta.<br \/>\n\u2022\u00a0\u00a0 \u00a0Pregled pod mikroskopom \u0107e pokazati organizam (potvrditi dijagnozu) i omogu\u0107iti identifikaciju vrste gljivice.<\/p>\n<p><strong>Lije\u010denje <\/strong><br \/>\nGljivi\u010dne infekcije noktiju mogu biti te\u0161ke za lije\u010denje, a ponovno javljanje infekcije je \u010desto. Ako imate gljivi\u010dnu infekciju lije\u010dnik vam mo\u017ee prepisati jedan od tri oralna antifungalna lijeka koji su relativno novi na tr\u017ei\u0161tu. Oni uklju\u010duju:<\/p>\n<ul>\n<li>flukonazol<\/li>\n<li>terbinafin<\/li>\n<li>itrakonazol<\/li>\n<\/ul>\n<p style=\"text-align: justify;\">Nakon primjene ovi lijekovi dospijevaju u ko\u017eu i nakupljaju se u inficiranom noktu kako bi iskorijenili gljivi\u010dnu infekciju. Naj\u010de\u0161\u0107e eliminiraju infekciju za 4 do 12 mjeseci, no ponovno javljanje infekcije je mogu\u0107e. Novi lijekovi su efikasniji nego oni koji su \u010desto kori\u0161teni u pro\u0161losti &#8211; grizeofulvin i ketokonazol. Ketokonazol primijenjen na usta mo\u017ee izazvati te\u017ee o\u0161te\u0107enje jetre. Osim toga ponovno javljane infekcije se \u010de\u0161\u0107e vi\u0111a nakon lije\u010denja ovim starijim lijekova. Novi lijekovi su u\u010dinkovitiji no tako\u0111er mogu imati neke nuspojave &#8211; \u010diji opseg se\u017ee od osipa na ko\u017ei do o\u0161te\u0107enja jetre. Itrakonazol, a flukonazol u manjem opsegu, tako\u0111er mogu prouzro\u010diti nepovoljne interakcije sa drugim lijekovima, \u0161to uklju\u010duje neke lijekove koji sprje\u010davaju zgru\u0161avanje krvi i lijekove protiv alergija. Kao dodatak oralnim lijekovima FDA (Food and Drug Administration) je odobrila jo\u0161 jedan antigljivi\u010dni lak &#8211; prvi takve vrste &#8211; nazvan ciklopiroks. Lakom se treba obojiti inficirane nokte i ko\u017eu koja ih okru\u017euje jednom na dan. Nakon 7 dana, trebate odvojiti slojeve koji se lju\u0161te i zapo\u010deti sa svje\u017eim nano\u0161enjem. Dnevna upotreba ovog laka za vrijeme od godine dana i dulje se pokazala kao pomo\u0107 u \u010di\u0161\u0107enju gljivi\u010dnih infekcija noktiju. Tako\u0111er postoje antifungalne kreme za nokte bez recepta, koje mogu pomo\u0107i u omek\u0161avanju noktiju i djelomi\u010dnom zaustavljanju \u0161irenja ali ne iskorjenjivanju gljivi\u010dne infekcije. Ako je va\u0161a infekcija noktiju ozbiljna ili bolna, lije\u010dnik vam mo\u017ee predlo\u017eiti odstranjenje nokta. Novi nokat obi\u010dno \u0107e narasti na svom mjestu.<\/p>\n<p><strong>Prevencija <\/strong><br \/>\nDa biste pomogli sprije\u010diti gljivi\u010dne infekcije, provodite dobru higijenu stopala: dr\u017eite svoje nokte suhima i \u010distima. Temeljito su\u0161ite svoja stopala poslije kupanja, uklju\u010duju\u0107i i prostore izme\u0111u prstiju. Ako vam se jako znoje stopala, \u010desto mijenjajte \u010darape. Povremeno skidajte cipele tijekom dana, a isto tako nakon vje\u017ebanja. Zamijenite cipele zatvorenih prstiju sa cipelama otvorenih prstiju. Koristite antigljivi\u010dni sprej ili puder za va\u0161a stopala i unutar cipela. Nosite gumene rukavice kako biste za\u0161titili ruke od prevelikog izlaganja vodi. Izme\u0111u dvije upotrebe izokrenite gumene rukavice da se osu\u0161e. Ne skidajte ko\u017eu oko va\u0161ih noktiju. To mo\u017ee otvoriti put bakterijama u va\u0161u ko\u017eu i prema noktima. Izbjegavajte bosi hodati oko javnih bazena, tu\u0161eva ili u svla\u010dionicama. Izaberite pouzdani manikerski i pedikerski salon koji sterilizira svoje instrumente. (I, iako mo\u017eete biti u napasti da sakrijete gljivi\u010dne infekcije od pogleda, izbjegavajte kori\u0161tenje laka za nokte i umjetnih noktiju.) Perite ruke nakon dodira s inficiranim noktom. Ako niste oprezni, gljivi\u010dna infekcija mo\u017ee prije\u0107i s jednog nokta na ostale.<\/p>\n","protected":false},"excerpt":{"rendered":"<p>Gljivi\u010dna infekcija noktiju \u0161ake ili stopala u medicinskoj se terminologiji ozna\u010dava kao onihomikoza. \u0160to je gljivi\u010dna infekcija noktiju? Gljivi\u010dna infekcija postupno zahva\u0107a nokat i mo\u017ee ga potpuno uni\u0161titi. Gljivi\u010dna infekcija zapo\u010dinje s unutra\u0161nje strane nokatne plo\u010de. U po\u010detnom stadiju infekcije naj\u010de\u0161\u0107e se promijeni boja nokta, nokat postaje zadebljan, iskrivljen i krhak. Izlo\u017eenost vlazi i toplini&hellip;<\/p>\n","protected":false},"author":1,"featured_media":16294,"parent":0,"menu_order":0,"comment_status":"closed","ping_status":"closed","template":"","meta":{"footnotes":""},"class_list":["post-1273","page","type-page","status-publish","has-post-thumbnail","hentry","description-off"],"_links":{"self":[{"href":"https:\/\/www.ukctuzla.ba\/ukctuzla\/index.php?rest_route=\/wp\/v2\/pages\/1273","targetHints":{"allow":["GET"]}}],"collection":[{"href":"https:\/\/www.ukctuzla.ba\/ukctuzla\/index.php?rest_route=\/wp\/v2\/pages"}],"about":[{"href":"https:\/\/www.ukctuzla.ba\/ukctuzla\/index.php?rest_route=\/wp\/v2\/types\/page"}],"author":[{"embeddable":true,"href":"https:\/\/www.ukctuzla.ba\/ukctuzla\/index.php?rest_route=\/wp\/v2\/users\/1"}],"replies":[{"embeddable":true,"href":"https:\/\/www.ukctuzla.ba\/ukctuzla\/index.php?rest_route=%2Fwp%2Fv2%2Fcomments&post=1273"}],"version-history":[{"count":1,"href":"https:\/\/www.ukctuzla.ba\/ukctuzla\/index.php?rest_route=\/wp\/v2\/pages\/1273\/revisions"}],"predecessor-version":[{"id":1275,"href":"https:\/\/www.ukctuzla.ba\/ukctuzla\/index.php?rest_route=\/wp\/v2\/pages\/1273\/revisions\/1275"}],"wp:featuredmedia":[{"embeddable":true,"href":"https:\/\/www.ukctuzla.ba\/ukctuzla\/index.php?rest_route=\/wp\/v2\/media\/16294"}],"wp:attachment":[{"href":"https:\/\/www.ukctuzla.ba\/ukctuzla\/index.php?rest_route=%2Fwp%2Fv2%2Fmedia&parent=1273"}],"curies":[{"name":"wp","href":"https:\/\/api.w.org\/{rel}","templated":true}]}}