{"id":12814,"date":"2022-09-23T13:32:20","date_gmt":"2022-09-23T12:32:20","guid":{"rendered":"http:\/\/www.ukctuzla.ba\/ukctuzla\/?page_id=12814"},"modified":"2025-12-10T08:00:39","modified_gmt":"2025-12-10T07:00:39","slug":"clinic-for-surgery","status":"publish","type":"page","link":"https:\/\/www.ukctuzla.ba\/ukctuzla\/?page_id=12814&lang=en","title":{"rendered":"CLINIC FOR SURGERY"},"content":{"rendered":"<p>Acting head of the clinic:\u00a0 Prof.Dr. Zlatan Mehmedovi\u0107<\/p>\n<p>Head nurse: Zemira \u0110ulovi\u0107, Msci Health care and management<\/p>\n<p>Nurse for quality improvement and education: Salmira Kova\u010devi\u0107, graduated nurse<\/p>\n<p>Secretary: Zlata Sejrani\u0107<\/p>\n<p>Telephone: 00 387 35 30 31 25<\/p>\n<p>e-mail: <a href=\"mailto:info@ukctuzla.ba\">info@ukctuzla.ba<\/a><\/p>\n<p><b>ACTIVITIES OF THE CLINIC<\/b><\/p>\n<ul>\n<li>Diagnostic evaluation of patients with the surgical abdomen and chest, and management of medical or surgical treatment and care of these patients<\/li>\n<li>Diagnostics and admission of traumatized patients with injuries to the abdomen and chest, the initial evaluation and surgical management of these patients<\/li>\n<\/ul>\n<p><b>ORGANIZATIONAL STRUCTURE:<\/b><\/p>\n<p>Admission ambulance<span lang=\"en-US\"> and outpatient clinic<\/span><\/p>\n<p lang=\"en-US\">Head nurse: Amira Mumi\u0107, graduated nurse<\/p>\n<p lang=\"en-US\">Admission ambulance works 24h; telephone: 035 303 228<\/p>\n<p lang=\"en-US\">Ambulance No 6. telephone: 035 303 229<\/p>\n<p lang=\"en-US\">Coloproctology oncology outpatient clinic, open on Mondays and Wednesdays 12- 4 p.m.<\/p>\n<p lang=\"en-US\">Enterostomal therapy outpatient clinic, open on Mondays and Wednesdays 12- 4 p.m.<\/p>\n<p lang=\"en-US\">Proctology outpatient clinic, open on Tuesdays and Fridays 12- 4 p.m.<\/p>\n<p lang=\"en-US\">General surgical oncology outpatient clinic, open on Thursdays 12- 4 p.m.<\/p>\n<p lang=\"en-US\">Hepato- pancreato- biliary and oncology surgery outpatient clinic, open on Thursdays 12- 4 p.m.<\/p>\n<p lang=\"en-US\">Prompt surgical check- ups are available every working day 9- 11 a.m.<\/p>\n<p lang=\"en-US\">Cabinet for ultrasound of the abdomen is open every working day 9- 11 a.m.<\/p>\n<p><span lang=\"en-US\">Ambulance No.6 telephone: <\/span><span lang=\"en\">035 303 229<\/span><\/p>\n<p lang=\"en-US\">Abdominal surgery outpatient clinic is open every working day 9- 11 a.m.<\/p>\n<p lang=\"en-US\">Outpatient clinic for small surgical interventions is open every working day 12- 4 p.m.<\/p>\n<p lang=\"en-US\"><b>DEPARTMENTS<\/b><\/p>\n<ul>\n<li>\n<p lang=\"en-US\">Department for general abdominal surgery<\/p>\n<\/li>\n<li>\n<p lang=\"en-US\">Department for daily surgery<\/p>\n<\/li>\n<li>\n<p lang=\"en-US\">Department for hepato- pancreato- biliary surgery<\/p>\n<\/li>\n<li>\n<p lang=\"en-US\">Department for colorectal surgery<\/p>\n<\/li>\n<li>\n<p lang=\"en-US\">Department for proctology<\/p>\n<\/li>\n<\/ul>\n<p lang=\"en-US\"><b>THE CLINIC STAFF<\/b><\/p>\n<p lang=\"en-US\">Total number of employees- 86<\/p>\n<p lang=\"en-US\">Doctors specialists- 20<\/p>\n<p lang=\"en-US\">Doctors on specialization- 2<\/p>\n<p lang=\"en-US\">Nurses\/ technicians with a high health school- 11<\/p>\n<p lang=\"en-US\">Nurses\/ technicians with a higher nursing school- 1<\/p>\n<p lang=\"en-US\">Nurses\/ technicians with nursing school- 49<\/p>\n<p lang=\"en-US\">Non- medical workers- 3<\/p>\n<p lang=\"en-US\"><b>DEPARTMENT FOR DAILY SURGERY<\/b><\/p>\n<p lang=\"en-US\">Head of the department: Dr. Tursunovi\u0107 Amir, MSci, specialists in general surgery, subspecialist in abdominal surgery<\/p>\n<p lang=\"en-US\">Nurse in charge: Ilvana Nurkanovi\u0107, graduated nurse<\/p>\n<p lang=\"en-US\">Telephone: 035 303 225<\/p>\n<p lang=\"en-US\">General and abdominal surgery<\/p>\n<p lang=\"en-US\">Staying in hospital up to 24 hours<\/p>\n<p lang=\"en-US\">Surgeries are done under general, local or spinal anesthesia<\/p>\n<p lang=\"en-US\">Daily surgeries:<\/p>\n<ul>\n<li>\n<p lang=\"en-US\">gallbladder surgeries- cholecystectomy due to inflammatory conditions, stones, polyps or other benign changes in the gallbladder<\/p>\n<\/li>\n<li>\n<p lang=\"en-US\">surgeries of inguinal, femoral and ventral hernias<\/p>\n<\/li>\n<li>\n<p lang=\"en-US\">surgical removal of benign and malignant changes on the skin, head, chest and abdomen<\/p>\n<\/li>\n<\/ul>\n<p lang=\"en-US\">Surgeries are being performed using a classical or laparoscopic approach<\/p>\n<p lang=\"en-US\"><b>DEPARTMENT FOR GENERAL AND ABDOMINAL SURGERY<\/b><\/p>\n<p lang=\"en-US\">Head of the department of general abdominal surgery Prof. Dr. Zijah Rifatbegovi\u0107, specialist in general surgery, subspecialist in abdominal surgery<\/p>\n<p lang=\"en-US\">Nurse in charge: Adela Had\u017ei\u0107, graduated nurse<\/p>\n<p lang=\"en-US\">Telephone: 035 303 225<\/p>\n<p lang=\"en\">Conservative and operative treatment of patients in the field of general and abdominal surgery (diseases and trauma):<\/p>\n<ul>\n<li>\n<p lang=\"en\">the stomach benign and malignant diseases (resections, total gastrectomy)<\/p>\n<\/li>\n<li>\n<p lang=\"en\">the gallbladder diseases ( inflammatory diseases, stones, benign changes- cholecystectomies<\/p>\n<\/li>\n<li>\n<p lang=\"en\">the appendix diseases ( inflammatory diseases, benign and malignant diseases)- appendectomy, appendectomy with resection of the cecum or ascending colon)<\/p>\n<\/li>\n<li>\n<p lang=\"en\">the small intestine diseases (inflammatory, stenosis, benign or malignant tumors)- resection of the small intestine<\/p>\n<\/li>\n<li>\n<p lang=\"en\">inguinal,femoral, ventral, ostoperative hernias<\/p>\n<\/li>\n<li>\n<p lang=\"en\">bariatric surgery:<\/p>\n<p lang=\"en\">a) gastric banding<\/p>\n<p lang=\"en\">b) gastric sleeve resections<\/p>\n<p lang=\"en\">c) mini gastric bypass<\/p>\n<p lang=\"en\">d) biliopancreatic diversion<\/p>\n<\/li>\n<\/ul>\n<p lang=\"en-US\">Surgeries are being performed using a classical or laparoscopic approach<\/p>\n<p lang=\"en-US\"><b>DEPARTMENT FOR HEPATO- PANCREATO- BILIARY SURGERY<\/b><\/p>\n<p lang=\"en-US\">Head of the department Prof. Dr. Mirha Agi\u0107<\/p>\n<p lang=\"en-US\">Nurse in charge Selma Mu\u0161anovi\u0107, graduated nurse<\/p>\n<p lang=\"en-US\">Telephone: 035 303 274<\/p>\n<p lang=\"en-US\">Surgical treatment of patients with diseases of the liver, gallbladder, bile ducts, pancreas, spleen, and transplantation of the liver:<\/p>\n<ul>\n<li>\n<p lang=\"en-US\">resection of the liver- segmentectomies, hepatectomies, metastasectomies<\/p>\n<\/li>\n<li>\n<p lang=\"en-US\">malignant diseases of the gallblader- extended cholecystectomy resection of the bile ducts with establishment of anastomosis with the bile ducts or digestive tube<\/p>\n<\/li>\n<li>\n<p lang=\"en-US\">resections on the pancreas (partial resections or total pancreatectomy9<\/p>\n<\/li>\n<li>\n<p lang=\"en-US\">resection of the spleen<\/p>\n<\/li>\n<li>\n<p lang=\"en-US\">treatment of portal hypertension<\/p>\n<\/li>\n<li>\n<p lang=\"en-US\">transplant surgery of the liver- cadaver<\/p>\n<\/li>\n<\/ul>\n<p lang=\"en-US\"><b>DEPARTMENT FOR COLORECTAL SURGERY<\/b><\/p>\n<p lang=\"en-US\">Head of the department Dr. Ferid Konji\u0107, specialist of general, subspecialist in abdominal surgery<\/p>\n<p lang=\"en-US\">Technician in charge: Elvir Feuki\u0107, graduated technician<\/p>\n<p><span lang=\"en-US\">Telephone: <\/span>035 303 218<\/p>\n<p><span lang=\"en\">The treatment of patients with benign and malignant colon diseases (inflammatory diseases &#8211; ulcerative colitis, Crohn's disease, colon diverticulosis, various forms of colon stenosis, colon fistulas, all forms of ileus, benign and malignant colon tumors ). <\/span><\/p>\n<p><span lang=\"en\">Surgical procedures- Partial bowel resections with anastomosis or colostomy:<\/span><\/p>\n<ul>\n<li>cecum resection<\/li>\n<li>resection of the colon with or without hepatic flexture<\/li>\n<li>resection of the transverse colon<\/li>\n<li>resection of the descending colon with or without lienal flexture<\/li>\n<li>resection of the sigmoid colon<\/li>\n<li>anterior rectal resection<\/li>\n<li>low rectal resections<\/li>\n<li>ultra- low rectal resection<\/li>\n<li>subtotal colectomy<\/li>\n<li>total colectomy<\/li>\n<li>proctocolectomy with ileal pouch- anal anastomosis<\/li>\n<li>amputation of the rectum- classsic approach<\/li>\n<li>extralevator amputation of the rectum<\/li>\n<li>anastomosis in previously performed colostomy<\/li>\n<\/ul>\n<p lang=\"en-US\">Surgeries are being performed using a classical or minimally invasive laparoscopic approach<\/p>\n<p>There is colon- oncology outpatient clinic at the Department. Telephone: 035 303 229 ; working Monday and Friday 12-4 p.m.<\/p>\n<p><b>DEPARTMENT FOR PROCTOLOGY<\/b><\/p>\n<p>Head of the department Prof.Dr. Samir Delibegovi\u0107, Primarius, specialist in general surgery and subspecialist in abdominal surgery<\/p>\n<p>Technician in charge Mirzet Hasanovi\u0107, graduated technician<\/p>\n<p>Telephone: 035 303 218<\/p>\n<ul>\n<li>Hemorrhoidectomy<\/li>\n<li>Sphincterectomy<\/li>\n<li>Perianal fistula surgery<\/li>\n<li>Reconstruction of anal sphincters<\/li>\n<li>Pilonidal sinus<\/li>\n<li>Surgery of benign and malignant diseases of the anus and perianal area<\/li>\n<\/ul>\n<p>There is proctology outpatient clinic at the department. Telephone: 035 303 229; working on Monday and Friday 9 a.m. -12 noon.<\/p>\n<p><b>BOOKS AND PUBLICATIONS<\/b><\/p>\n<ol>\n<li>Hirurgija pankreasa ;Prof.dr.De\u0161o Me\u0161i\u0107 (autor)<\/li>\n<li>Principi laparoskopske hirurgije; Prof.dr. \u0160efik Hasuki\u0107 (autor)<\/li>\n<li>Osnovni principi anestezije i intenzivnog lije\u010denja;prof.dr.sc. Alisa Krd\u017eali\u0107 (autor); koautori:prof.dr.sc. Goran Krd\u017eali\u0107, prof.dr.sc. Zijah Rifatbegovi<\/li>\n<li>Nau\u010dna monografija; Pneumotoraks-klini\u010dki oblici i lije\u010denje;prof.dr.sc. Goran Krd\u017eali\u0107 (autor)<\/li>\n<li>Debljina klini\u010dki aspekti:Davor \u0160timac i suradnici, koautor iz BiH poglavlja Barijatrijska kirurgija prof.dr. Pa\u0161i\u0107 Fuad, knjiga je objavljena 2016 godine<\/li>\n<li>Kirurgija bolesti debljine:zajedni\u010dko autorstvo Miroslav Bekavac Be\u0161lin, Pa\u0161i\u0107 Fuad i suradnici,knjiga je katalogizirana i objavljena u Nacionalnoj biblioteci Hrvatske i Nacionalnoj biblioteci Bosne i Hercegovine 2017 godine<\/li>\n<li>Peritonitis. Samir Delibegovi\u0107 i saradnici. Sarajevo. Interliber. 2006. 214.<\/li>\n<li>Kako pisati medicinski znanstveni \u010dlanak. Samir Delibegovi\u0107. Sarajevo. Interliber. 2008. 88.<\/li>\n<li>Hirurgija pankreasa. Koautor: Samir Delibegovi\u0107. Neuroendokrini tumori. Tuzla. Printcom. 2008. 145-153.<\/li>\n<li>O\u0161ti principi zdravstvene njege u hirurgiji. Urednici: Semir Imamovi\u0107, Samir Delibegovi\u0107, Mirsad Hod\u017ei\u0107, D\u017eenita Ljuca (ur). PrintCom. 2012. 15-36.<\/li>\n<li>Appendicitis: Risk Factors, Management Strategies and Clinical Implications. New York. Koautori: Samir Delibegovic, Muhamed Katica, Anhel Koluh. Formation of adhesion after laparoscopic appendectomy. In: Marmo AS (ed). New York. Nova science publishers, inc. 2014.<\/li>\n<li>Horizons in Neuroscience Research. Koautori: Dizdarevic K, Delibegovic S. Science and Living Human Brain: Clinical Exploration and Manipulation of the Neural Networks and Structural Lesions. In: Volume 25. Chapter 1. 2016. New York. Nova science publishers, inc. 2016.<\/li>\n<li>Horizons in Neuroscience Research. Koautori: Delibegovic S, Dizdarevic K. The Potential Usage of Plastic Clip in Cerebrovascular Neurosurgery. In:. Volume 25. Chapter 1. 2016. New York. Nova science publishers, inc. 2016.<\/li>\n<li>How to write the medical scientific article. Delibegovic S. Sarajevo. Dobra Knjiga. 2017.<\/li>\n<li>Donor i multivisceralna explantacija organa. Autor: Prof.dr.med.sc. Zijah Rifatbegovi\u0107 i saradnici<\/li>\n<\/ol>\n","protected":false},"excerpt":{"rendered":"<p>Acting head of the clinic:\u00a0 Prof.Dr. Zlatan Mehmedovi\u0107 Head nurse: Zemira \u0110ulovi\u0107, Msci Health care and management Nurse for quality improvement and education: Salmira Kova\u010devi\u0107, graduated nurse Secretary: Zlata Sejrani\u0107 Telephone: 00 387 35 30 31 25 e-mail: info@ukctuzla.ba ACTIVITIES OF THE CLINIC Diagnostic evaluation of patients with the surgical abdomen and chest, and management&hellip;<\/p>\n","protected":false},"author":3,"featured_media":16294,"parent":0,"menu_order":0,"comment_status":"closed","ping_status":"closed","template":"","meta":{"footnotes":""},"class_list":["post-12814","page","type-page","status-publish","has-post-thumbnail","hentry","description-off"],"_links":{"self":[{"href":"https:\/\/www.ukctuzla.ba\/ukctuzla\/index.php?rest_route=\/wp\/v2\/pages\/12814","targetHints":{"allow":["GET"]}}],"collection":[{"href":"https:\/\/www.ukctuzla.ba\/ukctuzla\/index.php?rest_route=\/wp\/v2\/pages"}],"about":[{"href":"https:\/\/www.ukctuzla.ba\/ukctuzla\/index.php?rest_route=\/wp\/v2\/types\/page"}],"author":[{"embeddable":true,"href":"https:\/\/www.ukctuzla.ba\/ukctuzla\/index.php?rest_route=\/wp\/v2\/users\/3"}],"replies":[{"embeddable":true,"href":"https:\/\/www.ukctuzla.ba\/ukctuzla\/index.php?rest_route=%2Fwp%2Fv2%2Fcomments&post=12814"}],"version-history":[{"count":3,"href":"https:\/\/www.ukctuzla.ba\/ukctuzla\/index.php?rest_route=\/wp\/v2\/pages\/12814\/revisions"}],"predecessor-version":[{"id":20152,"href":"https:\/\/www.ukctuzla.ba\/ukctuzla\/index.php?rest_route=\/wp\/v2\/pages\/12814\/revisions\/20152"}],"wp:featuredmedia":[{"embeddable":true,"href":"https:\/\/www.ukctuzla.ba\/ukctuzla\/index.php?rest_route=\/wp\/v2\/media\/16294"}],"wp:attachment":[{"href":"https:\/\/www.ukctuzla.ba\/ukctuzla\/index.php?rest_route=%2Fwp%2Fv2%2Fmedia&parent=12814"}],"curies":[{"name":"wp","href":"https:\/\/api.w.org\/{rel}","templated":true}]}}