{"id":12821,"date":"2022-09-26T12:23:08","date_gmt":"2022-09-26T11:23:08","guid":{"rendered":"http:\/\/www.ukctuzla.ba\/ukctuzla\/?page_id=12821"},"modified":"2025-12-10T08:36:51","modified_gmt":"2025-12-10T07:36:51","slug":"clinic-for-cardiovascular-surgery","status":"publish","type":"page","link":"https:\/\/www.ukctuzla.ba\/ukctuzla\/?page_id=12821&lang=en","title":{"rendered":"CLINIC FOR CARDIOVASCULAR SURGERY"},"content":{"rendered":"<p>Head of the clinic: Prof.Dr. Mustafa Tabakovi\u0107<\/p>\n<p>Head nurse: Hatid\u017ea Hara\u010di\u0107, graduated nurse<\/p>\n<p>Technician for quality improvement and education: Anes Had\u017eiefendi\u0107, MSci in health sciences<\/p>\n<p>Telephone: 00 387 35 303 167<br \/>\n00 387 35 303 154<br \/>\nfax.00 387 35 303 172<br \/>\ne-mail: info@ukctuzla.ba<\/p>\n<p>The clinic is consisted of three departments with 29 beds in total, Polyclinic for cardiovascular surgery and two operating rooms<\/p>\n<p><b>HEALTH CARE SERVICES<\/b><\/p>\n<ul>\n<li>Highly differentiated and tertiary health care services for patients suffering from diseases of the cardiovascular system<\/li>\n<li>Secondary health care services for patients suffering from diseases of the cardiovascular system<\/li>\n<li>Modern cardiovascular surgery<\/li>\n<li>Scientific research, education, organization and participation at scientific events<\/li>\n<\/ul>\n<p><b>ORGANIZATIONAL STRUCTURE<\/b><\/p>\n<p><b>DEPARTMENTS<\/b><\/p>\n<ul>\n<li>Department for cardiosurgery<\/li>\n<li>Department for vascular surgery<\/li>\n<li>Department for intensive therapy and cardiac anesthesia<\/li>\n<\/ul>\n<p><b>POLYCLINIC FOR CARDIOVASCULAR SURGERY<\/b><\/p>\n<ul>\n<li>Admission outpatient clinic<\/li>\n<li>Outpatient clinic for cardiovascular surgery<\/li>\n<li>Outpatient clinic for cardiac anesthesia<\/li>\n<\/ul>\n<p><b>THE CLINIC STAFF<\/b><\/p>\n<p>The clinic for cardiovascular diseases has 72 employees:<\/p>\n<p>21 doctors<\/p>\n<p>3 subspecialists in cardiosurgery and vascular surgery<\/p>\n<p>2 specialists in cardiovascular surgery<\/p>\n<p>5 specialists in general surgery<\/p>\n<p>7 specialists in anesthesia with resuscitation<\/p>\n<p>1 subspecialist in cardiology<\/p>\n<p>5 doctors on specialization<\/p>\n<p>1 in cardiosurgery subspecialization<\/p>\n<p>4 professors<\/p>\n<p>3 doctors with master's thesis<\/p>\n<p>5 primariuses<\/p>\n<p>49 nurses\/technicians<\/p>\n<p>1 with master's thesis in health sciences<\/p>\n<p>1 with master's thesis in health care<\/p>\n<p>18 graduated nurses\/technicians<\/p>\n<p>1 nurse with a higher nursing school<\/p>\n<p align=\"JUSTIFY\">28 nurses\/technicians with nursing school<\/p>\n<p align=\"JUSTIFY\">1 stationery clerk<\/p>\n<p align=\"JUSTIFY\">1 technical secretary<\/p>\n<p align=\"JUSTIFY\"><b>DEPARTMENT FOR CARDIOSURGERY AND DEPARTMENT FOR VASCUAR SURGERY<\/b><\/p>\n<p align=\"JUSTIFY\">Head of the department for cardiosurgery:<\/p>\n<p align=\"JUSTIFY\">Primarius Prof. Dr. Harun Avdagi\u0107,M.D., specialist in general surgery, subspecialist in cardiosurgery and vascular surgery<\/p>\n<p align=\"JUSTIFY\">Head of the department for vascular surgery:<\/p>\n<p align=\"JUSTIFY\">Primarius Prof. Dr. Dragan Pilji\u0107, M.D., specialist in general surgery, subspecialist in cardiosurgery and vascular surgery<\/p>\n<p align=\"JUSTIFY\">Doctors: Primarius Dr. Azur Azabagi\u0107 MSci, specialist in general surgery, subspecialist in cardiosurgery and vascular surgery; Dr. Mediha Seleskovi\u0107, specialist in internal medicine, subspecialist in cardiology; Dr. Nail \u0160ehi\u0107 specialist in general surgery; Dr. Tarik Bakalovi\u0107, specialist in general surgery; Dr. Amar Skaki\u0107, specilalist in cardiosurgery; Dr. Mirza Toki\u0107,specilalist in cardiosurgery ; Dr. Ajdin Umihani\u0107, resident, Dr. Ned\u017ead Ra\u0161idovi\u0107, resident; Dr. Nedim Halilba\u0161i\u0107, resident; Dr. Edina Kamberovi\u0107, resident; Dr. Admir Suljendi\u0107, residnt.<\/p>\n<p align=\"JUSTIFY\">Nurse in charge of the department for cardiosurgery: Emira Prlja, graduated nurse<\/p>\n<p>Telephone: +387 35 303 214, 303 149, 303 164, 303 149, 303 164, 303 147<\/p>\n<p>Nurse in charge of the department for vascular surgery: Mejra Zoleti\u0107, graduated nurse<\/p>\n<p>Telephone: +387 35 303 214, 303 149, 303 164, 303 149, 303 164, 303 147<\/p>\n<p><b>Health care services: Department for cardiosurgery<\/b><\/p>\n<p>Surgery in patients to treat coronary heart heart and large blood vessels:<\/p>\n<ul>\n<li>CABG- coronaroartery bypass graft<\/li>\n<li>CABG with carotid artery surgery<\/li>\n<li>Valve replacement<\/li>\n<li>Valve repair<\/li>\n<li>Replacement of one valve and repair of one valve<\/li>\n<li>CABGs with valve replacement or repair<\/li>\n<li>Dissection\/aneurysm of ascending aorta or aortic arch<\/li>\n<li>Bentall procedure<\/li>\n<li>Tumors of the heart<\/li>\n<li>Ventricular aneurysm<\/li>\n<li>Replacement of the ascending aorta and aortic arch<\/li>\n<li>Surgical closure of ASD or VSD<\/li>\n<\/ul>\n<p align=\"JUSTIFY\">Postoperative care of patients with rehabilitation<\/p>\n<p align=\"JUSTIFY\">Continuous education of health care professionals in cardiovascular surgery<\/p>\n<p align=\"JUSTIFY\"><b>Health care services:<\/b> <strong>Department for vascular surgery<\/strong><\/p>\n<p>Conservative treatment of patients suffering from diseases of the vascular system<\/p>\n<p>Surgery in patients with disease\/injuries of blood vessels<\/p>\n<ul>\n<li>femoropopliteal bypass\/reconstruction<\/li>\n<li>aortobifemoral bypass\/reconstruction<\/li>\n<li>iliofemoral bypass\/reconstruction<\/li>\n<li>femorodistal bypass\/reconstruction<\/li>\n<li>carotid subclavian bypass\/reconstruction<\/li>\n<li>surgery of aneurysm of the abdominal aorta and other main arteries (except intracranial)<\/li>\n<li>surgery of carotid artery stenosis<\/li>\n<li>aneurysmectomy<\/li>\n<li>embolectomy<\/li>\n<li>endovasular treatment of carotid artery<\/li>\n<li>reconstruction of blood vessels after injury<\/li>\n<li>insertion\/closure of AV fistula<\/li>\n<li>surgery of varicose veins<\/li>\n<\/ul>\n<p align=\"JUSTIFY\"><b>DEPARTMENT FOR INTENSIVE CARE AND CARDIAC ANESTHESIA<\/b><\/p>\n<p align=\"JUSTIFY\">Head of the department: Primarius Prof. Dr. Alisa Krd\u017eali\u0107, specialist in anesthesia and resuscitation<\/p>\n<p align=\"JUSTIFY\">Doctors: Primarius Dr.Mirsada Selimovi\u0107, specialist in anesthesia and resuscitation; Dr. Almir Kusturica, specialist in anesthesia and resuscitation; Dr. Lejla Selimovi\u0107-\u010ceke MSci, specialist in anesthesia and resuscitation; Dr. Adnan Behrem, specialist in anesthesia and resuscitation, Dr. Adnan Behrem, specialist in anesthesia and resuscitation; Dr. Maida Saraj\u010di\u0107, specialist in anesthesia and resuscitation, Dr. Jasmina Selimovi\u0107, specialist in anesthesia and resuscitation.<\/p>\n<p align=\"JUSTIFY\">Nurse in charge: Sandra Had\u017eibegi\u0107, graduated nurse<\/p>\n<p align=\"JUSTIFY\">Telephone: +387-35-303-353; 303-156; 303 254; 303 138<\/p>\n<p align=\"JUSTIFY\"><b>HEALTH CARE SERVICES:<\/b><\/p>\n<ul>\n<li>\n<p align=\"JUSTIFY\">Preopertive evaluation and assessment of the patient prior to varios types of elective and urgent cardio and vascular surgery<\/p>\n<\/li>\n<li>\n<p align=\"JUSTIFY\">Preoperative treatment in severe congestive heart failure<\/p>\n<\/li>\n<li>\n<p align=\"JUSTIFY\">Treatment in urgent cardiovascular conditions<\/p>\n<\/li>\n<li>\n<p align=\"JUSTIFY\">Implementation of basic and advanced steps of cardiopulmonary resuscitation in life- threatening conditions<\/p>\n<\/li>\n<li>\n<p align=\"JUSTIFY\">Anesthesia in cardiosurgery with and without use of cardiopulmonary bypass<\/p>\n<\/li>\n<li>\n<p align=\"JUSTIFY\">Non- neuraxial anesthesia\/analgesia in cardiovascular surgery<\/p>\n<\/li>\n<li>\n<p align=\"JUSTIFY\">Preoperative procedures related to performance and monitoring of\u00a0 (DHCA)<\/p>\n<\/li>\n<li>\n<p align=\"JUSTIFY\">Preoperative invasive and non invasive monitoring of patients<\/p>\n<\/li>\n<li>\n<p align=\"JUSTIFY\">Preoperative and postoperative invasive hemodynamic diagnostics and therapy<\/p>\n<\/li>\n<li>\n<p align=\"JUSTIFY\">Preoperative and postoperative collection and conservation of blood (cell salvage)<\/p>\n<\/li>\n<li>\n<p align=\"JUSTIFY\">postoperative intensive therapy and care with the application of a highly sophisticated therapeutic and diagnostic procedures: continuous hemodynamic monitoring of the patient; fiberoptic diagnostic and therapeutic bronchoscopy, percutaenous tracheostomy, implantation of a temporary pace maker; placement and monitoring of an intraaortic balloon counterpulsation (IABP); protection from brain damage; the use of barbiturate- induced coma; postoperative transfusion<\/p>\n<\/li>\n<\/ul>\n<p align=\"JUSTIFY\"><b>POLYCLINIC FOR CARDIOVASCULAR SURGERY<\/b><\/p>\n<p align=\"JUSTIFY\">Nurse in charge:Melika Mujaba\u0161i\u0107, graduated nurse<\/p>\n<p align=\"JUSTIFY\">Nurses: Sadeta Okanovi\u0107, graduated nurse; Adna Alji\u0107, a nurse<\/p>\n<p align=\"JUSTIFY\">Doctor: according to schedule<\/p>\n<p align=\"JUSTIFY\">Telephone: +387 35 303 153<\/p>\n<p align=\"JUSTIFY\">Working hours: urgent patients 24hours\/7 days of week<\/p>\n<p align=\"JUSTIFY\">Elective patients: admissions from 8 a.m. to 9 a.m. (Monday to Friday)<\/p>\n<p align=\"JUSTIFY\">Outpatients from 9 a.m. to 12 noon (Monday to Friday);On Fridays, follow- ups of patients who underwent surgery and emergency patients<\/p>\n<p align=\"JUSTIFY\"><b>HEALTH SERVICES OF POLYCLINIC:<\/b><\/p>\n<ul>\n<li>\n<p align=\"JUSTIFY\">Admission of elective and urgent patients<\/p>\n<\/li>\n<li>\n<p align=\"JUSTIFY\">First and subsequent follow- ups by a cardiovascular surgeon<\/p>\n<\/li>\n<li>\n<p align=\"JUSTIFY\">Dressing\/stitches removal<\/p>\n<\/li>\n<li>\n<p align=\"JUSTIFY\">Treatment and admission of urgent patients<\/p>\n<\/li>\n<li>\n<p align=\"JUSTIFY\">Accompanying urgent patient for further diagnostic procedures<\/p>\n<\/li>\n<\/ul>\n<p align=\"JUSTIFY\"><b>OPERATING ROOMS<\/b><\/p>\n<p>Telephone: +387 35 303 212; 303 211<\/p>\n<p>Scrub nurse in charge:<\/p>\n<p>Anesthesia technician in charge: D\u017eevdet D\u017eambi\u0107, graduated technician<\/p>\n<p>Perfusionist: Almir Bundi\u0107, graduated technician<\/p>\n<p>&nbsp;<\/p>\n","protected":false},"excerpt":{"rendered":"<p>Head of the clinic: Prof.Dr. Mustafa Tabakovi\u0107 Head nurse: Hatid\u017ea Hara\u010di\u0107, graduated nurse Technician for quality improvement and education: Anes Had\u017eiefendi\u0107, MSci in health sciences Telephone: 00 387 35 303 167 00 387 35 303 154 fax.00 387 35 303 172 e-mail: info@ukctuzla.ba The clinic is consisted of three departments with 29 beds in total,&hellip;<\/p>\n","protected":false},"author":3,"featured_media":16294,"parent":0,"menu_order":0,"comment_status":"closed","ping_status":"closed","template":"","meta":{"footnotes":""},"class_list":["post-12821","page","type-page","status-publish","has-post-thumbnail","hentry","description-off"],"_links":{"self":[{"href":"https:\/\/www.ukctuzla.ba\/ukctuzla\/index.php?rest_route=\/wp\/v2\/pages\/12821","targetHints":{"allow":["GET"]}}],"collection":[{"href":"https:\/\/www.ukctuzla.ba\/ukctuzla\/index.php?rest_route=\/wp\/v2\/pages"}],"about":[{"href":"https:\/\/www.ukctuzla.ba\/ukctuzla\/index.php?rest_route=\/wp\/v2\/types\/page"}],"author":[{"embeddable":true,"href":"https:\/\/www.ukctuzla.ba\/ukctuzla\/index.php?rest_route=\/wp\/v2\/users\/3"}],"replies":[{"embeddable":true,"href":"https:\/\/www.ukctuzla.ba\/ukctuzla\/index.php?rest_route=%2Fwp%2Fv2%2Fcomments&post=12821"}],"version-history":[{"count":3,"href":"https:\/\/www.ukctuzla.ba\/ukctuzla\/index.php?rest_route=\/wp\/v2\/pages\/12821\/revisions"}],"predecessor-version":[{"id":20156,"href":"https:\/\/www.ukctuzla.ba\/ukctuzla\/index.php?rest_route=\/wp\/v2\/pages\/12821\/revisions\/20156"}],"wp:featuredmedia":[{"embeddable":true,"href":"https:\/\/www.ukctuzla.ba\/ukctuzla\/index.php?rest_route=\/wp\/v2\/media\/16294"}],"wp:attachment":[{"href":"https:\/\/www.ukctuzla.ba\/ukctuzla\/index.php?rest_route=%2Fwp%2Fv2%2Fmedia&parent=12821"}],"curies":[{"name":"wp","href":"https:\/\/api.w.org\/{rel}","templated":true}]}}