{"id":12859,"date":"2022-09-28T14:39:58","date_gmt":"2022-09-28T13:39:58","guid":{"rendered":"http:\/\/www.ukctuzla.ba\/ukctuzla\/?page_id=12859"},"modified":"2025-12-10T11:06:33","modified_gmt":"2025-12-10T10:06:33","slug":"clinic-for-orthopedy-and-trauma","status":"publish","type":"page","link":"https:\/\/www.ukctuzla.ba\/ukctuzla\/?page_id=12859&lang=en","title":{"rendered":"CLINIC FOR ORTHOPEDY AND TRAUMA"},"content":{"rendered":"<p>Acting head of the clinic: Primarius Ass. Prof.Dr. Alen Kameri\u0107<\/p>\n<p>Head nurse: Halima Dumanji\u0107, graduated nurse<\/p>\n<p>Nurse for quality improvement: Belkisa D\u017eaferi, graduated nurse<\/p>\n<p><strong>Contact:<\/strong><br \/>\nPhone.: ++387 303 473; ++387 35 303 418; ++387 35 303 270; ++387 35 303 207; ++387 35 303 243.<\/p>\n<p>Fax: ++387 35 30 32 70<\/p>\n<p>E-mail: info@ukctuzla.ba<\/p>\n<p align=\"JUSTIFY\"><span class=\"HwtZe\" lang=\"en\"><span class=\"jCAhz ChMk0b\"><span class=\"ryNqvb\">The clinic consists of four blocks with a total of 81 beds.<\/span><\/span> <span class=\"jCAhz ChMk0b\"><span class=\"ryNqvb\">Aseptic block, septic block, operating block and polyclinic.<\/span><\/span> <span class=\"jCAhz ChMk0b\"><span class=\"ryNqvb\">The aseptic block consists of five departments: vertebrology department, department of alloplasty and sports trauma, orthopedic traumatology department, pediatric orthopedics department and day hospital.<\/span><\/span><span class=\"jCAhz ChMk0b\"><span class=\"ryNqvb\"> The clinic employs 97 employees: 16 specialist doctors (of which 1 professor, 5 doctors of science and 1 with master's thesis in medicine), 9 doctors in specialization, 12 graduate nurses, 2 university graduates, 55 nurses\/technicians with secondary education and 3 non-medical workers.<\/span><\/span><\/span><\/p>\n<p align=\"JUSTIFY\"><b>HEALTH CARE SERVICES<\/b><\/p>\n<ul>\n<li>\n<p align=\"JUSTIFY\">Diagnosis and treatment of diseases and injuries of the locomotor system by surgery and\/or conservative treatment<\/p>\n<\/li>\n<li>\n<p align=\"JUSTIFY\">Treatment of spinal deformities\/ scoliosis in children and adults, spinal tumors, degenerative spinal disorders, disc herniations, spinal fractures and other pathological conditions of the spinal column by surgery and conservative methods.<\/p>\n<\/li>\n<li>\n<p align=\"JUSTIFY\">Treatment of all types of locomotor system injuries using the most modern surgical and conservative methods ( the AO osteosynthesis principles)<\/p>\n<\/li>\n<li>\n<p align=\"JUSTIFY\">Alloplasty of large hip and knee joints<\/p>\n<\/li>\n<li>\n<p align=\"JUSTIFY\">Endoscopic diagnostics and endoscopic surgical procedures (ligamentoplasty and meniscecetomy, shoulder arthroscopy)<\/p>\n<\/li>\n<li>\n<p align=\"JUSTIFY\">Treatment of pediatric orthopedic conditions in children (surgery and conservative management of foot, hip, spine and congenital anomalies of the locomotor system)<\/p>\n<\/li>\n<li>\n<p align=\"JUSTIFY\">Treatment of all types of septic conditions (diabetic foot, diseases of peripheral blood vessels, chronic wounds)<\/p>\n<\/li>\n<li>\n<p align=\"JUSTIFY\">Ultrasound diagnostic of the locomotor system<\/p>\n<\/li>\n<li>\n<p align=\"JUSTIFY\">Initial rehabilitation (physical treatment)<\/p>\n<\/li>\n<\/ul>\n<p align=\"JUSTIFY\">ORGANIZING STRUCTURE<\/p>\n<p align=\"JUSTIFY\">POLYCLINIC FOR ORTHOPEDY AND TRAUMA<\/p>\n<p align=\"JUSTIFY\">Head of admission and specialists outpatient clinic: Dr. Mahmut Leli\u0107<\/p>\n<p align=\"JUSTIFY\">Nurse in charge: Mirsada Hasi\u0107, graduated nurse<\/p>\n<p align=\"JUSTIFY\">OUTPATIENT CLINICS<\/p>\n<p align=\"JUSTIFY\">A- Admission<\/p>\n<p align=\"JUSTIFY\">B- Orthopedy and trauma outpatient clinic<\/p>\n<ol>\n<li>\n<p align=\"JUSTIFY\">Outpatient clinic for alloplasty of large hip and knee joints<\/p>\n<\/li>\n<li>\n<p align=\"JUSTIFY\">Outpatient clinic for sports trauma<\/p>\n<\/li>\n<li>\n<p align=\"JUSTIFY\">Outpatient clinic for vertebrology<\/p>\n<\/li>\n<li>\n<p align=\"JUSTIFY\">Outpatient clinic for septic conditions<\/p>\n<\/li>\n<li>\n<p align=\"JUSTIFY\">Outpatient clinic for trauma<\/p>\n<\/li>\n<\/ol>\n<p align=\"JUSTIFY\"><strong>CABINETS<\/strong><\/p>\n<p align=\"JUSTIFY\">Cabinets for ultrasound<\/p>\n<p align=\"JUSTIFY\">Primarius Prof.dr. Svemir \u010custovi\u0107, specialist orthopedist on Thursdays<\/p>\n<p align=\"JUSTIFY\">Primarius Dr. Nedim Smaji\u0107, MSci, specialist orthopedist on Tuesdays<\/p>\n<p align=\"JUSTIFY\">Dr. Leli\u0107 Mahmut, specialist orthopedist on Friday<\/p>\n<p align=\"JUSTIFY\"><strong>DEPARTMENTS<\/strong><\/p>\n<p align=\"JUSTIFY\"><strong>Department for pediatric orthopedy<\/strong><\/p>\n<p align=\"JUSTIFY\">Head of department: Primarius Dr. Nedim Smaji\u0107, MSci<\/p>\n<p align=\"JUSTIFY\">Nurse in charge: Tahira Deli\u0107, higher nursing school<\/p>\n<p align=\"JUSTIFY\"><strong>Department for orthopedy and trauma<\/strong><\/p>\n<p align=\"JUSTIFY\">Head of department: Primarius Prof. dr. Svemir \u010custovi\u0107<\/p>\n<p align=\"JUSTIFY\">Nurse in charge:Maida Alji\u0107, graduated nurse<\/p>\n<p align=\"JUSTIFY\"><strong>Department for alloplasty and sports trauma<\/strong><\/p>\n<p align=\"JUSTIFY\">Head of department: Dr. Adnan Ke\u0161etovi\u0107<\/p>\n<p align=\"JUSTIFY\">Nurse in charge: Samira Kari\u0107, graduated nurse<\/p>\n<p align=\"JUSTIFY\"><strong>Department for vertebrology<\/strong><\/p>\n<p align=\"JUSTIFY\">Head of department: Dr. Mahir Ja\u0161arevi\u0107, Msci.<\/p>\n<p align=\"JUSTIFY\">Nurse in charge:<\/p>\n<p align=\"JUSTIFY\"><strong>Septic department<\/strong><\/p>\n<p align=\"JUSTIFY\">Head of department: Dr. Mirza Avdi\u0107<\/p>\n<p align=\"JUSTIFY\">Nurse in charge: Azra Omera\u0161evi\u0107, graduated nurse<\/p>\n<p align=\"JUSTIFY\"><strong>Department for daily surgery<\/strong><\/p>\n<p align=\"JUSTIFY\">Nurse in charge: Samira Pa\u0161\u010danovi\u0107, graduated nurse<\/p>\n<p align=\"JUSTIFY\"><strong>Operating rooms<\/strong><\/p>\n<p align=\"JUSTIFY\">Head doctor: Assoc. Prof. Dr. Asmir Hrusti\u0107<\/p>\n<p align=\"JUSTIFY\">Scrub nurse in charge: Sabiha Ali\u010di\u0107, graduated nurse<\/p>\n<p align=\"JUSTIFY\"><strong>MINIMALLY INVASIVE ORTHOPEDIC SURGERY<\/strong><\/p>\n<ol>\n<li>\n<p align=\"JUSTIFY\">Rotator cuff rupture<\/p>\n<\/li>\n<li>\n<p align=\"JUSTIFY\">Calcifying tenditis of the shoulder<\/p>\n<\/li>\n<li>\n<p align=\"JUSTIFY\">Frozen shoulder<\/p>\n<\/li>\n<li>\n<p align=\"JUSTIFY\">Shoulder arthritis<\/p>\n<\/li>\n<li>\n<p align=\"JUSTIFY\">Posterior shoulder dislocation<\/p>\n<\/li>\n<\/ol>\n<p>In the upcoming period, the plan for further development of operative procedures at the Clinic for Orthopedics and Traumatology includes the introduction of a new technique, namely the implantation of total and partial shoulder prostheses.<\/p>\n","protected":false},"excerpt":{"rendered":"<p>Acting head of the clinic: Primarius Ass. Prof.Dr. Alen Kameri\u0107 Head nurse: Halima Dumanji\u0107, graduated nurse Nurse for quality improvement: Belkisa D\u017eaferi, graduated nurse Contact: Phone.: ++387 303 473; ++387 35 303 418; ++387 35 303 270; ++387 35 303 207; ++387 35 303 243. Fax: ++387 35 30 32 70 E-mail: info@ukctuzla.ba The clinic&hellip;<\/p>\n","protected":false},"author":3,"featured_media":16294,"parent":0,"menu_order":0,"comment_status":"closed","ping_status":"closed","template":"","meta":{"footnotes":""},"class_list":["post-12859","page","type-page","status-publish","has-post-thumbnail","hentry","description-off"],"_links":{"self":[{"href":"https:\/\/www.ukctuzla.ba\/ukctuzla\/index.php?rest_route=\/wp\/v2\/pages\/12859","targetHints":{"allow":["GET"]}}],"collection":[{"href":"https:\/\/www.ukctuzla.ba\/ukctuzla\/index.php?rest_route=\/wp\/v2\/pages"}],"about":[{"href":"https:\/\/www.ukctuzla.ba\/ukctuzla\/index.php?rest_route=\/wp\/v2\/types\/page"}],"author":[{"embeddable":true,"href":"https:\/\/www.ukctuzla.ba\/ukctuzla\/index.php?rest_route=\/wp\/v2\/users\/3"}],"replies":[{"embeddable":true,"href":"https:\/\/www.ukctuzla.ba\/ukctuzla\/index.php?rest_route=%2Fwp%2Fv2%2Fcomments&post=12859"}],"version-history":[{"count":3,"href":"https:\/\/www.ukctuzla.ba\/ukctuzla\/index.php?rest_route=\/wp\/v2\/pages\/12859\/revisions"}],"predecessor-version":[{"id":20159,"href":"https:\/\/www.ukctuzla.ba\/ukctuzla\/index.php?rest_route=\/wp\/v2\/pages\/12859\/revisions\/20159"}],"wp:featuredmedia":[{"embeddable":true,"href":"https:\/\/www.ukctuzla.ba\/ukctuzla\/index.php?rest_route=\/wp\/v2\/media\/16294"}],"wp:attachment":[{"href":"https:\/\/www.ukctuzla.ba\/ukctuzla\/index.php?rest_route=%2Fwp%2Fv2%2Fmedia&parent=12859"}],"curies":[{"name":"wp","href":"https:\/\/api.w.org\/{rel}","templated":true}]}}