{"id":12906,"date":"2022-10-04T11:22:39","date_gmt":"2022-10-04T10:22:39","guid":{"rendered":"http:\/\/www.ukctuzla.ba\/ukctuzla\/?page_id=12906"},"modified":"2025-12-10T12:13:53","modified_gmt":"2025-12-10T11:13:53","slug":"clinic-for-neurosurgery","status":"publish","type":"page","link":"https:\/\/www.ukctuzla.ba\/ukctuzla\/?page_id=12906&lang=en","title":{"rendered":"CLINIC FOR NEUROSURGERY"},"content":{"rendered":"<p align=\"LEFT\"><strong>Head of the clinic: Assoc.Prof. Dr. Mirza Moranjki\u0107<\/strong><\/p>\n<p align=\"LEFT\"><strong>Head nurse: Amira Zuki\u0107, graduated nurse<\/strong><\/p>\n<p align=\"LEFT\">Nurse for quality improvement and education: Belkisa Murselovi\u0107, graduated nurse, MSc. in nursing<\/p>\n<p align=\"LEFT\">Telephone:+387 35 303 248; +387 35 303 249<br \/>\nFax : +387 35 303 249<\/p>\n<p align=\"JUSTIFY\">The Clinic for Neurosurgery, University Clinical Center Tuzla is one of the largest dedicated neurosurgical center in Bosnia and Herzegovina. Since its establishment, this clinic has encompassed a comprehensive neurosurgical procedures, ongoing scientific and research activity, education and neurosurgical training for students and residents, and modern neurosurgical patient care. The clinic is well equipped with modern surgical technology, and offers its patient modern diagnostic and treatment in line with the very latest status of scientific research. Our professional staff took neurosurgery specialty trainings in top ranked hospitals for neurosurgery in the USA, Germany, France and Croatia, and they are often active participants at domestic and international scientific conferences, meeting and courses. With academic neurosurgery residency training program this clinic is the teaching and training ground for students of the Faculty of Medicine, University of Tuzla.<\/p>\n<p align=\"JUSTIFY\">The clinic has 30 beds. Neurosurgical program is performed in two neurosurgery rooms and one angiography procedure room. In the post operative recovery the patients stay for a short period in the Intensive Care Unit of the Clinic for Anesthesia and Resuscitation. An outpatient clinic with several specialists ambulances is open every working day 8-16 hours, and provides patients with outpatient neurosurgical treatment, regular preoperative treatment and post operative check ups.<\/p>\n<p align=\"JUSTIFY\">Neurosurgery team consists of 7 doctors neurosurgeons, 1 doctor on a residency in neurosurgery and two secondary doctors.<\/p>\n<p data-start=\"39\" data-end=\"87\"><strong data-start=\"39\" data-end=\"87\">Areas of Work at the Clinic for Neurosurgery<\/strong><\/p>\n<p data-start=\"89\" data-end=\"171\">The Clinic treats a large number of patients daily who require neurosurgical care.<\/p>\n<p data-start=\"173\" data-end=\"261\"><strong data-start=\"173\" data-end=\"191\">Neuro-oncology<\/strong> includes the treatment of all types of tumors in adults and children.<\/p>\n<p data-start=\"263\" data-end=\"601\"><strong data-start=\"263\" data-end=\"288\">Vascular neurosurgery<\/strong> includes surgical procedures for aneurysms, arteriovenous malformations (AVMs), and other vascular pathological formations of the brain. The program of endovascular neurosurgery services includes coiling of cerebral aneurysms, embolization of AVMs and tumors, and stenting of blood vessels of the brain and neck.<\/p>\n<p data-start=\"603\" data-end=\"708\"><strong data-start=\"603\" data-end=\"625\">Skull base surgery<\/strong> includes operative management of pathological processes located at the skull base.<\/p>\n<p data-start=\"710\" data-end=\"848\"><strong data-start=\"710\" data-end=\"736\">Pediatric neurosurgery<\/strong> includes procedures in patients with hydrocephalus, developmental anomalies, and neural tube closure disorders.<\/p>\n<p data-start=\"850\" data-end=\"1014\"><strong data-start=\"850\" data-end=\"873\">Spinal neurosurgery<\/strong> includes surgical treatment of pathological processes in the spinal canal and disorders of the structure and function of parts of the spine.<\/p>\n<p data-start=\"1016\" data-end=\"1195\"><strong data-start=\"1016\" data-end=\"1045\">Stereotactic neurosurgery<\/strong> includes obtaining tissue samples for pathohistological analysis of changes in brain structures using a targeted approach with a stereotactic device.<\/p>\n<p data-start=\"1197\" data-end=\"1326\"><strong data-start=\"1197\" data-end=\"1239\">Peripheral nervous system neurosurgery<\/strong> includes surgical treatment of compressive neuropathies and peripheral nerve injuries.<\/p>\n<p data-start=\"1328\" data-end=\"1457\"><strong data-start=\"1328\" data-end=\"1359\">Neurosurgery of head trauma<\/strong> includes surgical management of cranio-cerebral injuries with continuous intracranial monitoring.<\/p>\n<p data-start=\"1459\" data-end=\"1611\">In neurosurgical treatment, modern microsurgical procedures are applied in a scientifically verified and proven manner as the most appropriate approach.<\/p>\n<p align=\"JUSTIFY\">DEPARTMENTS<\/p>\n<ul>\n<li>\n<p align=\"JUSTIFY\">Department for cranial neurosurgery<\/p>\n<\/li>\n<li>\n<p align=\"JUSTIFY\">Department for spinal neurosurgery<\/p>\n<\/li>\n<li>\n<p align=\"JUSTIFY\">Department for pediatric neurosurgery<\/p>\n<\/li>\n<li>\n<p align=\"JUSTIFY\">Department for endovascular neurosurgery<\/p>\n<\/li>\n<\/ul>\n<p><strong>Outpatient clinics<\/strong><\/p>\n<p><strong>Admission works <\/strong> 24 hours. Phone: 387 35 303 288<\/p>\n<p><strong>Outpatient specialist clinic works<\/strong>\u00a0 07:30-16h Phone.: 387 035 303 288<\/p>\n<p><strong>Patient booking from<\/strong> 14-16h<\/p>\n<p>&nbsp;<\/p>\n<p><strong>Doctors in ambulances:<\/strong><\/p>\n<p><strong>Monday<\/strong><\/p>\n<p>09 h \u2013 Assoc. Prof. Dr. Ercegovi\u0107 Zlatko<\/p>\n<p>12 h \u2013 Assoc. Prof. Dr. Moranjki\u0107 Mirza<\/p>\n<p><strong>Tuesday<\/strong><\/p>\n<p>09 h \u2013 Prof.Dr.. Hod\u017ei\u0107 Mirsad<\/p>\n<p>10 h \u2013 Prim.Assoc. Prof. Dr. Jakupovi\u0107 Selma<\/p>\n<p>12 h \u2013 Dr. Mehmedovi\u0107 Gordan, specialist in neurosurgery<\/p>\n<p><strong>Wednesday<\/strong><\/p>\n<p>09 h \u2013 Assoc. Prof. Dr. D\u017eelil Korkut<\/p>\n<p>09 h \u2013 Prim. Assoc. Prof. Dr. Jakupovi\u0107 Selma<\/p>\n<p>12 h \u2013 Dr. Sejdinovi\u0107 Amir, specialist in neurosurgery<\/p>\n<p><strong>Thursday<\/strong><\/p>\n<p>09 h \u2013 Assoc. Prof. Dr.\u00a0 D\u017eelil Korkut<\/p>\n<p>09 h \u2013 Prim .Assoc. Prof. Dr. Jakupovi\u0107 Selma<\/p>\n<p><strong>Friday<\/strong><\/p>\n<p>09 h \u2013 Dr. \u010ci\u010dku\u0161i\u0107 Adnan, specialist in neurosurgery<\/p>\n<p>12 h \u2013 Assoc. Prof. Dr.Moranjki\u0107 Mirza<\/p>\n<p align=\"JUSTIFY\"><strong>HEALTH CARE PROFESSIONALS<\/strong><\/p>\n<p align=\"JUSTIFY\">8 doctors specialists in neurosurgery<\/p>\n<p align=\"JUSTIFY\">3 doctors on a residency in neurosurgery<\/p>\n<p align=\"JUSTIFY\">8 graduated nurses\/technicians<\/p>\n<p align=\"JUSTIFY\">10 nurses\/technicians<\/p>\n<p align=\"JUSTIFY\">1 supplies clerk<\/p>\n<p align=\"JUSTIFY\">1 medical documentation officer<\/p>\n<p align=\"JUSTIFY\"><strong>Doctors specialists:<\/strong> Assoc. prof Dr. Mirza Moranjki\u0107, head of the clinic; Prof. Dr. Mirsad Hod\u017ei\u0107, chief of the department for endovascular neurosurgery,\u00a0 Ass. Prof. Dr.\u00a0 Zlatko Ercegovi\u0107, chief of the department for spinal neurosurgery; Primarius Assoc. Prof. Dr. Selma Jakupovi\u0107, chief of the department for pediatric neurosurgery; Assoc. Prof. Dr. D\u017eelil Korkut, chief of the department for cranial neurosurgery; Dr. Goran Mehmedovi\u0107;\u00a0 Dr. Adnan \u010ci\u010dku\u0161i\u0107, specialist in neurosurgery; Dr. Amir Sejdinovi\u0107, specialist in neurosurgery<\/p>\n<p align=\"JUSTIFY\"><strong>Doctors in residency training:<\/strong> Dr. Adnan Dostovi\u0107, Dr Emir Softi\u0107, Dr. Anes Ba\u0161i\u0107<\/p>\n<p align=\"JUSTIFY\"><strong>Secondary doctors:<\/strong> Dr. Elma Pepi\u0107, Dr Emir Sio\u010di\u0107<\/p>\n<p align=\"JUSTIFY\"><strong>Nurses\/technicians:<\/strong><\/p>\n<p align=\"LEFT\">Klaudija Babi\u0107, graduated nurse in charge of the department for pediatric neurosurgery<br \/>\nSvjetlana Beganovi\u0107-Trgov\u010devi\u0107, graduated nurse in charge of operating rooms<br \/>\nVesna Filipovi\u0107, nurse in charge of the department for cranial neurosurgery<br \/>\nJolanda Mujagi\u0107, graduated nurse in charge of the department of spinal neurosurgery<br \/>\nAmira Mehdin, graduated nurse in charge on neurosurgery outpatient clinic<\/p>\n<p align=\"LEFT\">Eldina Mand\u017euki\u0107, graduated nurse in admission outpatient clinic<\/p>\n<p>\u00a0Jasenko Ba\u0161i\u0107<br \/>\nNerminka Prohi\u0107<br \/>\nDina Mustajba\u0161i\u0107<br \/>\nSinanovi\u0107 Edita<br \/>\nPetrovi\u0107 \u0110uka<br \/>\nMari\u0107 Marcela<br \/>\n\u010cani\u0107 Amila<br \/>\nMujanovi\u0107 Alen<br \/>\nAmina Selimovi\u0107<br \/>\nBijedi\u0107 Almir<\/p>\n<p>Melisa Salihovi\u0107<br \/>\nArmina Spahi\u0107<br \/>\nSemir Hibi\u0107 i<br \/>\n.\u0160ahin Fo\u010dakovi\u0107.<\/p>\n<p>Supplies officer: Amira Fa\u010di\u0107<\/p>\n","protected":false},"excerpt":{"rendered":"<p>Head of the clinic: Assoc.Prof. Dr. Mirza Moranjki\u0107 Head nurse: Amira Zuki\u0107, graduated nurse Nurse for quality improvement and education: Belkisa Murselovi\u0107, graduated nurse, MSc. in nursing Telephone:+387 35 303 248; +387 35 303 249 Fax : +387 35 303 249 The Clinic for Neurosurgery, University Clinical Center Tuzla is one of the largest dedicated&hellip;<\/p>\n","protected":false},"author":3,"featured_media":16294,"parent":0,"menu_order":0,"comment_status":"closed","ping_status":"closed","template":"","meta":{"footnotes":""},"class_list":["post-12906","page","type-page","status-publish","has-post-thumbnail","hentry","description-off"],"_links":{"self":[{"href":"https:\/\/www.ukctuzla.ba\/ukctuzla\/index.php?rest_route=\/wp\/v2\/pages\/12906","targetHints":{"allow":["GET"]}}],"collection":[{"href":"https:\/\/www.ukctuzla.ba\/ukctuzla\/index.php?rest_route=\/wp\/v2\/pages"}],"about":[{"href":"https:\/\/www.ukctuzla.ba\/ukctuzla\/index.php?rest_route=\/wp\/v2\/types\/page"}],"author":[{"embeddable":true,"href":"https:\/\/www.ukctuzla.ba\/ukctuzla\/index.php?rest_route=\/wp\/v2\/users\/3"}],"replies":[{"embeddable":true,"href":"https:\/\/www.ukctuzla.ba\/ukctuzla\/index.php?rest_route=%2Fwp%2Fv2%2Fcomments&post=12906"}],"version-history":[{"count":4,"href":"https:\/\/www.ukctuzla.ba\/ukctuzla\/index.php?rest_route=\/wp\/v2\/pages\/12906\/revisions"}],"predecessor-version":[{"id":20167,"href":"https:\/\/www.ukctuzla.ba\/ukctuzla\/index.php?rest_route=\/wp\/v2\/pages\/12906\/revisions\/20167"}],"wp:featuredmedia":[{"embeddable":true,"href":"https:\/\/www.ukctuzla.ba\/ukctuzla\/index.php?rest_route=\/wp\/v2\/media\/16294"}],"wp:attachment":[{"href":"https:\/\/www.ukctuzla.ba\/ukctuzla\/index.php?rest_route=%2Fwp%2Fv2%2Fmedia&parent=12906"}],"curies":[{"name":"wp","href":"https:\/\/api.w.org\/{rel}","templated":true}]}}