{"id":1300,"date":"2016-02-24T10:02:16","date_gmt":"2016-02-24T10:02:16","guid":{"rendered":"http:\/\/10.0.0.65\/ukctuzla3\/?page_id=1300"},"modified":"2016-02-24T10:02:16","modified_gmt":"2016-02-24T10:02:16","slug":"kiretaza","status":"publish","type":"page","link":"https:\/\/www.ukctuzla.ba\/ukctuzla\/?page_id=1300&lang=bs","title":{"rendered":"KIRETA\u017dA"},"content":{"rendered":"<p><span style=\"color: #800000;\"><strong>KIRETA\u017dA<\/strong><\/span><br \/>\nKireta\u017ea je intervencija u ginekologiji koja mo\u017ee biti dijagnosti\u010dka i terapijska. Cilj intervencije je lju\u0161tenje endometrijuma koji se \u0161alje na patohistolo\u0161ku analizu. Naj\u010de\u0161\u0107a indikacija za dijagnosti\u010dku kireta\u017eu je otkrivanje uzroka nepravilnog ginekolo\u0161kog krvarenja. Terapijska kireta\u017ea vr\u0161i se u svrhu:<\/p>\n<ul>\n<li>zaustavljanja krvarenja,<\/li>\n<li>evakuacije sadr\u017eaja iz materi\u010dne \u0161upljine (plod, posteljica, zaostali dijelovi ovuluma kod inkompletnog poba\u010daja).<\/li>\n<\/ul>\n<p><span style=\"color: #3b5576;\"><strong>Tehnika rada<\/strong><\/span><br \/>\nVr\u0161i se \u0161irenje cervikalnog kanala (dilatacija) koja se izvodi Hegarovim dilatatorima. Nakon toga se ulazi kiretom u matericu i odvaja se sluznica materice sa povr\u0161ine \u0161upljine materice radi dobijanja uzorka tkiva.<\/p>\n<p>Poseban vid kireta\u017ee je frakcionirana eksplorativna kireta\u017ea koja se koristi u diferencijalnoj dijagnozi izme\u0111u promjena na grli\u0107u materice i na sluznici same \u0161upljine materice. Princip kireta\u017ee je uobi\u010dajen, samo se izvodi u dva akta, od kojih u prvom dobijamo materijal iz cervikalnog kanala, a u drugom aktu iz \u0161upljine materice. Dobijeni materijali se odvojeno \u0161alju na patohistolo\u0161ki pregled.<br \/>\n<span style=\"color: #3b5576;\"><strong><br \/>\nKomplikacije intervencije<\/strong><\/span><\/p>\n<ul>\n<li>krvarenje,<\/li>\n<li>infekcija,<\/li>\n<li>perforacija zida materice,<\/li>\n<li>stvaranje priraslica.<\/li>\n<\/ul>\n","protected":false},"excerpt":{"rendered":"<p>KIRETA\u017dA Kireta\u017ea je intervencija u ginekologiji koja mo\u017ee biti dijagnosti\u010dka i terapijska. Cilj intervencije je lju\u0161tenje endometrijuma koji se \u0161alje na patohistolo\u0161ku analizu. Naj\u010de\u0161\u0107a indikacija za dijagnosti\u010dku kireta\u017eu je otkrivanje uzroka nepravilnog ginekolo\u0161kog krvarenja. Terapijska kireta\u017ea vr\u0161i se u svrhu: zaustavljanja krvarenja, evakuacije sadr\u017eaja iz materi\u010dne \u0161upljine (plod, posteljica, zaostali dijelovi ovuluma kod inkompletnog poba\u010daja).&hellip;<\/p>\n","protected":false},"author":1,"featured_media":16294,"parent":0,"menu_order":0,"comment_status":"closed","ping_status":"closed","template":"","meta":{"footnotes":""},"class_list":["post-1300","page","type-page","status-publish","has-post-thumbnail","hentry","description-off"],"_links":{"self":[{"href":"https:\/\/www.ukctuzla.ba\/ukctuzla\/index.php?rest_route=\/wp\/v2\/pages\/1300","targetHints":{"allow":["GET"]}}],"collection":[{"href":"https:\/\/www.ukctuzla.ba\/ukctuzla\/index.php?rest_route=\/wp\/v2\/pages"}],"about":[{"href":"https:\/\/www.ukctuzla.ba\/ukctuzla\/index.php?rest_route=\/wp\/v2\/types\/page"}],"author":[{"embeddable":true,"href":"https:\/\/www.ukctuzla.ba\/ukctuzla\/index.php?rest_route=\/wp\/v2\/users\/1"}],"replies":[{"embeddable":true,"href":"https:\/\/www.ukctuzla.ba\/ukctuzla\/index.php?rest_route=%2Fwp%2Fv2%2Fcomments&post=1300"}],"version-history":[{"count":1,"href":"https:\/\/www.ukctuzla.ba\/ukctuzla\/index.php?rest_route=\/wp\/v2\/pages\/1300\/revisions"}],"predecessor-version":[{"id":1301,"href":"https:\/\/www.ukctuzla.ba\/ukctuzla\/index.php?rest_route=\/wp\/v2\/pages\/1300\/revisions\/1301"}],"wp:featuredmedia":[{"embeddable":true,"href":"https:\/\/www.ukctuzla.ba\/ukctuzla\/index.php?rest_route=\/wp\/v2\/media\/16294"}],"wp:attachment":[{"href":"https:\/\/www.ukctuzla.ba\/ukctuzla\/index.php?rest_route=%2Fwp%2Fv2%2Fmedia&parent=1300"}],"curies":[{"name":"wp","href":"https:\/\/api.w.org\/{rel}","templated":true}]}}