{"id":13012,"date":"2022-10-20T12:17:44","date_gmt":"2022-10-20T11:17:44","guid":{"rendered":"http:\/\/www.ukctuzla.ba\/ukctuzla\/?page_id=13012"},"modified":"2025-12-11T08:15:06","modified_gmt":"2025-12-11T07:15:06","slug":"the-clinic-for-eye-diseases","status":"publish","type":"page","link":"https:\/\/www.ukctuzla.ba\/ukctuzla\/?page_id=13012&lang=en","title":{"rendered":"THE CLINIC FOR EYE DISEASES"},"content":{"rendered":"<p>Head of the clinic: Assoc. Prof. Dr. Jasmin Zvorni\u010danin<\/p>\n<p>Head technician: Edin Altumbabi\u0107, graduated technician<\/p>\n<p>Quality improvement and education: Sanela Hamzi\u0107, graduated nurse<\/p>\n<p>Secretary: Halida Guti\u0107<\/p>\n<p>Contacts:<\/p>\n<p>e-mail: info@ukctuzla.ba<\/p>\n<p>Telephone: 00 387 35 303 204; 00 387 35 303 206<\/p>\n<p><b>HEALTH CARE SERVICES<\/b><\/p>\n<p align=\"JUSTIFY\">Today, the Clinic for Eye Diseases provides our patients with a wide range of different microsurgical and laser procedures. Our experienced ophtalmic surgeons offer complete lens surgery using the modern method of phacoemulsifacion, corneal transplantation, modern glaucoma surgery and surgery on the posterior segment of the eye in children and adults, retinal ablation surgery and surgery for vitroretinal diseases. Our ophtalmic plastic surgery involves reconstructive and plastic surgery of the tear ducts and eyelids. Our expertise is d<span lang=\"en\">iagnosis and treatment of diseases of the posterior segment of the eye, medical retina, (primary and secondary), treatment of macular diseases (DME, ARMD, CMO after TVCR, CNV in high myopia) and intravitreal antiVEGF therapy is applied.<\/span> Pediatric department deals with the diagnosis and treatment of low vision and strabismus. The Clinic has advanced ultrasound and computer imaging technology for diagnosing ophtalmologic disorders.<\/p>\n<p align=\"JUSTIFY\"><span lang=\"en\">The Clinic for Eye Diseases is a teaching base for undergraduate and postgraduate students of the Faculty of Medicine, the High Health School and the Faculty of Special Education and a referral center for the education of doctors and nurses. <\/span><\/p>\n<p align=\"JUSTIFY\"><b><span lang=\"en\">ORGANIZATIONAL STRUCTURE<\/span><\/b><\/p>\n<p align=\"JUSTIFY\"><b><span lang=\"en\">POLYCLINIC FOR EYE DISEASES<\/span><\/b><\/p>\n<p align=\"JUSTIFY\"><span lang=\"en\">Chief of polyclinic: Ass. Prof. Dr.\u00a0 Adisa Pilavd\u017ei\u0107<br \/>\n<\/span><\/p>\n<p align=\"JUSTIFY\"><span lang=\"en\">Nurse in charge: D\u017eenana Toki\u0107, graduated nurse<\/span><\/p>\n<p align=\"JUSTIFY\"><b><span lang=\"en\">OUTPATIENT CLINICS:<\/span><\/b><\/p>\n<ul>\n<li>\n<p align=\"JUSTIFY\"><span lang=\"en\">Admission<\/span><\/p>\n<\/li>\n<li>\n<p align=\"JUSTIFY\"><span lang=\"en\">Ohtalmology I and II<\/span><\/p>\n<\/li>\n<\/ul>\n<p align=\"JUSTIFY\"><span lang=\"en\">Telephone for scheduling appointments: 035 303 213; 035 303 276 and 035 303 268<\/span><\/p>\n<p align=\"JUSTIFY\"><b><span lang=\"en\">CABINETS:<\/span><\/b><\/p>\n<ul>\n<li>\n<p align=\"JUSTIFY\"><span lang=\"en\">Cabinet for glaucoma with perimetry. Contact telephone: 035 303 268<\/span><\/p>\n<\/li>\n<li>\n<p align=\"JUSTIFY\"><span lang=\"en\">Cabinet for contact lenses. Contact telephone: 035 303 213<\/span><\/p>\n<\/li>\n<li>\n<p align=\"JUSTIFY\"><span lang=\"en\">Cabinet for ultrasound, pachymetry and keratorefractometry. Contact telephone: 035 303 261 <\/span><\/p>\n<\/li>\n<li>\n<p align=\"JUSTIFY\"><span lang=\"en\">Cabinet for laser microsurgery. Contact telephone: 035 303 269 <\/span><\/p>\n<\/li>\n<li>\n<p align=\"JUSTIFY\"><span lang=\"en\">Cabinet for the treatment of amblyopia and strabismus. Contact telephone: 035 303 230 <\/span><\/p>\n<\/li>\n<li>\n<p align=\"JUSTIFY\"><span lang=\"en\">Cabinet for optical coherence tomography(OCT). Contact telephone: 035 303 278 <\/span><\/p>\n<\/li>\n<li>Cabinet for medical\u00a0 retina: <span lang=\"en\">Contact telephone: 035 303 277<\/span><\/li>\n<\/ul>\n<p align=\"JUSTIFY\"><b><span lang=\"en\">HEALTH CARE PROFESSIONALS<br \/>\n<\/span><\/b><\/p>\n<p align=\"JUSTIFY\"><span lang=\"en\">Number of employees: 58<\/span><\/p>\n<p align=\"JUSTIFY\"><span lang=\"en\">Doctor specialists: 14<\/span><\/p>\n<p align=\"JUSTIFY\"><span lang=\"en\">Doctors on residency: 2<\/span><\/p>\n<p align=\"JUSTIFY\"><span lang=\"en\">Doctors with PhD theses: 1<br \/>\n<\/span><\/p>\n<p align=\"JUSTIFY\"><span lang=\"en\">Graduated nurses\/ technicians: 14<\/span><\/p>\n<p align=\"JUSTIFY\"><span lang=\"en\">Nurses\/technicians with nursing school: 20<\/span><\/p>\n<p align=\"JUSTIFY\"><span lang=\"en\">Defectologists- typhologists graduated- 5<\/span><\/p>\n<p align=\"JUSTIFY\"><span lang=\"en\">Non- medical workers: 2<\/span><\/p>\n<p align=\"JUSTIFY\"><b><span lang=\"en\">DEPARTMENTS:<\/span><\/b><\/p>\n<p align=\"JUSTIFY\"><b><span lang=\"en\">Department for surgery of the anterior segment of the eye<\/span><\/b><\/p>\n<p align=\"JUSTIFY\"><span lang=\"en\">Chief of the department:<br \/>\n<\/span><\/p>\n<p align=\"JUSTIFY\"><span lang=\"en\">Nurse in charge: Dijana Fejzi\u0107, graduated nurse<\/span><\/p>\n<p align=\"JUSTIFY\"><b><span lang=\"en\">Department for surgery of the posterior segment of the eye<\/span><\/b><\/p>\n<p align=\"JUSTIFY\"><span lang=\"en\">Chief of the department: Primarius Prof.Dr . Vahid Jusufovi\u0107<br \/>\n<\/span><\/p>\n<p align=\"JUSTIFY\"><span lang=\"en\">Technician in charge: Emir Mahmutovi\u0107, graduated technician<\/span><\/p>\n<p align=\"JUSTIFY\"><b><span lang=\"en\">An outpatient surgery<\/span><\/b><\/p>\n<p align=\"JUSTIFY\"><span lang=\"en\">Nurse in charge: Meliha Gazibegovi\u0107, graduated nurse<\/span><\/p>\n<p align=\"JUSTIFY\"><b><span lang=\"en\">Department for inflammatory and degenerative eye diseases<\/span><\/b><\/p>\n<p align=\"JUSTIFY\"><span lang=\"en\">Chief of the department:<br \/>\n<\/span><\/p>\n<p align=\"JUSTIFY\"><span lang=\"en\">Nurse in charge: Narcisa \u0106ati\u0107, graduated nurse<\/span><\/p>\n<p align=\"JUSTIFY\"><b><span lang=\"en\">Department for pediatric ophtalmology<\/span><\/b><\/p>\n<p align=\"JUSTIFY\"><span lang=\"en\">Chief of the department: Primarius Assoc. Prof. Dr. Meliha Halilba\u0161i\u0107<br \/>\n<\/span><\/p>\n<p align=\"JUSTIFY\"><span lang=\"en\">Nurse in charge: Amra Mehmedinovi\u0107, graduated nurse<\/span><\/p>\n<p align=\"JUSTIFY\">\n<p align=\"JUSTIFY\"><b>AN OUTPATIENT CLINIC FOR EYE DISEASES- POLYCLINIC<\/b><\/p>\n<p align=\"JUSTIFY\">An outpatient clinic offers specialist and consultative ophtalmologic examinations with scheduled appointment, as well as for emergency conditions after regular working hours, on weekends and holidays.<\/p>\n<ul>\n<li>\n<p align=\"JUSTIFY\">Slit Lamp examination (biomicroscopy)<\/p>\n<\/li>\n<li>\n<p align=\"JUSTIFY\">Direct and indirect ophthalmoscopy<\/p>\n<\/li>\n<li>\n<p align=\"JUSTIFY\">Measurement of eye pressure with a contact and non- contact tonometer<\/p>\n<\/li>\n<li>\n<p align=\"JUSTIFY\">Visual acuity test<\/p>\n<\/li>\n<li>\n<p align=\"JUSTIFY\">Auto Kerato- refractometry<\/p>\n<\/li>\n<li>\n<p align=\"JUSTIFY\">High- frequency ultrasound biomicroscopy of the anterior segment of the eye (UBM)<\/p>\n<\/li>\n<li>The ultrasound axial length of the eye<\/li>\n<li>Pachymetry (measurement of corneal thickness)<\/li>\n<li>Ophthalmologic examination of children<\/li>\n<li>Evaluation and treatment of children with amblyopia and strabismus<\/li>\n<li><span lang=\"en\">Exophthalmometry<\/span><\/li>\n<li>The treatment and education of patients for contact lenses<\/li>\n<li>Glaucoma treatment with perimetry<\/li>\n<li>Neuro- ophtalmologic treatment<\/li>\n<li>The treatment of patients for medical retina<\/li>\n<li><span lang=\"en\">Yellow micropulse laser (subliminal)<\/span><\/li>\n<li><span lang=\"en\">Nd-YAG laser<\/span><\/li>\n<li><span lang=\"en\">OCT diagnostics of the macular region and the optic nerve<\/span><\/li>\n<li><span lang=\"en\">OCT of the anterior segment of the eye<\/span><\/li>\n<li><span lang=\"en\">OCT angiography with angioanalysis of the macular region and the optic nerve<\/span><\/li>\n<\/ul>\n<p><strong>DEPARTMENTS<\/strong><\/p>\n<p data-start=\"34\" data-end=\"360\">Work in the departments of our Clinic includes examinations and diagnostic procedures aimed at the rapid and timely establishment of an accurate diagnosis. After the diagnosis is established, treatment is initiated, either medical or surgical, depending on the patient\u2019s condition, followed by monitoring of disease progression. In the surgical treatment of eye diseases, the staff are trained to successfully perform the healthcare services provided at our Clinic, in accordance with the highest European standards. During the patient\u2019s stay at our Clinic, continuous monitoring of the effectiveness of diagnostic, surgical, and therapeutic procedures is carried out. Within the Day Surgery Unit, surgical procedures are performed with patient hospitalization lasting up to 24 hours.<\/p>\n<p><b>SURGERY<\/b><\/p>\n<p>Technician in charge: Senad Mand\u017euki\u0107<\/p>\n<ul>\n<li>Ultrasound cataract surgery (PHACO) in children and adults<\/li>\n<li>Conventional cataract surgery (ECCE)<\/li>\n<li>Vitreoretinal surgery<\/li>\n<li>Intraitreal drug administration<\/li>\n<li>Corneal transplantation<\/li>\n<li>Strabismus surgery in children and adults<\/li>\n<li>Management of glaucoma in children and adults<\/li>\n<li>Ocular adnexal surgery<\/li>\n<\/ul>\n<p><b>Books and publications by employees of the Clinic:<\/b><\/p>\n<ol>\n<li>Oftalmologija, Sarajevo: TKP \u0160ahinpa\u0161i\u0107, 1998.<\/li>\n<li>Defektolo\u0161ki fakultet, 1993-1998, Tuzla: Univerzitet u Tuzli, 1998.<\/li>\n<li>Klini\u010dka upotreba viskoelasti\u010dnih supstanci u hirurgiji prednjeg segmenta oka. Tuzla: Medicinski fakultet Univerziteta u Tuzli, 2002.<\/li>\n<li>Za\u0161tita razvojnog doba, Tuzla\/Wuppertal: Bosanska rije\u010d\/Das Bosnische Worte, 2004.<\/li>\n<li>\u0160e\u0107erna bolest, Tuzla: Univerzitet u Tuzli, 2003.<\/li>\n<li>Infektologija i zdravstvena njega infektivnih bolesnika, Printcom, Tuzla 2010.<\/li>\n<li>Oftalmologija sa zdravstvenom njegom, Univerzitet u Tuzli, In Scan, Tuzla 2013.<\/li>\n<li>Urgentna ultrasonografija oka Tuzla 2013.<\/li>\n<li>Osnovni principi anestezije i intenzivnog lije\u010denja, Univerzitet u Tuzli, Off-set, Tuzla 2014.<\/li>\n<\/ol>\n","protected":false},"excerpt":{"rendered":"<p>Head of the clinic: Assoc. Prof. Dr. Jasmin Zvorni\u010danin Head technician: Edin Altumbabi\u0107, graduated technician Quality improvement and education: Sanela Hamzi\u0107, graduated nurse Secretary: Halida Guti\u0107 Contacts: e-mail: info@ukctuzla.ba Telephone: 00 387 35 303 204; 00 387 35 303 206 HEALTH CARE SERVICES Today, the Clinic for Eye Diseases provides our patients with a wide&hellip;<\/p>\n","protected":false},"author":3,"featured_media":16294,"parent":0,"menu_order":0,"comment_status":"closed","ping_status":"closed","template":"","meta":{"footnotes":""},"class_list":["post-13012","page","type-page","status-publish","has-post-thumbnail","hentry","description-off"],"_links":{"self":[{"href":"https:\/\/www.ukctuzla.ba\/ukctuzla\/index.php?rest_route=\/wp\/v2\/pages\/13012","targetHints":{"allow":["GET"]}}],"collection":[{"href":"https:\/\/www.ukctuzla.ba\/ukctuzla\/index.php?rest_route=\/wp\/v2\/pages"}],"about":[{"href":"https:\/\/www.ukctuzla.ba\/ukctuzla\/index.php?rest_route=\/wp\/v2\/types\/page"}],"author":[{"embeddable":true,"href":"https:\/\/www.ukctuzla.ba\/ukctuzla\/index.php?rest_route=\/wp\/v2\/users\/3"}],"replies":[{"embeddable":true,"href":"https:\/\/www.ukctuzla.ba\/ukctuzla\/index.php?rest_route=%2Fwp%2Fv2%2Fcomments&post=13012"}],"version-history":[{"count":3,"href":"https:\/\/www.ukctuzla.ba\/ukctuzla\/index.php?rest_route=\/wp\/v2\/pages\/13012\/revisions"}],"predecessor-version":[{"id":20186,"href":"https:\/\/www.ukctuzla.ba\/ukctuzla\/index.php?rest_route=\/wp\/v2\/pages\/13012\/revisions\/20186"}],"wp:featuredmedia":[{"embeddable":true,"href":"https:\/\/www.ukctuzla.ba\/ukctuzla\/index.php?rest_route=\/wp\/v2\/media\/16294"}],"wp:attachment":[{"href":"https:\/\/www.ukctuzla.ba\/ukctuzla\/index.php?rest_route=%2Fwp%2Fv2%2Fmedia&parent=13012"}],"curies":[{"name":"wp","href":"https:\/\/api.w.org\/{rel}","templated":true}]}}