{"id":1302,"date":"2016-02-24T10:03:03","date_gmt":"2016-02-24T10:03:03","guid":{"rendered":"http:\/\/10.0.0.65\/ukctuzla3\/?page_id=1302"},"modified":"2016-02-24T10:03:03","modified_gmt":"2016-02-24T10:03:03","slug":"kolposkopija","status":"publish","type":"page","link":"https:\/\/www.ukctuzla.ba\/ukctuzla\/?page_id=1302&lang=bs","title":{"rendered":"KOLPOSKOPIJA"},"content":{"rendered":"<p><span style=\"color: #800000;\"><strong>KOLPOSKOPIJA<\/strong><\/span><br \/>\nKolposkopija je dijagnosti\u010dka metoda pomo\u0107u koje opti\u010dkim instrumentom, koji sliku pove\u0107ava 15 do 25 puta, posmatramo vaginalni dio grli\u0107a materice, vaginu i vulvu. U praksi se razlikuju dvije osnovne vrste kolposkopije: jednostavna i pro\u0161irena kolposkopija. Jednostavna kolposkopija je kolposkopija kojom gledamo promjene grli\u0107a materice, vagine i vulve bez upotrebe bilo kakvog agensa koji \u0107e poja\u010dati o\u0161trinu slike. Pro\u0161irena kolposkopija se izvodi tako \u0161to se koriste odre\u0111eni rastvori kojima se prema\u017ee vaginalni dio grli\u0107a materice i pobolj\u0161ava kvalitet prikaza.<\/p>\n<p><span style=\"color: #3b5576;\"><strong>Tehnika rada<\/strong><\/span><br \/>\nPacijentica se postavlja u le\u017ee\u0107i polo\u017eaj na ginekolo\u0161kom stolu sa savijenim nogama u kukovima i koljenima. Kolposkopom se vr\u0161i pregled spoljnih genitalija (genito-femoralne brazde, unutra\u0161nje strane malih usana, predio otvora Bartolonijevih i Skeneovih \u017elijezda, spoljni otvor uretre). Poslije pregleda spoljnih genitalija u vaginu se stavlja suh spekulum. Kolposkopom se vr\u0161i pregled sluznice vagine i grli\u0107a materice, bez prethodne upotrebe reagenasa. Poslije ovog detaljnog pregleda radi se pro\u0161irena koloposkopija. Vaginalni dio grli\u0107a materice i vaginalni svodovi se premazuju sa 3% rastvorom sir\u0107etne kiseline. Rastvor sir\u0107etne kiseline pusti se da odstoji 1 do 2 minute \u0161to dovodi do bubrenja odre\u0111ene vrste epitela (atipija plo\u010dastog epitela). Potom se vr\u0161i posmatranje kolposkopom.<\/p>\n<p>Kao obavezni dio kolposkopskog pregleda vr\u0161i se i jodni test (Schillerova proba). Poslije jodnog testa zdrav plo\u010dasti epitel dobija tamno sme\u0111u boju (jod pozitivna mjesta) i to nam nagovje\u0161tava da su ta podru\u010dja epitela zdrava. Ako se radi o promijenjenon plo\u010dastom epitelu ili cilindri\u010dnom epitelu, pri premazivanju jodom ne dolazi do tamno sme\u0111eg prebojavanja (jod negativna mjesta), \u0161to ozna\u010dava mjesta potencijalnih promjena epitela.<\/p>\n<p><span style=\"color: #3b5576;\"><strong>Normalni nalazi:<\/strong><\/span><\/p>\n<ul>\n<li>plo\u010dasto-slojeviti epitel,<\/li>\n<li>ektopia (cilindri\u010dni epitel),<\/li>\n<li>tipi\u010dna zona transformacije.<\/li>\n<\/ul>\n<p><span style=\"color: #3b5576;\"><strong>Patolo\u0161ki nalazi: <\/strong><\/span><\/p>\n<ul>\n<li>leukoplakia,<\/li>\n<li>punktacije,<\/li>\n<li>mozaik,<\/li>\n<li>atipi\u010dna zona transformacije,<\/li>\n<li>atipi\u010dni krvni sudovi,<\/li>\n<li>jod negativna polja.<\/li>\n<\/ul>\n","protected":false},"excerpt":{"rendered":"<p>KOLPOSKOPIJA Kolposkopija je dijagnosti\u010dka metoda pomo\u0107u koje opti\u010dkim instrumentom, koji sliku pove\u0107ava 15 do 25 puta, posmatramo vaginalni dio grli\u0107a materice, vaginu i vulvu. U praksi se razlikuju dvije osnovne vrste kolposkopije: jednostavna i pro\u0161irena kolposkopija. Jednostavna kolposkopija je kolposkopija kojom gledamo promjene grli\u0107a materice, vagine i vulve bez upotrebe bilo kakvog agensa koji \u0107e&hellip;<\/p>\n","protected":false},"author":1,"featured_media":16294,"parent":0,"menu_order":0,"comment_status":"closed","ping_status":"closed","template":"","meta":{"footnotes":""},"class_list":["post-1302","page","type-page","status-publish","has-post-thumbnail","hentry","description-off"],"_links":{"self":[{"href":"https:\/\/www.ukctuzla.ba\/ukctuzla\/index.php?rest_route=\/wp\/v2\/pages\/1302","targetHints":{"allow":["GET"]}}],"collection":[{"href":"https:\/\/www.ukctuzla.ba\/ukctuzla\/index.php?rest_route=\/wp\/v2\/pages"}],"about":[{"href":"https:\/\/www.ukctuzla.ba\/ukctuzla\/index.php?rest_route=\/wp\/v2\/types\/page"}],"author":[{"embeddable":true,"href":"https:\/\/www.ukctuzla.ba\/ukctuzla\/index.php?rest_route=\/wp\/v2\/users\/1"}],"replies":[{"embeddable":true,"href":"https:\/\/www.ukctuzla.ba\/ukctuzla\/index.php?rest_route=%2Fwp%2Fv2%2Fcomments&post=1302"}],"version-history":[{"count":1,"href":"https:\/\/www.ukctuzla.ba\/ukctuzla\/index.php?rest_route=\/wp\/v2\/pages\/1302\/revisions"}],"predecessor-version":[{"id":1303,"href":"https:\/\/www.ukctuzla.ba\/ukctuzla\/index.php?rest_route=\/wp\/v2\/pages\/1302\/revisions\/1303"}],"wp:featuredmedia":[{"embeddable":true,"href":"https:\/\/www.ukctuzla.ba\/ukctuzla\/index.php?rest_route=\/wp\/v2\/media\/16294"}],"wp:attachment":[{"href":"https:\/\/www.ukctuzla.ba\/ukctuzla\/index.php?rest_route=%2Fwp%2Fv2%2Fmedia&parent=1302"}],"curies":[{"name":"wp","href":"https:\/\/api.w.org\/{rel}","templated":true}]}}