{"id":1309,"date":"2016-02-24T10:15:47","date_gmt":"2016-02-24T10:15:47","guid":{"rendered":"http:\/\/10.0.0.65\/ukctuzla3\/?page_id=1309"},"modified":"2018-04-10T10:20:32","modified_gmt":"2018-04-10T09:20:32","slug":"bolestimetode-i-preporuke-m","status":"publish","type":"page","link":"https:\/\/www.ukctuzla.ba\/ukctuzla\/?page_id=1309&lang=bs","title":{"rendered":"Bolesti,metode i preporuke (M)"},"content":{"rendered":"<p><strong><span style=\"color: #800000;\">M<\/span><\/strong><\/p>\n<p><strong><a href=\"https:\/\/www.ukctuzla.ba\/ukctuzla\/?page_id=1308\" target=\"_blank\" rel=\"noopener\"><span style=\"font-size: 8pt;\">Meningitis<\/span>\u00a0<\/a><\/strong><\/p>\n<p><strong><a href=\"https:\/\/www.ukctuzla.ba\/ukctuzla\/?page_id=1311\" target=\"_blank\" rel=\"noopener\"><span style=\"font-size: 8pt;\">Mi\u0161i\u0107ne distrofije<\/span><br \/>\n<\/a><\/strong><\/p>\n<p><strong><span style=\"font-size: 8pt;\">Mo\u017edani udar: Prevencija mo\u017edanog udara<\/span><\/strong><\/p>\n<p><a href=\"https:\/\/www.ukctuzla.ba\/ukctuzla\/wp-content\/uploads\/2016\/02\/Zdrav-stil-\u017eivota-mo\u017edani-udar.pdf\">Zdrav stil \u017eivota<\/a>\u00a0\u00a0\u00a0(Namijenjen pacijentima sa mo\u017edanim udarom)<\/p>\n<p><strong><a href=\"https:\/\/www.ukctuzla.ba\/ukctuzla\/?page_id=1313\" target=\"_blank\" rel=\"noopener\"><span style=\"font-size: 8pt;\">Multipla skleroza<\/span><\/a><\/strong><\/p>\n","protected":false},"excerpt":{"rendered":"<p>M Meningitis\u00a0 Mi\u0161i\u0107ne distrofije Mo\u017edani udar: Prevencija mo\u017edanog udara Zdrav stil \u017eivota\u00a0\u00a0\u00a0(Namijenjen pacijentima sa mo\u017edanim udarom) Multipla skleroza<\/p>\n","protected":false},"author":1,"featured_media":16294,"parent":0,"menu_order":0,"comment_status":"closed","ping_status":"closed","template":"","meta":{"footnotes":""},"class_list":["post-1309","page","type-page","status-publish","has-post-thumbnail","hentry","description-off"],"_links":{"self":[{"href":"https:\/\/www.ukctuzla.ba\/ukctuzla\/index.php?rest_route=\/wp\/v2\/pages\/1309","targetHints":{"allow":["GET"]}}],"collection":[{"href":"https:\/\/www.ukctuzla.ba\/ukctuzla\/index.php?rest_route=\/wp\/v2\/pages"}],"about":[{"href":"https:\/\/www.ukctuzla.ba\/ukctuzla\/index.php?rest_route=\/wp\/v2\/types\/page"}],"author":[{"embeddable":true,"href":"https:\/\/www.ukctuzla.ba\/ukctuzla\/index.php?rest_route=\/wp\/v2\/users\/1"}],"replies":[{"embeddable":true,"href":"https:\/\/www.ukctuzla.ba\/ukctuzla\/index.php?rest_route=%2Fwp%2Fv2%2Fcomments&post=1309"}],"version-history":[{"count":5,"href":"https:\/\/www.ukctuzla.ba\/ukctuzla\/index.php?rest_route=\/wp\/v2\/pages\/1309\/revisions"}],"predecessor-version":[{"id":5863,"href":"https:\/\/www.ukctuzla.ba\/ukctuzla\/index.php?rest_route=\/wp\/v2\/pages\/1309\/revisions\/5863"}],"wp:featuredmedia":[{"embeddable":true,"href":"https:\/\/www.ukctuzla.ba\/ukctuzla\/index.php?rest_route=\/wp\/v2\/media\/16294"}],"wp:attachment":[{"href":"https:\/\/www.ukctuzla.ba\/ukctuzla\/index.php?rest_route=%2Fwp%2Fv2%2Fmedia&parent=1309"}],"curies":[{"name":"wp","href":"https:\/\/api.w.org\/{rel}","templated":true}]}}