{"id":13092,"date":"2022-10-31T13:16:57","date_gmt":"2022-10-31T12:16:57","guid":{"rendered":"http:\/\/www.ukctuzla.ba\/ukctuzla\/?page_id=13092"},"modified":"2025-12-12T13:32:12","modified_gmt":"2025-12-12T12:32:12","slug":"clinic-for-infectious-diseases","status":"publish","type":"page","link":"https:\/\/www.ukctuzla.ba\/ukctuzla\/?page_id=13092&lang=en","title":{"rendered":"CLINIC FOR INFECTIOUS DISEASES"},"content":{"rendered":"<p>Head of the clinic:\u00a0 Prof. Dr. Rahima Jahi\u0107, infectious diseases specialist<\/p>\n<p>Head nurse: Samira Dervi\u0161evi\u0107, graduated nurse<\/p>\n<p>Quality improvemenent and education: Raza Smaji\u0107, MSc.in health care and management, graduated nurse<\/p>\n<p>Secretary: Refija Po\u017eegi\u0107<\/p>\n<p>Contact telephone: ++387 35 303 141; ++387 35 303 170, ++387 35 303 338,++387 35 303 326<\/p>\n<p>E mail: info@ukctuzla.ba<\/p>\n<p>Admission ambulance: ++387 35 303 321<\/p>\n<p>An outpatient ambulance: ++387 35 303 324<\/p>\n<p>Cabinet for HIV\/AIDS and other <span class=\"HwtZe\" lang=\"en\"><span class=\"jCAhz ChMk0b\"><span class=\"ryNqvb\">immunodeficiency conditions with counseling<\/span><\/span><\/span>: ++387 35 303 324<\/p>\n<p>Cabinet for hepatitis and a blood- born infections: ++387 35 303 332<\/p>\n<p>Day hospital: ++387 35 303 321<\/p>\n<p>Departments: ++387 35 303 323, 303 334<\/p>\n<p>Doctors&#8217; offices: ++387 35 303 327, 303 333<\/p>\n<p><b>HEALTH CARE SERVICES:<\/b><\/p>\n<p align=\"JUSTIFY\">The Clinic for Infectious Diseases is highly qualified for the treatment of patients diagnosed with acute and chronic infectious diseases. We offers evaluation, diagnosis and treatment for a wide range of infections within an outpatient polyclinic, cabinets, counseling services, inpatient hospital setting, and consilium- consultative services.<\/p>\n<p>Our infectious diseases experts help people and offer treatment for:<\/p>\n<ul>\n<li>Treatment of patients with CNS infections<\/li>\n<li>Treatment of patients with acute respiratory infections of the upper respiratory system<\/li>\n<li>Treatment of patients with HIV\/ AIDS<\/li>\n<li>Treatment of patients with viral hepatitis<\/li>\n<li>Treatment of patients with acute urinary tract infections<\/li>\n<li>Treatment of patients with fever of unknown origin<\/li>\n<li>Treatment of patients with acute gastrointestinal infections<\/li>\n<li>Treatment of the febrile patients with a rash<\/li>\n<li>Treatment of patients with zoonotic infections<\/li>\n<li>Treatment of snakebite patients<\/li>\n<li>Treatment of patients with mushroom poisoning<\/li>\n<li>Evaluation and counseling for pregnant women with infectious disease<\/li>\n<li>Screening for hepatitis B, C and AIDS<\/li>\n<li>Hepatitis B vaccination for employees<\/li>\n<\/ul>\n<p align=\"JUSTIFY\">The Clinic for Infectious Diseases is a teaching clinic of the Medical faculty, High Health School of the University of Tuzla, and Nursing School. The Clinic is committed to training of the next generation of infectious diseases specialist and subspecialist, and offers infectious disease residency program.<\/p>\n<p align=\"JUSTIFY\"><b>WORKING HOURS<\/b><\/p>\n<ul>\n<li>\n<p align=\"JUSTIFY\">Regular working hours: 8a.m.- 2 p.m.<\/p>\n<\/li>\n<li>\n<p align=\"JUSTIFY\">On- call doctors on working days: 2p.m.- 8 a.m.<\/p>\n<\/li>\n<li>\n<p align=\"JUSTIFY\">On weekends and holidays: doctor on- call 24 hours<\/p>\n<\/li>\n<\/ul>\n<p align=\"JUSTIFY\"><b>ORGANIZING STRUCTURE<\/b><\/p>\n<p align=\"JUSTIFY\"><b>Admission and triage outpatient clinic<\/b><\/p>\n<p align=\"JUSTIFY\">Nurse in charge: Sanela Kari\u0107, graduated nurse<\/p>\n<p align=\"JUSTIFY\">Admission and triage outpatient clinic serves for evaluation, care and treatment of patients. Working hours of outpatient clinic is 24hours.<\/p>\n<p align=\"JUSTIFY\">The regular working hours of physicians in the Admission and Triage Clinic are from 08:00 to 14:00.<strong data-start=\"34\" data-end=\"153\"><br data-start=\"135\" data-end=\"138\" \/><\/strong>On-call duty: on working days from 14:00 to 08:00.<br data-start=\"190\" data-end=\"193\" data-is-only-node=\"\" \/>Working hours on weekends and holidays fall within 24-hour on-call duty.<br data-start=\"269\" data-end=\"272\" \/>The work of nurses\/medical technicians in continuous care is organized in three shifts.<\/p>\n<p align=\"JUSTIFY\"><b>An outpatient ambulance for consultation with specialist<\/b><\/p>\n<p align=\"JUSTIFY\">An outpatient ambulance offers the first evaluation and of patients referred from primary health care or other clinic or hospital, as well as the follow up of patients after the discharge from hospital.<\/p>\n<p align=\"JUSTIFY\">Working hours: Monday- Friday 9a.m.- 1 p.m.<\/p>\n<p align=\"JUSTIFY\">Check- ups according to doctor's schedule from 11a.m.- 1 p.m.<\/p>\n<p align=\"JUSTIFY\"><b>Cabinets:<\/b><\/p>\n<p align=\"JUSTIFY\"><b>Cabinet for HIV\/AIDS and other immunodeficiency conditions with counseling<\/b><\/p>\n<p data-start=\"39\" data-end=\"495\">In the HIV\/AIDS Clinic, examinations are performed for patients who come for follow-up visits and for receiving specific antiretroviral therapy. In the VCT Counseling Center (Voluntary Confidential Counseling and Testing), clients receive counseling and rapid testing. The approach to clients includes pre- test counseling, testing, and post-test counseling. The counseling center operates on the principles of voluntariness, confidentiality, and anonymity.<\/p>\n<p data-start=\"497\" data-end=\"588\">A referral from primary healthcare is not required for examination, counseling, or testing.<\/p>\n<p data-start=\"590\" data-end=\"674\">Clinic working hours: from 08:00 to 14:00 (Client services from 10:00 to 13:00).<\/p>\n<p align=\"JUSTIFY\"><b>Cabinet for hepatitis and blood- borne infections<\/b><\/p>\n<p align=\"JUSTIFY\">Cabinet offers following health care services:<\/p>\n<ul>\n<li>\n<p align=\"JUSTIFY\">Follow- up after discharge; regular follow- up and treatment of patients with chronic hepatitis (B and C)<\/p>\n<\/li>\n<li>\n<p align=\"JUSTIFY\">Follow- up of patients with acute viral hepatitis who are treated at the Clinic for Infectious Diseases and patients who are referred from primary health care and other hospitals<\/p>\n<\/li>\n<li>\n<p align=\"JUSTIFY\">Health care services for employees after accidental events and reported injuries from sharp objects; recommendations and vaccination of employees against hepatitis B<\/p>\n<\/li>\n<li>\n<p align=\"JUSTIFY\">Consilium for chronic hepatitis<\/p>\n<\/li>\n<\/ul>\n<p align=\"JUSTIFY\">Working hours: 8 a.m.- 2 p.m.<\/p>\n<p align=\"JUSTIFY\"><strong>DAY HOSPITAL<\/strong><\/p>\n<p data-start=\"61\" data-end=\"526\">In the Day Hospital, patients are observed for up to 24 hours. Patients are referred to the Day Hospital from the Emergency Outpatient Clinic of the Clinic for Infectious Diseases, following examination and assessment by an infectious disease specialist. During observation, all necessary therapeutic and diagnostic measures and procedures are applied, continuous monitoring and nursing care are provided, and all required consultative examinations are carried out.<\/p>\n<p data-start=\"528\" data-end=\"832\">After the observation period, the infectious disease specialist, either independently or in consultation with other consulting physicians, makes a decision regarding further treatment (hospital admission, discharge for home treatment with recommendations, or referral to another clinic for continued care).<\/p>\n<p data-start=\"834\" data-end=\"1109\">The establishment of the Day Hospital within the Clinic for Infectious Diseases offers numerous advantages for both patients and the healthcare institution due to the organization of work, shortened hospital stay, and the rationalization of all necessary resources and costs.<\/p>\n<p data-start=\"1111\" data-end=\"1568\">If, after observation in the Day Hospital, a decision is made to admit the patient for inpatient treatment at the Clinic for Infectious Diseases, the patient or family members must obtain an additional referral from the responsible physician in primary healthcare. If the patient is referred to another clinic for further treatment after observation, an internal referral is issued from the Emergency Outpatient Clinic of the Clinic for Infectious Diseases.<\/p>\n<p align=\"JUSTIFY\">\n<p align=\"JUSTIFY\"><b>DEPARTMENTS<\/b><\/p>\n<p align=\"JUSTIFY\"><strong>DEPARTMENT OF SEMI- INTENSIVE CARE<\/strong><\/p>\n<p data-start=\"82\" data-end=\"221\"><strong data-start=\"82\" data-end=\"105\">Head of Department:<\/strong> Prim. Dr. Lejla Delali\u0107, Specialist in Infectious Diseases<br data-start=\"164\" data-end=\"167\" \/><strong data-start=\"167\" data-end=\"193\">Head Nurse\/Technician:<\/strong> Azrin \u017digi\u0107, graduated technician<\/p>\n<p data-start=\"223\" data-end=\"685\">The department has 10 patient beds. It provides diagnostics and treatment for patients with infectious diseases who are in severe general condition (coma, sepsis, snake bites, mushroom poisoning, severe dehydration, patients with respiratory and other infections requiring oxygen therapy, therapy administered via a central venous catheter, feeding via a nasogastric tube, and other patients with severe conditions caused by infectious agents and complications).<\/p>\n<p data-start=\"687\" data-end=\"1172\">Work in the Department includes continuous 24- hour monitoring, the application of therapeutic and diagnostic measures and procedures, nursing care, and other interventions according to the individual needs and condition of each patient. The department is staffed by a team consisting of an infectious disease specialist, a nurse\/medical technician with a university degree, a nurse\/medical technician with a secondary medical degree, and other necessary permanent and occasional staff.<\/p>\n<p data-start=\"1174\" data-end=\"1549\">The personnel working in the department are actively involved in all forms of education, as well as collaboration with various domestic and international experts in the fields of infectious diseases, microbiology, epidemiology, and related disciplines. The latest diagnostic and therapeutic procedures are implemented in accordance with global guidelines and recommendations.<\/p>\n<p data-start=\"1174\" data-end=\"1549\"><strong>DEPARTMENT FOR CENTRAL NERVOUS SYSTEM (CNS) INFECTIONS<\/strong><\/p>\n<p data-start=\"103\" data-end=\"247\"><strong data-start=\"103\" data-end=\"126\">Head of Department:<\/strong> Assoc. Prof. Dr. Humera Porobi\u0107 Jahi\u0107, Specialist in Infectious Diseases<br data-start=\"199\" data-end=\"202\" \/><strong data-start=\"202\" data-end=\"217\">Head Nurse:<\/strong> Marija Mandi\u0107, graduated nurse<\/p>\n<p data-start=\"249\" data-end=\"645\">The department has 10 patient beds. It focuses on the diagnosis and treatment of CNS infections (meningitis, encephalitis, myelitis, and other CNS infections). Work in the Department includes continuous 24-hour monitoring, the application of therapeutic and diagnostic measures and procedures, nursing care, and other interventions according to the individual needs and condition of each patient.<\/p>\n<p data-start=\"647\" data-end=\"895\">The department is staffed by a team consisting of an infectious disease specialist, a nurse\/medical technician with a university degree, a nurse\/medical technician with a secondary medical degree, and other necessary permanent and occasional staff.<\/p>\n<p data-start=\"897\" data-end=\"1272\">The staff working in the department are actively involved in all forms of education, as well as cooperation with various domestic and international experts in the fields of infectious diseases, microbiology, epidemiology, and other related disciplines. The latest diagnostic and therapeutic procedures are implemented in accordance with global guidelines and recommendations.<\/p>\n<p data-start=\"897\" data-end=\"1272\"><strong>DEPARTMENT FOR AIDS, RESPIRATORY, AND QUARANTINE DISEASES<\/strong><\/p>\n<p data-start=\"106\" data-end=\"183\"><strong data-start=\"106\" data-end=\"129\">Head of Department:<\/strong><br data-start=\"129\" data-end=\"132\" \/><strong data-start=\"132\" data-end=\"147\">Head Nurse:<\/strong> Mirnesa Hod\u017ei\u0107, Bachelor of Nursing<\/p>\n<p data-start=\"185\" data-end=\"792\">The Department for AIDS, Respiratory, and Quarantine Diseases specializes in the diagnosis and treatment of respiratory infections (COVID-19, influenza, pharyngitis, and other viral diseases of the respiratory system), as well as the diagnosis and treatment of HIV\/AIDS, treatment of opportunistic infections, and other complications. The department has 10 patient beds. Work in the Department includes continuous 24- hour monitoring, the application of therapeutic and diagnostic measures and procedures, nursing care, and other interventions according to the individual needs and condition of each patient.<\/p>\n<p data-start=\"794\" data-end=\"1422\">The department is staffed by a team consisting of an infectious disease specialist, a nurse\/medical technician with a university degree, a nurse\/medical technician with a secondary medical degree, and other necessary permanent and occasional staff. The personnel working in the department are actively involved in all forms of education, as well as cooperation with various domestic and international experts in the fields of infectious diseases, microbiology, epidemiology, and other related disciplines. The latest diagnostic and therapeutic procedures are implemented in accordance with global guidelines and recommendations.<\/p>\n<p data-start=\"794\" data-end=\"1422\"><strong>DEPARTMENT FOR HEPATITIS<\/strong><\/p>\n<p data-start=\"73\" data-end=\"223\"><strong data-start=\"73\" data-end=\"96\">Head of Department:<\/strong> Assoc. Prof. Dr. Jasminka Petrovi\u0107, Specialist in Infectious Diseases<br data-start=\"166\" data-end=\"169\" \/><strong data-start=\"169\" data-end=\"184\">Head Nurse:<\/strong> D\u017eenita Hasanovi\u0107, graduated nurse<\/p>\n<p data-start=\"225\" data-end=\"625\">The Department for Hepatitis provides diagnostics and treatment of viral hepatitis and other liver lesions caused by infectious agents.<br data-start=\"360\" data-end=\"363\" \/>The department has 10 patient beds, and its work includes continuous 24-hour monitoring, the application of therapeutic and diagnostic measures and procedures, nursing care, and other interventions according to the individual needs and condition of each patient.<\/p>\n<p data-start=\"627\" data-end=\"1255\">The department is staffed by a team consisting of an infectious disease specialist, a nurse\/medical technician with a university degree, a nurse\/medical technician with a secondary medical degree, and other necessary permanent and occasional staff. The personnel working in the department are actively involved in all forms of education, as well as cooperation with various domestic and international experts in the fields of infectious diseases, microbiology, epidemiology, and other related disciplines. The latest diagnostic and therapeutic procedures are implemented in accordance with global guidelines and recommendations.<\/p>\n<p data-start=\"627\" data-end=\"1255\"><strong>DEPARTMENT FOR GASTROINTESTINAL INFECTIONS AND VIRAL EXANTHEMS<\/strong><\/p>\n<p data-start=\"115\" data-end=\"243\"><strong data-start=\"115\" data-end=\"138\">Head of Department:<\/strong> Dr. Azra Guti\u0107 Hod\u017ei\u0107, Specialist in Infectious Diseases<br data-start=\"195\" data-end=\"198\" \/><strong data-start=\"198\" data-end=\"213\">Head Nurse:<\/strong> Halida Trumi\u0107, graduated nurse<\/p>\n<p data-start=\"245\" data-end=\"696\">This department performs diagnostics and treatment of patients with gastrointestinal infections (both community-acquired and hospital-acquired) caused by various infectious agents, foodborne intoxications, mushroom poisoning, <em data-start=\"471\" data-end=\"494\">Clostridium difficile<\/em> infection, and others. It also provides diagnostics and treatment for patients with exanthematous infectious diseases (measles, varicella, scarlet fever, and other rash-producing infectious illnesses).<\/p>\n<p data-start=\"698\" data-end=\"960\">The department has 10 patient beds, and its work includes continuous 24-hour monitoring, the application of therapeutic and diagnostic measures and procedures, nursing care, and other interventions according to the individual needs and condition of each patient.<\/p>\n<p data-start=\"962\" data-end=\"1565\">The department is staffed by a team consisting of an infectious disease specialist, a nurse\/medical technician with a university degree, a nurse\/medical technician with a secondary medical degree, and other necessary permanent and occasional staff. The personnel working in the department are actively involved in all forms of education, as well as cooperation with various domestic and international experts in infectious diseases, microbiology, epidemiology, and related fields. The latest diagnostic and therapeutic procedures are implemented in accordance with global guidelines and recommendations.<\/p>\n<p data-start=\"962\" data-end=\"1565\"><strong>DEPARTMENT FOR URINARY INFECTIONS, ZOONOSES, AND UNEXPLAINED FEBRILE CONDITIONS<\/strong><\/p>\n<p data-start=\"128\" data-end=\"260\"><strong data-start=\"128\" data-end=\"151\">Head of Department:<\/strong> Prof. Dr. Dilista Pilji\u0107, Specialist in Infectious Diseases<br data-start=\"211\" data-end=\"214\" \/><strong data-start=\"214\" data-end=\"229\">Head Nurse:<\/strong> Mersiha Glavi\u0107, graduated nurse<\/p>\n<p data-start=\"262\" data-end=\"581\">The Department for Urinary Infections, Zoonoses, and Unexplained Febrile Conditions performs diagnostics and treatment of patients with urogenital and sexually transmitted diseases, zoonoses (brucellosis, leptospirosis, borreliosis, hantavirus infections, and other zoonoses), as well as unexplained febrile conditions.<\/p>\n<p data-start=\"583\" data-end=\"879\">An unexplained febrile condition refers to repeated episodes of elevated body temperature above 38.3\u00b0C lasting for three weeks, where the cause remains undetermined after three visits to a primary healthcare physician or after seven days of hospital treatment with standard diagnostic procedures.<\/p>\n<p data-start=\"881\" data-end=\"1143\">The department has 10 patient beds, and its work includes continuous 24- hour monitoring, the application of therapeutic and diagnostic measures and procedures, nursing care, and other interventions according to the individual needs and condition of each patient.<\/p>\n<p data-start=\"1145\" data-end=\"1767\">The department is staffed by a team consisting of an infectious disease specialist, a nurse\/medical technician with a university degree, a nurse\/medical technician with a secondary medical degree, and other necessary permanent and occasional staff. The personnel working in the department are actively involved in all forms of education, as well as cooperation with various domestic and international experts in the fields of infectious diseases, microbiology, epidemiology, and related disciplines. The latest diagnostic and therapeutic procedures are implemented in accordance with global guidelines and recommendations.<\/p>\n<p data-start=\"1145\" data-end=\"1767\">\n<p data-start=\"39\" data-end=\"739\">The Clinic for Infectious Diseases serves as a teaching base for the Faculty of Medicine and the College of Health Studies at the University of Tuzla. As part of this teaching base, education and practical training are provided for students of the Faculty of Medicine, the Health Studies programs, and students of the Secondary Medical School. The Clinic also conducts training for interns who have completed the Faculty of Medicine, the Faculty of Health Studies, or the Secondary Medical School, as well as training within the specialist internship according to the Curriculum and Program for Specializations\/Subspecializations of the Ministry of Health of the Federation of Bosnia and Herzegovina.<\/p>\n<p data-start=\"741\" data-end=\"879\">Six physicians are engaged in the teaching process at the Faculty of Medicine: 2 full professors, 2 associate professors, and 1 assistant.<\/p>\n<p align=\"JUSTIFY\"><b>THE CLINIC STAFF<\/b><\/p>\n<p align=\"JUSTIFY\">The Clinic has 56 employees:<\/p>\n<ul>\n<li>\n<p align=\"JUSTIFY\">Doctors specialists in infectious diseases: 10<\/p>\n<\/li>\n<li>\n<p align=\"JUSTIFY\">Doctors on residency program:7<\/p>\n<\/li>\n<li>\n<p align=\"JUSTIFY\">Secondary doctors: 2<\/p>\n<\/li>\n<li>\n<p align=\"JUSTIFY\">Master theses in health care and management: 1<\/p>\n<\/li>\n<li>\n<p align=\"JUSTIFY\">Graduated nurses\/technicians: 10<\/p>\n<\/li>\n<li>\n<p align=\"JUSTIFY\">Nurses\/ technicians: 23<\/p>\n<\/li>\n<li>\n<p align=\"JUSTIFY\">Secretary: 1<\/p>\n<\/li>\n<li>\n<p align=\"JUSTIFY\">Supply officer:1<\/p>\n<\/li>\n<li>\n<p align=\"JUSTIFY\">Escort\/ caregiver for patients: 2<\/p>\n<\/li>\n<\/ul>\n<p align=\"JUSTIFY\"><b>Books and publications written by employees of the Clinic:<\/b><\/p>\n<ul>\n<li>Klini\u010dka toksikologija u pedijatriji, Tuzla: Medicinski fakultet Univerziteta u Tuzli, 2002.<\/li>\n<li>Mikobakterije (Klini\u010dki zna\u010daj i dijagnosti\u010dke metode) Tuzla: Univerzitet u Tuzli 2003.<\/li>\n<li>\u0160e\u0107erna bolest, Tuzla: Narodna i univerzitetska biblioteka \u201dDervi\u0161 Su\u0161i\u0107\u201d, 2003.<\/li>\n<li>Za\u0161tita razvojnog doba, Tuzla \/Wuppertal:Bosanska rije\u010d\/ Das Bosniche Wort e.K, 2004.<\/li>\n<li>Infektologija i zdravstvena njega infektivnih bolesnika, Tuzla: PrintCom, 2010.<\/li>\n<li>Priru\u010dnik za primjenu antimikrobnih lijekova, Tuzla: Univerzitetski klini\u010dki centar Tuzla, Harfo-graf; 2010.<\/li>\n<li>Infektologija, Sarajevo-Tuzla: Medicinski fakultet Univerziteta u Sarajevu, Asocijacija infektologa u Bosni i Hercegovini, 2011.<\/li>\n<li>Neurologija, Tuzla: Infograf, 2012.<\/li>\n<li>Te\u0161ke infekcije i njihova antimikrobna terapija, Tuzla, Off-Set, 2013.<\/li>\n<li>Infektologija, Tuzla, PrintCom, 2016.<\/li>\n<li>Propedeutika infektolo\u0161kog pregleda, Tuzla, Off-Set, 2017<\/li>\n<li>Zoonoze u regiji Sjeveroisto\u010dne Bosne, Tuzla, Off-Set, 2024.<\/li>\n<\/ul>\n","protected":false},"excerpt":{"rendered":"<p>Head of the clinic:\u00a0 Prof. Dr. Rahima Jahi\u0107, infectious diseases specialist Head nurse: Samira Dervi\u0161evi\u0107, graduated nurse Quality improvemenent and education: Raza Smaji\u0107, MSc.in health care and management, graduated nurse Secretary: Refija Po\u017eegi\u0107 Contact telephone: ++387 35 303 141; ++387 35 303 170, ++387 35 303 338,++387 35 303 326 E mail: info@ukctuzla.ba Admission ambulance:&hellip;<\/p>\n","protected":false},"author":3,"featured_media":16294,"parent":0,"menu_order":0,"comment_status":"closed","ping_status":"closed","template":"","meta":{"footnotes":""},"class_list":["post-13092","page","type-page","status-publish","has-post-thumbnail","hentry","description-off"],"_links":{"self":[{"href":"https:\/\/www.ukctuzla.ba\/ukctuzla\/index.php?rest_route=\/wp\/v2\/pages\/13092","targetHints":{"allow":["GET"]}}],"collection":[{"href":"https:\/\/www.ukctuzla.ba\/ukctuzla\/index.php?rest_route=\/wp\/v2\/pages"}],"about":[{"href":"https:\/\/www.ukctuzla.ba\/ukctuzla\/index.php?rest_route=\/wp\/v2\/types\/page"}],"author":[{"embeddable":true,"href":"https:\/\/www.ukctuzla.ba\/ukctuzla\/index.php?rest_route=\/wp\/v2\/users\/3"}],"replies":[{"embeddable":true,"href":"https:\/\/www.ukctuzla.ba\/ukctuzla\/index.php?rest_route=%2Fwp%2Fv2%2Fcomments&post=13092"}],"version-history":[{"count":3,"href":"https:\/\/www.ukctuzla.ba\/ukctuzla\/index.php?rest_route=\/wp\/v2\/pages\/13092\/revisions"}],"predecessor-version":[{"id":20201,"href":"https:\/\/www.ukctuzla.ba\/ukctuzla\/index.php?rest_route=\/wp\/v2\/pages\/13092\/revisions\/20201"}],"wp:featuredmedia":[{"embeddable":true,"href":"https:\/\/www.ukctuzla.ba\/ukctuzla\/index.php?rest_route=\/wp\/v2\/media\/16294"}],"wp:attachment":[{"href":"https:\/\/www.ukctuzla.ba\/ukctuzla\/index.php?rest_route=%2Fwp%2Fv2%2Fmedia&parent=13092"}],"curies":[{"name":"wp","href":"https:\/\/api.w.org\/{rel}","templated":true}]}}