{"id":13125,"date":"2022-11-02T11:38:24","date_gmt":"2022-11-02T10:38:24","guid":{"rendered":"http:\/\/www.ukctuzla.ba\/ukctuzla\/?page_id=13125"},"modified":"2026-04-15T14:22:48","modified_gmt":"2026-04-15T13:22:48","slug":"clinic-for-neurology","status":"publish","type":"page","link":"https:\/\/www.ukctuzla.ba\/ukctuzla\/?page_id=13125&lang=en","title":{"rendered":"CLINIC FOR NEUROLOGY"},"content":{"rendered":"<p>Head of the clinic: Prof.Dr. Zikrija Dostovi\u0107<\/p>\n<p>Head technician: Nermin Me\u0161i\u0107,MSc. graduated technician<\/p>\n<p>Quality improvement and education: Alma Vuleta, graduated nurse<\/p>\n<p>Contact telephone: 00 387 35 303 128<\/p>\n<p>e-mail: info@ukctuzla.ba<\/p>\n<p>The Clinic for Neurology is consisted of 5 departments with 50 hospital beds.<\/p>\n<p><b>HEALTH CARE SERVICES<\/b><\/p>\n<ul>\n<li>Diagnosis and treatment of patients with neuromuscular diseases<\/li>\n<li>Diagnosis and treatment of multiple sclerosis and other demyelinating diseases<\/li>\n<li>Diagnosis and treatment of stroke (including thrombolytic therapy)<\/li>\n<li>Diagnosis and treatment of patients with epilepsy and other types of seizures<\/li>\n<li>Diagnosis and treatment of patients with movement disorders<\/li>\n<li>Diagnostic and therapeutic procedures in patients with headache and other neurological pain syndromes<\/li>\n<li>Examination, evaluation and treatment in an outpatient clinic<\/li>\n<\/ul>\n<p><b>THE CLINIC STAFF<\/b><\/p>\n<p align=\"JUSTIFY\">The Clinic for Neurology is a teaching clinic affiliated with Medical faculty including the Department of Health Studies, the Faculty of Education and Rehabilitation of the University of Tuzla, Nursing Schools from the Tuzla Canton.<\/p>\n<p align=\"JUSTIFY\">The academic medical workforce is consisted of eight doctors involved in teaching process:<\/p>\n<ul>\n<li>Prof. Dr. D\u017eevdet Smajlovi\u0107, a full professor<\/li>\n<li>Prof.Dr. Omer \u0106. Ibrahimagi\u0107, a full professor<\/li>\n<li>Prof. Dr. Zikrija Dostovi\u0107, associate professor<\/li>\n<li>Prof.Dr. Renata Hod\u017ei\u0107, associate professor<\/li>\n<li>Assoc. Prof. Dr. Larisa Kova\u010devi\u0107<\/li>\n<li>Assoc. Prof. Dr. Denisa Salihovi\u0107<\/li>\n<li>Assoc.Prof. Dr. Zejneba Pa\u0161i\u0107<\/li>\n<\/ul>\n<p>&nbsp;<\/p>\n<p>The Clinic has 67 employees:<\/p>\n<ul>\n<li>Doctors specialists:15<\/li>\n<li>Doctors on residency: 1<\/li>\n<li>Secondary doctor:1<\/li>\n<li>Graduated nurses\/ technicians: 11<\/li>\n<li>Nurses\/ technicians: 34<\/li>\n<li>Speech therapists: 2<\/li>\n<li>Secretary: 1<\/li>\n<li>Supply officer: 1<\/li>\n<li>Patient escort: 2<\/li>\n<\/ul>\n<p>Team of speech therapists: Ensala Brki\u0107, MSci,graduated educator and speech therapist and Adisa Suba\u0161i\u0107, graduated educator and speech therapist<\/p>\n<p>Team for early rehabilitation are employees of the Clinic for Physical Medicine and Rehabilitation.<\/p>\n<p><b>ORGANIZING STRUCTURE<\/b><\/p>\n<ul>\n<li>Neurology outpatient polyclinic<\/li>\n<li>Department for cerebrovascular diseass<\/li>\n<li>Department- Stroke treatment unit<\/li>\n<li>Department for General Neurology<\/li>\n<li>Department for Clinical Neuropysiology<\/li>\n<\/ul>\n<p><strong>Neurology outpatient polyclinic<\/strong><\/p>\n<p>Chief of the polyclinic: Prof. Dr. Omer \u0106. Ibrahimagi\u0107<\/p>\n<p>Technician in charge: Mirjana Juki\u0107, graduated nurse<\/p>\n<p><strong>Ambulances<\/strong><\/p>\n<ul>\n<li>Admission<\/li>\n<li>Specialist consultations for cerebrovascular diseases, movement disorders, neuromuscular diseases, epilepsy, multiple sclerosis, headaches and speech therapist<\/li>\n<\/ul>\n<p align=\"JUSTIFY\">Admission works 24 hours. Specialist consultations are open every working day 9 a.m. &#8211; 3 p.m.<\/p>\n<p align=\"JUSTIFY\">Scheduling appointments every working day 2 p.m.- 3:30 p.m.<\/p>\n<p align=\"JUSTIFY\">Additional information on telephone: 035 303 345<\/p>\n<p align=\"JUSTIFY\">Information for inpatients from doctor every working day from 2 p.m.- 3: 30 p.m. Telephone: 035\/303- 128<\/p>\n<p align=\"JUSTIFY\"><b>An outpatient clinic \/Day hospital<br \/>\n<\/b><\/p>\n<p>An outpatient clinic receives patients who need short- term monitoring and therapy in hospital setting<\/p>\n<p><b>Cabinets:<\/b><\/p>\n<ul>\n<li>Cabinet for <span lang=\"en\">electroencephalogram (EEG)<\/span><\/li>\n<li><span lang=\"en\">Cabinet for evoked potentials (EP)<\/span><\/li>\n<li><span lang=\"en\">Cabinet for electromyography (EMG)<\/span><\/li>\n<li><span lang=\"en\">Cabinet for doppler sonography<\/span><\/li>\n<li><span lang=\"en\">Cabinet for transcranial doppler (TCD)<\/span><\/li>\n<\/ul>\n<p align=\"JUSTIFY\">Information and contact telephones: <span lang=\"en\">electroencephalogram (EEG)<\/span> 035 303 348; electromyography (EMG) 035 303 325; evoked potentials (EP) 035 303 354; Doppler sonography and ultra sound of peripheral nerves\u00a0 035 303 128<\/p>\n<p><b>Department for cerebrovascular diseases<\/b><\/p>\n<p>Chief of the Department: Prof. Dr. Dzevdet Smajlovi\u0107<\/p>\n<p>Nurse in charge: Adisa Had\u017ei\u0107, graduated nurse<\/p>\n<p align=\"JUSTIFY\">The department deals with management of patients in critical condition and it is equipped according to the latest medical and technical standards and 15 hospital beds. Patient with urgent neurology disorders such are acute stroke, coma of known and unknown etiology, epilepsy and serial epileptic seizures, neuromuscular crisis <span lang=\"en\">(myasthenia gravis, acute polyradiculoneuritis, acute myositis), other urgent conditions in neurology that require intensive medical care.<\/span><\/p>\n<p align=\"JUSTIFY\">Additional information on telephone: 035 303 130 ; 035 303 350: 035 303 132; 035 303 142<\/p>\n<p><b>Department- stroke treatment unit<\/b><\/p>\n<p>Chief of the department: Assoc. Prof. Dr. Zejneba Pa\u0161i\u0107<\/p>\n<p>Technician in charge: Husejnovi\u0107 Amel, graduated technician<\/p>\n<p>The department has eight hospital beds with central monitoring system, smart system for application of intravenous therapy and oxygen therapy.<\/p>\n<p>Additional information on telephone: 035 303 130;<\/p>\n<p>&nbsp;<\/p>\n<p><b>Department of general neurology<\/b><\/p>\n<p>Chief of the department: Assoc. Prof. Dr. Larisa Kova\u010devi\u0107<\/p>\n<p>Nurse in charge: Almira Kulani\u0107, graduated nurse<\/p>\n<p align=\"JUSTIFY\">The department deals with diagnosis and therapy in patients with epilepsy and other types of seizures, movement disorders, cerebrovascular diseases with moderate neurological deficit and more severe deficit in the subacute phase, headache and other neurological pain syndromes, standard EEG, video EEG monitoring, intraoperative EEG monitoring (during carotid endarterectomy).<\/p>\n<p>Additional information on telephone: 035 303 346 ; 035 303 471; 035 303 472 ; 035 303 253<\/p>\n<p>Contact telephone for epilepsy counseling: 035 303 472 every Wednesday 1 p.m.- 2 p.m.<\/p>\n<p align=\"JUSTIFY\"><b>Department for clinical neurophysiology <\/b><\/p>\n<p align=\"JUSTIFY\">Chief of the department: Prof. Dr. Renata Hod\u017ei\u0107<\/p>\n<p align=\"JUSTIFY\">Technician in charge: Goran Koji\u0107, graduated technician<\/p>\n<p align=\"JUSTIFY\">Health professionals from the department are experts in treating <span lang=\"en\">neuromuscular diseases, demyelinating diseases, rare neurological diseases, complex neurological disorders, treatment of focal dystonias with Botulinum toxin, and electrodiagnosis- electromyoneurography and evoked potentials.<\/span><\/p>\n<p>Additional information on telephone: 035 303 346 ; 035 303 349<\/p>\n","protected":false},"excerpt":{"rendered":"<p>Head of the clinic: Prof.Dr. Zikrija Dostovi\u0107 Head technician: Nermin Me\u0161i\u0107,MSc. graduated technician Quality improvement and education: Alma Vuleta, graduated nurse Contact telephone: 00 387 35 303 128 e-mail: info@ukctuzla.ba The Clinic for Neurology is consisted of 5 departments with 50 hospital beds. HEALTH CARE SERVICES Diagnosis and treatment of patients with neuromuscular diseases Diagnosis&hellip;<\/p>\n","protected":false},"author":3,"featured_media":16294,"parent":0,"menu_order":0,"comment_status":"closed","ping_status":"closed","template":"","meta":{"footnotes":""},"class_list":["post-13125","page","type-page","status-publish","has-post-thumbnail","hentry","description-off"],"_links":{"self":[{"href":"https:\/\/www.ukctuzla.ba\/ukctuzla\/index.php?rest_route=\/wp\/v2\/pages\/13125","targetHints":{"allow":["GET"]}}],"collection":[{"href":"https:\/\/www.ukctuzla.ba\/ukctuzla\/index.php?rest_route=\/wp\/v2\/pages"}],"about":[{"href":"https:\/\/www.ukctuzla.ba\/ukctuzla\/index.php?rest_route=\/wp\/v2\/types\/page"}],"author":[{"embeddable":true,"href":"https:\/\/www.ukctuzla.ba\/ukctuzla\/index.php?rest_route=\/wp\/v2\/users\/3"}],"replies":[{"embeddable":true,"href":"https:\/\/www.ukctuzla.ba\/ukctuzla\/index.php?rest_route=%2Fwp%2Fv2%2Fcomments&post=13125"}],"version-history":[{"count":4,"href":"https:\/\/www.ukctuzla.ba\/ukctuzla\/index.php?rest_route=\/wp\/v2\/pages\/13125\/revisions"}],"predecessor-version":[{"id":21207,"href":"https:\/\/www.ukctuzla.ba\/ukctuzla\/index.php?rest_route=\/wp\/v2\/pages\/13125\/revisions\/21207"}],"wp:featuredmedia":[{"embeddable":true,"href":"https:\/\/www.ukctuzla.ba\/ukctuzla\/index.php?rest_route=\/wp\/v2\/media\/16294"}],"wp:attachment":[{"href":"https:\/\/www.ukctuzla.ba\/ukctuzla\/index.php?rest_route=%2Fwp%2Fv2%2Fmedia&parent=13125"}],"curies":[{"name":"wp","href":"https:\/\/api.w.org\/{rel}","templated":true}]}}