{"id":13158,"date":"2022-11-08T12:30:19","date_gmt":"2022-11-08T11:30:19","guid":{"rendered":"http:\/\/www.ukctuzla.ba\/ukctuzla\/?page_id=13158"},"modified":"2025-12-15T11:26:31","modified_gmt":"2025-12-15T10:26:31","slug":"clinic-for-pulmonary-diseases","status":"publish","type":"page","link":"https:\/\/www.ukctuzla.ba\/ukctuzla\/?page_id=13158&lang=en","title":{"rendered":"CLINIC FOR PULMONARY DISEASES"},"content":{"rendered":"<p align=\"JUSTIFY\">Head of the clinic: Primarius Dr. Nada Remeti\u0107<\/p>\n<p align=\"JUSTIFY\">Head technician: Jasmin Halilovi\u0107, graduated technician<\/p>\n<p align=\"JUSTIFY\">Phone: 35 293 488;\u00a0 35 306 656;<\/p>\n<p align=\"JUSTIFY\">Quality improvement and education: Amra Fi\u0161kovi\u0107, graduated nurse<\/p>\n<p align=\"JUSTIFY\">Phone: 35 306 646<\/p>\n<p align=\"JUSTIFY\">Secretary: Izeta Kahri\u0107<\/p>\n<p align=\"JUSTIFY\">Phone:\u00a0 35 306 656<\/p>\n<p align=\"JUSTIFY\">e-mail: info@ukctuzla.ba<\/p>\n<p align=\"JUSTIFY\">The Clinic for Pulmonary Diseases is a modern and specialized hospital located in the Slavinovi\u0107i settlement on 3000 square meters land space.<\/p>\n<p align=\"JUSTIFY\"><b>ORGANIZING STRUCTURE<\/b><\/p>\n<p align=\"JUSTIFY\"><b>DEPARTMENTS:<\/b><\/p>\n<ul>\n<li>\n<p align=\"JUSTIFY\">Department for semi- intensive care<\/p>\n<\/li>\n<li>\n<p align=\"JUSTIFY\">Department for non- specific pulmonary diseases<\/p>\n<\/li>\n<li>\n<p align=\"JUSTIFY\">Department for pulmonology\/ allergology<\/p>\n<\/li>\n<li>\n<p align=\"JUSTIFY\">Department for malignant diseases<\/p>\n<\/li>\n<li>\n<p align=\"JUSTIFY\">Department for tuberculosis<\/p>\n<\/li>\n<\/ul>\n<p align=\"JUSTIFY\"><b>POLYCLINIC: <\/b><\/p>\n<p align=\"JUSTIFY\">Technician in charge: Mirza \u0106ori\u0107, MSc. in health care and management<\/p>\n<p align=\"JUSTIFY\">Phone:035 306-647; 035 306-661<\/p>\n<p align=\"JUSTIFY\"><b>OUTPATIENT CLINIC<\/b><\/p>\n<ul>\n<li>\n<p align=\"JUSTIFY\">Admission<\/p>\n<\/li>\n<li>\n<p align=\"JUSTIFY\">Specialist consultations<\/p>\n<\/li>\n<\/ul>\n<p align=\"JUSTIFY\"><b>COUNSELING:<\/b><\/p>\n<ul>\n<li>\n<p align=\"JUSTIFY\">Counseling for chronic and non- specific pulmonary diseases<\/p>\n<\/li>\n<li>\n<p align=\"JUSTIFY\">Counseling for allergic diseases in the lungs<\/p>\n<\/li>\n<li>\n<p align=\"JUSTIFY\">Counseling for pulmonary tuberculosis<\/p>\n<\/li>\n<li>\n<p align=\"JUSTIFY\">Counseling for malignant lung diseases<\/p>\n<\/li>\n<\/ul>\n<p><b>CABINETS:<\/b><\/p>\n<ul>\n<li>Cabinet for bronchoscopy<\/li>\n<li>Cabinet for respiratory function testing<\/li>\n<li>X- ray cabinet<\/li>\n<li>Cabinet for allergies<\/li>\n<li>Cabinet for polysomnography<\/li>\n<\/ul>\n<p><b>HEALTH CARE SERVICES<\/b><\/p>\n<p align=\"JUSTIFY\"><span class=\"HwtZe\" lang=\"en\"><span class=\"jCAhz ChMk0b\"><span class=\"ryNqvb\">The Pulmonary Diseases Clinic diagnoses and treats lung diseases, non-specific and specific (TB) as well as diagnoses malignant diseases of the respiratory tract, performs bronchoscopies, polysomnography, as well as complete pulmonological and allergological treatment of patients, X-ray and CT diagnostics.<\/span><\/span> <span class=\"jCAhz ChMk0b\"><span class=\"ryNqvb\">It diagnoses and monitors occupational lung diseases, inflammatory, obstructive and other lung diseases.<\/span><\/span> <span class=\"jCAhz ChMk0b\"><span class=\"ryNqvb\">It conducts pulmonary rehabilitation, active patient education, education on the proper use of metered dose aerosols, treats post-primary tuberculosis in patients over 14 years of age, as well as infections caused by non-tuberculous mycobacteria.<\/span><\/span> <span class=\"jCAhz ChMk0b\"><span class=\"ryNqvb\">It treats patients suffering from chronic obstructive pulmonary diseases (chronic bronchitis, asthma, emphysema), pneumonia, pulmonary thromboembolism, chronic pulmonary heart, sarcoidosis.<\/span><\/span><span class=\"jCAhz ChMk0b\"><span class=\"ryNqvb\"> The Clinic for Pulmonary Diseases has a capacity of 80 patient beds.<\/span><\/span><\/span><\/p>\n<p align=\"JUSTIFY\"><b>DEPARTMENT FOR PULMONOLOGY\/ ALLERGOLOGY<\/b><\/p>\n<p align=\"JUSTIFY\">Chief of the department: Assoc.Prof.Dr.D\u017eenan Halilovi\u0107<\/p>\n<p align=\"JUSTIFY\">Nurse in charge: Sandra Galu\u0161i\u0107, graduated nurse<\/p>\n<p align=\"JUSTIFY\"><span class=\"HwtZe\" lang=\"en\"><span class=\"jCAhz ChMk0b\"><span class=\"ryNqvb\">The Department of Pulmonary Allergy, with a capacity of 15 beds, diagnoses and monitors occupational lung diseases, inflammatory, obstructive and other lung diseases.<\/span><\/span> <span class=\"jCAhz ChMk0b\"><span class=\"ryNqvb\">Pulmonary rehabilitation, active patient education, education on the proper use of metered dose aerosols are carried out, and it is a regular and everyday activity in the work of nurses.<\/span><\/span> <span class=\"jCAhz ChMk0b\"><span class=\"ryNqvb\">Patient education is also carried out through the &#8220;Asthma School&#8221;, which is organized for patients.<\/span><\/span><span class=\"jCAhz ChMk0b\"><span class=\"ryNqvb\"> The work in the department is closely linked to the work of the allergology, polysomnography and functional testing cabinet, where bodyplethysmographic testing of lung function is performed with determination of the flow-volume curve, spirometric examination of lung function, determination of diffusion capacity, determination of acid-base status, electrolytes and values \u200b\u200bof the respiratory system, as well as bronchodilator and bronchoprovocation testing.<\/span><\/span><\/span><\/p>\n<p lang=\"en\" align=\"JUSTIFY\">Information desk works from 1 p.m. to 2 p.m.: 035 306 653; doctor's office 035 306 645<\/p>\n<p><b>DEPARTMENT FOR NON SPECIFIC PULMONARY DISEASES<\/b><\/p>\n<p align=\"JUSTIFY\">Chief of the department: Primarius Dr. Sne\u017eana Kova\u010devi\u0107, pneumophthisiologist<\/p>\n<p align=\"JUSTIFY\">Nurse in charge: Adela Kne\u017eevi\u0107, graduated nurse<\/p>\n<div class=\"lRu31\" dir=\"ltr\"><span class=\"HwtZe\" lang=\"en\"><span class=\"jCAhz ChMk0b\"><span class=\"ryNqvb\">The Department of Non-Specific Pulmonary Diseases, with a capacity of 16 beds, diagnoses and treats patients with chronic obstructive pulmonary diseases (chronic bronchitis, asthma, emphysema), pulmonary thromboembolic pneumonia, chronic pulmonary heart disease and other diseases other than tuberculosis.<\/span><\/span> <span class=\"jCAhz ChMk0b\"><span class=\"ryNqvb\">Pulmonary rehabilitation, active patient education, education on the proper use of metered dose aerosols, so-called pumps, is a regular and everyday activity in the work of nurses, patient education is also carried out through the &#8220;Asthma School&#8221;, which is organized for patients.<\/span><\/span><span class=\"jCAhz ChMk0b\"><span class=\"ryNqvb\"> The work of the department is closely linked to the work of the Office of Allergology, Polysomnography and Functional Testing, where bodyplethysmographic testing of pulmonary function is performed with determination of the flow-volume curve, spirometric examination of pulmonary function, determination of diffusion capacity, determination of acid-base status, electrolytes and values \u200b\u200bof the blood glucose, and bronchodilator and bronchoprovocation testing.<\/span><\/span><\/span><\/div>\n<div class=\"UdTY9 WdefRb\" aria-hidden=\"true\" data-location=\"2\">\n<div class=\"kO6q6e\"><\/div>\n<\/div>\n<p align=\"JUSTIFY\">Information desk works from 1 p.m.- 2 p.m.: 035 306 655; doctor's office: 035 306 668<\/p>\n<p lang=\"en\" align=\"JUSTIFY\"><b>DEPARTMENT FOR MALIGNANT DISEASES<\/b><\/p>\n<p lang=\"en\" align=\"JUSTIFY\">Chief of the department: Primarius Dr. Nada Remeti\u0107, pneumophthisiologist<\/p>\n<p lang=\"en\" align=\"JUSTIFY\">Nurse in charge: Maida Kari\u0107, graduated nurse<\/p>\n<p lang=\"en\" align=\"JUSTIFY\"><span class=\"HwtZe\" lang=\"en\"><span class=\"jCAhz ChMk0b\"><span class=\"ryNqvb\">The Department for Malignant Diseases, with a capacity of 21 beds, diagnoses and treats patients with suspected lung malignancy.<\/span><\/span><\/span><\/p>\n<p align=\"JUSTIFY\"><span lang=\"en\">Information desk works from 1 p.m.-2 p.m.:<\/span><span lang=\"en\"> 035 306 642; Doctor's office\u00a0 035 306 662 <\/span><\/p>\n<p align=\"JUSTIFY\"><b>DEPARTMENT FOR TUBERCULOSIS<\/b><\/p>\n<p align=\"JUSTIFY\">Chief of the department: Dr. Abdurahman Red\u017epagi\u0107, pneumophthisiologist<\/p>\n<p align=\"JUSTIFY\">Nurse in charge: Finka Maksimovi\u0107, graduated nurse<\/p>\n<p align=\"JUSTIFY\"><span class=\"HwtZe\" lang=\"en\"><span class=\"jCAhz ChMk0b\"><span class=\"ryNqvb\">The department for tuberculosis, with a capacity of 16 beds, consists of a male and female ward.<\/span><\/span> <span class=\"jCAhz ChMk0b\"><span class=\"ryNqvb\">The departmnt treats post-primary tuberculosis in patients older than 14 years, as well as infections caused by non-tuberculous mycobacteria.<\/span><\/span><\/span><\/p>\n<p align=\"JUSTIFY\">Information desk works from 1 p.m.- 2 p.m.: 035 306 651; doctor's office; 035 306 651<\/p>\n<p align=\"JUSTIFY\"><b>DEPARTMENT FOR SEMI- INTENSIVE CARE<\/b><\/p>\n<p align=\"JUSTIFY\">The department for semi- intensive care has a capacity of 12 bed.<\/p>\n<p align=\"JUSTIFY\"><b><span lang=\"en\">OUTPATIENT CLINIC:<\/span><\/b><\/p>\n<p align=\"JUSTIFY\"><b><span lang=\"en\">ADMISSION<\/span><\/b><\/p>\n<p align=\"JUSTIFY\"><span lang=\"en\">Emergency cases and scheduled admissions, medical evaluation and observation of patients are carried out in admission of outpatient clinic. When patients are candidates for admission to the Department as inpatients following information are recorded in the patient's medical records: medical history, clinical path, nursing anamnesis and documentation. The patient is registered as an inpatient and referred to the Department for further treatment.<\/span><\/p>\n<p><span lang=\"en\">Information desk: 035 306 647 <\/span><\/p>\n<p align=\"JUSTIFY\"><b><span lang=\"en\">SPECIALIST CONSULTATIONS<\/span><\/b><\/p>\n<p align=\"JUSTIFY\"><span lang=\"en\">Specialist and clinical consultations undertake all doctors in the outpatient clinic following outpatient service and attending doctor schedule from 11 a.m. &#8211; 2: 30 p.m.<\/span><\/p>\n<p align=\"JUSTIFY\"><span lang=\"en\">For specialist consultations the patient must have valid health insurance, a referral for a specialist, a discharge letter from hospital, and previously recommended laboratory analysis.<\/span><\/p>\n<p align=\"JUSTIFY\"><span lang=\"en\">Information desk: 035 306 647 <\/span><\/p>\n<p align=\"JUSTIFY\"><b><span lang=\"en\">CABINETS<\/span><\/b><\/p>\n<p align=\"JUSTIFY\"><b><span lang=\"en\">Cabinet for bronchoscopy<\/span><\/b><\/p>\n<p align=\"JUSTIFY\"><span lang=\"en\">The most modern cabinet for respiratory endoscopy provides diagnostic and therapeutic interventional pulmonology techniques such as flexible and rigid bronchoscopy. Catheter biopsy, transbronchial biopsy, transbronchial puncture and bronchobiopsy (brush biopsy, forceps biopsy, needle biopsy) are techniques used for taking pathological- histological material. The Cabinet is equipped with a video-bronchoscopy system with a narrow spectrum of images (Narrow Band Imaging \u2013 NBI bronchoscopy) that allows early stage bronchial cancer diagnosis. <\/span><\/p>\n<p><span lang=\"en\">Information desk work on working days from 8 a.m.- 2 p.m.: 035 306 661 <\/span><\/p>\n<p><b><span lang=\"en\">Cabinet for respiratory function testing<\/span><\/b><\/p>\n<p align=\"JUSTIFY\"><span lang=\"en\">Cabinet is equipped with a modern technology such as blood gas analyzer and a MasterScreen Body system for comprehensive pulmonary function testing, monitoring of therapy effects, as well as scientific research purposes. <\/span><\/p>\n<p align=\"JUSTIFY\"><span lang=\"en\">We perform following pulmonary function testing:<\/span><\/p>\n<ul>\n<li>\n<p align=\"JUSTIFY\"><span lang=\"en\">spirometry<\/span><\/p>\n<\/li>\n<li>\n<p align=\"JUSTIFY\"><span lang=\"en\">spirometry with bronchodilatator, body plethysmography <\/span><\/p>\n<\/li>\n<li>\n<p align=\"JUSTIFY\"><span lang=\"en\">body plethysmography<\/span><span lang=\"en\"> with bronchodilatator<\/span><\/p>\n<\/li>\n<li>\n<p align=\"JUSTIFY\"><span lang=\"en\">gas analysis at rest<\/span><\/p>\n<\/li>\n<li>\n<p align=\"JUSTIFY\"><span lang=\"en\">gas analysis during load<\/span><\/p>\n<\/li>\n<\/ul>\n<p align=\"JUSTIFY\"><span lang=\"en\">Based on the results of pulmonary function, doctors recommend therapy, assess the risk of performing extrapulmonary surgery in patients with associated lung disease, as well as the patient's ability to work for the disability commission. <\/span><\/p>\n<p><span lang=\"en\">Information desk on working days from 1 p.m- 2 p.m.: 035 306 64; 035 306 661 <\/span><\/p>\n<p><b><span lang=\"en\">Cabinet for X- ray, CT scan<br \/>\n<\/span><\/b><\/p>\n<p><span lang=\"en\">Cabinet works continuously.<br \/>\n<\/span><\/p>\n<p><b><span lang=\"en\">Cabinet for allergies<\/span><\/b><\/p>\n<p><span lang=\"en\">Cabinet offers: <\/span><\/p>\n<ul>\n<li><span lang=\"en\">first examination of patient referred to the clinic due to suspected allergic respiratory disease<\/span><\/li>\n<li><span lang=\"en\">intradermal allergy prick test<\/span><\/li>\n<li><span lang=\"en\">epicutaneous patch test<\/span><\/li>\n<li><span lang=\"en\">scarification skin test (preservatives, additives, drugs)<\/span><\/li>\n<li><span lang=\"en\">physical tests to prove physical urticaria<\/span><\/li>\n<li><span lang=\"en\">conjuctival allergen provocation test<\/span><\/li>\n<\/ul>\n<p><span lang=\"en\">Patients need a referral and scheduled appointment. Cabinet works 12 noon- 2 p.m.Phone: 035 306 647<br \/>\n<\/span><\/p>\n<p><b><span lang=\"en\">Cabinet for polysomnography<\/span><\/b><\/p>\n<p><span lang=\"en\">Cabinet offers medical examination of sleep disorders.<\/span><\/p>\n<p><span lang=\"en\">Information desk on working days from 1 p.m.- 2 p.m.: 035 306 647 <\/span><\/p>\n<p><b><span lang=\"en\">HEALTH CARE PROFESSIONALS<br \/>\n<\/span><\/b><\/p>\n<p align=\"JUSTIFY\"><span lang=\"en\">The Clinic has 76 employees: 19 doctors ( 2 with PhD specialist in internal medicine, 1 subspecialist of pulmonology, 6 specialist in pneumophthisiology, 5 specialist in pulmonology,\u00a0 5 doctors on residency), 54 nurses\/technicians (1 with master theses in health care and management, 8 graduated nurses\/technicians and 45 nurses\/ technicians), 1 healthcare assistant, 1 supply officer.<\/span><\/p>\n<p><span lang=\"en\">The Clinic for Pulmonary Diseases is a teaching clinic that is linked to the Medical faculty and High Health School of the University of Tuzla. There are 15 academic doctors working in medical education and teaching.<\/span><\/p>\n<p><b><span lang=\"en\">BOOKS AND PUBLICATIONS BY EMPLOYEES OF THE CLINIC: <\/span><\/b><\/p>\n<ul>\n<li>Prevencija i lije\u010denje tuberkuloze plu\u0107a, Tuzla: Medicinski fakultet Univerziteta u Tuzli, 1997.<\/li>\n<li>Elektrokardiografske osobitnosti hroni\u010dnog plu\u0107nog srca, Sarajevo: Bosnalijek, 1998.<\/li>\n<li>Pulmologija, Tuzla: Medicnski fakultet Sarajevo i Tuzla, 2000.<\/li>\n<li>Urgentna stanja u pulmologiji, Tuzla: Bosnafarm, 2003.<\/li>\n<li>Alergijske bolesti, Univerzitet u Tuzli, 2010.<\/li>\n<li>Opstrukcijske bolesti disanih organa, Te\u0161anj: Planjaxkomerc doo 2018 god<\/li>\n<\/ul>\n","protected":false},"excerpt":{"rendered":"<p>Head of the clinic: Primarius Dr. Nada Remeti\u0107 Head technician: Jasmin Halilovi\u0107, graduated technician Phone: 35 293 488;\u00a0 35 306 656; Quality improvement and education: Amra Fi\u0161kovi\u0107, graduated nurse Phone: 35 306 646 Secretary: Izeta Kahri\u0107 Phone:\u00a0 35 306 656 e-mail: info@ukctuzla.ba The Clinic for Pulmonary Diseases is a modern and specialized hospital located in&hellip;<\/p>\n","protected":false},"author":3,"featured_media":16294,"parent":0,"menu_order":0,"comment_status":"closed","ping_status":"closed","template":"","meta":{"footnotes":""},"class_list":["post-13158","page","type-page","status-publish","has-post-thumbnail","hentry","description-off"],"_links":{"self":[{"href":"https:\/\/www.ukctuzla.ba\/ukctuzla\/index.php?rest_route=\/wp\/v2\/pages\/13158","targetHints":{"allow":["GET"]}}],"collection":[{"href":"https:\/\/www.ukctuzla.ba\/ukctuzla\/index.php?rest_route=\/wp\/v2\/pages"}],"about":[{"href":"https:\/\/www.ukctuzla.ba\/ukctuzla\/index.php?rest_route=\/wp\/v2\/types\/page"}],"author":[{"embeddable":true,"href":"https:\/\/www.ukctuzla.ba\/ukctuzla\/index.php?rest_route=\/wp\/v2\/users\/3"}],"replies":[{"embeddable":true,"href":"https:\/\/www.ukctuzla.ba\/ukctuzla\/index.php?rest_route=%2Fwp%2Fv2%2Fcomments&post=13158"}],"version-history":[{"count":4,"href":"https:\/\/www.ukctuzla.ba\/ukctuzla\/index.php?rest_route=\/wp\/v2\/pages\/13158\/revisions"}],"predecessor-version":[{"id":20217,"href":"https:\/\/www.ukctuzla.ba\/ukctuzla\/index.php?rest_route=\/wp\/v2\/pages\/13158\/revisions\/20217"}],"wp:featuredmedia":[{"embeddable":true,"href":"https:\/\/www.ukctuzla.ba\/ukctuzla\/index.php?rest_route=\/wp\/v2\/media\/16294"}],"wp:attachment":[{"href":"https:\/\/www.ukctuzla.ba\/ukctuzla\/index.php?rest_route=%2Fwp%2Fv2%2Fmedia&parent=13158"}],"curies":[{"name":"wp","href":"https:\/\/api.w.org\/{rel}","templated":true}]}}