{"id":13179,"date":"2022-11-09T13:09:04","date_gmt":"2022-11-09T12:09:04","guid":{"rendered":"http:\/\/www.ukctuzla.ba\/ukctuzla\/?page_id=13179"},"modified":"2025-12-15T15:06:19","modified_gmt":"2025-12-15T14:06:19","slug":"clinic-for-skin-diseases","status":"publish","type":"page","link":"https:\/\/www.ukctuzla.ba\/ukctuzla\/?page_id=13179&lang=en","title":{"rendered":"CLINIC FOR SKIN DISEASES"},"content":{"rendered":"<p>Head of the clinic: Assoc. Prof. Dr. Senada Resi\u0107<\/p>\n<p>Head technician: Nedim Had\u017eimehmedovi\u0107, graduated technician<\/p>\n<p>Quality improvement and education: Enes Had\u017eiskaki\u0107, graduated technician<\/p>\n<p>Contact<\/p>\n<p>Telephone: 00387 35 303 118<\/p>\n<p>E-mail: info@ukctuzla.ba<\/p>\n<p align=\"JUSTIFY\">The Clinic consists of two departments with 16 hospital beds and dermatology and venerology outpatient clinic with admission, specialist consultation and six cabinets. The Clinic staff makes 31 employees: 6 doctors specialists, 2 doctors of medicine on residency, 6 medical doctors, 5 graduated nurses\/ technicians, 1 nurse with higher nursing school, 8 nurses\/ technicians, 1 supply officer and 1 patient escort.<\/p>\n<p align=\"JUSTIFY\"><b>HEALTH CARE SERVICES<\/b><\/p>\n<ul>\n<li>\n<p align=\"JUSTIFY\">Health care services of the tertiary care level for patients with skin adnexal diseases<\/p>\n<\/li>\n<li>\n<p align=\"JUSTIFY\">Scientific, research work and education<\/p>\n<\/li>\n<li>\n<p align=\"JUSTIFY\">The secondary care level in the field of dermatology and venerology<\/p>\n<\/li>\n<li>\n<p align=\"JUSTIFY\">Diagnostics and therapy in dermatology<\/p>\n<\/li>\n<li>\n<p align=\"JUSTIFY\">Light therapy (phototherapy, photochemothrapy, the bioptron)<\/p>\n<\/li>\n<li>\n<p align=\"JUSTIFY\">Diagnostics and therapy of allergy including immunotherapy<\/p>\n<\/li>\n<li>\n<p align=\"JUSTIFY\">Diagnostics and surgery of skin tumors<\/p>\n<\/li>\n<li>\n<p align=\"JUSTIFY\">Diagnostics and therapy of chronic wounds<\/p>\n<\/li>\n<li>\n<p align=\"JUSTIFY\">Medical cosmetology<\/p>\n<\/li>\n<li>\n<p align=\"JUSTIFY\">Promotion of skin health and protection from environmental influences on skin<\/p>\n<\/li>\n<\/ul>\n<p align=\"JUSTIFY\"><b>ORGANIZING STRUCTURE<\/b><\/p>\n<p align=\"JUSTIFY\"><b>OUTPATIENT CLINIC FOR DERAMATOLGY AND VENEROLOGY<\/b><\/p>\n<ul>\n<li>\n<p align=\"JUSTIFY\">Admission\/ contact telephone: 035 303 120<\/p>\n<\/li>\n<li>\n<p align=\"JUSTIFY\">Specialists consultation \/ contact telephone: 035 303 120<\/p>\n<\/li>\n<\/ul>\n<p align=\"JUSTIFY\"><b>CABINETS<\/b><\/p>\n<ul>\n<li>\n<p align=\"JUSTIFY\">Cabinet for allergies\/ contact telephone: 035 303 121<\/p>\n<\/li>\n<li>\n<p align=\"JUSTIFY\">Cabinet for cosmetology\/ contact telephone: 035 303 120<\/p>\n<\/li>\n<li>\n<p align=\"JUSTIFY\">Cabinet for phlebology and chronic wounds \/ contact telephone: 035 303 121<\/p>\n<\/li>\n<li>\n<p align=\"JUSTIFY\">Cabinet for phototherapy\/ contact telephone: 035 303 105<\/p>\n<\/li>\n<li>\n<p align=\"JUSTIFY\">Cabinet for dermatosurgery\/ contact telephone: 035 303 118<\/p>\n<\/li>\n<\/ul>\n<p align=\"JUSTIFY\"><b>DEPARTMENTS<\/b><\/p>\n<ul>\n<li>\n<p align=\"JUSTIFY\">Department of general dermatology and venerology<\/p>\n<\/li>\n<li>\n<p align=\"JUSTIFY\">Department for allergy<\/p>\n<\/li>\n<\/ul>\n<p><strong>OUTPATIENT CLINIC FOR DERMATOLOGY AND VENEROLOGY<\/strong><\/p>\n<p align=\"JUSTIFY\">Technician in charge: Amir Bori\u0107, graduated technician MSc. in nursing<\/p>\n<p align=\"JUSTIFY\">Admission: Denisa Murslovi\u0107. graduated nurse<\/p>\n<p align=\"JUSTIFY\"><b>Cabinet for allergy<\/b><\/p>\n<p align=\"JUSTIFY\">Doctor in charge: Primarius Dr. Sena \u0160adi\u0107<\/p>\n<p align=\"JUSTIFY\">Technician in charge: Amir Bori\u0107, graduated technician<\/p>\n<p align=\"JUSTIFY\">Health care services:<\/p>\n<ul>\n<li>\n<p align=\"JUSTIFY\">the first and control follow- up by doctor specialist<\/p>\n<\/li>\n<li>\n<p align=\"JUSTIFY\">allergy evaluation- diagnosis and plan of treatment<\/p>\n<\/li>\n<li>\n<p align=\"JUSTIFY\">intradermal testing (inhalant, nutritional and individual specific)<\/p>\n<\/li>\n<li>\n<p align=\"JUSTIFY\">reading and interpreting of intradermal tests and consultations<\/p>\n<\/li>\n<li>\n<p align=\"JUSTIFY\">epicutaneous patch testing (standard and specific)<\/p>\n<\/li>\n<li>\n<p align=\"JUSTIFY\">physical tests<\/p>\n<\/li>\n<li>\n<p align=\"JUSTIFY\">doctor's evaluation and administration of immunotherapy<\/p>\n<\/li>\n<li>\n<p align=\"JUSTIFY\">hyposensitization and immunotherapy<\/p>\n<\/li>\n<li>\n<p align=\"JUSTIFY\">scratch test<\/p>\n<\/li>\n<li>\n<p align=\"JUSTIFY\">giving instruction for testing<\/p>\n<\/li>\n<li>\n<p align=\"JUSTIFY\">education of patient and recommended therapy<\/p>\n<\/li>\n<\/ul>\n<p align=\"JUSTIFY\"><b>Cabinet for medical cosmetology<\/b><\/p>\n<p align=\"JUSTIFY\">Doctor in charge: Dr. Azra Had\u017eigrahi\u0107<\/p>\n<p align=\"JUSTIFY\">Nurse in charge: \u0160efija Gosi\u0107<\/p>\n<p align=\"JUSTIFY\">Health care services:<\/p>\n<ul>\n<li>\n<p align=\"JUSTIFY\">the first and control follow- up by doctor specialist<\/p>\n<\/li>\n<li>\n<p align=\"JUSTIFY\">vazopone face steaming<\/p>\n<\/li>\n<li>\n<p align=\"JUSTIFY\">treatment of comedones<\/p>\n<\/li>\n<li>\n<p align=\"JUSTIFY\">incision of acne conglobata and small abscesses<\/p>\n<\/li>\n<li>\n<p align=\"JUSTIFY\">facial peeling<\/p>\n<\/li>\n<li>\n<p align=\"JUSTIFY\">facial cleansing and local therapy on the skin<\/p>\n<\/li>\n<li>\n<p align=\"JUSTIFY\">the bioptron lamp treatment<\/p>\n<\/li>\n<li>\n<p align=\"JUSTIFY\">the first and second treatment of a hot spots on the skin<\/p>\n<\/li>\n<\/ul>\n<p align=\"JUSTIFY\"><b>Cabinet for phlebology and chronic wounds<\/b><\/p>\n<p align=\"JUSTIFY\">Doctor in charge: Dr. Sinan Ali\u0107<\/p>\n<p align=\"JUSTIFY\">Nurse in charge: Lejla Salkanovi\u0107, a nurse<\/p>\n<p align=\"JUSTIFY\">Health care services:<\/p>\n<ul>\n<li>\n<p align=\"JUSTIFY\">the first and control follow- up by doctor specialist<\/p>\n<\/li>\n<li>\n<p align=\"JUSTIFY\">diagnostics and therapy plan<\/p>\n<\/li>\n<li>\n<p align=\"JUSTIFY\">recommendation spoken and written<\/p>\n<\/li>\n<li>\n<p align=\"JUSTIFY\">functional tests for diagnosing chronic venous insufficiency of lower extremities<\/p>\n<\/li>\n<li>\n<p align=\"JUSTIFY\">vein sclerotherapy<\/p>\n<\/li>\n<li>\n<p align=\"JUSTIFY\">wound treatment and dressing<\/p>\n<\/li>\n<li>\n<p align=\"JUSTIFY\">compression therapy setting and education of patients<\/p>\n<\/li>\n<li>\n<p align=\"JUSTIFY\">manual massage<\/p>\n<\/li>\n<li>\n<p align=\"JUSTIFY\">the Bioptron lamp therapy<\/p>\n<\/li>\n<\/ul>\n<p align=\"JUSTIFY\"><b>Cabinet for phototherapy<\/b><\/p>\n<p align=\"JUSTIFY\">Doctor in charge: Primarius Dr. Selma Kamberovi\u0107, MSc.<\/p>\n<p align=\"JUSTIFY\">Technician in charge: Moranki\u0107 Senahid<\/p>\n<p align=\"JUSTIFY\">Health care services:<\/p>\n<ul>\n<li>\n<p align=\"JUSTIFY\">the first and control follow- up by doctor specialist<\/p>\n<\/li>\n<li>\n<p align=\"JUSTIFY\">diagnostics and therapy plan<\/p>\n<\/li>\n<li>\n<p align=\"JUSTIFY\">recommendations for patients regarding phototherapy<\/p>\n<\/li>\n<li>\n<p align=\"JUSTIFY\">education for patients and recommended therapy<\/p>\n<\/li>\n<li>\n<p align=\"JUSTIFY\">phototherapy with NB- UVB<\/p>\n<\/li>\n<li>\n<p align=\"JUSTIFY\">phototherapy with UVA- UVB<\/p>\n<\/li>\n<li>\n<p align=\"JUSTIFY\">PUVA phototherapy<\/p>\n<\/li>\n<li>\n<p align=\"JUSTIFY\">PUVA- bath phototherapy<\/p>\n<\/li>\n<li>\n<p align=\"JUSTIFY\">RePuva therapy<\/p>\n<\/li>\n<\/ul>\n<p align=\"JUSTIFY\"><b>Cabinet for dermatosurgery<\/b><\/p>\n<p align=\"JUSTIFY\">Doctor in charge: Primarius Dr. Midheta Bijedi\u0107, MSc.<\/p>\n<p align=\"JUSTIFY\">Technician in charge: Miralem Salki\u0107<\/p>\n<p align=\"JUSTIFY\">Health care services:<\/p>\n<ul>\n<li>\n<p align=\"JUSTIFY\">the first and control follow- up by doctor specialist<\/p>\n<\/li>\n<li>\n<p align=\"JUSTIFY\">skin biopsy under local anesthesia with suturing<\/p>\n<\/li>\n<li>\n<p align=\"JUSTIFY\">extraction of minor benign and malignant skin tumors under local anesthesia with suturing<\/p>\n<\/li>\n<li>\n<p align=\"JUSTIFY\">foreign body extraction<\/p>\n<\/li>\n<li>\n<p align=\"JUSTIFY\">incision of furuncles and small abscesses<\/p>\n<\/li>\n<li>\n<p align=\"JUSTIFY\">primary treatment of wound with local anesthesia with suturing<\/p>\n<\/li>\n<li>\n<p align=\"JUSTIFY\">intralesional drug administration into the skin<\/p>\n<\/li>\n<\/ul>\n<p align=\"JUSTIFY\">Outpatient ambulance works 24 hours<\/p>\n<p align=\"JUSTIFY\">Cabinet for dermatoscopy<\/p>\n<p align=\"JUSTIFY\">Doctor in charge: Assoc. Prof. Dr. Senada Resi\u0107 D\u017eananovi\u0107<\/p>\n<p align=\"JUSTIFY\">Nurse in charge: Amela Salihovi\u0107, graduated nurse<\/p>\n<p align=\"JUSTIFY\"><strong>DEPARTMENTS<\/strong><\/p>\n<p align=\"JUSTIFY\"><b>DEPARTMENT FOR GENERAL DERMATOLOGY AND VENEROLOGY<\/b><\/p>\n<p align=\"JUSTIFY\">Chief of the department: Primarius Dr. Selma Kamberovi\u0107, MSc.<\/p>\n<p align=\"JUSTIFY\">Nurse in charge: Aj\u0161a Ba\u0161i\u0107, graduated nurse<\/p>\n<ul>\n<li>\n<p align=\"JUSTIFY\">diagnosis and treatment of patients with acute skin conditions<\/p>\n<\/li>\n<li>\n<p align=\"JUSTIFY\">diagnosis and treatment of patients with chronic skin conditions<\/p>\n<\/li>\n<\/ul>\n<p align=\"JUSTIFY\"><b>DEPARTMENT FOR ALLERGY<\/b><\/p>\n<p align=\"JUSTIFY\">Chief of department: Primarius Dr. Sena \u0160adi\u0107<\/p>\n<ul>\n<li>\n<p align=\"JUSTIFY\">diagnosis and treatment of patients with acute allergic conditions<\/p>\n<\/li>\n<li>\n<p align=\"JUSTIFY\">diagnosis and treatment of patients with chronic allergic conditions<\/p>\n<\/li>\n<\/ul>\n","protected":false},"excerpt":{"rendered":"<p>Head of the clinic: Assoc. Prof. Dr. Senada Resi\u0107 Head technician: Nedim Had\u017eimehmedovi\u0107, graduated technician Quality improvement and education: Enes Had\u017eiskaki\u0107, graduated technician Contact Telephone: 00387 35 303 118 E-mail: info@ukctuzla.ba The Clinic consists of two departments with 16 hospital beds and dermatology and venerology outpatient clinic with admission, specialist consultation and six cabinets. The&hellip;<\/p>\n","protected":false},"author":3,"featured_media":16294,"parent":0,"menu_order":0,"comment_status":"closed","ping_status":"closed","template":"","meta":{"footnotes":""},"class_list":["post-13179","page","type-page","status-publish","has-post-thumbnail","hentry","description-off"],"_links":{"self":[{"href":"https:\/\/www.ukctuzla.ba\/ukctuzla\/index.php?rest_route=\/wp\/v2\/pages\/13179","targetHints":{"allow":["GET"]}}],"collection":[{"href":"https:\/\/www.ukctuzla.ba\/ukctuzla\/index.php?rest_route=\/wp\/v2\/pages"}],"about":[{"href":"https:\/\/www.ukctuzla.ba\/ukctuzla\/index.php?rest_route=\/wp\/v2\/types\/page"}],"author":[{"embeddable":true,"href":"https:\/\/www.ukctuzla.ba\/ukctuzla\/index.php?rest_route=\/wp\/v2\/users\/3"}],"replies":[{"embeddable":true,"href":"https:\/\/www.ukctuzla.ba\/ukctuzla\/index.php?rest_route=%2Fwp%2Fv2%2Fcomments&post=13179"}],"version-history":[{"count":3,"href":"https:\/\/www.ukctuzla.ba\/ukctuzla\/index.php?rest_route=\/wp\/v2\/pages\/13179\/revisions"}],"predecessor-version":[{"id":20219,"href":"https:\/\/www.ukctuzla.ba\/ukctuzla\/index.php?rest_route=\/wp\/v2\/pages\/13179\/revisions\/20219"}],"wp:featuredmedia":[{"embeddable":true,"href":"https:\/\/www.ukctuzla.ba\/ukctuzla\/index.php?rest_route=\/wp\/v2\/media\/16294"}],"wp:attachment":[{"href":"https:\/\/www.ukctuzla.ba\/ukctuzla\/index.php?rest_route=%2Fwp%2Fv2%2Fmedia&parent=13179"}],"curies":[{"name":"wp","href":"https:\/\/api.w.org\/{rel}","templated":true}]}}