{"id":1318,"date":"2016-02-24T10:17:33","date_gmt":"2016-02-24T10:17:33","guid":{"rendered":"http:\/\/10.0.0.65\/ukctuzla3\/?page_id=1318"},"modified":"2016-02-24T10:17:33","modified_gmt":"2016-02-24T10:17:33","slug":"osteoartritis-oa","status":"publish","type":"page","link":"https:\/\/www.ukctuzla.ba\/ukctuzla\/?page_id=1318&lang=bs","title":{"rendered":"Osteoartritis (OA)"},"content":{"rendered":"<p style=\"text-align: justify;\">Osteoartritis (OA) je jedan od naj\u010de\u0161\u0107ih medicinskih problema u svijetu, glavni je razlog za izgubljeno radno vrijeme i ozbiljan gubitak radne sposobnosti mnogih ljudi. Iako je artritis uglavnom bolest odraslih, mogu oboljeti i djeca.<br \/>\nOsteoartritis, ponekad nazvan degenerativni artritis, degenerativna bolest zglobova ili, jednostavno artroza, \u010dini gotovo polovicu svih vrsta artritisa i karakterizira ga uni\u0161tavanje zglobne hrskavice.<\/p>\n<p><strong>Opis bolesti <\/strong><br \/>\nHrskavica je dio zgloba koji obla\u017ee krajeve kostiju. Uni\u0161tavanje hrskavice uzrokuje trljanje kostiju jedne o drugu, \u0161to uzrokuje bol i gubitak pokreta. U mnogim slu\u010dajevima, u osteartriti\u010dnim zglobovima mogu se razviti ko\u0161tane izrasline nalik na mamuze, nazvane osteofiti. Postoje mnogi faktori koji uzrokuju OA. Iako su godine rizi\u010dni faktor, istra\u017eivanja su pokazala da OA nije neizbje\u017ean dio starenja. Pretilost mo\u017ee dovesti do osteoartritisa u koljenima. Tako\u0111er, ljudi sa sportskim ozljedama, ozljedama zbog aktivnosti na poslu, te zbog nezgoda imaju pove\u0107an rizik od razvoja OA-a. Genetika ima ulogu u razvoju OA-a, pogotovo u rukama. Neki ljudi mogu biti ro\u0111eni sa defektnom hrskavicom ili sa malim defektima u na\u010dinu na koji su spojeni zglobovi. Kako osoba stari, ti defekti mogu uzrokovati rano uni\u0161tavanje hrskavice u zglobu. U procesu uni\u0161tavanja hrskavice, mo\u017ee postojati upala sa osloba\u0111anjem enzima i ve\u0107im o\u0161te\u0107enjima hrskavice.<\/p>\n<p><strong>Tko obolijeva? <\/strong><br \/>\nNaj\u010de\u0161\u0107e poga\u0111a ljude srednje i starije dobi, a \u017eene su \u010de\u0161\u0107e pogo\u0111ene nego mu\u0161karci.<\/p>\n<p><strong>Simptomi<\/strong><br \/>\nAko imate osteoartritis, mo\u017eete osjetiti ove simptome:<\/p>\n<ul>\n<li>bol u zglobovima za vrijeme ili poslije kretanja<\/li>\n<li>neugodu u zglobu prije ili za vrijeme promjene vremena<\/li>\n<li>oticanje i uko\u010denost zglobova, pogotovo nakon kretanja<\/li>\n<li>ko\u0161tane izbo\u010dine na sredini ili na kraju zglobova prstiju ili baze palca<\/li>\n<li>gubitak fleksibilnosti zgloba<\/li>\n<\/ul>\n<p style=\"text-align: justify;\">Akutna bol ranog osteoartritisa mo\u017ee izblijediti unutar svoje pojave, ali se mo\u017ee vratiti ako previ\u0161e koristite pogo\u0111eni zglob. Ako niste bili ozlije\u0111eni ili vam zglob nije bio pod neuobi\u010dajenim stresom, neobi\u010dno je da osteoartritis pogodi \u010deljust, ramena, laktove, \u010dlanke ruku ili nogu.<\/p>\n<p><strong>Podru\u010dja koja ovo stanje tipi\u010dno poga\u0111a<\/strong><br \/>\nPodru\u010dja koja ovo stanje tipi\u010dno poga\u0111a su:<\/p>\n<ul>\n<li>Prsti. Ko\u0161tani \u010dvorovi mogu pove\u0107ati va\u0161e zglobove na prstima stvaraju\u0107i kvrgave oblike. U ranoj fazi bolesti, zglobovi mogu biti osjetljivi, bolni i uko\u010deni. Nakon 1 do 2 godine, bol se \u010desto povla\u010di, ostavljaju\u0107i samo ko\u0161tane kvrge koje utje\u010du samo na pokretljivost zglobova na krajevima va\u0161ih prstiju. Za te kvrge je tipi\u010dno da su familijarne i \u010de\u0161\u0107e poga\u0111aju \u017eene nego mu\u0161karce.<\/li>\n<li>Kralje\u017enica. Sporo izlizivanje diskova izme\u0111u kralje\u017eaka mo\u017ee uzrokovati bol u le\u0111ima i vratu te uko\u010denost.<\/li>\n<li>Zglobovi koji djeluju kao upori\u0161ta te\u017eine. Dijelovi va\u0161eg tijela koji nose glavninu va\u0161e te\u017eine, kukovi, koljena i stopala su najosjetljiviji na osteoartritis. Kako se hrskavica lagano izlizuje tijekom nekoliko godina, kod vas se mo\u017ee razviti hroni\u010dna bol ili razli\u010dite koli\u010dine neugode kada stojite ili hodate. Tako\u0111er se mo\u017ee pojaviti oticanje, posebno u koljenima.<\/li>\n<\/ul>\n<p style=\"text-align: justify;\">\n<strong>Koje pretrage se mogu napraviti? <\/strong><br \/>\nLije\u010dnici postavljaju dijagnozu OA na osnovu\u00a0 klini\u010dkog pregleda, te prisutnih znakova i simptoma. Rendgensko snimanje se koristi za potvrdu dijagnoze. Ve\u0107ina ljudi iznad 60-te pokazuju bolest na rendgenskim snimkama, a jedne tre\u0107ina njih ima stvarne simptome.<\/p>\n<p><strong>Lije\u010denje<\/strong><br \/>\nCiljevi lije\u010denja su osigurati olak\u0161anje od bolova, pove\u0107anje obima kretnji i poja\u010dati snagu. Postoji nekoliko vrsta lije\u010denja:<\/p>\n<ul>\n<li>Lijekovi. Mnogi lijekovi bez recepta, uklju\u010duju\u0107i acetilsalicilnu kiselinu (npr. Andol) ili ibuprofen (\u010desti protuupalni lijekovi), mogu biti kori\u0161teni za u\u010dinkovitu kontrolu boli i upale kod artritisa. Lijekovi na recept (npr. diklofenak) za lije\u010denje osteoartritisa su tako\u0111er dostupni. Ljekar vr\u0161i\u00a0 odabir lijeka uzimaju\u0107i u obzir tip artritisa, njegovu ja\u010dinu i op\u0107enito fizi\u010dko zdravlje pacijenta. Pacijenti s ilkusom\u00a0 \u017eeluca ili dvanaesterca, astmom, bolestima bubrega ili jetre ne bi smjeli uzimati protuupalne lijekove. Injekcije teku\u0107eg kortizona direktno u zglob mogu privremeno olak\u0161ati bol ili oticanje. Va\u017eno je znati, me\u0111utim, da \u010desto ponavljanje injekcija u isti zglob nije preporu\u010dljivo jer mo\u017ee o\u0161tetiti zglob i imati ne\u017eeljene nuspojave.<\/li>\n<li>Za\u0161tita zgloba. \u0160tapovi, \u0161take, hodalice ili u\u010dvr\u0161\u0107enja mogu pomo\u0107i olak\u0161anju od stresa i napetosti artriti\u010dnih zglobova. Metode u\u010denja obavljanja dnevnih aktivnosti koje su manje stresne i bolne za zglobove tako\u0111er mogu biti od pomo\u0107i. Odre\u0111ene vje\u017ebe i fizikalne terapije mogu i trebaju se koristiti da bi se smanjila uko\u010denost, i da bi se oja\u010dali mi\u0161i\u0107i oko zglobova.<\/li>\n<li>Operacija.\u00a0 Ortoped \u0107e se za operaciju odlu\u010diti kada druge metode nehirur\u0161kog lije\u010denja nisu uspjele. Ljekar i pacijent \u0107e odabrati tip operacije prema tipu artritisa, njegovoj ozbiljnosti i pacijentovom fizi\u010dkom stanju. Hirur\u0161ke procedure uklju\u010duju:<\/li>\n<\/ul>\n<p style=\"text-align: justify;\">\u2022\u00a0\u00a0 \u00a0artroskopsku toaletu zahva\u0107enog zgloba<br \/>\n\u2022\u00a0\u00a0 \u00a0hirur\u0161ko ispravljanje angularnih (kutnih) deformiteta zglobova<br \/>\n\u2022\u00a0\u00a0 \u00a0ugra\u0111ivanje totalne endoproteze zgloba (tzv. &#8220;umjetni zglobovi&#8221;)<br \/>\n\u2022\u00a0\u00a0 \u00a0spajanje krajeva kostiju u zglobu, kako bi se sprije\u010dilo kretanje zgloba, i na taj na\u010din olak\u0161ala bol u zglobu<\/p>\n<p><strong>Prognoza<\/strong><br \/>\nTrenutno, ve\u0107ina tipova artritisa se ne mo\u017ee izlije\u010diti. Znanstvenici nastavljaju napredovati u potrazi za najva\u017enijim uzrocima glavnih tipova artritisa. U me\u0111uvremenu, ortopedi u suradnji sa drugim lije\u010dnicima i znanstvenicima razvijaju mnoge u\u010dinkovite na\u010dine lije\u010denja osteoartritisa. U ve\u0107ini slu\u010dajeva, osobe s artritisom mogu nastaviti sa svakodnevnim \u017eivotnim aktivnostima. Programi vje\u017ebanja, protuupalni lijekovi, te redukcija te\u017eine za pretile osobe su uobi\u010dajene mjere za smanjenje boli, uko\u010denosti i pobolj\u0161anje funkcije. Kod ljudi sa te\u0161kim slu\u010dajevima artritisa, ortopedska operacija \u010desto mo\u017ee osigurati veliko olak\u0161anje boli i uspostaviti izgubljenu funkciju zgloba. Ugra\u0111ivanje totalne endoproteze obi\u010dno omogu\u0107ava osobi s te\u0161kim artritisom u kukovima ili koljenu hodanje bez boli ili uko\u010denosti.<\/p>\n","protected":false},"excerpt":{"rendered":"<p>Osteoartritis (OA) je jedan od naj\u010de\u0161\u0107ih medicinskih problema u svijetu, glavni je razlog za izgubljeno radno vrijeme i ozbiljan gubitak radne sposobnosti mnogih ljudi. Iako je artritis uglavnom bolest odraslih, mogu oboljeti i djeca. Osteoartritis, ponekad nazvan degenerativni artritis, degenerativna bolest zglobova ili, jednostavno artroza, \u010dini gotovo polovicu svih vrsta artritisa i karakterizira ga uni\u0161tavanje&hellip;<\/p>\n","protected":false},"author":1,"featured_media":16294,"parent":0,"menu_order":0,"comment_status":"closed","ping_status":"closed","template":"","meta":{"footnotes":""},"class_list":["post-1318","page","type-page","status-publish","has-post-thumbnail","hentry","description-off"],"_links":{"self":[{"href":"https:\/\/www.ukctuzla.ba\/ukctuzla\/index.php?rest_route=\/wp\/v2\/pages\/1318","targetHints":{"allow":["GET"]}}],"collection":[{"href":"https:\/\/www.ukctuzla.ba\/ukctuzla\/index.php?rest_route=\/wp\/v2\/pages"}],"about":[{"href":"https:\/\/www.ukctuzla.ba\/ukctuzla\/index.php?rest_route=\/wp\/v2\/types\/page"}],"author":[{"embeddable":true,"href":"https:\/\/www.ukctuzla.ba\/ukctuzla\/index.php?rest_route=\/wp\/v2\/users\/1"}],"replies":[{"embeddable":true,"href":"https:\/\/www.ukctuzla.ba\/ukctuzla\/index.php?rest_route=%2Fwp%2Fv2%2Fcomments&post=1318"}],"version-history":[{"count":1,"href":"https:\/\/www.ukctuzla.ba\/ukctuzla\/index.php?rest_route=\/wp\/v2\/pages\/1318\/revisions"}],"predecessor-version":[{"id":1319,"href":"https:\/\/www.ukctuzla.ba\/ukctuzla\/index.php?rest_route=\/wp\/v2\/pages\/1318\/revisions\/1319"}],"wp:featuredmedia":[{"embeddable":true,"href":"https:\/\/www.ukctuzla.ba\/ukctuzla\/index.php?rest_route=\/wp\/v2\/media\/16294"}],"wp:attachment":[{"href":"https:\/\/www.ukctuzla.ba\/ukctuzla\/index.php?rest_route=%2Fwp%2Fv2%2Fmedia&parent=1318"}],"curies":[{"name":"wp","href":"https:\/\/api.w.org\/{rel}","templated":true}]}}