{"id":1323,"date":"2016-02-24T10:26:22","date_gmt":"2016-02-24T10:26:22","guid":{"rendered":"http:\/\/10.0.0.65\/ukctuzla3\/?page_id=1323"},"modified":"2018-03-21T12:06:31","modified_gmt":"2018-03-21T11:06:31","slug":"bolestimetode-i-preporuke-p","status":"publish","type":"page","link":"https:\/\/www.ukctuzla.ba\/ukctuzla\/?page_id=1323&lang=bs","title":{"rendered":"Bolesti,metode i preporuke (P)"},"content":{"rendered":"<p><span style=\"color: #993300;\"><strong>P<\/strong><\/span><\/p>\n<p><strong><a href=\"https:\/\/www.ukctuzla.ba\/ukctuzla\/?page_id=1322\" target=\"_blank\" rel=\"noopener\"><span style=\"font-size: 8pt;\">Parafimoza<\/span><\/a><\/strong><\/p>\n<p><strong><a href=\"https:\/\/www.ukctuzla.ba\/ukctuzla\/?page_id=1326\" target=\"_blank\" rel=\"noopener\"><span style=\"font-size: 8pt;\">Pepti\u010dki ulkus<\/span><\/a><\/strong><\/p>\n<p><strong><a href=\"https:\/\/www.ukctuzla.ba\/ukctuzla\/?page_id=1328\" target=\"_blank\" rel=\"noopener\"><span style=\"font-size: 8pt;\">Pijelonefritis<\/span><\/a><\/strong><\/p>\n<p><strong><a href=\"https:\/\/www.ukctuzla.ba\/ukctuzla\/?page_id=1330\" target=\"_blank\" rel=\"noopener\"><span style=\"font-size: 8pt;\">Psorijaza<\/span><\/a><\/strong><\/p>\n<p><a href=\"https:\/\/www.ukctuzla.ba\/ukctuzla\/wp-content\/uploads\/2016\/02\/Pomozi-da-se-\u017eivot-nastavi.pdf\">Pomozi da se \u017eivot nastavi<\/a><\/p>\n<p><strong><a href=\"https:\/\/www.ukctuzla.ba\/ukctuzla\/?page_id=1332\" target=\"_blank\" rel=\"noopener\"><span style=\"font-size: 8pt;\">Poreme\u0107aji u uzimanju hrane<\/span><\/a><\/strong><\/p>\n<p><strong><span style=\"font-size: 8pt;\"><a href=\"https:\/\/www.ukctuzla.ba\/ukctuzla\/wp-content\/uploads\/2016\/02\/Preporuke.pdf\" target=\"_blank\" rel=\"noopener\">Preporuke za pacijenta &#8211; Heart failure<\/a><\/span><\/strong><\/p>\n<p><a href=\"https:\/\/www.ukctuzla.ba\/ukctuzla\/wp-content\/uploads\/2016\/02\/Letak-o-\u0161tetnosti-pu\u0161enja.pdf\">Pu\u0161enje duhana bolest koja ubija<\/a><\/p>\n<p>&nbsp;<\/p>\n","protected":false},"excerpt":{"rendered":"<p>P Parafimoza Pepti\u010dki ulkus Pijelonefritis Psorijaza Pomozi da se \u017eivot nastavi Poreme\u0107aji u uzimanju hrane Preporuke za pacijenta &#8211; Heart failure Pu\u0161enje duhana bolest koja ubija &nbsp;<\/p>\n","protected":false},"author":1,"featured_media":16294,"parent":0,"menu_order":0,"comment_status":"closed","ping_status":"closed","template":"","meta":{"footnotes":""},"class_list":["post-1323","page","type-page","status-publish","has-post-thumbnail","hentry","description-off"],"_links":{"self":[{"href":"https:\/\/www.ukctuzla.ba\/ukctuzla\/index.php?rest_route=\/wp\/v2\/pages\/1323","targetHints":{"allow":["GET"]}}],"collection":[{"href":"https:\/\/www.ukctuzla.ba\/ukctuzla\/index.php?rest_route=\/wp\/v2\/pages"}],"about":[{"href":"https:\/\/www.ukctuzla.ba\/ukctuzla\/index.php?rest_route=\/wp\/v2\/types\/page"}],"author":[{"embeddable":true,"href":"https:\/\/www.ukctuzla.ba\/ukctuzla\/index.php?rest_route=\/wp\/v2\/users\/1"}],"replies":[{"embeddable":true,"href":"https:\/\/www.ukctuzla.ba\/ukctuzla\/index.php?rest_route=%2Fwp%2Fv2%2Fcomments&post=1323"}],"version-history":[{"count":6,"href":"https:\/\/www.ukctuzla.ba\/ukctuzla\/index.php?rest_route=\/wp\/v2\/pages\/1323\/revisions"}],"predecessor-version":[{"id":5755,"href":"https:\/\/www.ukctuzla.ba\/ukctuzla\/index.php?rest_route=\/wp\/v2\/pages\/1323\/revisions\/5755"}],"wp:featuredmedia":[{"embeddable":true,"href":"https:\/\/www.ukctuzla.ba\/ukctuzla\/index.php?rest_route=\/wp\/v2\/media\/16294"}],"wp:attachment":[{"href":"https:\/\/www.ukctuzla.ba\/ukctuzla\/index.php?rest_route=%2Fwp%2Fv2%2Fmedia&parent=1323"}],"curies":[{"name":"wp","href":"https:\/\/api.w.org\/{rel}","templated":true}]}}