{"id":1334,"date":"2016-02-24T10:29:09","date_gmt":"2016-02-24T10:29:09","guid":{"rendered":"http:\/\/10.0.0.65\/ukctuzla3\/?page_id=1334"},"modified":"2016-02-24T10:29:09","modified_gmt":"2016-02-24T10:29:09","slug":"rak-prostate","status":"publish","type":"page","link":"https:\/\/www.ukctuzla.ba\/ukctuzla\/?page_id=1334&lang=bs","title":{"rendered":"Rak prostate"},"content":{"rendered":"<p style=\"text-align: justify;\">Rak prostate je zlo\u0107udni tumor koji nastaje u prostati, a vremenom se mo\u017ee putem krvi i limfe pro\u0161iriti u druge organe i tkiva. Sre\u0107om, rak prostate uglavnom sporo raste u odnosu na mnoge druge vrste karcinoma. Skoro 90% svih karcinoma prostate ostaju desetlje\u0107ima klini\u010dki neprimjetni. Ovako visoka u\u010destalost klini\u010dki neprimjetne ili slu\u010dajno otkrivene zlo\u0107udne bolesti je jedinstvena osobitost raka prostate<\/p>\n<p><strong>Tko obolijeva?<\/strong><br \/>\nRak prostate se pojavljuje gotovo isklju\u010divo kod mu\u0161karaca starijih od 40 godina. Kod gotovo polovice mu\u0161karaca preko 70 godina mogu se ustanoviti barem mikroskopski tumori prostate. Mu\u0161karci kojima je netko u obitelji obolio od raka prostate, imaju zna\u010dajno ve\u0107i rizik od razvoja bolesti. Iako se razmatrala mogu\u0107nost da aktivni seksualni \u017eivot pove\u0107ava rizik razvoja raka prostate, ve\u0107ina klini\u010dkih studija opovrgava tu mogu\u0107nost. Smatra se da postoji odre\u0111ena povezanost izme\u0111u nekih infekcija, kao \u0161to su bakterijski prostatitis i neke virusne infekcije (virus herpesa, humani papiloma virus, citomegalovirus), no takva veza do sada nije znanstveno dokazana. Desetogodi\u0161nja studija je pokazala kako mu\u0161karci s benignom hiperplazijom prostate (BHP) nemaju ve\u0107i rizik od razvoja raka prostate.<\/p>\n<p><strong>Simptomi<\/strong><br \/>\nRak prostate u po\u010detnoj fazi nema nikavih simptoma. Kako se, me\u0111utim zlo\u0107udno tkivo \u0161iri mo\u017ee dovesti do su\u017eavanje uretre (mokra\u0107ne cijevi), te uzrokovati probleme s mokrenjem. Tipi\u010dni simptomi u poodmaklom stadiju uklju\u010duju:<br \/>\n\u2022 u\u010destalo mokrenje, pogotovo no\u0107u;<br \/>\n\u2022 ote\u017eano mokrenje;<br \/>\n\u2022 nemogu\u0107nost odr\u017eavanja normalnog mlaza (&#8220;stane, pa krene&#8221;);<br \/>\n\u2022 bol i pe\u010denje prilikom mokrenja;<br \/>\n\u2022 krv u urinu.<\/p>\n<p>Iznenadna pojava konstantnih bolova u kostima koji traju barem dva tjedna vrlo je simptomati\u010dna za uznapredovali rak prostate. Ovakvi kroni\u010dni bolovi naj\u010de\u0161\u0107e se pojavljuju u kralje\u017enici i ponekad sijevaju u malu zdjelicu, donjem dijelu le\u0111a, kukovima ili kostima nogu. Bolovi mogu biti pra\u0107eni zna\u010dajnim gubitkom tjelesne te\u017eine. Postoje neka stanje koja mogu izazivati jednake simptome kao i rak prostate. Benigna hiperplazija prostate mo\u017ee svojim rastom pritisnuti uretru, uzrokuju\u0107i probleme s mokrenjem. Prostatitis je upala prostate, naj\u010de\u0161\u0107e uzrokovana bakterijom. Simptomi uklju\u010duju u\u010destalo, bolno mokrenje, katkad pra\u0107eno povi\u0161enjem tjelesne temperature i pojavom krvi u urinu.<\/p>\n<p><strong>Koje se pretrage mogu napraviti?<\/strong><br \/>\nKlini\u010dki pregled obi\u010dno uklju\u010duje pregled rektuma prstom (digitorektalni pregled) koji u slu\u010daju raka prostate otkriva \u010dvrstu i nepravilnu povr\u0161inu pove\u0107ane prostate. PSA (prostata specifi\u010dni antigen) je protein koji se nalazi u tkivu\u00a0 prostate. Mo\u017ee ga se otkriti u krvi svih odraslih mu\u0161karaca. Vrijednosti PSA su izrazito pove\u0107ane kod mu\u0161karaca s rakom prostate, no mogu biti pove\u0107ane i kod nekih drugih bolesti prostate. Analiza urina mo\u017ee otkriti krv ili upalne stanice u urinu. Citolo\u0161ki pregled prostati\u010dne teku\u0107ine mo\u017ee otkriti abnormalne zlo\u0107udne stanice. RTG plu\u0107a, intravenska urografija (snimanje mokra\u0107nog sustava uz pomo\u0107 kontrasta) i scintigrafija kosti mogu isklju\u010diti ili potvrditi pojavu metastaza.<\/p>\n<p><strong>Lije\u010denje <\/strong><br \/>\nLije\u010dnicima na raspolaganju stoje tri osnovna na\u010dina lije\u010denja:<br \/>\n\u2022 pa\u017eljivo pra\u0107enje bolesnika, s primjenom hormonske terapije ukoliko je to potrebno<br \/>\n\u2022 hirur\u0161ka operacija (prostate i\/ili orhidektomija, tj. odstranjenje testisa)<br \/>\n\u2022 zra\u010denje<\/p>\n<p><strong>Prognoza<\/strong><br \/>\nRak prostate, iako drugi naj\u010de\u0161\u0107i rak u mu\u0161karaca, ne spada u naj\u010de\u0161\u0107e uzroke smrti. U ve\u0107ine starijih mu\u0161karaca mogu se, barem mikroskopskim putem otkriti zlo\u0107udne \u0107elije, no svega 3% umire od raka prostate. Obzirom da su ve\u0107ina tih tumora spororastu\u0107i tumor niskog stepena zlu\u0107udnosti, stope pre\u017eivljenja su izvrsne kod osoba kod kojih je dijagnosticiran u ranom stadiju. Kada se rak prostate otkrije u ranom stadiju postotak izlije\u010denja dose\u017ee 98%. Ukoliko je bolest uznapredovala, stope izlije\u010denja su niske. Kada se kod starijih mu\u0161karaca razviju mikroskopski tumori, oni rastu tako polako da se naj\u010de\u0161\u0107e doga\u0111a da, kako je to jedan ljekar opisao: &#8220;Mnogi mu\u0161karci umiru s rakom prostate, a ne od raka prostate&#8221;. U davanju bilo kakve prognoze najva\u017enije je odrediti stadij raka (stadij se odre\u0111uje prema pro\u0161irenosti zlo\u0107udnih stanica na prostatu ili izvan nje u druge organe i tkiva).<\/p>\n<p style=\"text-align: justify;\"><strong>Prevencija<\/strong><br \/>\nNisu poznate u\u010dinkovite mjere prevencije. Rano otkrivanje raka je danas mogu\u0107e redovnim godi\u0161njim skriningom mu\u0161karaca izme\u0111u 40 i 50 godina digitorektalnim pregledom i odre\u0111ivanjem vrijednosti PSA u krvi. Dodatno se mo\u017ee u\u010diniti ultrazvu\u010dna pretraga kroz rektum, s biopsijom sumnjivih podru\u010dja.<\/p>\n","protected":false},"excerpt":{"rendered":"<p>Rak prostate je zlo\u0107udni tumor koji nastaje u prostati, a vremenom se mo\u017ee putem krvi i limfe pro\u0161iriti u druge organe i tkiva. Sre\u0107om, rak prostate uglavnom sporo raste u odnosu na mnoge druge vrste karcinoma. Skoro 90% svih karcinoma prostate ostaju desetlje\u0107ima klini\u010dki neprimjetni. Ovako visoka u\u010destalost klini\u010dki neprimjetne ili slu\u010dajno otkrivene zlo\u0107udne bolesti&hellip;<\/p>\n","protected":false},"author":1,"featured_media":16294,"parent":0,"menu_order":0,"comment_status":"closed","ping_status":"closed","template":"","meta":{"footnotes":""},"class_list":["post-1334","page","type-page","status-publish","has-post-thumbnail","hentry","description-off"],"_links":{"self":[{"href":"https:\/\/www.ukctuzla.ba\/ukctuzla\/index.php?rest_route=\/wp\/v2\/pages\/1334","targetHints":{"allow":["GET"]}}],"collection":[{"href":"https:\/\/www.ukctuzla.ba\/ukctuzla\/index.php?rest_route=\/wp\/v2\/pages"}],"about":[{"href":"https:\/\/www.ukctuzla.ba\/ukctuzla\/index.php?rest_route=\/wp\/v2\/types\/page"}],"author":[{"embeddable":true,"href":"https:\/\/www.ukctuzla.ba\/ukctuzla\/index.php?rest_route=\/wp\/v2\/users\/1"}],"replies":[{"embeddable":true,"href":"https:\/\/www.ukctuzla.ba\/ukctuzla\/index.php?rest_route=%2Fwp%2Fv2%2Fcomments&post=1334"}],"version-history":[{"count":1,"href":"https:\/\/www.ukctuzla.ba\/ukctuzla\/index.php?rest_route=\/wp\/v2\/pages\/1334\/revisions"}],"predecessor-version":[{"id":1339,"href":"https:\/\/www.ukctuzla.ba\/ukctuzla\/index.php?rest_route=\/wp\/v2\/pages\/1334\/revisions\/1339"}],"wp:featuredmedia":[{"embeddable":true,"href":"https:\/\/www.ukctuzla.ba\/ukctuzla\/index.php?rest_route=\/wp\/v2\/media\/16294"}],"wp:attachment":[{"href":"https:\/\/www.ukctuzla.ba\/ukctuzla\/index.php?rest_route=%2Fwp%2Fv2%2Fmedia&parent=1334"}],"curies":[{"name":"wp","href":"https:\/\/api.w.org\/{rel}","templated":true}]}}