{"id":13357,"date":"2022-12-06T13:54:50","date_gmt":"2022-12-06T12:54:50","guid":{"rendered":"http:\/\/www.ukctuzla.ba\/ukctuzla\/?page_id=13357"},"modified":"2025-12-16T09:15:44","modified_gmt":"2025-12-16T08:15:44","slug":"clinic-for-hematology-and-hematopoietic-stem-cell-transplantation","status":"publish","type":"page","link":"https:\/\/www.ukctuzla.ba\/ukctuzla\/?page_id=13357&lang=en","title":{"rendered":"CLINIC FOR HEMATOLOGY AND HEMATOPOIETIC STEM CELL TRANSPLANTATION"},"content":{"rendered":"<p>Head of the Clinic: Assoc. Prof. Dr. Azra Jahi\u0107, specialist in internal medicine, subspecialty in hematology<\/p>\n<p>Phone: +387 35 303 385<\/p>\n<p>Head nurse: Sanela Sulji\u0107, graduated nurse<\/p>\n<p>Phone: +387 35 303 318<\/p>\n<p>Quality improvement and education: Alma Zub\u010devi\u0107, graduated nurse<\/p>\n<p>Secretary:<\/p>\n<p>Phone: +387 35 303 107<\/p>\n<p>Admission: +387 35 303 398<\/p>\n<p>E-mail: info@ukctuzla.ba<\/p>\n<p><b>HEALTH CARE SERVICES:<\/b><\/p>\n<ul>\n<li>Planning and implementation of diagnostic and therapeutic procedures for hematological malignant and nonmalignant procedures<\/li>\n<li>Administration and implementation of chemotherapy<\/li>\n<li>Application of immunotherapy in combination with or without chemotherapy<\/li>\n<li>Mobilization of hematopoietic stem cells<\/li>\n<li>High- dose chemotherapy with hematopoietic stem cell support (autologous bone marrow transplantation)<\/li>\n<li>High- dose chemotherapy combined with allogeneic bone marrow transplantation from an HLA- matched related donor<\/li>\n<li>Diagnostic procedures: bone marrow biopsy, bone marrow aspiration from the sternum or the\u00a0 crista iliaca, cytomorphological analysis of bone marrow samples, cytomorphological analyses of peripheral blood samples, cytogenetic analyses of bone marrow and peripheral blood, molecular analyses using the PCR method, flow cytometry of peripheral blood and bone marrow, lumbar puncture for diagnostic and therapeutic purposes, CVC placement, ultrasound of the abdomen and heart.<\/li>\n<\/ul>\n<p>&nbsp;<\/p>\n<p><b>OUTPATIENT CLINIC<\/b><\/p>\n<ul>\n<li>Daily hospital<\/li>\n<li>Admission; works 0- 24 hours<\/li>\n<li>Hematology outpatient department; works every working day 8 am- 4 pm<\/li>\n<li>Hematology consilium for malignant and nonmalignant diseases<\/li>\n<\/ul>\n<p>&nbsp;<\/p>\n<p><b>HEALTH CARE PROFESSIONALS<br \/>\n<\/b><\/p>\n<p>Doctors: 10<\/p>\n<p>Doctors specialist in internal medicine\/subspecialty in hematology: 4<\/p>\n<p>Doctors specialist in hematology: 2<\/p>\n<p>Doctors on residency in hematology: 2<\/p>\n<p>Doctors of medicine: 2<\/p>\n<p>Graduated nurses\/ technicians: 4<\/p>\n<p>Graduated manager in health care: 1<\/p>\n<p>Nurses\/technicians- 18<\/p>\n<p>&nbsp;<\/p>\n<p>The Clinic has 25 hospital beds.<\/p>\n<p>Admission works 24 hours<\/p>\n<p>Hematology outpatient clinic works very working day 8 a.m.- 4 p.m.<\/p>\n<p><strong>THE DEPARTMENT FOR HEMATOLOGY<\/strong><\/p>\n<p>Chief of the department: Assoc. Prof. Dr. Samira Hasi\u0107<\/p>\n<p>Nurse in charge: Nizama Fazli\u0107, a nurse<\/p>\n<ul>\n<li>The Department of Hematology currently has six three-bed patient rooms.<\/li>\n<li>Planning and implementation of diagnostic and therapeutic procedures for malignant and non-malignant hematological diseases.<\/li>\n<li>Administration of chemotherapy.<\/li>\n<li>Application of immunotherapy, in combination with or without chemotherapy.<\/li>\n<\/ul>\n<p>&nbsp;<\/p>\n<p><b>THE DEPARTMENT FOR HEMATOPOIETIC STEM CELL TRANSPLANTATION<\/b><\/p>\n<p>Chief of the department: Dr. Haris \u0160ahovi\u0107, MSc.<\/p>\n<p>Nurse in charge: Alisa Grabovi\u010dki\u0107, graduated nurse<\/p>\n<p>Contact telephone: +387 35 303 107<\/p>\n<p>The department has four isolating units with a laminar flow features and HEPA filters and one reverse isolation unit with 3 hospital beds.<\/p>\n<ul>\n<li>The department offers a high- dose chemotherapy in combination with autologous or allogeneic hematopoietic stem cell transplantation (HSCT).<\/li>\n<li>Allogeneic HSCT for patients who have an HLA- matched donor. So far no haploidentical or unrelated donor transplants have been performed at our clinic.<\/li>\n<li>All stages of transplantation ar carried out in isolation rooms, and if necessary the preparation for transplantation. If the patient's condition allows it, the patient stays outside the isolation units.<\/li>\n<li>Prior to transplantation, extensive biochemical and microbiological tests are performed, central venous catheter placement, consultations with psychologist and social worker, and in the case of allogeneic HSCT, HLA typing of the patient and potential donors are performed. The approval of the Ethics Committee is required and mandatory for HSCT.<\/li>\n<li>Mobilization of hematopoietic stem cells and apheresis in preparation for autologous HSCT<\/li>\n<\/ul>\n<p>Outpatient follow- up in posttransplantation period upon discharge from the hospital.<\/p>\n<p><b>OUTPATIENT CLINIC WITH DAILY HOSPITAL<\/b><\/p>\n<p>Nurse in charge: Alma Me\u0161kovi\u0107, graduated nurse<\/p>\n<p>Admission:<\/p>\n<p>Complete patient examination, nursing admission assessment and evaluation of medical record documentation are done in admission, whereupon a patient is being hospitalized and sent to the department for the treatment.<\/p>\n<p><b>Hematology outpatient clinic:<\/b><\/p>\n<p>In the hematology outpatient clinic, specialist consultations are performed with a previously scheduled appointment.<\/p>\n<p><b>Hematology consilium:<\/b><\/p>\n<p><span lang=\"en\">The responsible doctor presents the patient's condition to the consilium team that makes the decision on treatment modality. <\/span>The consilium team is multidisciplinary and consists of health professionals from different medical branches. Malignant diseases are registered and medical documentation verified ( prescriptions, recommendations to the health insurances etc.)<\/p>\n<p><span lang=\"en\">Information desk works on Tuesday noon- 2 p.m.<\/span><\/p>\n<p><span lang=\"en\">Phone: +387 35 303 107<\/span><\/p>\n<p>&nbsp;<\/p>\n<p>&nbsp;<\/p>\n<p>&nbsp;<\/p>\n<p>&nbsp;<\/p>\n<p>&nbsp;<\/p>\n<p>&nbsp;<\/p>\n","protected":false},"excerpt":{"rendered":"<p>Head of the Clinic: Assoc. Prof. Dr. Azra Jahi\u0107, specialist in internal medicine, subspecialty in hematology Phone: +387 35 303 385 Head nurse: Sanela Sulji\u0107, graduated nurse Phone: +387 35 303 318 Quality improvement and education: Alma Zub\u010devi\u0107, graduated nurse Secretary: Phone: +387 35 303 107 Admission: +387 35 303 398 E-mail: info@ukctuzla.ba HEALTH CARE&hellip;<\/p>\n","protected":false},"author":3,"featured_media":16294,"parent":0,"menu_order":0,"comment_status":"closed","ping_status":"closed","template":"","meta":{"footnotes":""},"class_list":["post-13357","page","type-page","status-publish","has-post-thumbnail","hentry","description-off"],"_links":{"self":[{"href":"https:\/\/www.ukctuzla.ba\/ukctuzla\/index.php?rest_route=\/wp\/v2\/pages\/13357","targetHints":{"allow":["GET"]}}],"collection":[{"href":"https:\/\/www.ukctuzla.ba\/ukctuzla\/index.php?rest_route=\/wp\/v2\/pages"}],"about":[{"href":"https:\/\/www.ukctuzla.ba\/ukctuzla\/index.php?rest_route=\/wp\/v2\/types\/page"}],"author":[{"embeddable":true,"href":"https:\/\/www.ukctuzla.ba\/ukctuzla\/index.php?rest_route=\/wp\/v2\/users\/3"}],"replies":[{"embeddable":true,"href":"https:\/\/www.ukctuzla.ba\/ukctuzla\/index.php?rest_route=%2Fwp%2Fv2%2Fcomments&post=13357"}],"version-history":[{"count":3,"href":"https:\/\/www.ukctuzla.ba\/ukctuzla\/index.php?rest_route=\/wp\/v2\/pages\/13357\/revisions"}],"predecessor-version":[{"id":20228,"href":"https:\/\/www.ukctuzla.ba\/ukctuzla\/index.php?rest_route=\/wp\/v2\/pages\/13357\/revisions\/20228"}],"wp:featuredmedia":[{"embeddable":true,"href":"https:\/\/www.ukctuzla.ba\/ukctuzla\/index.php?rest_route=\/wp\/v2\/media\/16294"}],"wp:attachment":[{"href":"https:\/\/www.ukctuzla.ba\/ukctuzla\/index.php?rest_route=%2Fwp%2Fv2%2Fmedia&parent=13357"}],"curies":[{"name":"wp","href":"https:\/\/api.w.org\/{rel}","templated":true}]}}