{"id":13363,"date":"2022-12-07T10:31:30","date_gmt":"2022-12-07T09:31:30","guid":{"rendered":"http:\/\/www.ukctuzla.ba\/ukctuzla\/?page_id=13363"},"modified":"2025-12-16T09:55:10","modified_gmt":"2025-12-16T08:55:10","slug":"clinic-for-urology","status":"publish","type":"page","link":"https:\/\/www.ukctuzla.ba\/ukctuzla\/?page_id=13363&lang=en","title":{"rendered":"CLINIC FOR UROLOGY"},"content":{"rendered":"<p>Head of the Clinic: Assoc. Prof. Dr. Samed Jagodi\u0107<\/p>\n<p>Head nurse: Lutvija Omerovi\u0107, graduated nurse<\/p>\n<p>Quality improvement and education: Asmir Kamenjakovi\u0107<\/p>\n<p>Contact:<\/p>\n<p>Telephone: 00 387 35 303 235; 00 387 35 303726; 00 387 35 303 544<\/p>\n<p>Email: <a href=\"mailto:info@ukctuzla.ba\">info@ukctuzla.ba<\/a><\/p>\n<p><b>HEALTH CARE SERVICES<\/b><\/p>\n<ul>\n<li>Diagnostic management of patients suffering from diseases of urologic diseases and medical and surgical treatment of urologic diseases.<\/li>\n<li>Diagnostic and treatment of patients with urological trauma; urological trauma surgery<\/li>\n<li>Pretransplant management of patients, kidney transplant surgery (cadaver and living donor); posttransplant monitoring<\/li>\n<\/ul>\n<p><b>ORGANIZATIONAL STRUCTURE<\/b><\/p>\n<p><b>UROLOGY OUTPATIENT DEPARTMENT<br \/>\n<\/b><\/p>\n<p>Nurse in charge: Hasanovi\u0107 Mejra, graduated nurse<\/p>\n<p>Telephone: 035 303 721<\/p>\n<p>Admission department: works 24 hours; telephone: 035 303 721<\/p>\n<p>Specialist consultations for general urology: works every working day 9 a.m.- 1 p.m.<\/p>\n<p>Specialist consultations for sterility: works on Friday 10 a.m.- 1 p.m.<\/p>\n<p>Outpatient department for urologic oncology: works on Tuesday and Thursday 9 a.m.- 1 p.m.<\/p>\n<p>Outpatient department for urinary tract calculi: works every day 9 a.m.- 1 p.m.<\/p>\n<p><b>CABINETS<\/b><\/p>\n<ul>\n<li>Cabinet for cystoscopy<\/li>\n<li>Cabinet for extracorporeal shock wave lithotripsy (ESWL)<\/li>\n<\/ul>\n<p><b>DEPARTMENTS<\/b><\/p>\n<ul>\n<li>Department for general urology<\/li>\n<li>Department for urologic oncology<\/li>\n<li>Department for transplantation<\/li>\n<\/ul>\n<p><b>HEALTH CARE PROFESSIONALS<br \/>\n<\/b><\/p>\n<p>Total number of employees- 36<\/p>\n<p>Doctor specialist- 5<\/p>\n<p>Doctors of medicine- 2<\/p>\n<p>Doctors on residency- 4<\/p>\n<p>Nurses\/ technicians graduated- 6<\/p>\n<p>Nurses\/ technicians- 17<\/p>\n<p>Non medical workers- 2<\/p>\n<p><b>Department for general urology<\/b><\/p>\n<p>Chief of the department: Dr. Amel Muji\u0107, specialist in urology<\/p>\n<p>Nurse in charge: Mersiha Omera\u0161evi\u0107, graduated nurse<\/p>\n<p>Telephone: 035 303 235<\/p>\n<ul>\n<li>Surgery in patients suffering from urocalculosis, obstruction of the urogenital system, congenital\/ acquired anomalies of the urogenital system, surgery of the prostate, injuries of the urogenital system, surgeries of the urethra, penis, scrotum. Surgeries are done under general and spinal anesthesia.<\/li>\n<li><span lang=\"en\">Pyelonephrolithotomy<\/span><\/li>\n<li>Percutaneous nephrolithotomy (PCNL)<\/li>\n<li>P<span lang=\"en\">yeloureteroplasty<\/span><\/li>\n<li><span lang=\"en\">A horseshoe kidney surgery<\/span><\/li>\n<li><span lang=\"en\">Ureterolithotomy<\/span><\/li>\n<li>Ureter reconstruction<\/li>\n<li><span lang=\"en\">Transvesical prostatectomy<\/span><\/li>\n<li><span lang=\"en\">Surgery in retroperitoneal fibrosis<\/span><\/li>\n<li>Surgical treatment of stress incontinence<\/li>\n<li>Varicocele surgery<\/li>\n<li>Surgery of hydrocele, funicolocele, cryptorchidism<\/li>\n<li>Reconstructive surgery of the urethra and penis<\/li>\n<li>Ureterorenoscopy (URS) and transurethral ureterolithotripsy (TUL)<\/li>\n<li>Transurethral resection of the prostate (TURP)<\/li>\n<li>Simplex nephrectomy<\/li>\n<li>Surgery of bladder calculus<\/li>\n<\/ul>\n<p>Above mentioned surgeries have been performed using the classical approach- open surgery and minimally invasive- endoscopic approaches.<\/p>\n<p>Outpatient department in basement of building works every working day 9 a.m.- 1 p.m.<\/p>\n<p>Telephone: 035 3030 721<\/p>\n<p><b>Department for urologic oncology<\/b><\/p>\n<p>Chief of the department Dr. Haris \u0110ug, MSc., specialist in urology<\/p>\n<p>Nurse in charge: Nerma Hamzi\u0107, graduated nurse<\/p>\n<p>Telephone: 035 303 235<\/p>\n<ul>\n<li>Surgery of patients with different urological cancer diagnosis <span lang=\"en\">(cancer of the adrenal gland, kidney, ureter, bladder, prostate, urethra, penis and testicles)<\/span><\/li>\n<li>Surgeries are done in local, spinal and general anesthesia<\/li>\n<li>Adrenalectomy<\/li>\n<li>Radical nephrectomy<\/li>\n<li>Partial nephrectomy<\/li>\n<li>Kidney tumor enuclation<\/li>\n<li>Radical nephroureterectomy<\/li>\n<li>Ureteral resection of ureteral tumor<\/li>\n<li>Transurethral resection of the bladder (TURB)<\/li>\n<li>Partial cystectomy<\/li>\n<li>Radical cystectomy with urinary diversion: according to the technique of the Hautmann and Bricker<\/li>\n<li>Radical prostatectomy<\/li>\n<li>Subcapsular orchidectomy<\/li>\n<li>Partial amputation of the penis<\/li>\n<li>Radical penectomy<\/li>\n<li>Radical orchidectomy<\/li>\n<li>Lymphadenectomy (retropritoneal and inguinal)<\/li>\n<\/ul>\n<p align=\"JUSTIFY\">Above mentioned surgeries have been performed using the classical approach- open surgery and minimally invasive- endoscopic approaches.<\/p>\n<p align=\"JUSTIFY\">Outpatient urologic oncology department works on Tuesday and Thursday 9 am- 1 pm.<\/p>\n<p align=\"JUSTIFY\">Urologic oncology consilium team works every Thursday at noon.<\/p>\n<p align=\"JUSTIFY\">The consilium team is consisted of coordinator Assoc. Prof. Dr.Samed Jagodi\u0107, specialist in urology, Dr. Agi\u0107 Rasim, specialist in urology, and Dr. Haris \u0110ug, MSc. specialist in urology.<\/p>\n<p align=\"JUSTIFY\"><strong>Department for kidney transplantation<\/strong><\/p>\n<p align=\"JUSTIFY\">Chief of the department: Dr. Rasim Agi\u0107, specialist in urology<\/p>\n<p align=\"JUSTIFY\">Nurse in charge: Alma Slijep\u010devi\u0107, graduated nurse<\/p>\n<p align=\"JUSTIFY\">Telephone: 035 303 235<\/p>\n<ul>\n<li>\n<p align=\"JUSTIFY\">Preoperative management of kidney transplant recipients<\/p>\n<\/li>\n<li>\n<p align=\"JUSTIFY\">A living donor nephrectomy for kidny transplantation using conventional and endoscopic approach<\/p>\n<\/li>\n<li>\n<p align=\"JUSTIFY\">Surgery of cadaver donor nephrectomy<\/p>\n<\/li>\n<li>\n<p align=\"JUSTIFY\">Cadaver and living donor kidney transplantatain<\/p>\n<\/li>\n<li>\n<p align=\"JUSTIFY\">Postoperative management of the transplanted kidney recipients and donors<\/p>\n<\/li>\n<li>\n<p align=\"JUSTIFY\">Multidisciplinary posttransplantation management of patients<\/p>\n<\/li>\n<li>\n<p align=\"JUSTIFY\">Follow- up of patients is done at specialist consultations department of the Clinic for Urology every working day 9 am- 1 pm. Telephone: 035 303 721<\/p>\n<\/li>\n<\/ul>\n","protected":false},"excerpt":{"rendered":"<p>Head of the Clinic: Assoc. Prof. Dr. Samed Jagodi\u0107 Head nurse: Lutvija Omerovi\u0107, graduated nurse Quality improvement and education: Asmir Kamenjakovi\u0107 Contact: Telephone: 00 387 35 303 235; 00 387 35 303726; 00 387 35 303 544 Email: info@ukctuzla.ba HEALTH CARE SERVICES Diagnostic management of patients suffering from diseases of urologic diseases and medical and&hellip;<\/p>\n","protected":false},"author":3,"featured_media":16294,"parent":0,"menu_order":0,"comment_status":"closed","ping_status":"closed","template":"","meta":{"footnotes":""},"class_list":["post-13363","page","type-page","status-publish","has-post-thumbnail","hentry","description-off"],"_links":{"self":[{"href":"https:\/\/www.ukctuzla.ba\/ukctuzla\/index.php?rest_route=\/wp\/v2\/pages\/13363","targetHints":{"allow":["GET"]}}],"collection":[{"href":"https:\/\/www.ukctuzla.ba\/ukctuzla\/index.php?rest_route=\/wp\/v2\/pages"}],"about":[{"href":"https:\/\/www.ukctuzla.ba\/ukctuzla\/index.php?rest_route=\/wp\/v2\/types\/page"}],"author":[{"embeddable":true,"href":"https:\/\/www.ukctuzla.ba\/ukctuzla\/index.php?rest_route=\/wp\/v2\/users\/3"}],"replies":[{"embeddable":true,"href":"https:\/\/www.ukctuzla.ba\/ukctuzla\/index.php?rest_route=%2Fwp%2Fv2%2Fcomments&post=13363"}],"version-history":[{"count":3,"href":"https:\/\/www.ukctuzla.ba\/ukctuzla\/index.php?rest_route=\/wp\/v2\/pages\/13363\/revisions"}],"predecessor-version":[{"id":20230,"href":"https:\/\/www.ukctuzla.ba\/ukctuzla\/index.php?rest_route=\/wp\/v2\/pages\/13363\/revisions\/20230"}],"wp:featuredmedia":[{"embeddable":true,"href":"https:\/\/www.ukctuzla.ba\/ukctuzla\/index.php?rest_route=\/wp\/v2\/media\/16294"}],"wp:attachment":[{"href":"https:\/\/www.ukctuzla.ba\/ukctuzla\/index.php?rest_route=%2Fwp%2Fv2%2Fmedia&parent=13363"}],"curies":[{"name":"wp","href":"https:\/\/api.w.org\/{rel}","templated":true}]}}