{"id":1346,"date":"2016-02-24T10:33:14","date_gmt":"2016-02-24T10:33:14","guid":{"rendered":"http:\/\/10.0.0.65\/ukctuzla3\/?page_id=1346"},"modified":"2016-02-24T10:33:14","modified_gmt":"2016-02-24T10:33:14","slug":"sarkoidoza","status":"publish","type":"page","link":"https:\/\/www.ukctuzla.ba\/ukctuzla\/?page_id=1346&lang=bs","title":{"rendered":"Sarkoidoza"},"content":{"rendered":"<p>Sarkoidoza je multisistemska granulomatozna bolest nepoznate etiologije koju karakterizira nakupljanje T-limfocita i fagocita u zahva\u0107enim organima, te nestanak normalne gra\u0111e tkiva.<\/p>\n<p><strong>Opis bolesti<\/strong><br \/>\nNaj\u010de\u0161\u0107e se javlja u osoba izme\u0111u 20 i 40 godina u Sjevernoj Europi ili kod ameri\u010dkih crnaca. Rizik od razvoja sarkoidoze tijekom \u017eivota posebno je visok kod mu\u0161karaca (1.15%) i \u017eena (1.6%) u \u0160vedskoj, te ameri\u010dkih crnaca (2.4%). Pojedina\u010dni provociraju\u0107i faktori ili poreme\u0107ene obrambene reakcije organizma potaknute vanjskim faktorima mogu biti odgovorni za pojavu bolesti, kao i geneti\u010dki faktori.<\/p>\n<p><strong>Klini\u010dka slika <\/strong><br \/>\nOd op\u0107ih simptoma prisutni su: povi\u0161ena tjelesna temperatura, gubitak tjelesne te\u017eine Bolest mo\u017ee biti bez simptoma, te se otkrije slu\u010dajno pri rutinskom rendgenskom pregledu plu\u0107a kao infiltracija u plu\u0107nom tkivu. Simptomi ovise o zahva\u0107enosti organa, pa mogu biti lak\u0161i ili te\u017ei. Od op\u0161tih simptoma prisutni su: povi\u0161ena tjelesna temperatura, gubitak tjelesne te\u017eine do anoreksije, te umor. Plu\u0107a su naj\u010de\u0161\u0107e zahva\u0107eni organ, pa se javlja ka\u0161alj i ote\u017eano disanje zbog zahva\u0107enosti plu\u0107nog tkiva, a zahva\u0107eni mogu biti i disajni putevi, \u0161to rezultira ote\u017eanim protokom zraka. Zahva\u0107ena mo\u017ee biti i nosna sluznica. Ko\u017ea je zahva\u0107ena u 25% slu\u010dajeva i o\u010dituje se osipom i potko\u017enim \u010dvori\u0107ima. Zahva\u0107enost o\u010diju, uveitis, mo\u017ee dovesti do sljepo\u0107e. Zahva\u0107enost sr\u010danog mi\u0161i\u0107a uzrokovat \u0107e poreme\u0107aje sr\u010danog ritma, provodljivosti, te sr\u010dano zatajenje. Mogu biti zahva\u0107eni i ko\u0161tana sr\u017e, jetra, slezena, te bubrezi (zbog poreme\u0107enog metabolizma kalcija) i sredi\u0161nji \u017eiv\u010dani sustav. Osim njih mogu biti zahva\u0107eni mi\u0161i\u0107no-ko\u0161tani, reproduktivni, te probavni sistem\u00a0 i \u017elijezde s vanjskim izlu\u010divanjem. Glavno obolijevanje i smrtnost odnosi se na slabljenje plu\u0107ne funkcije, dok se na razvoj sljepo\u0107e mo\u017ee utjecati primjenom kortikosteroida.<\/p>\n<p><strong>Dijagnosti\u010dka obrada <\/strong><br \/>\nPotrebno je uzeti anamnezu i obaviti fizikalni pregled kako bi se isklju\u010dili drugi uzroci intersticijske plu\u0107ne bolesti, te tako\u0111er napraviti nalaze krvi, rendgen plu\u0107a, elektrokardiogram, te testove plu\u0107ne funkcije. Biopsija, uzimanje uzorka tkiva, plu\u0107a ili drugih zahva\u0107enih organa je obavezna prije po\u010detka lije\u010denja. No nijedan krvni ili tkivni nalaz na osigurava definitivnu dijagnozu.<\/p>\n<p><strong>Prognoza<\/strong><br \/>\nOko 10% pacijenata razvije ozbiljni poreme\u0107aj o\u010dne, plu\u0107ne ili neke druge organske funkcije, no smrtnost od sarkoidoze je manja od 3%. Fibroza plu\u0107a, koja vodi u plu\u0107no i sr\u010dano zatajenje, naj\u010de\u0161\u0107i je uzrok smrti.<\/p>\n<p><strong>Lije\u010denje<\/strong><br \/>\nU velikom broju slu\u010dajeva dolazi do spontanog povla\u010denja bolesti, pa je time odluka o terapiji te\u017ea. U svakom slu\u010daju lije\u010denje je potrebno kod napreduju\u0107e plu\u0107ne, o\u010dne i sr\u010dane bolesti. Osnovno lije\u010denje su kortikosteroidi. Daje se naj\u010de\u0161\u0107e prednizon kroz 4-6 tjedana uz postupno smanjenje doze tijekom 2-3 mjeseca.<\/p>\n","protected":false},"excerpt":{"rendered":"<p>Sarkoidoza je multisistemska granulomatozna bolest nepoznate etiologije koju karakterizira nakupljanje T-limfocita i fagocita u zahva\u0107enim organima, te nestanak normalne gra\u0111e tkiva. Opis bolesti Naj\u010de\u0161\u0107e se javlja u osoba izme\u0111u 20 i 40 godina u Sjevernoj Europi ili kod ameri\u010dkih crnaca. Rizik od razvoja sarkoidoze tijekom \u017eivota posebno je visok kod mu\u0161karaca (1.15%) i \u017eena (1.6%)&hellip;<\/p>\n","protected":false},"author":1,"featured_media":16294,"parent":0,"menu_order":0,"comment_status":"closed","ping_status":"closed","template":"","meta":{"footnotes":""},"class_list":["post-1346","page","type-page","status-publish","has-post-thumbnail","hentry","description-off"],"_links":{"self":[{"href":"https:\/\/www.ukctuzla.ba\/ukctuzla\/index.php?rest_route=\/wp\/v2\/pages\/1346","targetHints":{"allow":["GET"]}}],"collection":[{"href":"https:\/\/www.ukctuzla.ba\/ukctuzla\/index.php?rest_route=\/wp\/v2\/pages"}],"about":[{"href":"https:\/\/www.ukctuzla.ba\/ukctuzla\/index.php?rest_route=\/wp\/v2\/types\/page"}],"author":[{"embeddable":true,"href":"https:\/\/www.ukctuzla.ba\/ukctuzla\/index.php?rest_route=\/wp\/v2\/users\/1"}],"replies":[{"embeddable":true,"href":"https:\/\/www.ukctuzla.ba\/ukctuzla\/index.php?rest_route=%2Fwp%2Fv2%2Fcomments&post=1346"}],"version-history":[{"count":1,"href":"https:\/\/www.ukctuzla.ba\/ukctuzla\/index.php?rest_route=\/wp\/v2\/pages\/1346\/revisions"}],"predecessor-version":[{"id":1348,"href":"https:\/\/www.ukctuzla.ba\/ukctuzla\/index.php?rest_route=\/wp\/v2\/pages\/1346\/revisions\/1348"}],"wp:featuredmedia":[{"embeddable":true,"href":"https:\/\/www.ukctuzla.ba\/ukctuzla\/index.php?rest_route=\/wp\/v2\/media\/16294"}],"wp:attachment":[{"href":"https:\/\/www.ukctuzla.ba\/ukctuzla\/index.php?rest_route=%2Fwp%2Fv2%2Fmedia&parent=1346"}],"curies":[{"name":"wp","href":"https:\/\/api.w.org\/{rel}","templated":true}]}}