{"id":1349,"date":"2016-02-24T10:33:59","date_gmt":"2016-02-24T10:33:59","guid":{"rendered":"http:\/\/10.0.0.65\/ukctuzla3\/?page_id=1349"},"modified":"2016-02-24T10:33:59","modified_gmt":"2016-02-24T10:33:59","slug":"shizofrenija","status":"publish","type":"page","link":"https:\/\/www.ukctuzla.ba\/ukctuzla\/?page_id=1349&lang=bs","title":{"rendered":"Shizofrenija"},"content":{"rendered":"<p style=\"text-align: justify;\">Shizofrenija je razvojni du\u0161evni poreme\u0107aj koji je karakteriziran gubitkom veze sa stvarno\u0161\u0107u, halucinacijama, krivim uvjerenjima, nenormalnim razmi\u0161ljanjem, ograni\u010denim spektrom emocija, smanjenom motivacijom, te poreme\u0107enim socijalnim i radnim funkcioniranjem.<\/p>\n<p><strong>Klini\u010dka slika <\/strong><br \/>\nPo\u010detak bolesti mo\u017ee biti nagao ili postupan, a podlo\u017enost shizofreniji mo\u017ee se naslutiti u prethodnom pona\u0161anju: \u010dudnom, ekscentri\u010dnom ili izolaciji i povla\u010denju. Klini\u010dka slika razlikuje se prema tipu i ja\u010dini, no simptomi se mogu podijeliti\u00a0 na pozitivne i negativne. Pozitivni simptomi se o\u010dituju poja\u010danjem i poreme\u0107ajem normalnih funkcija, dok se negativni simptomi o\u010dituju smanjenjem ili gubitkom normalnih funkcija. Glavni simptomi shizofrenije su umi\u0161ljanje pacijenata da netko utje\u010de i kontrolira njihovo pona\u0161anje, da im netko \u010dita misli, ili ih name\u0107e ili oduzima, te da ih netko progoni. Tako\u0111er se javljaju ideje progonjenja, ideje odnosa, precijenjene ideje i preokupacije po pitanju higijene, zdravlja itd., uz to ideje veli\u010dine, religijske ideje, tjelesne i nihilisti\u010dke ideje. Prisutne su tako\u0111er i slu\u0161ne halucinacije, pacijenti \u010duju glasove koji im ne\u0161to govore ili me\u0111usobno razgovaraju, poreme\u0107aji mi\u0161ljenja, reakcija, pona\u0161anja. Kao dodatni simptomi mogu se javiti siroma\u0161tvo u govoru, ritualno i ponavljaju\u0107e pona\u0161anje, abnormalna psihomotorika, depersonalizacija, derealizacija.<\/p>\n<p><strong>Podjela<\/strong><br \/>\nShizofrenije se mogu podijeliti po tipu kao paranoidna, dezorganizirana, te katatona.<\/p>\n<ul>\n<li>Paranoidnu shizofreniju karakteri\u0161u stalna umi\u0161ljanja i ideje progona, veli\u010dine ili ljubomore. Uz to su prisutne halucinacije, a ovaj tip javlja se obi\u010dno kasnije, u tridesetim godinama.<\/li>\n<li>Dezorganizirana shizofrenija obilje\u017eena je disociranim mi\u0161ljenjem, grimasiranjem, smijuljenjem, te drugim manifestacijama neadekvatnog pona\u0161anja i raspolo\u017eenja, a halucinacije i sumanutost javljaju se tek povremeno. Ovaj oblik javlja se obi\u010dno u dvadesetim godinama, i pona\u0161anje tih pacijenata je izrazito upadljivo za okolinu.<\/li>\n<li>U katatonoj shizofreniji prvenstveni su ekstremni tjelesni poreme\u0107aji, u smislu ili potpune nepokretnosti i nemogu\u0107nosti komuniciranja s pacijentom ili pretjerana motori\u010dka aktivnost, koja ugro\u017eava i pacijenta i okolinu.<\/li>\n<\/ul>\n<p style=\"text-align: justify;\">Prema razvoju i tijeku, shizofrenija je kroni\u010dna du\u0161evna bolest, a nakon svakog akutnog pogor\u0161anja i izbijanja bolesti, ostaju o\u0161te\u0107enja u osobnosti pacijenta- poreme\u0107aj mi\u0161ljenja i pona\u0161anja.<\/p>\n<p><strong>Dijagnoza<\/strong><br \/>\nDijagnoza se utvr\u0111uje na temelju procjene klini\u010dke slike, tijeka simptoma i znakova. Va\u017ene su i informacije od obitelji, prijatelja, okoline. Klini\u010dkim pregledom i anamnezom (uzimanjem podataka) treba isklju\u010diti psihoze uslijed tjelesnih poreme\u0107aja ili uzimanja droge, te primarne poreme\u0107aje raspolo\u017eenja s karakteristikama psihoze. Laboratorijskim pretragama potrebno je isklju\u010diti endokrinolo\u0161ke ili neurolo\u0161ke poreme\u0107aje koji se mogu manifestirati simptomima sli\u010dnim psihozi.<\/p>\n<p><strong>Prognoza<\/strong><br \/>\nPrognoza je usko povezana s redovnim uzimanjem terapije. Ukupno, tre\u0107ina pacijenata posti\u017ee trajno i zna\u010dajno pobolj\u0161anje, tre\u0107ini pacijenata se stanje pobolj\u0161a, ali imaju ponavljaju\u0107e epizode s posljedi\u010dnim o\u0161te\u0107enjima, a tre\u0107ina pacijenata je trajno o\u0161te\u0107ena i onesposobljena. Dobra prognoza je u slu\u010dajevima dobrog funkcioniranja prije bolesti, kasna pojava bolesti, nagla pojava bolesti, u obiteljskoj anamnezi samo poreme\u0107aji raspolo\u017eenja, mala o\u0161te\u0107enja osobnosti.<\/p>\n<p><strong>Lije\u010denje<\/strong><br \/>\nU lije\u010denju je va\u017eno vrijeme koje je pro\u0161lo od pojave simptoma do po\u010detka uzimanja terapije, jer utje\u010de na brzinu odgovora na terapiju, kvalitetu reagiranja na terapiju, te ja\u010dinu negativnih simptoma, a time i na prognozu. Za lije\u010denje se koriste antipsihotici, psihoterapija, te psihosocijalna i profesionalna rehabilitacija.<\/p>\n","protected":false},"excerpt":{"rendered":"<p>Shizofrenija je razvojni du\u0161evni poreme\u0107aj koji je karakteriziran gubitkom veze sa stvarno\u0161\u0107u, halucinacijama, krivim uvjerenjima, nenormalnim razmi\u0161ljanjem, ograni\u010denim spektrom emocija, smanjenom motivacijom, te poreme\u0107enim socijalnim i radnim funkcioniranjem. Klini\u010dka slika Po\u010detak bolesti mo\u017ee biti nagao ili postupan, a podlo\u017enost shizofreniji mo\u017ee se naslutiti u prethodnom pona\u0161anju: \u010dudnom, ekscentri\u010dnom ili izolaciji i povla\u010denju. Klini\u010dka slika razlikuje&hellip;<\/p>\n","protected":false},"author":1,"featured_media":16294,"parent":0,"menu_order":0,"comment_status":"closed","ping_status":"closed","template":"","meta":{"footnotes":""},"class_list":["post-1349","page","type-page","status-publish","has-post-thumbnail","hentry","description-off"],"_links":{"self":[{"href":"https:\/\/www.ukctuzla.ba\/ukctuzla\/index.php?rest_route=\/wp\/v2\/pages\/1349","targetHints":{"allow":["GET"]}}],"collection":[{"href":"https:\/\/www.ukctuzla.ba\/ukctuzla\/index.php?rest_route=\/wp\/v2\/pages"}],"about":[{"href":"https:\/\/www.ukctuzla.ba\/ukctuzla\/index.php?rest_route=\/wp\/v2\/types\/page"}],"author":[{"embeddable":true,"href":"https:\/\/www.ukctuzla.ba\/ukctuzla\/index.php?rest_route=\/wp\/v2\/users\/1"}],"replies":[{"embeddable":true,"href":"https:\/\/www.ukctuzla.ba\/ukctuzla\/index.php?rest_route=%2Fwp%2Fv2%2Fcomments&post=1349"}],"version-history":[{"count":1,"href":"https:\/\/www.ukctuzla.ba\/ukctuzla\/index.php?rest_route=\/wp\/v2\/pages\/1349\/revisions"}],"predecessor-version":[{"id":1350,"href":"https:\/\/www.ukctuzla.ba\/ukctuzla\/index.php?rest_route=\/wp\/v2\/pages\/1349\/revisions\/1350"}],"wp:featuredmedia":[{"embeddable":true,"href":"https:\/\/www.ukctuzla.ba\/ukctuzla\/index.php?rest_route=\/wp\/v2\/media\/16294"}],"wp:attachment":[{"href":"https:\/\/www.ukctuzla.ba\/ukctuzla\/index.php?rest_route=%2Fwp%2Fv2%2Fmedia&parent=1349"}],"curies":[{"name":"wp","href":"https:\/\/api.w.org\/{rel}","templated":true}]}}