{"id":1351,"date":"2016-02-24T10:36:50","date_gmt":"2016-02-24T10:36:50","guid":{"rendered":"http:\/\/10.0.0.65\/ukctuzla3\/?page_id=1351"},"modified":"2016-02-24T10:36:50","modified_gmt":"2016-02-24T10:36:50","slug":"sindrom-iritabilnog-kolona","status":"publish","type":"page","link":"https:\/\/www.ukctuzla.ba\/ukctuzla\/?page_id=1351&lang=bs","title":{"rendered":"Sindrom iritabilnog kolona"},"content":{"rendered":"<p>Kolon je naziv za debelo crijevo koje povezuje dio tankog crijeva (ileum) sve do crijevnog izlaza (anus). Debelo crijevo zapo\u010dinje tzv. slijepim crijevom ili cekumom na kojem se nalazi crvuljak (apendix), nastavlja se uzlaznim dijelom debelog crijeva, zatim popre\u010dni kolon i kona\u010dno silazni, koji prelazi u sigmu i zavr\u0161ava izlazim crijevom (rektum).<\/p>\n<p><strong>\u0160to je sindrom iritabilnog kolona?<\/strong><br \/>\nSindrom iritabilnog kolona je kombinacija ponavljanih bolova u crijevu i proljeva i\/ili opstipacije (zatvor crijeva) bez te\u017ee bolesti. Neki ovu bolest jo\u0161 nazivaju spasti\u010dki kolon ili neurogeni proljev.<\/p>\n<p><strong>Uzroci <\/strong><br \/>\n\u010cesti uzroci su stres ili napetost. Prva pojava sindroma mo\u017ee se zamijetiti nakon trovanja hranom ili, \u0161to je manje vjerojatno, kao posljedica alergije na hranu.<\/p>\n<p><strong>Tko obolijeva? <\/strong><br \/>\nUglavnom su to \u017eene u dobi od 20 do 30 godina, a i druge osobe stalno izlo\u017eene stresu.<\/p>\n<p><strong>Simptomi<\/strong><br \/>\nSimptomi variraju, a naj\u010de\u0161\u0107i je bol u trbuhu koja se manifestira u vidu gr\u010deva &#8211; periodi\u010dkih &#8211; koji uglavnom nestaju nakon pra\u017enjenja crijeva. Mogu\u0107i su proljev i opstipacija ili oboje. Postoje dvije grupe bolesnika: oni u kojih prevladava proljev s gr\u010devima i oni u kojih prevladava opstipacija s gr\u010devima. Ne\u0161to je ve\u0107i broj onih s opstipacijom. Uz bolove bolesnik osje\u0107a nadutost, probava je bu\u010dna, ili ima sluzi u stolici. Napad je popra\u0107en osje\u0107ajem slabosti i mu\u010dnine, bljedilom, ali ne i povra\u0107anjem.<\/p>\n<p><strong>Kada tra\u017eiti ljekarsku pomo\u0107? <\/strong><br \/>\nOvaj sindrom nije opasan, ali mo\u017ee biti neugodan. Svakako treba provjeriti radi li se o ne\u010dem ozbiljnijem. Rutinskim posjetom ljekaru utvrdit \u0107e se potreba eventualnih pretraga prema vrsti simptoma. \u010cak i ako pretrage nisu potrebne, ljekar op\u0107e prakse mo\u017ee dati savjet ili propisati lijek za uklanjanje tegoba.<\/p>\n<p><strong>Pretrage<\/strong><br \/>\nNe postoje pretrage kojima bi se utvrdilo postojanje sindroma spasti\u010dkog kolona. Me\u0111utim kako bi se uklonila sumnja na neko drugo oboljenje, lije\u010dnik op\u0107e prakse mo\u017ee preporu\u010diti krvne pretrage. Drugim bolni\u010dkim pretragama kao \u0161to su RTG kolona kontrastnim sredstvom &#8211; barijeva ka\u0161a (upuhivanje zraka i posebne teku\u0107ine u crijevo i snimanje rendgenskim zrakama) ili rektoskopija (umetanje posebnog instrumenta u debelo crijevo kroz zadnje crijevo i pregled unutra\u0161njosti crijeva ) isklju\u010duje se mogu\u0107nost te\u017ee bolesti.<\/p>\n<p><strong>Lije\u010denje <\/strong><br \/>\nLjekar op\u0107e prakse savjetovat \u0107e dijetu i, prema potrebi, uzimanje odre\u0111enih preparata u obliku tableta ( npr. mebeverina) \u010dime \u0107e se smanjiti crijevne kolike. Ukoliko je opstipacija dominantni simptom, koristit \u0107e pravilna ishrana bogata celulozom i blagi laksativi (planinski \u010daj). Po\u0161to se simptomi javljaju \u010desto uz neki stres, trebalo bi izbjegavati stresne situacije. Specijalisti\u010dko lije\u010denje ovisi o tome smanjuje li simptome promjena re\u017eima ishrane. Bolni\u010dko lije\u010denje obi\u010dno nije potrebno.<\/p>\n<p><strong>Prognoza<\/strong><br \/>\nUkoliko se simptomi pogor\u0161aju, promijene ili ako i pored primjene lije\u010dni\u010dkih uputa nema pobolj\u0161anja, treba se ponovo obratiti ljekaru. U slu\u010daju novih simptoma ili pogor\u0161anja postoje\u0107ih, ljekar mo\u017ee donijeti odluku o daljnjim bolni\u010dkim pretragama.<\/p>\n<p><strong>Prevencija<\/strong><br \/>\nIshrana treba biti bogata celulozom, tj. treba sadr\u017eavati kruh s vi\u0161e posija ili neprosijanog bra\u0161na, vi\u0161e cerealija, vo\u0107a, povr\u0107a, le\u0107u i leguminoze. Uz to treba smanjiti koli\u010dine masne i za\u0161e\u0107erene hrane. Uz sve to treba ozbiljno razmisliti o manje stresnom \u017eivotu.<\/p>\n","protected":false},"excerpt":{"rendered":"<p>Kolon je naziv za debelo crijevo koje povezuje dio tankog crijeva (ileum) sve do crijevnog izlaza (anus). Debelo crijevo zapo\u010dinje tzv. slijepim crijevom ili cekumom na kojem se nalazi crvuljak (apendix), nastavlja se uzlaznim dijelom debelog crijeva, zatim popre\u010dni kolon i kona\u010dno silazni, koji prelazi u sigmu i zavr\u0161ava izlazim crijevom (rektum). \u0160to je sindrom&hellip;<\/p>\n","protected":false},"author":1,"featured_media":16294,"parent":0,"menu_order":0,"comment_status":"closed","ping_status":"closed","template":"","meta":{"footnotes":""},"class_list":["post-1351","page","type-page","status-publish","has-post-thumbnail","hentry","description-off"],"_links":{"self":[{"href":"https:\/\/www.ukctuzla.ba\/ukctuzla\/index.php?rest_route=\/wp\/v2\/pages\/1351","targetHints":{"allow":["GET"]}}],"collection":[{"href":"https:\/\/www.ukctuzla.ba\/ukctuzla\/index.php?rest_route=\/wp\/v2\/pages"}],"about":[{"href":"https:\/\/www.ukctuzla.ba\/ukctuzla\/index.php?rest_route=\/wp\/v2\/types\/page"}],"author":[{"embeddable":true,"href":"https:\/\/www.ukctuzla.ba\/ukctuzla\/index.php?rest_route=\/wp\/v2\/users\/1"}],"replies":[{"embeddable":true,"href":"https:\/\/www.ukctuzla.ba\/ukctuzla\/index.php?rest_route=%2Fwp%2Fv2%2Fcomments&post=1351"}],"version-history":[{"count":1,"href":"https:\/\/www.ukctuzla.ba\/ukctuzla\/index.php?rest_route=\/wp\/v2\/pages\/1351\/revisions"}],"predecessor-version":[{"id":1352,"href":"https:\/\/www.ukctuzla.ba\/ukctuzla\/index.php?rest_route=\/wp\/v2\/pages\/1351\/revisions\/1352"}],"wp:featuredmedia":[{"embeddable":true,"href":"https:\/\/www.ukctuzla.ba\/ukctuzla\/index.php?rest_route=\/wp\/v2\/media\/16294"}],"wp:attachment":[{"href":"https:\/\/www.ukctuzla.ba\/ukctuzla\/index.php?rest_route=%2Fwp%2Fv2%2Fmedia&parent=1351"}],"curies":[{"name":"wp","href":"https:\/\/api.w.org\/{rel}","templated":true}]}}