{"id":13562,"date":"2023-01-09T11:39:37","date_gmt":"2023-01-09T10:39:37","guid":{"rendered":"http:\/\/www.ukctuzla.ba\/ukctuzla\/?page_id=13562"},"modified":"2023-01-09T11:39:37","modified_gmt":"2023-01-09T10:39:37","slug":"sector-for-hygienic-and-epidemiological-surveillance","status":"publish","type":"page","link":"https:\/\/www.ukctuzla.ba\/ukctuzla\/?page_id=13562&lang=en","title":{"rendered":"SECTOR FOR HYGIENIC AND  EPIDEMIOLOGICAL SURVEILLANCE"},"content":{"rendered":"<p>Head of the Sector: Prof.Dr. Amer \u010custovi\u0107<\/p>\n<p>Head sanitary technician: Maida Kikanovi\u0107, graduated sanitary technician<\/p>\n<p>Sanitary technician for quality improvement and education: Mirza Mujanovi\u0107, graduated sanitary technician<\/p>\n<p>E- mail: <a href=\"mailto:infoo@ukctuzla.ba\">info@ukctuzla.ba<\/a><\/p>\n<p>Telephone: 00 387 35 303 580<\/p>\n<p>Fax: 00 387 35 250 474<\/p>\n<p>ACTIVITIES OF THE SECTOR:<\/p>\n<ul>\n<li>Prevention and control of hospital and other infections;<\/li>\n<li>Collection of reports, data analysis and reporting of hospital infections;<\/li>\n<li>Supervision and implementation of preventive and anti- epidemic disinfection, disinsection and deratization in all hospital facilities;<\/li>\n<li>Health examinations of employees who, according to the Law on the protection of the population from infectious diseases, are under health supervision and surveillance of germ carriers;<\/li>\n<li>Monitoring and evaluation of hygienic- epidemiological situation;<\/li>\n<li>Sterilization and sterilization process control;<\/li>\n<li>Sampling of materials for microbiological and chemical analysis and testing of water, food, environment (microbiological analysis of working surfaces and environment, hand hygiene practices and microbial investigation, air sediment analysis);<\/li>\n<li>Keeping records of findings, data analysis and evaluation of the hygienic- epidemiological situation in the hospital;<\/li>\n<li>Education and training programs for employees on infection prevention and control, hospital hygiene and medical waste management;<\/li>\n<li>Organization of environmental cleaning in healthcare facilities, and sanitary- hygienic supervision of the premises;<\/li>\n<li>Collecting, internal transport, temporary storage and shipment of medical waste, waste for recycling, supervision of waste procedures, records keeping and reporting;<\/li>\n<li>Creating procedures, policies, plans, programs and strategies in the area of the Sector activities in accordance with hospital standards<\/li>\n<li>Segregation, collecting and disposal of hospital laundry and laundry services<\/li>\n<\/ul>\n<p>ORGANIZATIONAL STRUCTURE<\/p>\n<ul>\n<li>Service for infection control, disinfection, disinsection and deratization<\/li>\n<li>Service for sterilization<\/li>\n<li>Service for hygiene maintenance<\/li>\n<li>Service for laundry<\/li>\n<\/ul>\n","protected":false},"excerpt":{"rendered":"<p>Head of the Sector: Prof.Dr. Amer \u010custovi\u0107 Head sanitary technician: Maida Kikanovi\u0107, graduated sanitary technician Sanitary technician for quality improvement and education: Mirza Mujanovi\u0107, graduated sanitary technician E- mail: info@ukctuzla.ba Telephone: 00 387 35 303 580 Fax: 00 387 35 250 474 ACTIVITIES OF THE SECTOR: Prevention and control of hospital and other infections; Collection&hellip;<\/p>\n","protected":false},"author":3,"featured_media":16294,"parent":0,"menu_order":0,"comment_status":"closed","ping_status":"closed","template":"","meta":{"footnotes":""},"class_list":["post-13562","page","type-page","status-publish","has-post-thumbnail","hentry","description-off"],"_links":{"self":[{"href":"https:\/\/www.ukctuzla.ba\/ukctuzla\/index.php?rest_route=\/wp\/v2\/pages\/13562","targetHints":{"allow":["GET"]}}],"collection":[{"href":"https:\/\/www.ukctuzla.ba\/ukctuzla\/index.php?rest_route=\/wp\/v2\/pages"}],"about":[{"href":"https:\/\/www.ukctuzla.ba\/ukctuzla\/index.php?rest_route=\/wp\/v2\/types\/page"}],"author":[{"embeddable":true,"href":"https:\/\/www.ukctuzla.ba\/ukctuzla\/index.php?rest_route=\/wp\/v2\/users\/3"}],"replies":[{"embeddable":true,"href":"https:\/\/www.ukctuzla.ba\/ukctuzla\/index.php?rest_route=%2Fwp%2Fv2%2Fcomments&post=13562"}],"version-history":[{"count":1,"href":"https:\/\/www.ukctuzla.ba\/ukctuzla\/index.php?rest_route=\/wp\/v2\/pages\/13562\/revisions"}],"predecessor-version":[{"id":13563,"href":"https:\/\/www.ukctuzla.ba\/ukctuzla\/index.php?rest_route=\/wp\/v2\/pages\/13562\/revisions\/13563"}],"wp:featuredmedia":[{"embeddable":true,"href":"https:\/\/www.ukctuzla.ba\/ukctuzla\/index.php?rest_route=\/wp\/v2\/media\/16294"}],"wp:attachment":[{"href":"https:\/\/www.ukctuzla.ba\/ukctuzla\/index.php?rest_route=%2Fwp%2Fv2%2Fmedia&parent=13562"}],"curies":[{"name":"wp","href":"https:\/\/api.w.org\/{rel}","templated":true}]}}