{"id":13572,"date":"2023-01-10T08:49:39","date_gmt":"2023-01-10T07:49:39","guid":{"rendered":"http:\/\/www.ukctuzla.ba\/ukctuzla\/?page_id=13572"},"modified":"2023-01-10T08:49:39","modified_gmt":"2023-01-10T07:49:39","slug":"sector-for-technology","status":"publish","type":"page","link":"https:\/\/www.ukctuzla.ba\/ukctuzla\/?page_id=13572&lang=en","title":{"rendered":"SECTOR FOR TECHNOLOGY"},"content":{"rendered":"<p>Head of the Sector: Asim D\u017eafi\u0107, mechanical engineer<\/p>\n<p>Secretary: Nesiba Musta\u010devi\u0107<\/p>\n<p>E- mail: <a href=\"mailto:info@ukctuzla.ba\">info@ukctuzla.ba<\/a><\/p>\n<p>Telephone: 00 387 35 303 602<\/p>\n<p>Fax: 00 387 35 250 474<\/p>\n<p align=\"JUSTIFY\">The Sector for Technology offers technical and technological support for all operating procedures and workflows at all organizational units in Clinical center Tuzla. The activity of the Sector includes, among other things, the production and distribution of energy products, regular technical and technological maintenance, preventive maintenance, investments and investment maintenance.<\/p>\n<p align=\"JUSTIFY\">The Sector for Technology currently consists of several departments and services with different activities and tasks:<\/p>\n<ol>\n<li>\n<p align=\"JUSTIFY\">Service for joint affairs<\/p>\n<\/li>\n<li>\n<p align=\"JUSTIFY\">Electrical engineering service<\/p>\n<\/li>\n<li>\n<p align=\"JUSTIFY\">Service for electromedical devices<\/p>\n<\/li>\n<li>\n<p align=\"JUSTIFY\">Mechanical engineering service<\/p>\n<\/li>\n<li>\n<p align=\"JUSTIFY\">Investments and investment maintenance<\/p>\n<\/li>\n<li>\n<p align=\"JUSTIFY\">Occupational safety and fire protection service<\/p>\n<\/li>\n<li>\n<p align=\"JUSTIFY\">Food service<\/p>\n<\/li>\n<\/ol>\n","protected":false},"excerpt":{"rendered":"<p>Head of the Sector: Asim D\u017eafi\u0107, mechanical engineer Secretary: Nesiba Musta\u010devi\u0107 E- mail: info@ukctuzla.ba Telephone: 00 387 35 303 602 Fax: 00 387 35 250 474 The Sector for Technology offers technical and technological support for all operating procedures and workflows at all organizational units in Clinical center Tuzla. The activity of the Sector includes,&hellip;<\/p>\n","protected":false},"author":3,"featured_media":16294,"parent":0,"menu_order":0,"comment_status":"closed","ping_status":"closed","template":"","meta":{"footnotes":""},"class_list":["post-13572","page","type-page","status-publish","has-post-thumbnail","hentry","description-off"],"_links":{"self":[{"href":"https:\/\/www.ukctuzla.ba\/ukctuzla\/index.php?rest_route=\/wp\/v2\/pages\/13572","targetHints":{"allow":["GET"]}}],"collection":[{"href":"https:\/\/www.ukctuzla.ba\/ukctuzla\/index.php?rest_route=\/wp\/v2\/pages"}],"about":[{"href":"https:\/\/www.ukctuzla.ba\/ukctuzla\/index.php?rest_route=\/wp\/v2\/types\/page"}],"author":[{"embeddable":true,"href":"https:\/\/www.ukctuzla.ba\/ukctuzla\/index.php?rest_route=\/wp\/v2\/users\/3"}],"replies":[{"embeddable":true,"href":"https:\/\/www.ukctuzla.ba\/ukctuzla\/index.php?rest_route=%2Fwp%2Fv2%2Fcomments&post=13572"}],"version-history":[{"count":1,"href":"https:\/\/www.ukctuzla.ba\/ukctuzla\/index.php?rest_route=\/wp\/v2\/pages\/13572\/revisions"}],"predecessor-version":[{"id":13573,"href":"https:\/\/www.ukctuzla.ba\/ukctuzla\/index.php?rest_route=\/wp\/v2\/pages\/13572\/revisions\/13573"}],"wp:featuredmedia":[{"embeddable":true,"href":"https:\/\/www.ukctuzla.ba\/ukctuzla\/index.php?rest_route=\/wp\/v2\/media\/16294"}],"wp:attachment":[{"href":"https:\/\/www.ukctuzla.ba\/ukctuzla\/index.php?rest_route=%2Fwp%2Fv2%2Fmedia&parent=13572"}],"curies":[{"name":"wp","href":"https:\/\/api.w.org\/{rel}","templated":true}]}}