{"id":13602,"date":"2023-01-13T09:27:31","date_gmt":"2023-01-13T08:27:31","guid":{"rendered":"http:\/\/www.ukctuzla.ba\/ukctuzla\/?page_id=13602"},"modified":"2023-01-13T09:27:31","modified_gmt":"2023-01-13T08:27:31","slug":"service-for-document-management-and-archiving","status":"publish","type":"page","link":"https:\/\/www.ukctuzla.ba\/ukctuzla\/?page_id=13602&lang=en","title":{"rendered":"SERVICE FOR DOCUMENT MANAGEMENT AND ARCHIVING"},"content":{"rendered":"<p>Head of the Service: Sanela Jerki\u0107,prof.<\/p>\n<p>Telephone: 00 387 35 303 599;<\/p>\n<p>00 387 35 303 377<\/p>\n<p>E- mail: <a href=\"mailto:info@ukctuzla.ba\">info@ukctuzla.ba<\/a><\/p>\n<p>Referent in charge for post receiving and dispatch: Aldijana Hod\u017ei\u0107<\/p>\n<p>Telephone: 00 387 35 303 639<\/p>\n<p>Referent in charge for medical documentation: Sabina Avdi\u0107, law graduate<\/p>\n<p>Telephone: 00 387 35 303 377<\/p>\n<p>Archivist in charge: Ass. Prof. Muhamed Husejnovi\u0107<\/p>\n<p>Service activities:<\/p>\n<ul>\n<li>Internal and external- post reception and dispatch;<\/li>\n<li>Management of the determined protocols (administrative cases, protocol of confidential and classified post, internal delivery books etc.);<\/li>\n<li>Document requirements and processing (copies and transcripts);<\/li>\n<li>Medical records processing;<\/li>\n<li>Typewriting jobs;<\/li>\n<li>Documentation arranging and archiving;<\/li>\n<li>Keeping and updating archive books;<\/li>\n<li>Proposing administrative and inventory material to be written off;<\/li>\n<li>Delivery of documents and acts to the competent Archive;<\/li>\n<li>Providing instructions for employees regarding the disposal of registration materials.<\/li>\n<\/ul>\n","protected":false},"excerpt":{"rendered":"<p>Head of the Service: Sanela Jerki\u0107,prof. Telephone: 00 387 35 303 599; 00 387 35 303 377 E- mail: info@ukctuzla.ba Referent in charge for post receiving and dispatch: Aldijana Hod\u017ei\u0107 Telephone: 00 387 35 303 639 Referent in charge for medical documentation: Sabina Avdi\u0107, law graduate Telephone: 00 387 35 303 377 Archivist in charge:&hellip;<\/p>\n","protected":false},"author":3,"featured_media":16294,"parent":0,"menu_order":0,"comment_status":"closed","ping_status":"closed","template":"","meta":{"footnotes":""},"class_list":["post-13602","page","type-page","status-publish","has-post-thumbnail","hentry","description-off"],"_links":{"self":[{"href":"https:\/\/www.ukctuzla.ba\/ukctuzla\/index.php?rest_route=\/wp\/v2\/pages\/13602","targetHints":{"allow":["GET"]}}],"collection":[{"href":"https:\/\/www.ukctuzla.ba\/ukctuzla\/index.php?rest_route=\/wp\/v2\/pages"}],"about":[{"href":"https:\/\/www.ukctuzla.ba\/ukctuzla\/index.php?rest_route=\/wp\/v2\/types\/page"}],"author":[{"embeddable":true,"href":"https:\/\/www.ukctuzla.ba\/ukctuzla\/index.php?rest_route=\/wp\/v2\/users\/3"}],"replies":[{"embeddable":true,"href":"https:\/\/www.ukctuzla.ba\/ukctuzla\/index.php?rest_route=%2Fwp%2Fv2%2Fcomments&post=13602"}],"version-history":[{"count":1,"href":"https:\/\/www.ukctuzla.ba\/ukctuzla\/index.php?rest_route=\/wp\/v2\/pages\/13602\/revisions"}],"predecessor-version":[{"id":13603,"href":"https:\/\/www.ukctuzla.ba\/ukctuzla\/index.php?rest_route=\/wp\/v2\/pages\/13602\/revisions\/13603"}],"wp:featuredmedia":[{"embeddable":true,"href":"https:\/\/www.ukctuzla.ba\/ukctuzla\/index.php?rest_route=\/wp\/v2\/media\/16294"}],"wp:attachment":[{"href":"https:\/\/www.ukctuzla.ba\/ukctuzla\/index.php?rest_route=%2Fwp%2Fv2%2Fmedia&parent=13602"}],"curies":[{"name":"wp","href":"https:\/\/api.w.org\/{rel}","templated":true}]}}