{"id":13605,"date":"2023-01-16T10:08:00","date_gmt":"2023-01-16T09:08:00","guid":{"rendered":"http:\/\/www.ukctuzla.ba\/ukctuzla\/?page_id=13605"},"modified":"2023-01-16T10:08:00","modified_gmt":"2023-01-16T09:08:00","slug":"internal-protection-service","status":"publish","type":"page","link":"https:\/\/www.ukctuzla.ba\/ukctuzla\/?page_id=13605&lang=en","title":{"rendered":"INTERNAL PROTECTION SERVICE"},"content":{"rendered":"<p align=\"JUSTIFY\">Head of the Service: Esmir Halilovi\u0107, graduated in economics<\/p>\n<p align=\"JUSTIFY\">Telephone: 00 387 35 303 663; 303 541<\/p>\n<p align=\"JUSTIFY\">E- mail: <a href=\"mailto:info@ukctuzla.ba\">info@ukctuzla.ba<\/a><\/p>\n<p align=\"JUSTIFY\">Coordinator for technical protection: Adnan Okanovi\u0107, Enida Me\u0161anovi\u0107<\/p>\n<p align=\"JUSTIFY\">Telephone: 00 387 35 303 663<\/p>\n<p align=\"JUSTIFY\">Technical secretary:<\/p>\n<p align=\"JUSTIFY\">Security guard protection are responsible for the overall safety of employees, patients and assets at the University Clinical Center Tuzla twenty- four hours a day.<\/p>\n<p align=\"JUSTIFY\"><b>The activities of physical and technical protection<\/b><\/p>\n<p align=\"JUSTIFY\">Physical protection include:<\/p>\n<ul>\n<li>\n<p align=\"JUSTIFY\">Protection of buildings, properties and individuals, monitoring of people behavior and movements, as well as vehicles and goods in the area of responsibility;<\/p>\n<\/li>\n<li>\n<p align=\"JUSTIFY\">The guard tour of a protected area and premises;<\/p>\n<\/li>\n<li>\n<p align=\"JUSTIFY\">Event security and safety management.<\/p>\n<\/li>\n<\/ul>\n<p align=\"JUSTIFY\">Technical protection<\/p>\n<ul>\n<li>\n<p align=\"JUSTIFY\">Precautions taken to guard against theft and sabotage;<\/p>\n<\/li>\n<li>\n<p align=\"JUSTIFY\">Protection of people and the environment;<\/p>\n<\/li>\n<li>\n<p align=\"JUSTIFY\">Protection of data and documentation;<\/p>\n<\/li>\n<li>\n<p align=\"JUSTIFY\">Protection of unauthorized access to protected areas and facilities;<\/p>\n<\/li>\n<li>\n<p align=\"JUSTIFY\">Protection from deliberate release of hazardous and toxic substances;<\/p>\n<\/li>\n<li>\n<p align=\"JUSTIFY\">Protection against alienation of protected objects and things.<\/p>\n<\/li>\n<\/ul>\n<p align=\"JUSTIFY\">To prevent any unauthorized access to the property and to specific areas protective security systems include anti- burglar systems and alarms, video surveillance and mechanical systems to prevent unauthorized access.<\/p>\n<p align=\"JUSTIFY\">Professional staff: 3 employees with university graduation; 1 technical secretary; 31 employees with the physical security professional certification; 4 employees with the technical security professional certification; 8 receptionists.<\/p>\n","protected":false},"excerpt":{"rendered":"<p>Head of the Service: Esmir Halilovi\u0107, graduated in economics Telephone: 00 387 35 303 663; 303 541 E- mail: info@ukctuzla.ba Coordinator for technical protection: Adnan Okanovi\u0107, Enida Me\u0161anovi\u0107 Telephone: 00 387 35 303 663 Technical secretary: Security guard protection are responsible for the overall safety of employees, patients and assets at the University Clinical Center&hellip;<\/p>\n","protected":false},"author":3,"featured_media":16294,"parent":0,"menu_order":0,"comment_status":"closed","ping_status":"closed","template":"","meta":{"footnotes":""},"class_list":["post-13605","page","type-page","status-publish","has-post-thumbnail","hentry","description-off"],"_links":{"self":[{"href":"https:\/\/www.ukctuzla.ba\/ukctuzla\/index.php?rest_route=\/wp\/v2\/pages\/13605","targetHints":{"allow":["GET"]}}],"collection":[{"href":"https:\/\/www.ukctuzla.ba\/ukctuzla\/index.php?rest_route=\/wp\/v2\/pages"}],"about":[{"href":"https:\/\/www.ukctuzla.ba\/ukctuzla\/index.php?rest_route=\/wp\/v2\/types\/page"}],"author":[{"embeddable":true,"href":"https:\/\/www.ukctuzla.ba\/ukctuzla\/index.php?rest_route=\/wp\/v2\/users\/3"}],"replies":[{"embeddable":true,"href":"https:\/\/www.ukctuzla.ba\/ukctuzla\/index.php?rest_route=%2Fwp%2Fv2%2Fcomments&post=13605"}],"version-history":[{"count":1,"href":"https:\/\/www.ukctuzla.ba\/ukctuzla\/index.php?rest_route=\/wp\/v2\/pages\/13605\/revisions"}],"predecessor-version":[{"id":13606,"href":"https:\/\/www.ukctuzla.ba\/ukctuzla\/index.php?rest_route=\/wp\/v2\/pages\/13605\/revisions\/13606"}],"wp:featuredmedia":[{"embeddable":true,"href":"https:\/\/www.ukctuzla.ba\/ukctuzla\/index.php?rest_route=\/wp\/v2\/media\/16294"}],"wp:attachment":[{"href":"https:\/\/www.ukctuzla.ba\/ukctuzla\/index.php?rest_route=%2Fwp%2Fv2%2Fmedia&parent=13605"}],"curies":[{"name":"wp","href":"https:\/\/api.w.org\/{rel}","templated":true}]}}