{"id":1364,"date":"2016-02-24T10:47:05","date_gmt":"2016-02-24T10:47:05","guid":{"rendered":"http:\/\/10.0.0.65\/ukctuzla3\/?page_id=1364"},"modified":"2016-02-24T10:47:05","modified_gmt":"2016-02-24T10:47:05","slug":"spolno-prenosive-bolesti","status":"publish","type":"page","link":"https:\/\/www.ukctuzla.ba\/ukctuzla\/?page_id=1364&lang=bs","title":{"rendered":"Spolno prenosive bolesti"},"content":{"rendered":"<p style=\"text-align: justify;\">Sve je ve\u0107i broj, osobito mladih ljudi, koji se susre\u0107u s razli\u010ditim spolno prenosivim bolestima. Me\u0111u spolno prenosive bolesti ili spolno prenosive infekcije spadaju sve bolesti, koje se mogu prenijeti bilo kojim oblikom spolnog kontakta.<br \/>\nVeliki je broj mladih ljudi, koji ve\u0107 boluju od spolno prenosivih bolesti (STD's &#8211; sexually transmitted diseases). U Americi \u010dak dvije tre\u0107ine oboljelih \u010dine \u0161kolarci ili mladi, u dobi do 25 godina.<\/p>\n<p><strong>Vrste spolno prenosivih bolesti (infekcija)<\/strong><br \/>\nPostoji preko dvadeset bolesti koje se mogu prenijeti spolnim kontaktom. Mogu biti uzrokovane virusom herpes simpleks, virusom genitalnih bradavica (HPV), klamidijom, uzro\u010dnikom gonoreje, moluska kontagioza te virusom hepatitisa B i C kao i virusom ljudske imunodeficijencije (HIV). \u010ceste spolno prenosive bolesti su i svrab i u\u0161ljivost. Ipak, jedan od naj\u010de\u0161\u0107ih uzro\u010dnika tzv. nespecifi\u010dnih uretritisa, upravo su infekcije s klamidijama. Relativno se lako prenose me\u0111u partnerima i \u010dest su &#8220;pratitelj&#8221; drugih infekcija genitalnog trakta, naj\u010de\u0161\u0107e gonoroi\u010dnih.<\/p>\n<p><strong>Klamidijska infekcija<\/strong><br \/>\nNakon inkubacije od jednog do tri tjedna iz uretre ili vagine pojavljuje se bjelkasti, ponekad i sluzavo-gnojni iscjedak. Na\u017ealost, vrlo \u010desto klamidijske infekcije nisu pra\u0107ene osobitim simptomima. U tom slu\u010daju kao i u slu\u010daju neodgovaraju\u0107eg lije\u010denja simptomatskih infekcija, mogu nastupiti komplikacije. Kod mu\u0161karaca je naj\u010de\u0161\u0107a komplikacija prostatitis (upala prostate), dok se kod \u017eena infekcija mo\u017ee pro\u0161iriti i na maternicu i jajovode, te dovesti do tzv. upalne bolesti male zdjelice (engl. PID) koja je \u010dest uzrok steriliteta kod \u017eena. Isto tako \u017eene, koje tijekom klamidijske infekcije ostanu trudne, mogu prilikom poroda zaraziti i dijete. Stoga je potrebno \u0161to ranije utvrditi infekciju i \u0161to prije zapo\u010deti s odgovaraju\u0107im antibiotskim lije\u010denjem.<br \/>\n<strong>Va\u017enost prevencije spolno prenosivih bolesti<\/strong><br \/>\nPojedine infekcije su vrlo te\u0161ko uo\u010dljive &#8211; ne izazivaju izrazite promjene na ko\u017ei ili sluznicama, kao ni osobite smetnje (simptome ) kod pojedinca. Stoga je potreban poseban oprez. Spolni kontakt, \u010desto i samo jedan, dovoljan je za prijenos infekcije. Upravo zbog toga, prevencija spolno prenosivih bolesti ima klju\u010dnu ulogu. Iako za svaki tip infekcije vrijede neka specifi\u010dna pravila za\u0161tite, op\u0161te smjernice su jednake za sve uzro\u010dnike i sve pojedince &#8211; bez obzira na dob, spol ili socijalni status.<\/p>\n<p><strong>Simptomi spolno prenosivih infekcija<\/strong><br \/>\nAko ste unato\u010d upozorenjima imali neza\u0161ti\u0107eni odnos s nepoznatom osobom,dobro se pregledajte. Sumnju na infekciju pobudit \u0107e neobi\u010dan iscjedak iz penisa ili vagine, bol ili neugoda tijekom mokrenja ili odnosa, ranice, &#8220;mjehuri\u0107i&#8221; ili bradavice na podru\u010dju vanjskog spolovila ili analne regije, te eventualni drugi, op\u0107i simptomi poput umora, povi\u0161ene temperature, proljeva i sl. Naravno da takve ili sli\u010dne smetnje ne moraju uzrokovati isklju\u010divo bolesti koje se prenose spolnim kontaktom. Stoga, u slu\u010daju da primje\u0107ujete neke od navedenih simptoma, posjetite svog ljekara i u\u010dinite odgovaraju\u0107e pretrage.<br \/>\nLije\u010denje spolno prenosivih bolesti<br \/>\nMorate biti svjesni, da \u0107e se smetnje ponekad i ubla\u017eiti ili u potpunosti nestati &#8220;same od sebe&#8221;, ali to ne zna\u010di da je nestala i infekcija i da ste izlije\u010deni. Mnoge spolno prenosive bolesti mogu pro\u0107i neopa\u017eene i nedijagnosticirane, a kasnije uzrokovati ozbiljne posljedice (npr sterilitet). U slu\u010daju da se infekcija utvrdi, potrebno je provesti odgovaraju\u0107u terapiju kod oba partnera i to do potpunog izlje\u010denja tj. do negativizacije nalaza, kako bi se sprije\u010dilo daljnje \u0161irenje infekcije, a me\u0111u stalnim partnerima tzv &#8220;ping-pong-fenomen&#8221;.<\/p>\n<p><strong>Mjere prevencije<\/strong><br \/>\nPreventiva je vrlo va\u017ena i trebala bi po\u010deti \u0161to ranije, u \u0161kolama, u vidu kvalitetne edukacije mladih ljudi o uzro\u010dnicima spolno prenosivih bolesti i bolestima koje oni uzrokuju, o na\u010dinima prijenosa kao i o adekvatnoj za\u0161titi od mogu\u0107e infekcije.<\/p>\n<ul>\n<li>Naju\u010dinkovitija metoda, koja \u0107e rizik od infekcije smanjiti na nulu je suzdr\u017eavanje od spolnih odnosa. Takva opcija vjerojatno nije realna, barem ne za ve\u0107inu populacije.<\/li>\n<li>I pravilan izbor partnera smanjuje rizik od infekcije na najmanju mogu\u0107u mjeru. Veza izme\u0111u partnera mora biti stabilna, temeljena na ljubavi i povjerenju i svakako monogamiji.<\/li>\n<li>Opasnost od infekcije raste ako se ostvari spolni kontakt s nepoznatom ili gotovo nepoznatom osobom, \u010dije nam je socijalno i seksualno pona\u0161anje nepoznato. Osobe sklone takvim kontaktima (i promiskuitetnom pona\u0161anju), vrlo \u010desto su i prenosioci bolesti odnosno infekcija.<\/li>\n<li>Ako je mogu\u0107e, potrebno je pa\u017eljivo pregledati partnera jer mnoge \u0107e infekcije biti vidljive ve\u0107 izvana, na ko\u017ei ili sluznicama uo\u010dit \u0107e se npr. &#8220;ranice&#8221; kod herpesa, bradavice kod HPV-infekcije i sli\u010dno.<\/li>\n<li>Za\u0161tita, koja \u0107e pru\u017eati zadovoljavaju\u0107u sigurnost tj. za\u0161tititi nas od ve\u0107ine uzro\u010dnika, je upotreba kondoma. Istra\u017eivanja su utvrdila da lateks kondom mo\u017ee za\u0161titi od prijenosa najve\u0107eg broja virusnih i bakterijskih infekcija, a u ve\u0107oj mjeri mo\u017ee se smanjiti i opasnost od HIV-infekcije. No, za viruse koji se prenose direktnim kontaktom ko\u017ee sa ko\u017eom (poput virusa herpes simpleks ili HPV-a), za\u0161tita s kondomom ne\u0107e biti dovoljna, ako \u017eari\u0161te infekcije nije njime pokriveno. I spermicidi mogu igrati va\u017enu ulogu u inaktiviranju pojedinih uzro\u010dnika infekcije, a time i u za\u0161titi od spolno prenosivih bolesti. No, da li istovremena uporaba kondoma i spermicida pove\u0107ava za\u0161titu i od HIV-infekcije, za sada nije poznato. Va\u017eno je napomenuti da kondom ujedno predstavlja i dobru za\u0161titu djevojaka od ne\u017eeljene trudno\u0107e. Od ne\u017eeljene trudno\u0107e \u0161tite i kontracepcijske tablete (tzv. pilule), ali njihova uloga u za\u0161titi od infekcija, ravna je nuli.<\/li>\n<li>Preporu\u010dljiva je i temeljita higijena (tu\u0161iranje), naro\u010dito intimnih dijelova, nakon svakog spolnog odnosa.<\/li>\n<li>Vrlo va\u017enu ulogu u prevenciji igraju i cijepljenja. Cijepljenje protiv hepatitisa B pru\u017ea za\u0161titu od infekcije s istoimenim virusom, dok za hepatitis C, cjepivo zasad ne postoji.<\/li>\n<\/ul>\n<p style=\"text-align: justify;\">Novost je HPV-vakcina. Rije\u010d je o vakcini koja u sebi sadr\u017ei inaktivirane \u010detiri najva\u017enija tipa HPV-a (16 i 18 te 6 i 11). Tipovi 16 i 18 uzro\u010dnici su 70% karcinoma vrata maternice, dok su tipovi 6 i 11 odgovorni za 90% virusnih bradavica na podru\u010dju genitalnog trakta. Cjepivo je namijenjeno uglavnom djevoj\u010dicama u dobi od 11-12 godina, u svakom slu\u010daju prije prvog spolnog kontakta odnosno prije prvog kontakta sa HPV-om. Za te djevoj\u010dice, vakcina mo\u017ee pru\u017eati stopostotnu za\u0161titu od bolesti uzrokovanih sa ova \u010detiri tipa virusa. Za\u0161tita je dugotrajna, ali ne \u0161titi od svih tipova HPV-a (dosad je, naime, otkriveno vi\u0161e od sto podtipova), te su redoviti ginekolo\u0161ki pregledi \u017eena i dalje potrebni. Na\u017ealost, kod ve\u0107 zara\u017eenih \u017eena i djevojaka, cjepivo ne\u0107e sprije\u010diti daljnji razvoj bolesti.<\/p>\n","protected":false},"excerpt":{"rendered":"<p>Sve je ve\u0107i broj, osobito mladih ljudi, koji se susre\u0107u s razli\u010ditim spolno prenosivim bolestima. Me\u0111u spolno prenosive bolesti ili spolno prenosive infekcije spadaju sve bolesti, koje se mogu prenijeti bilo kojim oblikom spolnog kontakta. Veliki je broj mladih ljudi, koji ve\u0107 boluju od spolno prenosivih bolesti (STD's &#8211; sexually transmitted diseases). U Americi \u010dak&hellip;<\/p>\n","protected":false},"author":1,"featured_media":16294,"parent":0,"menu_order":0,"comment_status":"closed","ping_status":"closed","template":"","meta":{"footnotes":""},"class_list":["post-1364","page","type-page","status-publish","has-post-thumbnail","hentry","description-off"],"_links":{"self":[{"href":"https:\/\/www.ukctuzla.ba\/ukctuzla\/index.php?rest_route=\/wp\/v2\/pages\/1364","targetHints":{"allow":["GET"]}}],"collection":[{"href":"https:\/\/www.ukctuzla.ba\/ukctuzla\/index.php?rest_route=\/wp\/v2\/pages"}],"about":[{"href":"https:\/\/www.ukctuzla.ba\/ukctuzla\/index.php?rest_route=\/wp\/v2\/types\/page"}],"author":[{"embeddable":true,"href":"https:\/\/www.ukctuzla.ba\/ukctuzla\/index.php?rest_route=\/wp\/v2\/users\/1"}],"replies":[{"embeddable":true,"href":"https:\/\/www.ukctuzla.ba\/ukctuzla\/index.php?rest_route=%2Fwp%2Fv2%2Fcomments&post=1364"}],"version-history":[{"count":1,"href":"https:\/\/www.ukctuzla.ba\/ukctuzla\/index.php?rest_route=\/wp\/v2\/pages\/1364\/revisions"}],"predecessor-version":[{"id":1365,"href":"https:\/\/www.ukctuzla.ba\/ukctuzla\/index.php?rest_route=\/wp\/v2\/pages\/1364\/revisions\/1365"}],"wp:featuredmedia":[{"embeddable":true,"href":"https:\/\/www.ukctuzla.ba\/ukctuzla\/index.php?rest_route=\/wp\/v2\/media\/16294"}],"wp:attachment":[{"href":"https:\/\/www.ukctuzla.ba\/ukctuzla\/index.php?rest_route=%2Fwp%2Fv2%2Fmedia&parent=1364"}],"curies":[{"name":"wp","href":"https:\/\/api.w.org\/{rel}","templated":true}]}}