{"id":1368,"date":"2016-02-24T10:48:53","date_gmt":"2016-02-24T10:48:53","guid":{"rendered":"http:\/\/10.0.0.65\/ukctuzla3\/?page_id=1368"},"modified":"2016-02-24T10:48:53","modified_gmt":"2016-02-24T10:48:53","slug":"trajna-upala-gusterace","status":"publish","type":"page","link":"https:\/\/www.ukctuzla.ba\/ukctuzla\/?page_id=1368&lang=bs","title":{"rendered":"Trajna upala gu\u0161tera\u010de"},"content":{"rendered":"<p style=\"text-align: justify;\">Trajna upala gu\u0161tera\u010de (pankreasa) zbog koje dolazi do progresivnog propadanja \u017elijezde sa znakovima poreme\u0107aja funkcije izlu\u010divanja.<\/p>\n<p><strong>Uzroci, u\u010destalost i faktori rizika<\/strong><br \/>\nHroni\u010dni pankreatitis je posljedica alkoholizma, hemokromatoze (nakupljanje \u017eeljeza u jetri) i drugih nepoznatih faktora. Zbog upale i fibroze dolazi do razaranja funkcionalnog \u017eljezdanog tkiva gu\u0161tera\u010de. Rezultat je nedostatak enzima gu\u0161tera\u010de i nesposobnost probavljanja masno\u0107a. Proizvodnja inzulina tako\u0111er je poreme\u0107ena. Napadi postaju sve \u010de\u0161\u0107i s razvojem bolesti. Alkoholizam je faktor rizika. Hroni\u010dni pankreatitis je \u010de\u0161\u0107i kod mu\u0161karaca.<\/p>\n<p><strong>Simptomi<\/strong><\/p>\n<ul>\n<li>bol u abdomenu; najve\u0107a u gornjem abdomenu, mo\u017ee biti u srednjem ili gornjem abdomenu; mo\u017ee trajati satima ili danima, da bi se na kraju pretvorila u stalnu; masna hrana i alkoholna pi\u0107a mogu pogor\u0161ati stanje; mo\u017ee se \u0161iriti na le\u0111a<\/li>\n<li>mu\u010dnina<\/li>\n<li>povra\u0107anje<\/li>\n<li>gubitak te\u017eine<\/li>\n<li>masne stolice<\/li>\n<\/ul>\n<p style=\"text-align: justify;\">\n<strong>Ostali simptomi koji se mogu povezati s bole\u0161\u0107u:<\/strong><\/p>\n<ul>\n<li>oticanje, op\u0107e<\/li>\n<li>stolice boje ilova\u010de<\/li>\n<li>probavne smetnje<\/li>\n<\/ul>\n<p style=\"text-align: justify;\">\n<strong>Koje pretrage se mogu napraviti?<\/strong><br \/>\nSimptomi hroni\u010dnog pankreatitisa lije\u010de se tako da se primjenom sljede\u0107ih mjera smanji stimuliranje gu\u0161tera\u010de, ubla\u017ei lo\u0161e probavljanje masti, smanje bolovi i lije\u010di dijabetes:<\/p>\n<ul>\n<li>nemasna dijeta<\/li>\n<li>dodatak prehrani vitamina topivih u masti i kalcija<\/li>\n<li>prestanak uzimanja alkohola ili kofeina<\/li>\n<li>ubla\u017eavanje bolova lijekovima<\/li>\n<li>kontrola koncentracije glukoze u krvi davanjem inzulina<\/li>\n<li>nadoknada enzima gu\u0161tera\u010de kako bi se nadoknadila njihova nedovoljna proizvodnja.<\/li>\n<\/ul>\n<p style=\"text-align: justify;\">Ponekad je potreban i hirur\u0161ki zahvat. Kod uznapredovalih slu\u010dajeva uklanja se dio ili \u010ditava gu\u0161tera\u010da.<\/p>\n<p><strong>Lije\u010denje <\/strong><br \/>\nOvo je te\u0161ka bolest zbog koje mo\u017ee do\u0107i do invaliditeta. Ishod je obi\u010dno bolji ako se prestanu piti alkoholna pi\u0107a.<\/p>\n<p><strong>Prognoza <\/strong><br \/>\n<strong>Komplikacije<\/strong><br \/>\nU slu\u010daju pojave simptoma obratite se svojem lije\u010dniku. Tra\u017eite da vas ljekar primi ako se simptomi pankreatitisa pogor\u0161aju ili ne poprave lije\u010denjem.<\/p>\n<ul>\n<li>ovisnost o lijekovima protiv bolova<\/li>\n<li>ascites<\/li>\n<li>(teku\u0107ina u trbu\u0161noj \u0161upljini)<\/li>\n<li>ciste (\u0161upljine ispunjene teku\u0107inom)<\/li>\n<li>za\u010depljenje zajedni\u010dkog \u017eu\u010dnog voda<\/li>\n<li>\u0161e\u0107erna bolest<\/li>\n<li>krvni ugru\u0161ci u veni slezene<\/li>\n<\/ul>\n<p style=\"text-align: justify;\">\n<strong>Pozovite ljekara <\/strong><br \/>\nU slu\u010daju pojave simptoma obratite se svojem ljekaru. Tra\u017eite da vas ljekar primi ako se simptomi pankreatitisa pogor\u0161aju ili ne poprave lije\u010denjem<\/p>\n<p><strong>Prevencija <\/strong><br \/>\nPronala\u017eenje uzroka akutnog pankreatitisa i njegovo lije\u010denje mogu sprije\u010diti pojavu hroni\u010dnog pankreatitisa.<\/p>\n","protected":false},"excerpt":{"rendered":"<p>Trajna upala gu\u0161tera\u010de (pankreasa) zbog koje dolazi do progresivnog propadanja \u017elijezde sa znakovima poreme\u0107aja funkcije izlu\u010divanja. Uzroci, u\u010destalost i faktori rizika Hroni\u010dni pankreatitis je posljedica alkoholizma, hemokromatoze (nakupljanje \u017eeljeza u jetri) i drugih nepoznatih faktora. Zbog upale i fibroze dolazi do razaranja funkcionalnog \u017eljezdanog tkiva gu\u0161tera\u010de. Rezultat je nedostatak enzima gu\u0161tera\u010de i nesposobnost probavljanja masno\u0107a.&hellip;<\/p>\n","protected":false},"author":1,"featured_media":16294,"parent":0,"menu_order":0,"comment_status":"closed","ping_status":"closed","template":"","meta":{"footnotes":""},"class_list":["post-1368","page","type-page","status-publish","has-post-thumbnail","hentry","description-off"],"_links":{"self":[{"href":"https:\/\/www.ukctuzla.ba\/ukctuzla\/index.php?rest_route=\/wp\/v2\/pages\/1368","targetHints":{"allow":["GET"]}}],"collection":[{"href":"https:\/\/www.ukctuzla.ba\/ukctuzla\/index.php?rest_route=\/wp\/v2\/pages"}],"about":[{"href":"https:\/\/www.ukctuzla.ba\/ukctuzla\/index.php?rest_route=\/wp\/v2\/types\/page"}],"author":[{"embeddable":true,"href":"https:\/\/www.ukctuzla.ba\/ukctuzla\/index.php?rest_route=\/wp\/v2\/users\/1"}],"replies":[{"embeddable":true,"href":"https:\/\/www.ukctuzla.ba\/ukctuzla\/index.php?rest_route=%2Fwp%2Fv2%2Fcomments&post=1368"}],"version-history":[{"count":1,"href":"https:\/\/www.ukctuzla.ba\/ukctuzla\/index.php?rest_route=\/wp\/v2\/pages\/1368\/revisions"}],"predecessor-version":[{"id":1370,"href":"https:\/\/www.ukctuzla.ba\/ukctuzla\/index.php?rest_route=\/wp\/v2\/pages\/1368\/revisions\/1370"}],"wp:featuredmedia":[{"embeddable":true,"href":"https:\/\/www.ukctuzla.ba\/ukctuzla\/index.php?rest_route=\/wp\/v2\/media\/16294"}],"wp:attachment":[{"href":"https:\/\/www.ukctuzla.ba\/ukctuzla\/index.php?rest_route=%2Fwp%2Fv2%2Fmedia&parent=1368"}],"curies":[{"name":"wp","href":"https:\/\/api.w.org\/{rel}","templated":true}]}}